{"id":4861,"date":"2026-04-01T20:29:58","date_gmt":"2026-04-01T20:29:58","guid":{"rendered":"https:\/\/limittools.test.consids5.se\/product\/krysslaser-1101-g\/"},"modified":"2026-04-01T20:29:58","modified_gmt":"2026-04-01T20:29:58","slug":"krysslaser-1101-g","status":"publish","type":"product","link":"https:\/\/limittools.test.consids5.se\/no\/product\/krysslaser-1101-g\/","title":{"rendered":"KRYSSLASER 1101 G"},"content":{"rendered":"<p>Krysslaser med sv\u00e6rt skarpt gr\u00f8nt laserlys som gir en horisontal og en vertikal linje som g\u00e5r 120 grader opp til taket. Selvnivellerende funksjon advarer med blinkende linjer n\u00e5r stigningen overskrider det selvnivellerende omr\u00e5det. Selvnivelleringen kan ogs\u00e5 kobles fra slik at det vises en skr\u00e5nende linje. En mekanisk l\u00e5sing av pendelen fungerer b\u00e5de som hovedbryter og transportsikring. 2 laserdioder klasse 2, 1 MW 635 Nm. Kan brukes i lyse rom med en separat lasermottaker 244652517 (ikke inkludert) for opptil 50 meter. Leveres med oppladbart batteri med lader og USB-kabel, magnetisk veggbrakett og reflekterende m\u00e5lplate i et mykt etui.<br \/>\nAdapter 244652418 kan v\u00e6re n\u00f8dvendig til tilbeh\u00f8rsdelene 181120106, 200570109, 178650800, 178680104 og 178690103.<\/p>\n","protected":false},"excerpt":{"rendered":"Krysslaser med sv\u00e6rt skarpt gr\u00f8nt laserlys som gir en horisontal og en vertikal linje som g\u00e5r 120 grader opp til [&hellip;]","protected":false},"featured_media":0,"comment_status":"closed","ping_status":"closed","template":"","meta":{"_acf_changed":false},"product_cat":[440,280],"product_tag":[],"class_list":{"0":"post-4861","1":"product","2":"type-product","3":"status-publish","5":"product_cat-krysslasere-no","6":"product_cat-laserinstrumenter-no","8":"first","9":"instock","10":"shipping-taxable","11":"product-type-simple"},"acf":[],"yoast_head":"<!-- This site is optimized with the Yoast SEO plugin v23.2 - https:\/\/yoast.com\/wordpress\/plugins\/seo\/ -->\n<title>KRYSSLASER 1101 G - Precision measuring instruments | Limit<\/title>\n<meta name=\"robots\" content=\"index, follow, max-snippet:-1, max-image-preview:large, max-video-preview:-1\" \/>\n<link rel=\"canonical\" href=\"https:\/\/limittools.test.consids5.se\/no\/product\/krysslaser-1101-g\/\" \/>\n<meta property=\"og:locale\" content=\"nb_NO\" \/>\n<meta property=\"og:type\" content=\"article\" \/>\n<meta property=\"og:title\" content=\"KRYSSLASER 1101 G - Precision measuring instruments | Limit\" \/>\n<meta property=\"og:description\" content=\"Krysslaser med sv\u00e6rt skarpt gr\u00f8nt laserlys som gir en horisontal og en vertikal linje som g\u00e5r 120 grader opp til [&hellip;]\" \/>\n<meta property=\"og:url\" content=\"https:\/\/limittools.test.consids5.se\/no\/product\/krysslaser-1101-g\/\" \/>\n<meta property=\"og:site_name\" content=\"Precision measuring instruments | Limit\" \/>\n<meta property=\"article:publisher\" content=\"https:\/\/www.facebook.com\/limittools\/\" \/>\n<meta name=\"twitter:card\" content=\"summary_large_image\" \/>\n<meta name=\"twitter:label1\" content=\"Est. reading time\" \/>\n\t<meta name=\"twitter:data1\" content=\"1 minute\" \/>\n<script type=\"application\/ld+json\" class=\"yoast-schema-graph\">{\"@context\":\"https:\/\/schema.org\",\"@graph\":[{\"@type\":\"WebPage\",\"@id\":\"https:\/\/limittools.test.consids5.se\/no\/product\/krysslaser-1101-g\/\",\"url\":\"https:\/\/limittools.test.consids5.se\/no\/product\/krysslaser-1101-g\/\",\"name\":\"KRYSSLASER 1101 G - Precision measuring instruments | Limit\",\"isPartOf\":{\"@id\":\"https:\/\/limittools.test.consids5.se\/#website\"},\"datePublished\":\"2026-04-01T20:29:58+00:00\",\"dateModified\":\"2026-04-01T20:29:58+00:00\",\"breadcrumb\":{\"@id\":\"https:\/\/limittools.test.consids5.se\/no\/product\/krysslaser-1101-g\/#breadcrumb\"},\"inLanguage\":\"nb-NO\",\"potentialAction\":[{\"@type\":\"ReadAction\",\"target\":[\"https:\/\/limittools.test.consids5.se\/no\/product\/krysslaser-1101-g\/\"]}]},{\"@type\":\"BreadcrumbList\",\"@id\":\"https:\/\/limittools.test.consids5.se\/no\/product\/krysslaser-1101-g\/#breadcrumb\",\"itemListElement\":[{\"@type\":\"ListItem\",\"position\":1,\"name\":\"Products\",\"item\":\"https:\/\/limittools.test.consids5.se\/products\/\"},{\"@type\":\"ListItem\",\"position\":2,\"name\":\"KRYSSLASER 1101 G\"}]},{\"@type\":\"WebSite\",\"@id\":\"https:\/\/limittools.test.consids5.se\/#website\",\"url\":\"https:\/\/limittools.test.consids5.se\/\",\"name\":\"Precision measuring instruments | Limit\",\"description\":\"Everything can be measured\",\"potentialAction\":[{\"@type\":\"SearchAction\",\"target\":{\"@type\":\"EntryPoint\",\"urlTemplate\":\"https:\/\/limittools.test.consids5.se\/?s={search_term_string}\"},\"query-input\":\"required name=search_term_string\"}],\"inLanguage\":\"nb-NO\"}]}<\/script>\n<!-- \/ Yoast SEO plugin. -->","yoast_head_json":{"title":"KRYSSLASER 1101 G - Precision measuring instruments | Limit","robots":{"index":"index","follow":"follow","max-snippet":"max-snippet:-1","max-image-preview":"max-image-preview:large","max-video-preview":"max-video-preview:-1"},"canonical":"https:\/\/limittools.test.consids5.se\/no\/product\/krysslaser-1101-g\/","og_locale":"nb_NO","og_type":"article","og_title":"KRYSSLASER 1101 G - Precision measuring instruments | Limit","og_description":"Krysslaser med sv\u00e6rt skarpt gr\u00f8nt laserlys som gir en horisontal og en vertikal linje som g\u00e5r 120 grader opp til [&hellip;]","og_url":"https:\/\/limittools.test.consids5.se\/no\/product\/krysslaser-1101-g\/","og_site_name":"Precision measuring instruments | Limit","article_publisher":"https:\/\/www.facebook.com\/limittools\/","twitter_card":"summary_large_image","twitter_misc":{"Est. reading time":"1 minute"},"schema":{"@context":"https:\/\/schema.org","@graph":[{"@type":"WebPage","@id":"https:\/\/limittools.test.consids5.se\/no\/product\/krysslaser-1101-g\/","url":"https:\/\/limittools.test.consids5.se\/no\/product\/krysslaser-1101-g\/","name":"KRYSSLASER 1101 G - Precision measuring instruments | Limit","isPartOf":{"@id":"https:\/\/limittools.test.consids5.se\/#website"},"datePublished":"2026-04-01T20:29:58+00:00","dateModified":"2026-04-01T20:29:58+00:00","breadcrumb":{"@id":"https:\/\/limittools.test.consids5.se\/no\/product\/krysslaser-1101-g\/#breadcrumb"},"inLanguage":"nb-NO","potentialAction":[{"@type":"ReadAction","target":["https:\/\/limittools.test.consids5.se\/no\/product\/krysslaser-1101-g\/"]}]},{"@type":"BreadcrumbList","@id":"https:\/\/limittools.test.consids5.se\/no\/product\/krysslaser-1101-g\/#breadcrumb","itemListElement":[{"@type":"ListItem","position":1,"name":"Products","item":"https:\/\/limittools.test.consids5.se\/products\/"},{"@type":"ListItem","position":2,"name":"KRYSSLASER 1101 G"}]},{"@type":"WebSite","@id":"https:\/\/limittools.test.consids5.se\/#website","url":"https:\/\/limittools.test.consids5.se\/","name":"Precision measuring instruments | Limit","description":"Everything can be measured","potentialAction":[{"@type":"SearchAction","target":{"@type":"EntryPoint","urlTemplate":"https:\/\/limittools.test.consids5.se\/?s={search_term_string}"},"query-input":"required name=search_term_string"}],"inLanguage":"nb-NO"}]}},"_links":{"self":[{"href":"https:\/\/limittools.test.consids5.se\/no\/wp-json\/wp\/v2\/product\/4861"}],"collection":[{"href":"https:\/\/limittools.test.consids5.se\/no\/wp-json\/wp\/v2\/product"}],"about":[{"href":"https:\/\/limittools.test.consids5.se\/no\/wp-json\/wp\/v2\/types\/product"}],"replies":[{"embeddable":true,"href":"https:\/\/limittools.test.consids5.se\/no\/wp-json\/wp\/v2\/comments?post=4861"}],"wp:attachment":[{"href":"https:\/\/limittools.test.consids5.se\/no\/wp-json\/wp\/v2\/media?parent=4861"}],"wp:term":[{"taxonomy":"product_cat","embeddable":true,"href":"https:\/\/limittools.test.consids5.se\/no\/wp-json\/wp\/v2\/product_cat?post=4861"},{"taxonomy":"product_tag","embeddable":true,"href":"https:\/\/limittools.test.consids5.se\/no\/wp-json\/wp\/v2\/product_tag?post=4861"}],"curies":[{"name":"wp","href":"https:\/\/api.w.org\/{rel}","templated":true}]}}