{"id":1159,"date":"2019-04-29T08:34:39","date_gmt":"2019-04-29T08:34:39","guid":{"rendered":"http:\/\/limit-tools.local\/?page_id=1159"},"modified":"2019-07-08T11:00:03","modified_gmt":"2019-07-08T11:00:03","slug":"o-marce-limit","status":"publish","type":"page","link":"https:\/\/limittools.test.consids5.se\/pl\/o-marce-limit\/","title":{"rendered":"O marce Limit"},"content":{"rendered":"<div class=\"wpb-content-wrapper\"><p>[vc_row][vc_column][vc_column_text]<\/p>\n<div class=\"page\" title=\"Page 10\">\n<div class=\"layoutArea\">\n<div class=\"column\">\n<p><span data-contrast=\"none\">Marka Limit powsta\u0142a 90 lat temu, od pocz\u0105tku z my\u015bl\u0105 o precyzyjnych pomiarach. Nasze narz\u0119dzia daj\u0105 Ci pewno\u015b\u0107 podejmowania w\u0142a\u015bciwych decyzji<\/span><span data-contrast=\"none\">\u00a0<\/span><span data-contrast=\"none\">w ka\u017cdej sytuacji.\u00a0<\/span><span data-contrast=\"none\">Marka Limit oferuje\u00a0<\/span><span data-contrast=\"none\">\u0142\u0105twe<\/span><span data-contrast=\"none\">\u00a0w u\u017cyciu i najwy\u017cszej jako\u015bci produkty w dziedzinach<\/span><span data-contrast=\"none\">:\u00a0<\/span><span data-contrast=\"none\">p<\/span><span data-contrast=\"none\">omiary warsztatowe\u00a0<\/span><span data-contrast=\"none\">p<\/span><span data-contrast=\"none\">omiary elektryczne, elektroniczne\u00a0<\/span><span data-contrast=\"none\">p<\/span><span data-contrast=\"none\">omiary czynnik\u00f3w klimatycznych i \u015brodowiskowych<\/span><span data-contrast=\"none\">,<\/span><span data-contrast=\"none\">\u00a0<\/span><span data-contrast=\"none\">p<\/span><span data-contrast=\"none\">rzyrz\u0105dy laserowe<\/span><span data-contrast=\"none\">,<\/span><span data-contrast=\"none\">\u00a0<\/span><span data-contrast=\"none\">w<\/span><span data-contrast=\"none\">agi i wa\u017cenie<\/span><span data-contrast=\"none\">,<\/span><span data-contrast=\"none\">\u00a0<\/span><span data-contrast=\"none\">p<\/span><span data-contrast=\"none\">rzyrz\u0105dy kontrolno-inspekcyjne<\/span><span data-contrast=\"none\">.<\/span><span data-contrast=\"none\">\u00a0<\/span><span data-ccp-props=\"{&quot;201341983&quot;:0,&quot;335559739&quot;:160,&quot;335559740&quot;:259}\">\u00a0<\/span><\/p>\n<p><span data-contrast=\"none\">Limit dostarcza\u00a0<\/span><span data-contrast=\"none\">precyzyjne przyrz\u0105dy pomiarowe dla klient\u00f3w w ponad 30 krajach.<\/span><span data-ccp-props=\"{&quot;201341983&quot;:0,&quot;335559739&quot;:160,&quot;335559740&quot;:259}\">\u00a0<\/span><\/p>\n<\/div>\n<\/div>\n<\/div>\n<p>[\/vc_column_text]\n        <div class=\"block block--image align-image--left image-size--large\"><figure><img loading=\"lazy\" decoding=\"async\" width=\"640\" height=\"480\" src=\"https:\/\/limittools.test.consids5.se\/wp-content\/uploads\/2019\/01\/wmt.jpg\" class=\"attachment-full size-full\" alt=\"Workshop measuring tools Limit\" srcset=\"https:\/\/limittools.test.consids5.se\/wp-content\/uploads\/2019\/01\/wmt.jpg 640w, https:\/\/limittools.test.consids5.se\/wp-content\/uploads\/2019\/01\/wmt-250x188.jpg 250w, https:\/\/limittools.test.consids5.se\/wp-content\/uploads\/2019\/01\/wmt-120x90.jpg 120w, https:\/\/limittools.test.consids5.se\/wp-content\/uploads\/2019\/01\/wmt-600x450.jpg 600w\" sizes=\"(max-width: 640px) 100vw, 640px\" \/><\/figure><\/div>[\/vc_column][\/vc_row]<\/p>\n<\/div>","protected":false},"excerpt":{"rendered":"[vc_row][vc_column][vc_column_text] Marka Limit powsta\u0142a 90 lat temu, od pocz\u0105tku z my\u015bl\u0105 o precyzyjnych pomiarach. Nasze narz\u0119dzia daj\u0105 Ci pewno\u015b\u0107 podejmowania [&hellip;]","protected":false},"author":2,"featured_media":0,"parent":0,"menu_order":0,"comment_status":"closed","ping_status":"closed","template":"","meta":{"_acf_changed":false,"footnotes":""},"class_list":["post-1159","page","type-page","status-publish","hentry"],"acf":[],"yoast_head":"<!-- This site is optimized with the Yoast SEO plugin v23.2 - https:\/\/yoast.com\/wordpress\/plugins\/seo\/ -->\n<title>O marce Limit - Precision measuring instruments | Limit<\/title>\n<meta name=\"robots\" content=\"index, follow, max-snippet:-1, max-image-preview:large, max-video-preview:-1\" \/>\n<link rel=\"canonical\" href=\"https:\/\/limittools.test.consids5.se\/pl\/o-marce-limit\/\" \/>\n<meta property=\"og:locale\" content=\"pl_PL\" \/>\n<meta property=\"og:type\" content=\"article\" \/>\n<meta property=\"og:title\" content=\"O marce Limit - Precision measuring instruments | Limit\" \/>\n<meta property=\"og:description\" content=\"[vc_row][vc_column][vc_column_text] Marka Limit powsta\u0142a 90 lat temu, od pocz\u0105tku z my\u015bl\u0105 o precyzyjnych pomiarach. Nasze narz\u0119dzia daj\u0105 Ci pewno\u015b\u0107 podejmowania [&hellip;]\" \/>\n<meta property=\"og:url\" content=\"https:\/\/limittools.test.consids5.se\/pl\/o-marce-limit\/\" \/>\n<meta property=\"og:site_name\" content=\"Precision measuring instruments | Limit\" \/>\n<meta property=\"article:publisher\" content=\"https:\/\/www.facebook.com\/limittools\/\" \/>\n<meta property=\"article:modified_time\" content=\"2019-07-08T11:00:03+00:00\" \/>\n<meta name=\"twitter:card\" content=\"summary_large_image\" \/>\n<script type=\"application\/ld+json\" class=\"yoast-schema-graph\">{\"@context\":\"https:\/\/schema.org\",\"@graph\":[{\"@type\":\"WebPage\",\"@id\":\"https:\/\/limittools.test.consids5.se\/pl\/o-marce-limit\/\",\"url\":\"https:\/\/limittools.test.consids5.se\/pl\/o-marce-limit\/\",\"name\":\"O marce Limit - Precision measuring instruments | Limit\",\"isPartOf\":{\"@id\":\"https:\/\/limittools.test.consids5.se\/#website\"},\"datePublished\":\"2019-04-29T08:34:39+00:00\",\"dateModified\":\"2019-07-08T11:00:03+00:00\",\"inLanguage\":\"pl-PL\",\"potentialAction\":[{\"@type\":\"ReadAction\",\"target\":[\"https:\/\/limittools.test.consids5.se\/pl\/o-marce-limit\/\"]}]},{\"@type\":\"WebSite\",\"@id\":\"https:\/\/limittools.test.consids5.se\/#website\",\"url\":\"https:\/\/limittools.test.consids5.se\/\",\"name\":\"Precision measuring instruments | Limit\",\"description\":\"Everything can be measured\",\"potentialAction\":[{\"@type\":\"SearchAction\",\"target\":{\"@type\":\"EntryPoint\",\"urlTemplate\":\"https:\/\/limittools.test.consids5.se\/?s={search_term_string}\"},\"query-input\":\"required name=search_term_string\"}],\"inLanguage\":\"pl-PL\"}]}<\/script>\n<!-- \/ Yoast SEO plugin. -->","yoast_head_json":{"title":"O marce Limit - Precision measuring instruments | Limit","robots":{"index":"index","follow":"follow","max-snippet":"max-snippet:-1","max-image-preview":"max-image-preview:large","max-video-preview":"max-video-preview:-1"},"canonical":"https:\/\/limittools.test.consids5.se\/pl\/o-marce-limit\/","og_locale":"pl_PL","og_type":"article","og_title":"O marce Limit - Precision measuring instruments | Limit","og_description":"[vc_row][vc_column][vc_column_text] Marka Limit powsta\u0142a 90 lat temu, od pocz\u0105tku z my\u015bl\u0105 o precyzyjnych pomiarach. Nasze narz\u0119dzia daj\u0105 Ci pewno\u015b\u0107 podejmowania [&hellip;]","og_url":"https:\/\/limittools.test.consids5.se\/pl\/o-marce-limit\/","og_site_name":"Precision measuring instruments | Limit","article_publisher":"https:\/\/www.facebook.com\/limittools\/","article_modified_time":"2019-07-08T11:00:03+00:00","twitter_card":"summary_large_image","schema":{"@context":"https:\/\/schema.org","@graph":[{"@type":"WebPage","@id":"https:\/\/limittools.test.consids5.se\/pl\/o-marce-limit\/","url":"https:\/\/limittools.test.consids5.se\/pl\/o-marce-limit\/","name":"O marce Limit - Precision measuring instruments | Limit","isPartOf":{"@id":"https:\/\/limittools.test.consids5.se\/#website"},"datePublished":"2019-04-29T08:34:39+00:00","dateModified":"2019-07-08T11:00:03+00:00","inLanguage":"pl-PL","potentialAction":[{"@type":"ReadAction","target":["https:\/\/limittools.test.consids5.se\/pl\/o-marce-limit\/"]}]},{"@type":"WebSite","@id":"https:\/\/limittools.test.consids5.se\/#website","url":"https:\/\/limittools.test.consids5.se\/","name":"Precision measuring instruments | Limit","description":"Everything can be measured","potentialAction":[{"@type":"SearchAction","target":{"@type":"EntryPoint","urlTemplate":"https:\/\/limittools.test.consids5.se\/?s={search_term_string}"},"query-input":"required name=search_term_string"}],"inLanguage":"pl-PL"}]}},"_links":{"self":[{"href":"https:\/\/limittools.test.consids5.se\/pl\/wp-json\/wp\/v2\/pages\/1159"}],"collection":[{"href":"https:\/\/limittools.test.consids5.se\/pl\/wp-json\/wp\/v2\/pages"}],"about":[{"href":"https:\/\/limittools.test.consids5.se\/pl\/wp-json\/wp\/v2\/types\/page"}],"author":[{"embeddable":true,"href":"https:\/\/limittools.test.consids5.se\/pl\/wp-json\/wp\/v2\/users\/2"}],"replies":[{"embeddable":true,"href":"https:\/\/limittools.test.consids5.se\/pl\/wp-json\/wp\/v2\/comments?post=1159"}],"version-history":[{"count":4,"href":"https:\/\/limittools.test.consids5.se\/pl\/wp-json\/wp\/v2\/pages\/1159\/revisions"}],"predecessor-version":[{"id":4112,"href":"https:\/\/limittools.test.consids5.se\/pl\/wp-json\/wp\/v2\/pages\/1159\/revisions\/4112"}],"wp:attachment":[{"href":"https:\/\/limittools.test.consids5.se\/pl\/wp-json\/wp\/v2\/media?parent=1159"}],"curies":[{"name":"wp","href":"https:\/\/api.w.org\/{rel}","templated":true}]}}