{"id":1225,"date":"2018-12-10T12:26:19","date_gmt":"2018-12-10T12:26:19","guid":{"rendered":"http:\/\/limit-tools.local\/limit\/"},"modified":"2019-05-13T10:14:06","modified_gmt":"2019-05-13T10:14:06","slug":"limit","status":"publish","type":"page","link":"https:\/\/limittools.test.consids5.se\/pl\/","title":{"rendered":"Strona startowa"},"content":{"rendered":"<div class=\"wpb-content-wrapper\"><p>[vc_row full_width=&#8221;stretch_row_content_no_spaces&#8221;][vc_column]\n        <div class=\"block block--hero-video\">\n            <div class=\"video-hero\">\n                <div class=\"video-hero__video\"><video src=\"https:\/\/limittools.test.consids5.se\/wp-content\/uploads\/2019\/01\/limit_final.mp4\" poster=\"https:\/\/limittools.test.consids5.se\/wp-content\/uploads\/2019\/01\/Limit_startbild_mobilversion.jpg\" muted autoplay loop><\/video><img decoding=\"async\" src=\"https:\/\/limittools.test.consids5.se\/wp-content\/uploads\/2019\/01\/Limit_startbild_mobilversion.jpg\" alt=\"\" class=\"video-hero__placeholder\"><\/div>\n                <div class=\"hero__content\"><div class=\"video-hero__content\"><h1>Everything can be <em>measured<\/em><\/h1><\/div><\/div>\n            <\/div>\n        <\/div>\n        <div class=\"block block--spacer space--medium\"><\/div>\n        <div class=\"product-category-grid product-category-grid--start-fit\">\n            <a class=\"product-category\" href=\"https:\/\/limittools.test.consids5.se\/pl\/product-category\/mierniki-do-pomiarow-klimatycznych-i-srodowiskowych-pl\/\">\n                    <div class=\"product-category__image\">\n                        <img decoding=\"async\" src=\"\">\n                    <\/div>\n                        <h3 class=\"product-category__name\">Mierniki do pomiar\u00f3w klimatycznych i \u015brodowiskowych<\/h3>\n                    <\/a><a class=\"product-category\" href=\"https:\/\/limittools.test.consids5.se\/pl\/product-category\/pomiary-warsztatowe-pl\/\">\n                    <div class=\"product-category__image\">\n                        <img decoding=\"async\" src=\"https:\/\/limittools.test.consids5.se\/wp-content\/uploads\/2019\/01\/wmt.jpg\">\n                    <\/div>\n                        <h3 class=\"product-category__name\">Pomiary warsztatowe<\/h3>\n                    <\/a><a class=\"product-category\" href=\"https:\/\/limittools.test.consids5.se\/pl\/product-category\/testy-instalacji-elektrycznych-pl\/\">\n                    <div class=\"product-category__image\">\n                        <img decoding=\"async\" src=\"https:\/\/limittools.test.consids5.se\/wp-content\/uploads\/2019\/01\/electrical.jpg\">\n                    <\/div>\n                        <h3 class=\"product-category__name\">Testy instalacji elektrycznych<\/h3>\n                    <\/a><a class=\"product-category\" href=\"https:\/\/limittools.test.consids5.se\/pl\/product-category\/pomiary-klimatyczne-i-srodowiskowe-pl\/\">\n                    <div class=\"product-category__image\">\n                        <img decoding=\"async\" src=\"https:\/\/limittools.test.consids5.se\/wp-content\/uploads\/2019\/01\/climate.jpg\">\n                    <\/div>\n                        <h3 class=\"product-category__name\">Pomiary klimatyczne i \u015brodowiskowe<\/h3>\n                    <\/a><a class=\"product-category\" href=\"https:\/\/limittools.test.consids5.se\/pl\/product-category\/przyrzady-laserowe-pl\/\">\n                    <div class=\"product-category__image\">\n                        <img decoding=\"async\" src=\"https:\/\/limittools.test.consids5.se\/wp-content\/uploads\/2019\/01\/laser.jpg\">\n                    <\/div>\n                        <h3 class=\"product-category__name\">Przyrz\u0105dy laserowe<\/h3>\n                    <\/a><a class=\"product-category\" href=\"https:\/\/limittools.test.consids5.se\/pl\/product-category\/wagi-pl\/\">\n                    <div class=\"product-category__image\">\n                        <img decoding=\"async\" src=\"https:\/\/limittools.test.consids5.se\/wp-content\/uploads\/2019\/01\/scales.jpg\">\n                    <\/div>\n                        <h3 class=\"product-category__name\">Wagi<\/h3>\n                    <\/a><a class=\"product-category\" href=\"https:\/\/limittools.test.consids5.se\/pl\/product-category\/inspekcja-pl\/\">\n                    <div class=\"product-category__image\">\n                        <img decoding=\"async\" src=\"https:\/\/limittools.test.consids5.se\/wp-content\/uploads\/2019\/01\/inspection.jpg\">\n                    <\/div>\n                        <h3 class=\"product-category__name\">Inspekcja<\/h3>\n                    <\/a>\n        <\/div>\n            <div class=\"block block--promo align-left size-default text-default with-image\">\n                <div class=\"promo promo--none\">\n                    <div class=\"promo__image\">\n                        <img decoding=\"async\" src=\"https:\/\/limittools.test.consids5.se\/wp-content\/uploads\/2019\/01\/limit-spotlight-laser1a.jpg\" alt=\"Zielony promie\u0144 laserowy jest lepiej widoczny\"\/>\n                    <\/div>\n                    <div class=\"promo-content promo-content--none\">\n                        <h3 class=\"promo__subtitle\">LASER ZIELONY LIMIT 1080-G<\/h3>\n                        <h2 class=\"promo__title\">Zielony promie\u0144 laserowy jest lepiej widoczny<\/h2>\n                        <div class=\"promo__text\">Laser \u015bwiat\u0142a zielonego zapewnia nawet 4-krotnie lepsz\u0105 widzialno\u015b\u0107 linii laserowej przez ludzkie oko, dzi\u0119ki czemu zwi\u0119ksza si\u0119 dok\u0142adno\u015b\u0107 oraz \u0142atwo\u015b\u0107 wykonywania pracy<\/div><a href=\"http:\/\/limit-tools.local\/pl\/product\/3293\/\" class=\"promo__action btn\">Czytaj wi\u0119cej<\/a><\/div>\n                <\/div>\n            <\/div>\n            <div class=\"block block--promo align-left size-default text-default with-image\">\n                <div class=\"promo promo--none\">\n                    <div class=\"promo__image\">\n                        <img decoding=\"async\" src=\"https:\/\/limittools.test.consids5.se\/wp-content\/uploads\/2019\/01\/about-limit-lemon.jpg\" alt=\"To jest Limit\"\/>\n                    <\/div>\n                    <div class=\"promo-content promo-content--none\">\n                        <h3 class=\"promo__subtitle\"><\/h3>\n                        <h2 class=\"promo__title\">To jest Limit<\/h2>\n                        <div class=\"promo__text\">S\u0142owa takie jak \u201eprzybli\u017cone\u201d lub \u201etrudne\u201d nie istniej\u0105 w naszym s\u0142owniku. D\u0105\u017cymy do dok\u0142adno\u015bci i prostoty, a\u017c do ostatniego miejsca po przecinku. W razie potrzeby, zadzwo\u0144 do nas \u2013 my\u015blimy, \u017ce spraw\u0119 da si\u0119 \u0142atwo rozwi\u0105za\u0107. Czyli precyzyjnie, m\u00f3wi\u0105c dok\u0142adniej.<\/div><a href=\"http:\/\/limit-tools.local\/?page_id=1159&lang=pl&preview=true\" class=\"promo__action btn\">Czytaj wi\u0119cej<\/a><\/div>\n                <\/div>\n            <\/div>[\/vc_column][\/vc_row]<\/p>\n<\/div>","protected":false},"excerpt":{"rendered":"[vc_row full_width=&#8221;stretch_row_content_no_spaces&#8221;][vc_column][\/vc_column][\/vc_row]","protected":false},"author":1,"featured_media":0,"parent":0,"menu_order":0,"comment_status":"closed","ping_status":"closed","template":"","meta":{"_acf_changed":false,"footnotes":""},"class_list":["post-1225","page","type-page","status-publish","hentry"],"acf":[],"yoast_head":"<!-- This site is optimized with the Yoast SEO plugin v23.2 - https:\/\/yoast.com\/wordpress\/plugins\/seo\/ -->\n<title>Strona startowa - Precision measuring instruments | Limit<\/title>\n<meta name=\"robots\" content=\"index, follow, max-snippet:-1, max-image-preview:large, max-video-preview:-1\" \/>\n<link rel=\"canonical\" href=\"https:\/\/limittools.test.consids5.se\/pl\/\" \/>\n<meta property=\"og:locale\" content=\"pl_PL\" \/>\n<meta property=\"og:type\" content=\"article\" \/>\n<meta property=\"og:title\" content=\"Strona startowa - Precision measuring instruments | Limit\" \/>\n<meta property=\"og:description\" content=\"[vc_row full_width=&#8221;stretch_row_content_no_spaces&#8221;][vc_column][\/vc_column][\/vc_row]\" \/>\n<meta property=\"og:url\" content=\"https:\/\/limittools.test.consids5.se\/pl\/\" \/>\n<meta property=\"og:site_name\" content=\"Precision measuring instruments | Limit\" \/>\n<meta property=\"article:publisher\" content=\"https:\/\/www.facebook.com\/limittools\/\" \/>\n<meta property=\"article:modified_time\" content=\"2019-05-13T10:14:06+00:00\" \/>\n<meta name=\"twitter:card\" content=\"summary_large_image\" \/>\n<meta name=\"twitter:label1\" content=\"Est. reading time\" \/>\n\t<meta name=\"twitter:data1\" content=\"1 minute\" \/>\n<script type=\"application\/ld+json\" class=\"yoast-schema-graph\">{\"@context\":\"https:\/\/schema.org\",\"@graph\":[{\"@type\":\"WebPage\",\"@id\":\"https:\/\/limittools.test.consids5.se\/pl\/\",\"url\":\"https:\/\/limittools.test.consids5.se\/pl\/\",\"name\":\"Strona startowa - Precision measuring instruments | Limit\",\"isPartOf\":{\"@id\":\"https:\/\/limittools.test.consids5.se\/#website\"},\"datePublished\":\"2018-12-10T12:26:19+00:00\",\"dateModified\":\"2019-05-13T10:14:06+00:00\",\"inLanguage\":\"pl-PL\",\"potentialAction\":[{\"@type\":\"ReadAction\",\"target\":[\"https:\/\/limittools.test.consids5.se\/pl\/\"]}]},{\"@type\":\"WebSite\",\"@id\":\"https:\/\/limittools.test.consids5.se\/#website\",\"url\":\"https:\/\/limittools.test.consids5.se\/\",\"name\":\"Precision measuring instruments | Limit\",\"description\":\"Everything can be measured\",\"potentialAction\":[{\"@type\":\"SearchAction\",\"target\":{\"@type\":\"EntryPoint\",\"urlTemplate\":\"https:\/\/limittools.test.consids5.se\/?s={search_term_string}\"},\"query-input\":\"required name=search_term_string\"}],\"inLanguage\":\"pl-PL\"}]}<\/script>\n<!-- \/ Yoast SEO plugin. -->","yoast_head_json":{"title":"Strona startowa - Precision measuring instruments | Limit","robots":{"index":"index","follow":"follow","max-snippet":"max-snippet:-1","max-image-preview":"max-image-preview:large","max-video-preview":"max-video-preview:-1"},"canonical":"https:\/\/limittools.test.consids5.se\/pl\/","og_locale":"pl_PL","og_type":"article","og_title":"Strona startowa - Precision measuring instruments | Limit","og_description":"[vc_row full_width=&#8221;stretch_row_content_no_spaces&#8221;][vc_column][\/vc_column][\/vc_row]","og_url":"https:\/\/limittools.test.consids5.se\/pl\/","og_site_name":"Precision measuring instruments | Limit","article_publisher":"https:\/\/www.facebook.com\/limittools\/","article_modified_time":"2019-05-13T10:14:06+00:00","twitter_card":"summary_large_image","twitter_misc":{"Est. reading time":"1 minute"},"schema":{"@context":"https:\/\/schema.org","@graph":[{"@type":"WebPage","@id":"https:\/\/limittools.test.consids5.se\/pl\/","url":"https:\/\/limittools.test.consids5.se\/pl\/","name":"Strona startowa - Precision measuring instruments | Limit","isPartOf":{"@id":"https:\/\/limittools.test.consids5.se\/#website"},"datePublished":"2018-12-10T12:26:19+00:00","dateModified":"2019-05-13T10:14:06+00:00","inLanguage":"pl-PL","potentialAction":[{"@type":"ReadAction","target":["https:\/\/limittools.test.consids5.se\/pl\/"]}]},{"@type":"WebSite","@id":"https:\/\/limittools.test.consids5.se\/#website","url":"https:\/\/limittools.test.consids5.se\/","name":"Precision measuring instruments | Limit","description":"Everything can be measured","potentialAction":[{"@type":"SearchAction","target":{"@type":"EntryPoint","urlTemplate":"https:\/\/limittools.test.consids5.se\/?s={search_term_string}"},"query-input":"required name=search_term_string"}],"inLanguage":"pl-PL"}]}},"_links":{"self":[{"href":"https:\/\/limittools.test.consids5.se\/pl\/wp-json\/wp\/v2\/pages\/1225"}],"collection":[{"href":"https:\/\/limittools.test.consids5.se\/pl\/wp-json\/wp\/v2\/pages"}],"about":[{"href":"https:\/\/limittools.test.consids5.se\/pl\/wp-json\/wp\/v2\/types\/page"}],"author":[{"embeddable":true,"href":"https:\/\/limittools.test.consids5.se\/pl\/wp-json\/wp\/v2\/users\/1"}],"replies":[{"embeddable":true,"href":"https:\/\/limittools.test.consids5.se\/pl\/wp-json\/wp\/v2\/comments?post=1225"}],"version-history":[{"count":6,"href":"https:\/\/limittools.test.consids5.se\/pl\/wp-json\/wp\/v2\/pages\/1225\/revisions"}],"predecessor-version":[{"id":4086,"href":"https:\/\/limittools.test.consids5.se\/pl\/wp-json\/wp\/v2\/pages\/1225\/revisions\/4086"}],"wp:attachment":[{"href":"https:\/\/limittools.test.consids5.se\/pl\/wp-json\/wp\/v2\/media?parent=1225"}],"curies":[{"name":"wp","href":"https:\/\/api.w.org\/{rel}","templated":true}]}}