{"id":1929,"date":"2026-04-08T17:25:15","date_gmt":"2026-04-08T17:25:15","guid":{"rendered":"http:\/\/limit-tools.local\/product\/katomierz-2550-300\/"},"modified":"2026-04-08T17:25:15","modified_gmt":"2026-04-08T17:25:15","slug":"katomierz-tarczowy-300x600mm","status":"publish","type":"product","link":"https:\/\/limittools.test.consids5.se\/pl\/product\/katomierz-tarczowy-300x600mm\/","title":{"rendered":"KATOMIERZ TARCZOWY 300X600MM"},"content":{"rendered":"<p>W wykonaniu precyzyjnym. Ze stali. Podzia\u0142ka 10-170\u00b0. Ruchome rami\u0119 jest przesuwne i mo\u017ce by\u0107 ustalane w dowolnym miejscu wzd\u0142u\u017c ca\u0142ej d\u0142ugo\u015bci prowadnicy.<\/p>\n","protected":false},"excerpt":{"rendered":"W wykonaniu precyzyjnym. Ze stali. Podzia\u0142ka 10-170\u00b0. Ruchome rami\u0119 jest przesuwne i mo\u017ce by\u0107 ustalane w dowolnym miejscu wzd\u0142u\u017c ca\u0142ej [&hellip;]","protected":false},"featured_media":0,"comment_status":"closed","ping_status":"closed","template":"","meta":{"_acf_changed":false},"product_cat":[247,314],"product_tag":[],"class_list":{"0":"post-1929","1":"product","2":"type-product","3":"status-publish","5":"product_cat-pomiary-warsztatowe-pl","6":"product_cat-katomierze-tarczowe-pl","8":"first","9":"instock","10":"shipping-taxable","11":"product-type-simple"},"acf":[],"yoast_head":"<!-- This site is optimized with the Yoast SEO plugin v23.2 - https:\/\/yoast.com\/wordpress\/plugins\/seo\/ -->\n<title>KATOMIERZ TARCZOWY 300X600MM - Precision measuring instruments | Limit<\/title>\n<meta name=\"robots\" content=\"index, follow, max-snippet:-1, max-image-preview:large, max-video-preview:-1\" \/>\n<link rel=\"canonical\" href=\"https:\/\/limittools.test.consids5.se\/pl\/product\/katomierz-tarczowy-300x600mm\/\" \/>\n<meta property=\"og:locale\" content=\"pl_PL\" \/>\n<meta property=\"og:type\" content=\"article\" \/>\n<meta property=\"og:title\" content=\"KATOMIERZ TARCZOWY 300X600MM - Precision measuring instruments | Limit\" \/>\n<meta property=\"og:description\" content=\"W wykonaniu precyzyjnym. Ze stali. Podzia\u0142ka 10-170\u00b0. Ruchome rami\u0119 jest przesuwne i mo\u017ce by\u0107 ustalane w dowolnym miejscu wzd\u0142u\u017c ca\u0142ej [&hellip;]\" \/>\n<meta property=\"og:url\" content=\"https:\/\/limittools.test.consids5.se\/pl\/product\/katomierz-tarczowy-300x600mm\/\" \/>\n<meta property=\"og:site_name\" content=\"Precision measuring instruments | Limit\" \/>\n<meta property=\"article:publisher\" content=\"https:\/\/www.facebook.com\/limittools\/\" \/>\n<meta name=\"twitter:card\" content=\"summary_large_image\" \/>\n<script type=\"application\/ld+json\" class=\"yoast-schema-graph\">{\"@context\":\"https:\/\/schema.org\",\"@graph\":[{\"@type\":\"WebPage\",\"@id\":\"https:\/\/limittools.test.consids5.se\/pl\/product\/katomierz-tarczowy-300x600mm\/\",\"url\":\"https:\/\/limittools.test.consids5.se\/pl\/product\/katomierz-tarczowy-300x600mm\/\",\"name\":\"KATOMIERZ TARCZOWY 300X600MM - Precision measuring instruments | Limit\",\"isPartOf\":{\"@id\":\"https:\/\/limittools.test.consids5.se\/#website\"},\"datePublished\":\"2026-04-08T17:25:15+00:00\",\"dateModified\":\"2026-04-08T17:25:15+00:00\",\"breadcrumb\":{\"@id\":\"https:\/\/limittools.test.consids5.se\/pl\/product\/katomierz-tarczowy-300x600mm\/#breadcrumb\"},\"inLanguage\":\"pl-PL\",\"potentialAction\":[{\"@type\":\"ReadAction\",\"target\":[\"https:\/\/limittools.test.consids5.se\/pl\/product\/katomierz-tarczowy-300x600mm\/\"]}]},{\"@type\":\"BreadcrumbList\",\"@id\":\"https:\/\/limittools.test.consids5.se\/pl\/product\/katomierz-tarczowy-300x600mm\/#breadcrumb\",\"itemListElement\":[{\"@type\":\"ListItem\",\"position\":1,\"name\":\"Products\",\"item\":\"https:\/\/limittools.test.consids5.se\/products\/\"},{\"@type\":\"ListItem\",\"position\":2,\"name\":\"KATOMIERZ TARCZOWY 300X600MM\"}]},{\"@type\":\"WebSite\",\"@id\":\"https:\/\/limittools.test.consids5.se\/#website\",\"url\":\"https:\/\/limittools.test.consids5.se\/\",\"name\":\"Precision measuring instruments | Limit\",\"description\":\"Everything can be measured\",\"potentialAction\":[{\"@type\":\"SearchAction\",\"target\":{\"@type\":\"EntryPoint\",\"urlTemplate\":\"https:\/\/limittools.test.consids5.se\/?s={search_term_string}\"},\"query-input\":\"required name=search_term_string\"}],\"inLanguage\":\"pl-PL\"}]}<\/script>\n<!-- \/ Yoast SEO plugin. -->","yoast_head_json":{"title":"KATOMIERZ TARCZOWY 300X600MM - Precision measuring instruments | Limit","robots":{"index":"index","follow":"follow","max-snippet":"max-snippet:-1","max-image-preview":"max-image-preview:large","max-video-preview":"max-video-preview:-1"},"canonical":"https:\/\/limittools.test.consids5.se\/pl\/product\/katomierz-tarczowy-300x600mm\/","og_locale":"pl_PL","og_type":"article","og_title":"KATOMIERZ TARCZOWY 300X600MM - Precision measuring instruments | Limit","og_description":"W wykonaniu precyzyjnym. Ze stali. Podzia\u0142ka 10-170\u00b0. Ruchome rami\u0119 jest przesuwne i mo\u017ce by\u0107 ustalane w dowolnym miejscu wzd\u0142u\u017c ca\u0142ej [&hellip;]","og_url":"https:\/\/limittools.test.consids5.se\/pl\/product\/katomierz-tarczowy-300x600mm\/","og_site_name":"Precision measuring instruments | Limit","article_publisher":"https:\/\/www.facebook.com\/limittools\/","twitter_card":"summary_large_image","schema":{"@context":"https:\/\/schema.org","@graph":[{"@type":"WebPage","@id":"https:\/\/limittools.test.consids5.se\/pl\/product\/katomierz-tarczowy-300x600mm\/","url":"https:\/\/limittools.test.consids5.se\/pl\/product\/katomierz-tarczowy-300x600mm\/","name":"KATOMIERZ TARCZOWY 300X600MM - Precision measuring instruments | Limit","isPartOf":{"@id":"https:\/\/limittools.test.consids5.se\/#website"},"datePublished":"2026-04-08T17:25:15+00:00","dateModified":"2026-04-08T17:25:15+00:00","breadcrumb":{"@id":"https:\/\/limittools.test.consids5.se\/pl\/product\/katomierz-tarczowy-300x600mm\/#breadcrumb"},"inLanguage":"pl-PL","potentialAction":[{"@type":"ReadAction","target":["https:\/\/limittools.test.consids5.se\/pl\/product\/katomierz-tarczowy-300x600mm\/"]}]},{"@type":"BreadcrumbList","@id":"https:\/\/limittools.test.consids5.se\/pl\/product\/katomierz-tarczowy-300x600mm\/#breadcrumb","itemListElement":[{"@type":"ListItem","position":1,"name":"Products","item":"https:\/\/limittools.test.consids5.se\/products\/"},{"@type":"ListItem","position":2,"name":"KATOMIERZ TARCZOWY 300X600MM"}]},{"@type":"WebSite","@id":"https:\/\/limittools.test.consids5.se\/#website","url":"https:\/\/limittools.test.consids5.se\/","name":"Precision measuring instruments | Limit","description":"Everything can be measured","potentialAction":[{"@type":"SearchAction","target":{"@type":"EntryPoint","urlTemplate":"https:\/\/limittools.test.consids5.se\/?s={search_term_string}"},"query-input":"required name=search_term_string"}],"inLanguage":"pl-PL"}]}},"_links":{"self":[{"href":"https:\/\/limittools.test.consids5.se\/pl\/wp-json\/wp\/v2\/product\/1929"}],"collection":[{"href":"https:\/\/limittools.test.consids5.se\/pl\/wp-json\/wp\/v2\/product"}],"about":[{"href":"https:\/\/limittools.test.consids5.se\/pl\/wp-json\/wp\/v2\/types\/product"}],"replies":[{"embeddable":true,"href":"https:\/\/limittools.test.consids5.se\/pl\/wp-json\/wp\/v2\/comments?post=1929"}],"wp:attachment":[{"href":"https:\/\/limittools.test.consids5.se\/pl\/wp-json\/wp\/v2\/media?parent=1929"}],"wp:term":[{"taxonomy":"product_cat","embeddable":true,"href":"https:\/\/limittools.test.consids5.se\/pl\/wp-json\/wp\/v2\/product_cat?post=1929"},{"taxonomy":"product_tag","embeddable":true,"href":"https:\/\/limittools.test.consids5.se\/pl\/wp-json\/wp\/v2\/product_tag?post=1929"}],"curies":[{"name":"wp","href":"https:\/\/api.w.org\/{rel}","templated":true}]}}