{"id":1942,"date":"2026-04-08T17:25:23","date_gmt":"2026-04-08T17:25:23","guid":{"rendered":"http:\/\/limit-tools.local\/product\/1942\/"},"modified":"2026-04-08T17:25:23","modified_gmt":"2026-04-08T17:25:23","slug":"obrotomierz-limit-r2000","status":"publish","type":"product","link":"https:\/\/limittools.test.consids5.se\/pl\/product\/obrotomierz-limit-r2000\/","title":{"rendered":"OBROTOMIERZ LIMIT R2000"},"content":{"rendered":"<p>Obrotomierz ze wskazaniem cyfrowym. Zapewnia mo\u017cliwo\u015b\u0107 pomiaru zar\u00f3wno optycznego, bezdotykowego (25-100 000 obr\/min), jak i mechanicznego, z wykorzystaniem k\u00f3\u0142ka pomiarowego (0.05-2000 m\/min).<br \/>\nPomiar metod\u0105 optyczn\u0105: Strumie\u0144 \u015bwiat\u0142a nale\u017cy skierowa\u0107 na ta\u015bm\u0119 odblaskow\u0105 lub inn\u0105 kontrastow\u0105 cz\u0119\u015b\u0107 obracaj\u0105cego si\u0119 obiektu. Odleg\u0142o\u015b\u0107 pomiarowa 50-150 mm.<br \/>\nSprz\u0119\u017cenie mechaniczne poprzez k\u00f3\u0142ko pomiarowe: \u015arednica k\u00f3\u0142ka 30 mm. Mo\u017cliwy jest pomiar pr\u0119dko\u015bci obrotowej lub liniowej. Dla dokonania pomiaru pr\u0119dko\u015bci obrotowej nale\u017cy ko\u0144c\u00f3wk\u0119 pomiarow\u0105 ostro\u017cnie docisn\u0105\u0107 do punktu \u015brodka obrotu obiektu. Dla dokonania pomiaru pr\u0119dko\u015bci liniowej obiektu nale\u017cy do niego przy\u0142o\u017cy\u0107 k\u00f3\u0142ko pomiarowe. (Mo\u017ce to by\u0107 np. ta\u015bma przeno\u015bnika, pas transmisyjny lub pi\u0142a ta\u015bmowa.)<br \/>\nW pami\u0119ci przyrz\u0105du zachowywany jest wynik ostatniego pomiaru, oraz warto\u015b\u0107 maksymalna i minimalna.<br \/>\n4 baterie 1.5 V LR06, nabywane oddzielnie.<\/p>\n","protected":false},"excerpt":{"rendered":"Obrotomierz ze wskazaniem cyfrowym. Zapewnia mo\u017cliwo\u015b\u0107 pomiaru zar\u00f3wno optycznego, bezdotykowego (25-100 000 obr\/min), jak i mechanicznego, z wykorzystaniem k\u00f3\u0142ka pomiarowego [&hellip;]","protected":false},"featured_media":0,"comment_status":"closed","ping_status":"closed","template":"","meta":{"_acf_changed":false},"product_cat":[322,323],"product_tag":[],"class_list":{"0":"post-1942","1":"product","2":"type-product","3":"status-publish","5":"product_cat-inspekcja-pl","6":"product_cat-obrotomierze-pl","8":"first","9":"instock","10":"shipping-taxable","11":"product-type-simple"},"acf":[],"yoast_head":"<!-- This site is optimized with the Yoast SEO plugin v23.2 - https:\/\/yoast.com\/wordpress\/plugins\/seo\/ -->\n<title>OBROTOMIERZ LIMIT R2000 - Precision measuring instruments | Limit<\/title>\n<meta name=\"robots\" content=\"index, follow, max-snippet:-1, max-image-preview:large, max-video-preview:-1\" \/>\n<link rel=\"canonical\" href=\"https:\/\/limittools.test.consids5.se\/pl\/product\/obrotomierz-limit-r2000\/\" \/>\n<meta property=\"og:locale\" content=\"pl_PL\" \/>\n<meta property=\"og:type\" content=\"article\" \/>\n<meta property=\"og:title\" content=\"OBROTOMIERZ LIMIT R2000 - Precision measuring instruments | Limit\" \/>\n<meta property=\"og:description\" content=\"Obrotomierz ze wskazaniem cyfrowym. Zapewnia mo\u017cliwo\u015b\u0107 pomiaru zar\u00f3wno optycznego, bezdotykowego (25-100 000 obr\/min), jak i mechanicznego, z wykorzystaniem k\u00f3\u0142ka pomiarowego [&hellip;]\" \/>\n<meta property=\"og:url\" content=\"https:\/\/limittools.test.consids5.se\/pl\/product\/obrotomierz-limit-r2000\/\" \/>\n<meta property=\"og:site_name\" content=\"Precision measuring instruments | Limit\" \/>\n<meta property=\"article:publisher\" content=\"https:\/\/www.facebook.com\/limittools\/\" \/>\n<meta name=\"twitter:card\" content=\"summary_large_image\" \/>\n<meta name=\"twitter:label1\" content=\"Est. reading time\" \/>\n\t<meta name=\"twitter:data1\" content=\"1 minute\" \/>\n<script type=\"application\/ld+json\" class=\"yoast-schema-graph\">{\"@context\":\"https:\/\/schema.org\",\"@graph\":[{\"@type\":\"WebPage\",\"@id\":\"https:\/\/limittools.test.consids5.se\/pl\/product\/obrotomierz-limit-r2000\/\",\"url\":\"https:\/\/limittools.test.consids5.se\/pl\/product\/obrotomierz-limit-r2000\/\",\"name\":\"OBROTOMIERZ LIMIT R2000 - Precision measuring instruments | Limit\",\"isPartOf\":{\"@id\":\"https:\/\/limittools.test.consids5.se\/#website\"},\"datePublished\":\"2026-04-08T17:25:23+00:00\",\"dateModified\":\"2026-04-08T17:25:23+00:00\",\"breadcrumb\":{\"@id\":\"https:\/\/limittools.test.consids5.se\/pl\/product\/obrotomierz-limit-r2000\/#breadcrumb\"},\"inLanguage\":\"pl-PL\",\"potentialAction\":[{\"@type\":\"ReadAction\",\"target\":[\"https:\/\/limittools.test.consids5.se\/pl\/product\/obrotomierz-limit-r2000\/\"]}]},{\"@type\":\"BreadcrumbList\",\"@id\":\"https:\/\/limittools.test.consids5.se\/pl\/product\/obrotomierz-limit-r2000\/#breadcrumb\",\"itemListElement\":[{\"@type\":\"ListItem\",\"position\":1,\"name\":\"Products\",\"item\":\"https:\/\/limittools.test.consids5.se\/products\/\"},{\"@type\":\"ListItem\",\"position\":2,\"name\":\"OBROTOMIERZ LIMIT R2000\"}]},{\"@type\":\"WebSite\",\"@id\":\"https:\/\/limittools.test.consids5.se\/#website\",\"url\":\"https:\/\/limittools.test.consids5.se\/\",\"name\":\"Precision measuring instruments | Limit\",\"description\":\"Everything can be measured\",\"potentialAction\":[{\"@type\":\"SearchAction\",\"target\":{\"@type\":\"EntryPoint\",\"urlTemplate\":\"https:\/\/limittools.test.consids5.se\/?s={search_term_string}\"},\"query-input\":\"required name=search_term_string\"}],\"inLanguage\":\"pl-PL\"}]}<\/script>\n<!-- \/ Yoast SEO plugin. -->","yoast_head_json":{"title":"OBROTOMIERZ LIMIT R2000 - Precision measuring instruments | Limit","robots":{"index":"index","follow":"follow","max-snippet":"max-snippet:-1","max-image-preview":"max-image-preview:large","max-video-preview":"max-video-preview:-1"},"canonical":"https:\/\/limittools.test.consids5.se\/pl\/product\/obrotomierz-limit-r2000\/","og_locale":"pl_PL","og_type":"article","og_title":"OBROTOMIERZ LIMIT R2000 - Precision measuring instruments | Limit","og_description":"Obrotomierz ze wskazaniem cyfrowym. Zapewnia mo\u017cliwo\u015b\u0107 pomiaru zar\u00f3wno optycznego, bezdotykowego (25-100 000 obr\/min), jak i mechanicznego, z wykorzystaniem k\u00f3\u0142ka pomiarowego [&hellip;]","og_url":"https:\/\/limittools.test.consids5.se\/pl\/product\/obrotomierz-limit-r2000\/","og_site_name":"Precision measuring instruments | Limit","article_publisher":"https:\/\/www.facebook.com\/limittools\/","twitter_card":"summary_large_image","twitter_misc":{"Est. reading time":"1 minute"},"schema":{"@context":"https:\/\/schema.org","@graph":[{"@type":"WebPage","@id":"https:\/\/limittools.test.consids5.se\/pl\/product\/obrotomierz-limit-r2000\/","url":"https:\/\/limittools.test.consids5.se\/pl\/product\/obrotomierz-limit-r2000\/","name":"OBROTOMIERZ LIMIT R2000 - Precision measuring instruments | Limit","isPartOf":{"@id":"https:\/\/limittools.test.consids5.se\/#website"},"datePublished":"2026-04-08T17:25:23+00:00","dateModified":"2026-04-08T17:25:23+00:00","breadcrumb":{"@id":"https:\/\/limittools.test.consids5.se\/pl\/product\/obrotomierz-limit-r2000\/#breadcrumb"},"inLanguage":"pl-PL","potentialAction":[{"@type":"ReadAction","target":["https:\/\/limittools.test.consids5.se\/pl\/product\/obrotomierz-limit-r2000\/"]}]},{"@type":"BreadcrumbList","@id":"https:\/\/limittools.test.consids5.se\/pl\/product\/obrotomierz-limit-r2000\/#breadcrumb","itemListElement":[{"@type":"ListItem","position":1,"name":"Products","item":"https:\/\/limittools.test.consids5.se\/products\/"},{"@type":"ListItem","position":2,"name":"OBROTOMIERZ LIMIT R2000"}]},{"@type":"WebSite","@id":"https:\/\/limittools.test.consids5.se\/#website","url":"https:\/\/limittools.test.consids5.se\/","name":"Precision measuring instruments | Limit","description":"Everything can be measured","potentialAction":[{"@type":"SearchAction","target":{"@type":"EntryPoint","urlTemplate":"https:\/\/limittools.test.consids5.se\/?s={search_term_string}"},"query-input":"required name=search_term_string"}],"inLanguage":"pl-PL"}]}},"_links":{"self":[{"href":"https:\/\/limittools.test.consids5.se\/pl\/wp-json\/wp\/v2\/product\/1942"}],"collection":[{"href":"https:\/\/limittools.test.consids5.se\/pl\/wp-json\/wp\/v2\/product"}],"about":[{"href":"https:\/\/limittools.test.consids5.se\/pl\/wp-json\/wp\/v2\/types\/product"}],"replies":[{"embeddable":true,"href":"https:\/\/limittools.test.consids5.se\/pl\/wp-json\/wp\/v2\/comments?post=1942"}],"wp:attachment":[{"href":"https:\/\/limittools.test.consids5.se\/pl\/wp-json\/wp\/v2\/media?parent=1942"}],"wp:term":[{"taxonomy":"product_cat","embeddable":true,"href":"https:\/\/limittools.test.consids5.se\/pl\/wp-json\/wp\/v2\/product_cat?post=1942"},{"taxonomy":"product_tag","embeddable":true,"href":"https:\/\/limittools.test.consids5.se\/pl\/wp-json\/wp\/v2\/product_tag?post=1942"}],"curies":[{"name":"wp","href":"https:\/\/api.w.org\/{rel}","templated":true}]}}