{"id":1977,"date":"2026-04-08T17:25:40","date_gmt":"2026-04-08T17:25:40","guid":{"rendered":"http:\/\/limit-tools.local\/product\/1977\/"},"modified":"2026-04-08T17:25:40","modified_gmt":"2026-04-08T17:25:40","slug":"mocny-statyw-aluminiowy-do-przyrzadow-niwelacyjnych-limit","status":"publish","type":"product","link":"https:\/\/limittools.test.consids5.se\/pl\/product\/mocny-statyw-aluminiowy-do-przyrzadow-niwelacyjnych-limit\/","title":{"rendered":"MOCNY STATYW ALUMINIOWY DO PRZYRZAD\u00d3W NIWELACYJNYCH LIMIT"},"content":{"rendered":"<p>Mocny statyw z aluminium. Kolumna z\u0119bata z korbk\u0105, do dok\u0142adnej regulacji wysoko\u015bci. Pasuje do wszelkich typ\u00f3w przyrz\u0105d\u00f3w niwelacyjnych i laser\u00f3w z gwintem mocuj\u0105cym 5\/8&#8221;.<\/p>\n","protected":false},"excerpt":{"rendered":"Mocny statyw z aluminium. Kolumna z\u0119bata z korbk\u0105, do dok\u0142adnej regulacji wysoko\u015bci. Pasuje do wszelkich typ\u00f3w przyrz\u0105d\u00f3w niwelacyjnych i laser\u00f3w [&hellip;]","protected":false},"featured_media":0,"comment_status":"closed","ping_status":"closed","template":"","meta":{"_acf_changed":false},"product_cat":[282,332],"product_tag":[],"class_list":{"0":"post-1977","1":"product","2":"type-product","3":"status-publish","5":"product_cat-przyrzady-laserowe-pl","6":"product_cat-lasery-akcesoria-pl","8":"first","9":"instock","10":"shipping-taxable","11":"product-type-simple"},"acf":[],"yoast_head":"<!-- This site is optimized with the Yoast SEO plugin v23.2 - https:\/\/yoast.com\/wordpress\/plugins\/seo\/ -->\n<title>MOCNY STATYW ALUMINIOWY DO PRZYRZAD\u00d3W NIWELACYJNYCH LIMIT - Precision measuring instruments | Limit<\/title>\n<meta name=\"robots\" content=\"index, follow, max-snippet:-1, max-image-preview:large, max-video-preview:-1\" \/>\n<link rel=\"canonical\" href=\"https:\/\/limittools.test.consids5.se\/pl\/product\/mocny-statyw-aluminiowy-do-przyrzadow-niwelacyjnych-limit\/\" \/>\n<meta property=\"og:locale\" content=\"pl_PL\" \/>\n<meta property=\"og:type\" content=\"article\" \/>\n<meta property=\"og:title\" content=\"MOCNY STATYW ALUMINIOWY DO PRZYRZAD\u00d3W NIWELACYJNYCH LIMIT - Precision measuring instruments | Limit\" \/>\n<meta property=\"og:description\" content=\"Mocny statyw z aluminium. Kolumna z\u0119bata z korbk\u0105, do dok\u0142adnej regulacji wysoko\u015bci. Pasuje do wszelkich typ\u00f3w przyrz\u0105d\u00f3w niwelacyjnych i laser\u00f3w [&hellip;]\" \/>\n<meta property=\"og:url\" content=\"https:\/\/limittools.test.consids5.se\/pl\/product\/mocny-statyw-aluminiowy-do-przyrzadow-niwelacyjnych-limit\/\" \/>\n<meta property=\"og:site_name\" content=\"Precision measuring instruments | Limit\" \/>\n<meta property=\"article:publisher\" content=\"https:\/\/www.facebook.com\/limittools\/\" \/>\n<meta name=\"twitter:card\" content=\"summary_large_image\" \/>\n<script type=\"application\/ld+json\" class=\"yoast-schema-graph\">{\"@context\":\"https:\/\/schema.org\",\"@graph\":[{\"@type\":\"WebPage\",\"@id\":\"https:\/\/limittools.test.consids5.se\/pl\/product\/mocny-statyw-aluminiowy-do-przyrzadow-niwelacyjnych-limit\/\",\"url\":\"https:\/\/limittools.test.consids5.se\/pl\/product\/mocny-statyw-aluminiowy-do-przyrzadow-niwelacyjnych-limit\/\",\"name\":\"MOCNY STATYW ALUMINIOWY DO PRZYRZAD\u00d3W NIWELACYJNYCH LIMIT - Precision measuring instruments | Limit\",\"isPartOf\":{\"@id\":\"https:\/\/limittools.test.consids5.se\/#website\"},\"datePublished\":\"2026-04-08T17:25:40+00:00\",\"dateModified\":\"2026-04-08T17:25:40+00:00\",\"breadcrumb\":{\"@id\":\"https:\/\/limittools.test.consids5.se\/pl\/product\/mocny-statyw-aluminiowy-do-przyrzadow-niwelacyjnych-limit\/#breadcrumb\"},\"inLanguage\":\"pl-PL\",\"potentialAction\":[{\"@type\":\"ReadAction\",\"target\":[\"https:\/\/limittools.test.consids5.se\/pl\/product\/mocny-statyw-aluminiowy-do-przyrzadow-niwelacyjnych-limit\/\"]}]},{\"@type\":\"BreadcrumbList\",\"@id\":\"https:\/\/limittools.test.consids5.se\/pl\/product\/mocny-statyw-aluminiowy-do-przyrzadow-niwelacyjnych-limit\/#breadcrumb\",\"itemListElement\":[{\"@type\":\"ListItem\",\"position\":1,\"name\":\"Products\",\"item\":\"https:\/\/limittools.test.consids5.se\/products\/\"},{\"@type\":\"ListItem\",\"position\":2,\"name\":\"MOCNY STATYW ALUMINIOWY DO PRZYRZAD\u00d3W NIWELACYJNYCH LIMIT\"}]},{\"@type\":\"WebSite\",\"@id\":\"https:\/\/limittools.test.consids5.se\/#website\",\"url\":\"https:\/\/limittools.test.consids5.se\/\",\"name\":\"Precision measuring instruments | Limit\",\"description\":\"Everything can be measured\",\"potentialAction\":[{\"@type\":\"SearchAction\",\"target\":{\"@type\":\"EntryPoint\",\"urlTemplate\":\"https:\/\/limittools.test.consids5.se\/?s={search_term_string}\"},\"query-input\":\"required name=search_term_string\"}],\"inLanguage\":\"pl-PL\"}]}<\/script>\n<!-- \/ Yoast SEO plugin. -->","yoast_head_json":{"title":"MOCNY STATYW ALUMINIOWY DO PRZYRZAD\u00d3W NIWELACYJNYCH LIMIT - Precision measuring instruments | Limit","robots":{"index":"index","follow":"follow","max-snippet":"max-snippet:-1","max-image-preview":"max-image-preview:large","max-video-preview":"max-video-preview:-1"},"canonical":"https:\/\/limittools.test.consids5.se\/pl\/product\/mocny-statyw-aluminiowy-do-przyrzadow-niwelacyjnych-limit\/","og_locale":"pl_PL","og_type":"article","og_title":"MOCNY STATYW ALUMINIOWY DO PRZYRZAD\u00d3W NIWELACYJNYCH LIMIT - Precision measuring instruments | Limit","og_description":"Mocny statyw z aluminium. Kolumna z\u0119bata z korbk\u0105, do dok\u0142adnej regulacji wysoko\u015bci. Pasuje do wszelkich typ\u00f3w przyrz\u0105d\u00f3w niwelacyjnych i laser\u00f3w [&hellip;]","og_url":"https:\/\/limittools.test.consids5.se\/pl\/product\/mocny-statyw-aluminiowy-do-przyrzadow-niwelacyjnych-limit\/","og_site_name":"Precision measuring instruments | Limit","article_publisher":"https:\/\/www.facebook.com\/limittools\/","twitter_card":"summary_large_image","schema":{"@context":"https:\/\/schema.org","@graph":[{"@type":"WebPage","@id":"https:\/\/limittools.test.consids5.se\/pl\/product\/mocny-statyw-aluminiowy-do-przyrzadow-niwelacyjnych-limit\/","url":"https:\/\/limittools.test.consids5.se\/pl\/product\/mocny-statyw-aluminiowy-do-przyrzadow-niwelacyjnych-limit\/","name":"MOCNY STATYW ALUMINIOWY DO PRZYRZAD\u00d3W NIWELACYJNYCH LIMIT - Precision measuring instruments | Limit","isPartOf":{"@id":"https:\/\/limittools.test.consids5.se\/#website"},"datePublished":"2026-04-08T17:25:40+00:00","dateModified":"2026-04-08T17:25:40+00:00","breadcrumb":{"@id":"https:\/\/limittools.test.consids5.se\/pl\/product\/mocny-statyw-aluminiowy-do-przyrzadow-niwelacyjnych-limit\/#breadcrumb"},"inLanguage":"pl-PL","potentialAction":[{"@type":"ReadAction","target":["https:\/\/limittools.test.consids5.se\/pl\/product\/mocny-statyw-aluminiowy-do-przyrzadow-niwelacyjnych-limit\/"]}]},{"@type":"BreadcrumbList","@id":"https:\/\/limittools.test.consids5.se\/pl\/product\/mocny-statyw-aluminiowy-do-przyrzadow-niwelacyjnych-limit\/#breadcrumb","itemListElement":[{"@type":"ListItem","position":1,"name":"Products","item":"https:\/\/limittools.test.consids5.se\/products\/"},{"@type":"ListItem","position":2,"name":"MOCNY STATYW ALUMINIOWY DO PRZYRZAD\u00d3W NIWELACYJNYCH LIMIT"}]},{"@type":"WebSite","@id":"https:\/\/limittools.test.consids5.se\/#website","url":"https:\/\/limittools.test.consids5.se\/","name":"Precision measuring instruments | Limit","description":"Everything can be measured","potentialAction":[{"@type":"SearchAction","target":{"@type":"EntryPoint","urlTemplate":"https:\/\/limittools.test.consids5.se\/?s={search_term_string}"},"query-input":"required name=search_term_string"}],"inLanguage":"pl-PL"}]}},"_links":{"self":[{"href":"https:\/\/limittools.test.consids5.se\/pl\/wp-json\/wp\/v2\/product\/1977"}],"collection":[{"href":"https:\/\/limittools.test.consids5.se\/pl\/wp-json\/wp\/v2\/product"}],"about":[{"href":"https:\/\/limittools.test.consids5.se\/pl\/wp-json\/wp\/v2\/types\/product"}],"replies":[{"embeddable":true,"href":"https:\/\/limittools.test.consids5.se\/pl\/wp-json\/wp\/v2\/comments?post=1977"}],"wp:attachment":[{"href":"https:\/\/limittools.test.consids5.se\/pl\/wp-json\/wp\/v2\/media?parent=1977"}],"wp:term":[{"taxonomy":"product_cat","embeddable":true,"href":"https:\/\/limittools.test.consids5.se\/pl\/wp-json\/wp\/v2\/product_cat?post=1977"},{"taxonomy":"product_tag","embeddable":true,"href":"https:\/\/limittools.test.consids5.se\/pl\/wp-json\/wp\/v2\/product_tag?post=1977"}],"curies":[{"name":"wp","href":"https:\/\/api.w.org\/{rel}","templated":true}]}}