{"id":2013,"date":"2019-10-22T06:49:38","date_gmt":"2019-10-22T06:49:38","guid":{"rendered":"http:\/\/limit-tools.local\/product\/2013\/"},"modified":"2019-10-22T06:49:38","modified_gmt":"2019-10-22T06:49:38","slug":"wozek-widlowy-z-waga-lw-mkp-elw-1500-2000-kg","status":"publish","type":"product","link":"https:\/\/limittools.test.consids5.se\/pl\/product\/wozek-widlowy-z-waga-lw-mkp-elw-1500-2000-kg\/","title":{"rendered":"W\u00d3ZEK WIDLOWY Z WAGA LW-MKP\/ELW &#8211; 1500\/2000 KG"},"content":{"rendered":"<p>Wagi przewo\u017ane, zapewniaj\u0105ce oszcz\u0119dno\u015b\u0107 czasu dzi\u0119ki mo\u017cliwo\u015bci zwa\u017cenia towaru na miejscu, bez transportowania go do wagi stacjonarnej. Stabilna konstrukcja, wykorzystuj\u0105ca 4 mocne przetworniki, kt\u00f3re dzi\u0119ki optymalnemu rozmieszczeniu zapewniaj\u0105 dok\u0142adno\u015b\u0107 wa\u017cenia, nawet przy niesymetrycznym roz\u0142o\u017ceniu ci\u0119\u017caru. Wysoka dok\u0142adno\u015b\u0107, odpowiadaj\u0105ca \u00b1 1 jednostce rozdzielczo\u015bci wy\u015bwietlacza. Sam przyrz\u0105d pomiarowy umieszczony jest w mocnej os\u0142onie metalowej. Wyra\u017any wy\u015bwietlacz typu LED. LW-MKP\/ELW = Wykonanie weryfikowalne. Automatyczne zerowanie, funkcja tarowania. Dostarczane z akumulatorem 6V\/4Ah i \u0142adowark\u0105.<\/p>\n","protected":false},"excerpt":{"rendered":"Wagi przewo\u017ane, zapewniaj\u0105ce oszcz\u0119dno\u015b\u0107 czasu dzi\u0119ki mo\u017cliwo\u015bci zwa\u017cenia towaru na miejscu, bez transportowania go do wagi stacjonarnej. Stabilna konstrukcja, wykorzystuj\u0105ca [&hellip;]","protected":false},"featured_media":0,"comment_status":"closed","ping_status":"closed","template":"","meta":{"_acf_changed":false},"product_cat":[299,352],"product_tag":[],"class_list":{"0":"post-2013","1":"product","2":"type-product","3":"status-publish","5":"product_cat-wagi-pl","6":"product_cat-wagi-wozkowe-pl","8":"first","9":"instock","10":"shipping-taxable","11":"product-type-simple"},"acf":[],"yoast_head":"<!-- This site is optimized with the Yoast SEO plugin v23.2 - https:\/\/yoast.com\/wordpress\/plugins\/seo\/ -->\n<title>W\u00d3ZEK WIDLOWY Z WAGA LW-MKP\/ELW - 1500\/2000 KG - Precision measuring instruments | Limit<\/title>\n<meta name=\"robots\" content=\"index, follow, max-snippet:-1, max-image-preview:large, max-video-preview:-1\" \/>\n<link rel=\"canonical\" href=\"https:\/\/limittools.test.consids5.se\/pl\/product\/wozek-widlowy-z-waga-lw-mkp-elw-1500-2000-kg\/\" \/>\n<meta property=\"og:locale\" content=\"pl_PL\" \/>\n<meta property=\"og:type\" content=\"article\" \/>\n<meta property=\"og:title\" content=\"W\u00d3ZEK WIDLOWY Z WAGA LW-MKP\/ELW - 1500\/2000 KG - Precision measuring instruments | Limit\" \/>\n<meta property=\"og:description\" content=\"Wagi przewo\u017ane, zapewniaj\u0105ce oszcz\u0119dno\u015b\u0107 czasu dzi\u0119ki mo\u017cliwo\u015bci zwa\u017cenia towaru na miejscu, bez transportowania go do wagi stacjonarnej. Stabilna konstrukcja, wykorzystuj\u0105ca [&hellip;]\" \/>\n<meta property=\"og:url\" content=\"https:\/\/limittools.test.consids5.se\/pl\/product\/wozek-widlowy-z-waga-lw-mkp-elw-1500-2000-kg\/\" \/>\n<meta property=\"og:site_name\" content=\"Precision measuring instruments | Limit\" \/>\n<meta property=\"article:publisher\" content=\"https:\/\/www.facebook.com\/limittools\/\" \/>\n<meta name=\"twitter:card\" content=\"summary_large_image\" \/>\n<script type=\"application\/ld+json\" class=\"yoast-schema-graph\">{\"@context\":\"https:\/\/schema.org\",\"@graph\":[{\"@type\":\"WebPage\",\"@id\":\"https:\/\/limittools.test.consids5.se\/pl\/product\/wozek-widlowy-z-waga-lw-mkp-elw-1500-2000-kg\/\",\"url\":\"https:\/\/limittools.test.consids5.se\/pl\/product\/wozek-widlowy-z-waga-lw-mkp-elw-1500-2000-kg\/\",\"name\":\"W\u00d3ZEK WIDLOWY Z WAGA LW-MKP\/ELW - 1500\/2000 KG - Precision measuring instruments | Limit\",\"isPartOf\":{\"@id\":\"https:\/\/limittools.test.consids5.se\/#website\"},\"datePublished\":\"2019-10-22T06:49:38+00:00\",\"dateModified\":\"2019-10-22T06:49:38+00:00\",\"breadcrumb\":{\"@id\":\"https:\/\/limittools.test.consids5.se\/pl\/product\/wozek-widlowy-z-waga-lw-mkp-elw-1500-2000-kg\/#breadcrumb\"},\"inLanguage\":\"pl-PL\",\"potentialAction\":[{\"@type\":\"ReadAction\",\"target\":[\"https:\/\/limittools.test.consids5.se\/pl\/product\/wozek-widlowy-z-waga-lw-mkp-elw-1500-2000-kg\/\"]}]},{\"@type\":\"BreadcrumbList\",\"@id\":\"https:\/\/limittools.test.consids5.se\/pl\/product\/wozek-widlowy-z-waga-lw-mkp-elw-1500-2000-kg\/#breadcrumb\",\"itemListElement\":[{\"@type\":\"ListItem\",\"position\":1,\"name\":\"Products\",\"item\":\"https:\/\/limittools.test.consids5.se\/products\/\"},{\"@type\":\"ListItem\",\"position\":2,\"name\":\"W\u00d3ZEK WIDLOWY Z WAGA LW-MKP\/ELW &#8211; 1500\/2000 KG\"}]},{\"@type\":\"WebSite\",\"@id\":\"https:\/\/limittools.test.consids5.se\/#website\",\"url\":\"https:\/\/limittools.test.consids5.se\/\",\"name\":\"Precision measuring instruments | Limit\",\"description\":\"Everything can be measured\",\"potentialAction\":[{\"@type\":\"SearchAction\",\"target\":{\"@type\":\"EntryPoint\",\"urlTemplate\":\"https:\/\/limittools.test.consids5.se\/?s={search_term_string}\"},\"query-input\":\"required name=search_term_string\"}],\"inLanguage\":\"pl-PL\"}]}<\/script>\n<!-- \/ Yoast SEO plugin. -->","yoast_head_json":{"title":"W\u00d3ZEK WIDLOWY Z WAGA LW-MKP\/ELW - 1500\/2000 KG - Precision measuring instruments | Limit","robots":{"index":"index","follow":"follow","max-snippet":"max-snippet:-1","max-image-preview":"max-image-preview:large","max-video-preview":"max-video-preview:-1"},"canonical":"https:\/\/limittools.test.consids5.se\/pl\/product\/wozek-widlowy-z-waga-lw-mkp-elw-1500-2000-kg\/","og_locale":"pl_PL","og_type":"article","og_title":"W\u00d3ZEK WIDLOWY Z WAGA LW-MKP\/ELW - 1500\/2000 KG - Precision measuring instruments | Limit","og_description":"Wagi przewo\u017ane, zapewniaj\u0105ce oszcz\u0119dno\u015b\u0107 czasu dzi\u0119ki mo\u017cliwo\u015bci zwa\u017cenia towaru na miejscu, bez transportowania go do wagi stacjonarnej. Stabilna konstrukcja, wykorzystuj\u0105ca [&hellip;]","og_url":"https:\/\/limittools.test.consids5.se\/pl\/product\/wozek-widlowy-z-waga-lw-mkp-elw-1500-2000-kg\/","og_site_name":"Precision measuring instruments | Limit","article_publisher":"https:\/\/www.facebook.com\/limittools\/","twitter_card":"summary_large_image","schema":{"@context":"https:\/\/schema.org","@graph":[{"@type":"WebPage","@id":"https:\/\/limittools.test.consids5.se\/pl\/product\/wozek-widlowy-z-waga-lw-mkp-elw-1500-2000-kg\/","url":"https:\/\/limittools.test.consids5.se\/pl\/product\/wozek-widlowy-z-waga-lw-mkp-elw-1500-2000-kg\/","name":"W\u00d3ZEK WIDLOWY Z WAGA LW-MKP\/ELW - 1500\/2000 KG - Precision measuring instruments | Limit","isPartOf":{"@id":"https:\/\/limittools.test.consids5.se\/#website"},"datePublished":"2019-10-22T06:49:38+00:00","dateModified":"2019-10-22T06:49:38+00:00","breadcrumb":{"@id":"https:\/\/limittools.test.consids5.se\/pl\/product\/wozek-widlowy-z-waga-lw-mkp-elw-1500-2000-kg\/#breadcrumb"},"inLanguage":"pl-PL","potentialAction":[{"@type":"ReadAction","target":["https:\/\/limittools.test.consids5.se\/pl\/product\/wozek-widlowy-z-waga-lw-mkp-elw-1500-2000-kg\/"]}]},{"@type":"BreadcrumbList","@id":"https:\/\/limittools.test.consids5.se\/pl\/product\/wozek-widlowy-z-waga-lw-mkp-elw-1500-2000-kg\/#breadcrumb","itemListElement":[{"@type":"ListItem","position":1,"name":"Products","item":"https:\/\/limittools.test.consids5.se\/products\/"},{"@type":"ListItem","position":2,"name":"W\u00d3ZEK WIDLOWY Z WAGA LW-MKP\/ELW &#8211; 1500\/2000 KG"}]},{"@type":"WebSite","@id":"https:\/\/limittools.test.consids5.se\/#website","url":"https:\/\/limittools.test.consids5.se\/","name":"Precision measuring instruments | Limit","description":"Everything can be measured","potentialAction":[{"@type":"SearchAction","target":{"@type":"EntryPoint","urlTemplate":"https:\/\/limittools.test.consids5.se\/?s={search_term_string}"},"query-input":"required name=search_term_string"}],"inLanguage":"pl-PL"}]}},"_links":{"self":[{"href":"https:\/\/limittools.test.consids5.se\/pl\/wp-json\/wp\/v2\/product\/2013"}],"collection":[{"href":"https:\/\/limittools.test.consids5.se\/pl\/wp-json\/wp\/v2\/product"}],"about":[{"href":"https:\/\/limittools.test.consids5.se\/pl\/wp-json\/wp\/v2\/types\/product"}],"replies":[{"embeddable":true,"href":"https:\/\/limittools.test.consids5.se\/pl\/wp-json\/wp\/v2\/comments?post=2013"}],"wp:attachment":[{"href":"https:\/\/limittools.test.consids5.se\/pl\/wp-json\/wp\/v2\/media?parent=2013"}],"wp:term":[{"taxonomy":"product_cat","embeddable":true,"href":"https:\/\/limittools.test.consids5.se\/pl\/wp-json\/wp\/v2\/product_cat?post=2013"},{"taxonomy":"product_tag","embeddable":true,"href":"https:\/\/limittools.test.consids5.se\/pl\/wp-json\/wp\/v2\/product_tag?post=2013"}],"curies":[{"name":"wp","href":"https:\/\/api.w.org\/{rel}","templated":true}]}}