{"id":2173,"date":"2021-12-16T12:57:47","date_gmt":"2021-12-16T12:57:47","guid":{"rendered":"http:\/\/limit-tools.local\/product\/2173\/"},"modified":"2021-12-16T12:57:47","modified_gmt":"2021-12-16T12:57:47","slug":"amperomierz-cegowy-limit-21","status":"publish","type":"product","link":"https:\/\/limittools.test.consids5.se\/pl\/product\/amperomierz-cegowy-limit-21\/","title":{"rendered":"AMPEROMIERZ CEGOWY LIMIT 21"},"content":{"rendered":"<p>Cyfrowy amperomierz c\u0119gowy \/ multimetr z automatycznym wyborem zakresu.Do mierzenia napi\u0119cia sta\u0142ego i przemiennego, pr\u0105du sta\u0142ego i przemiennego, rezystancji, cz\u0119stotliwo\u015bci.  Ponadto posiada nast\u0119puj\u0105ce funkcje: test diodowy, test ci\u0105g\u0142o\u015bci obwodu z sygnalizacj\u0105 akustyczn\u0105, pami\u0119\u0107 wskazania \u201eHold&#8221;, sygnalizacja niskiego stanu baterii.Dostarczany z kabelkami pomiarowymi, futera\u0142em, bateri\u0105 i instrukcj\u0105 obs\u0142ugi.D\u0142ugo\u015b\u0107 podzia\u0142ki 3999. Izolacja CAT II 600 V \/ CAT III 300 V wg IEC 61010.<\/p>\n","protected":false},"excerpt":{"rendered":"Cyfrowy amperomierz c\u0119gowy \/ multimetr z automatycznym wyborem zakresu.Do mierzenia napi\u0119cia sta\u0142ego i przemiennego, pr\u0105du sta\u0142ego i przemiennego, rezystancji, cz\u0119stotliwo\u015bci. [&hellip;]","protected":false},"featured_media":0,"comment_status":"closed","ping_status":"closed","template":"","meta":{"_acf_changed":false},"product_cat":[341,348],"product_tag":[],"class_list":{"0":"post-2173","1":"product","2":"type-product","3":"status-publish","5":"product_cat-testy-instalacji-elektrycznych-pl","6":"product_cat-amperomierze-pl","8":"first","9":"instock","10":"shipping-taxable","11":"product-type-simple"},"acf":[],"yoast_head":"<!-- This site is optimized with the Yoast SEO plugin v23.2 - https:\/\/yoast.com\/wordpress\/plugins\/seo\/ -->\n<title>AMPEROMIERZ CEGOWY LIMIT 21 - Precision measuring instruments | Limit<\/title>\n<meta name=\"robots\" content=\"index, follow, max-snippet:-1, max-image-preview:large, max-video-preview:-1\" \/>\n<link rel=\"canonical\" href=\"https:\/\/limittools.test.consids5.se\/pl\/product\/amperomierz-cegowy-limit-21\/\" \/>\n<meta property=\"og:locale\" content=\"pl_PL\" \/>\n<meta property=\"og:type\" content=\"article\" \/>\n<meta property=\"og:title\" content=\"AMPEROMIERZ CEGOWY LIMIT 21 - Precision measuring instruments | Limit\" \/>\n<meta property=\"og:description\" content=\"Cyfrowy amperomierz c\u0119gowy \/ multimetr z automatycznym wyborem zakresu.Do mierzenia napi\u0119cia sta\u0142ego i przemiennego, pr\u0105du sta\u0142ego i przemiennego, rezystancji, cz\u0119stotliwo\u015bci. [&hellip;]\" \/>\n<meta property=\"og:url\" content=\"https:\/\/limittools.test.consids5.se\/pl\/product\/amperomierz-cegowy-limit-21\/\" \/>\n<meta property=\"og:site_name\" content=\"Precision measuring instruments | Limit\" \/>\n<meta property=\"article:publisher\" content=\"https:\/\/www.facebook.com\/limittools\/\" \/>\n<meta name=\"twitter:card\" content=\"summary_large_image\" \/>\n<script type=\"application\/ld+json\" class=\"yoast-schema-graph\">{\"@context\":\"https:\/\/schema.org\",\"@graph\":[{\"@type\":\"WebPage\",\"@id\":\"https:\/\/limittools.test.consids5.se\/pl\/product\/amperomierz-cegowy-limit-21\/\",\"url\":\"https:\/\/limittools.test.consids5.se\/pl\/product\/amperomierz-cegowy-limit-21\/\",\"name\":\"AMPEROMIERZ CEGOWY LIMIT 21 - Precision measuring instruments | Limit\",\"isPartOf\":{\"@id\":\"https:\/\/limittools.test.consids5.se\/#website\"},\"datePublished\":\"2021-12-16T12:57:47+00:00\",\"dateModified\":\"2021-12-16T12:57:47+00:00\",\"breadcrumb\":{\"@id\":\"https:\/\/limittools.test.consids5.se\/pl\/product\/amperomierz-cegowy-limit-21\/#breadcrumb\"},\"inLanguage\":\"pl-PL\",\"potentialAction\":[{\"@type\":\"ReadAction\",\"target\":[\"https:\/\/limittools.test.consids5.se\/pl\/product\/amperomierz-cegowy-limit-21\/\"]}]},{\"@type\":\"BreadcrumbList\",\"@id\":\"https:\/\/limittools.test.consids5.se\/pl\/product\/amperomierz-cegowy-limit-21\/#breadcrumb\",\"itemListElement\":[{\"@type\":\"ListItem\",\"position\":1,\"name\":\"Products\",\"item\":\"https:\/\/limittools.test.consids5.se\/products\/\"},{\"@type\":\"ListItem\",\"position\":2,\"name\":\"AMPEROMIERZ CEGOWY LIMIT 21\"}]},{\"@type\":\"WebSite\",\"@id\":\"https:\/\/limittools.test.consids5.se\/#website\",\"url\":\"https:\/\/limittools.test.consids5.se\/\",\"name\":\"Precision measuring instruments | Limit\",\"description\":\"Everything can be measured\",\"potentialAction\":[{\"@type\":\"SearchAction\",\"target\":{\"@type\":\"EntryPoint\",\"urlTemplate\":\"https:\/\/limittools.test.consids5.se\/?s={search_term_string}\"},\"query-input\":\"required name=search_term_string\"}],\"inLanguage\":\"pl-PL\"}]}<\/script>\n<!-- \/ Yoast SEO plugin. -->","yoast_head_json":{"title":"AMPEROMIERZ CEGOWY LIMIT 21 - Precision measuring instruments | Limit","robots":{"index":"index","follow":"follow","max-snippet":"max-snippet:-1","max-image-preview":"max-image-preview:large","max-video-preview":"max-video-preview:-1"},"canonical":"https:\/\/limittools.test.consids5.se\/pl\/product\/amperomierz-cegowy-limit-21\/","og_locale":"pl_PL","og_type":"article","og_title":"AMPEROMIERZ CEGOWY LIMIT 21 - Precision measuring instruments | Limit","og_description":"Cyfrowy amperomierz c\u0119gowy \/ multimetr z automatycznym wyborem zakresu.Do mierzenia napi\u0119cia sta\u0142ego i przemiennego, pr\u0105du sta\u0142ego i przemiennego, rezystancji, cz\u0119stotliwo\u015bci. [&hellip;]","og_url":"https:\/\/limittools.test.consids5.se\/pl\/product\/amperomierz-cegowy-limit-21\/","og_site_name":"Precision measuring instruments | Limit","article_publisher":"https:\/\/www.facebook.com\/limittools\/","twitter_card":"summary_large_image","schema":{"@context":"https:\/\/schema.org","@graph":[{"@type":"WebPage","@id":"https:\/\/limittools.test.consids5.se\/pl\/product\/amperomierz-cegowy-limit-21\/","url":"https:\/\/limittools.test.consids5.se\/pl\/product\/amperomierz-cegowy-limit-21\/","name":"AMPEROMIERZ CEGOWY LIMIT 21 - Precision measuring instruments | Limit","isPartOf":{"@id":"https:\/\/limittools.test.consids5.se\/#website"},"datePublished":"2021-12-16T12:57:47+00:00","dateModified":"2021-12-16T12:57:47+00:00","breadcrumb":{"@id":"https:\/\/limittools.test.consids5.se\/pl\/product\/amperomierz-cegowy-limit-21\/#breadcrumb"},"inLanguage":"pl-PL","potentialAction":[{"@type":"ReadAction","target":["https:\/\/limittools.test.consids5.se\/pl\/product\/amperomierz-cegowy-limit-21\/"]}]},{"@type":"BreadcrumbList","@id":"https:\/\/limittools.test.consids5.se\/pl\/product\/amperomierz-cegowy-limit-21\/#breadcrumb","itemListElement":[{"@type":"ListItem","position":1,"name":"Products","item":"https:\/\/limittools.test.consids5.se\/products\/"},{"@type":"ListItem","position":2,"name":"AMPEROMIERZ CEGOWY LIMIT 21"}]},{"@type":"WebSite","@id":"https:\/\/limittools.test.consids5.se\/#website","url":"https:\/\/limittools.test.consids5.se\/","name":"Precision measuring instruments | Limit","description":"Everything can be measured","potentialAction":[{"@type":"SearchAction","target":{"@type":"EntryPoint","urlTemplate":"https:\/\/limittools.test.consids5.se\/?s={search_term_string}"},"query-input":"required name=search_term_string"}],"inLanguage":"pl-PL"}]}},"_links":{"self":[{"href":"https:\/\/limittools.test.consids5.se\/pl\/wp-json\/wp\/v2\/product\/2173"}],"collection":[{"href":"https:\/\/limittools.test.consids5.se\/pl\/wp-json\/wp\/v2\/product"}],"about":[{"href":"https:\/\/limittools.test.consids5.se\/pl\/wp-json\/wp\/v2\/types\/product"}],"replies":[{"embeddable":true,"href":"https:\/\/limittools.test.consids5.se\/pl\/wp-json\/wp\/v2\/comments?post=2173"}],"wp:attachment":[{"href":"https:\/\/limittools.test.consids5.se\/pl\/wp-json\/wp\/v2\/media?parent=2173"}],"wp:term":[{"taxonomy":"product_cat","embeddable":true,"href":"https:\/\/limittools.test.consids5.se\/pl\/wp-json\/wp\/v2\/product_cat?post=2173"},{"taxonomy":"product_tag","embeddable":true,"href":"https:\/\/limittools.test.consids5.se\/pl\/wp-json\/wp\/v2\/product_tag?post=2173"}],"curies":[{"name":"wp","href":"https:\/\/api.w.org\/{rel}","templated":true}]}}