{"id":2176,"date":"2026-04-08T17:27:21","date_gmt":"2026-04-08T17:27:21","guid":{"rendered":"http:\/\/limit-tools.local\/product\/2176\/"},"modified":"2026-04-08T17:27:21","modified_gmt":"2026-04-08T17:27:21","slug":"grubosciomierz-limit-5600","status":"publish","type":"product","link":"https:\/\/limittools.test.consids5.se\/pl\/product\/grubosciomierz-limit-5600\/","title":{"rendered":"GRUBOSCIOMIERZ LIMIT 5600"},"content":{"rendered":"<p>Przyrz\u0105d cyfrowy, mierz\u0105cy grubo\u015b\u0107 wi\u0119kszo\u015bci jednorodnych materia\u0142\u00f3w, przy wykorzystaniu techniki ultrad\u017awi\u0119kowej. Pomiar grubo\u015bci materia\u0142u przy u\u017cyciu ultrad\u017awi\u0119k\u00f3w jest szczeg\u00f3lnie przydatny gdy istnieje dost\u0119p tylko z jednej strony obiektu. Np. ruroci\u0105gi, zbiorniki, cysterny, konstrukcje szklane i in. Materia\u0142y nadaj\u0105ce si\u0119 do pomiaru grubo\u015bci technik\u0105 ultrad\u017awi\u0119kow\u0105 to metale, szk\u0142o i tworzywa sztuczne. Warunkiem jest jednorodno\u015b\u0107 materia\u0142u, r\u00f3wnoleg\u0142o\u015b\u0107 \u015bcianek z obu stron, oraz aby powierzchnie nie by\u0142y zbyt nier\u00f3wne. Automatyczne wy\u0142\u0105czanie po 2 minutach. \u015arednica sondy pomiarowej 8 mm. Rozdzielczo\u015b\u0107: &lt;10 mm = 0.01 mm<br \/>\nBaterie AA nabywane oddzielnie.<\/p>\n","protected":false},"excerpt":{"rendered":"Przyrz\u0105d cyfrowy, mierz\u0105cy grubo\u015b\u0107 wi\u0119kszo\u015bci jednorodnych materia\u0142\u00f3w, przy wykorzystaniu techniki ultrad\u017awi\u0119kowej. Pomiar grubo\u015bci materia\u0142u przy u\u017cyciu ultrad\u017awi\u0119k\u00f3w jest szczeg\u00f3lnie przydatny [&hellip;]","protected":false},"featured_media":0,"comment_status":"closed","ping_status":"closed","template":"","meta":{"_acf_changed":false},"product_cat":[322,406],"product_tag":[],"class_list":{"0":"post-2176","1":"product","2":"type-product","3":"status-publish","5":"product_cat-inspekcja-pl","6":"product_cat-grubosciomierze-pl","8":"first","9":"instock","10":"shipping-taxable","11":"product-type-simple"},"acf":[],"yoast_head":"<!-- This site is optimized with the Yoast SEO plugin v23.2 - https:\/\/yoast.com\/wordpress\/plugins\/seo\/ -->\n<title>GRUBOSCIOMIERZ LIMIT 5600 - Precision measuring instruments | Limit<\/title>\n<meta name=\"robots\" content=\"index, follow, max-snippet:-1, max-image-preview:large, max-video-preview:-1\" \/>\n<link rel=\"canonical\" href=\"https:\/\/limittools.test.consids5.se\/pl\/product\/grubosciomierz-limit-5600\/\" \/>\n<meta property=\"og:locale\" content=\"pl_PL\" \/>\n<meta property=\"og:type\" content=\"article\" \/>\n<meta property=\"og:title\" content=\"GRUBOSCIOMIERZ LIMIT 5600 - Precision measuring instruments | Limit\" \/>\n<meta property=\"og:description\" content=\"Przyrz\u0105d cyfrowy, mierz\u0105cy grubo\u015b\u0107 wi\u0119kszo\u015bci jednorodnych materia\u0142\u00f3w, przy wykorzystaniu techniki ultrad\u017awi\u0119kowej. Pomiar grubo\u015bci materia\u0142u przy u\u017cyciu ultrad\u017awi\u0119k\u00f3w jest szczeg\u00f3lnie przydatny [&hellip;]\" \/>\n<meta property=\"og:url\" content=\"https:\/\/limittools.test.consids5.se\/pl\/product\/grubosciomierz-limit-5600\/\" \/>\n<meta property=\"og:site_name\" content=\"Precision measuring instruments | Limit\" \/>\n<meta property=\"article:publisher\" content=\"https:\/\/www.facebook.com\/limittools\/\" \/>\n<meta name=\"twitter:card\" content=\"summary_large_image\" \/>\n<meta name=\"twitter:label1\" content=\"Est. reading time\" \/>\n\t<meta name=\"twitter:data1\" content=\"1 minute\" \/>\n<script type=\"application\/ld+json\" class=\"yoast-schema-graph\">{\"@context\":\"https:\/\/schema.org\",\"@graph\":[{\"@type\":\"WebPage\",\"@id\":\"https:\/\/limittools.test.consids5.se\/pl\/product\/grubosciomierz-limit-5600\/\",\"url\":\"https:\/\/limittools.test.consids5.se\/pl\/product\/grubosciomierz-limit-5600\/\",\"name\":\"GRUBOSCIOMIERZ LIMIT 5600 - Precision measuring instruments | Limit\",\"isPartOf\":{\"@id\":\"https:\/\/limittools.test.consids5.se\/#website\"},\"datePublished\":\"2026-04-08T17:27:21+00:00\",\"dateModified\":\"2026-04-08T17:27:21+00:00\",\"breadcrumb\":{\"@id\":\"https:\/\/limittools.test.consids5.se\/pl\/product\/grubosciomierz-limit-5600\/#breadcrumb\"},\"inLanguage\":\"pl-PL\",\"potentialAction\":[{\"@type\":\"ReadAction\",\"target\":[\"https:\/\/limittools.test.consids5.se\/pl\/product\/grubosciomierz-limit-5600\/\"]}]},{\"@type\":\"BreadcrumbList\",\"@id\":\"https:\/\/limittools.test.consids5.se\/pl\/product\/grubosciomierz-limit-5600\/#breadcrumb\",\"itemListElement\":[{\"@type\":\"ListItem\",\"position\":1,\"name\":\"Products\",\"item\":\"https:\/\/limittools.test.consids5.se\/products\/\"},{\"@type\":\"ListItem\",\"position\":2,\"name\":\"GRUBOSCIOMIERZ LIMIT 5600\"}]},{\"@type\":\"WebSite\",\"@id\":\"https:\/\/limittools.test.consids5.se\/#website\",\"url\":\"https:\/\/limittools.test.consids5.se\/\",\"name\":\"Precision measuring instruments | Limit\",\"description\":\"Everything can be measured\",\"potentialAction\":[{\"@type\":\"SearchAction\",\"target\":{\"@type\":\"EntryPoint\",\"urlTemplate\":\"https:\/\/limittools.test.consids5.se\/?s={search_term_string}\"},\"query-input\":\"required name=search_term_string\"}],\"inLanguage\":\"pl-PL\"}]}<\/script>\n<!-- \/ Yoast SEO plugin. -->","yoast_head_json":{"title":"GRUBOSCIOMIERZ LIMIT 5600 - Precision measuring instruments | Limit","robots":{"index":"index","follow":"follow","max-snippet":"max-snippet:-1","max-image-preview":"max-image-preview:large","max-video-preview":"max-video-preview:-1"},"canonical":"https:\/\/limittools.test.consids5.se\/pl\/product\/grubosciomierz-limit-5600\/","og_locale":"pl_PL","og_type":"article","og_title":"GRUBOSCIOMIERZ LIMIT 5600 - Precision measuring instruments | Limit","og_description":"Przyrz\u0105d cyfrowy, mierz\u0105cy grubo\u015b\u0107 wi\u0119kszo\u015bci jednorodnych materia\u0142\u00f3w, przy wykorzystaniu techniki ultrad\u017awi\u0119kowej. Pomiar grubo\u015bci materia\u0142u przy u\u017cyciu ultrad\u017awi\u0119k\u00f3w jest szczeg\u00f3lnie przydatny [&hellip;]","og_url":"https:\/\/limittools.test.consids5.se\/pl\/product\/grubosciomierz-limit-5600\/","og_site_name":"Precision measuring instruments | Limit","article_publisher":"https:\/\/www.facebook.com\/limittools\/","twitter_card":"summary_large_image","twitter_misc":{"Est. reading time":"1 minute"},"schema":{"@context":"https:\/\/schema.org","@graph":[{"@type":"WebPage","@id":"https:\/\/limittools.test.consids5.se\/pl\/product\/grubosciomierz-limit-5600\/","url":"https:\/\/limittools.test.consids5.se\/pl\/product\/grubosciomierz-limit-5600\/","name":"GRUBOSCIOMIERZ LIMIT 5600 - Precision measuring instruments | Limit","isPartOf":{"@id":"https:\/\/limittools.test.consids5.se\/#website"},"datePublished":"2026-04-08T17:27:21+00:00","dateModified":"2026-04-08T17:27:21+00:00","breadcrumb":{"@id":"https:\/\/limittools.test.consids5.se\/pl\/product\/grubosciomierz-limit-5600\/#breadcrumb"},"inLanguage":"pl-PL","potentialAction":[{"@type":"ReadAction","target":["https:\/\/limittools.test.consids5.se\/pl\/product\/grubosciomierz-limit-5600\/"]}]},{"@type":"BreadcrumbList","@id":"https:\/\/limittools.test.consids5.se\/pl\/product\/grubosciomierz-limit-5600\/#breadcrumb","itemListElement":[{"@type":"ListItem","position":1,"name":"Products","item":"https:\/\/limittools.test.consids5.se\/products\/"},{"@type":"ListItem","position":2,"name":"GRUBOSCIOMIERZ LIMIT 5600"}]},{"@type":"WebSite","@id":"https:\/\/limittools.test.consids5.se\/#website","url":"https:\/\/limittools.test.consids5.se\/","name":"Precision measuring instruments | Limit","description":"Everything can be measured","potentialAction":[{"@type":"SearchAction","target":{"@type":"EntryPoint","urlTemplate":"https:\/\/limittools.test.consids5.se\/?s={search_term_string}"},"query-input":"required name=search_term_string"}],"inLanguage":"pl-PL"}]}},"_links":{"self":[{"href":"https:\/\/limittools.test.consids5.se\/pl\/wp-json\/wp\/v2\/product\/2176"}],"collection":[{"href":"https:\/\/limittools.test.consids5.se\/pl\/wp-json\/wp\/v2\/product"}],"about":[{"href":"https:\/\/limittools.test.consids5.se\/pl\/wp-json\/wp\/v2\/types\/product"}],"replies":[{"embeddable":true,"href":"https:\/\/limittools.test.consids5.se\/pl\/wp-json\/wp\/v2\/comments?post=2176"}],"wp:attachment":[{"href":"https:\/\/limittools.test.consids5.se\/pl\/wp-json\/wp\/v2\/media?parent=2176"}],"wp:term":[{"taxonomy":"product_cat","embeddable":true,"href":"https:\/\/limittools.test.consids5.se\/pl\/wp-json\/wp\/v2\/product_cat?post=2176"},{"taxonomy":"product_tag","embeddable":true,"href":"https:\/\/limittools.test.consids5.se\/pl\/wp-json\/wp\/v2\/product_tag?post=2176"}],"curies":[{"name":"wp","href":"https:\/\/api.w.org\/{rel}","templated":true}]}}