{"id":2266,"date":"2026-04-08T17:28:07","date_gmt":"2026-04-08T17:28:07","guid":{"rendered":"http:\/\/limit-tools.local\/product\/2266\/"},"modified":"2026-04-08T17:28:07","modified_gmt":"2026-04-08T17:28:07","slug":"miernik-chropowatosci-limit-4700","status":"publish","type":"product","link":"https:\/\/limittools.test.consids5.se\/pl\/product\/miernik-chropowatosci-limit-4700\/","title":{"rendered":"MIERNIK CHROPOWATOSCI LIMIT 4700"},"content":{"rendered":"<p>Przeno\u015bny przyrz\u0105d s\u0142u\u017c\u0105cy do \u0142atwego pomiaru chropowato\u015bci r\u00f3\u017cnych powierzchni. Ko\u0144c\u00f3wka diamentowa z r\u00f3\u017cnicowym przetwornikiem indukcyjnym. Ruch ramienia nap\u0119dzany silnikiem, z mo\u017cliwo\u015bci\u0105 nastawienia d\u0142ugo\u015bci odcinka pomiarowego. Pami\u0119\u0107 ostatnich 7 pomiar\u00f3w. W tylnej cz\u0119\u015bci czujnika podp\u00f3rka z regulowan\u0105 wysoko\u015bci\u0105 (0.23 mm). Automatyczne wy\u0142\u0105czanie po 5 minutach.<br \/>\nParametry: Ra-Rq-Rz-Rt. D\u0142ugo\u015bci odcinania 0.25 &#8211; 0.8 &#8211; 2.5 mm. Charakterystyka filtru cyfrowego: Gaussa, RC, PC-RC<br \/>\nNacisk pomiarowy 4 mN.<br \/>\nDostarczany komplet zawiera miernik chropowato\u015bci, 4 baterie AAA i instrukcj\u0119 obs\u0142ugi.<br \/>\nAkcesoria dodatkowe: Mocny i stabilny stojak. Miernik chropowato\u015bci montuje si\u0119 na stojaku. \u0141atwa i dok\u0142adna regulacja wysoko\u015bci za pomoc\u0105 korbki. Maks. wysoko\u015b\u0107 200 mm. Kabel do komputera, wraz z programem. Interfejs RS 232.<\/p>\n","protected":false},"excerpt":{"rendered":"Przeno\u015bny przyrz\u0105d s\u0142u\u017c\u0105cy do \u0142atwego pomiaru chropowato\u015bci r\u00f3\u017cnych powierzchni. Ko\u0144c\u00f3wka diamentowa z r\u00f3\u017cnicowym przetwornikiem indukcyjnym. Ruch ramienia nap\u0119dzany silnikiem, z [&hellip;]","protected":false},"featured_media":0,"comment_status":"closed","ping_status":"closed","template":"","meta":{"_acf_changed":false},"product_cat":[322,421],"product_tag":[],"class_list":{"0":"post-2266","1":"product","2":"type-product","3":"status-publish","5":"product_cat-inspekcja-pl","6":"product_cat-mierniki-chropowatosci-pl","8":"first","9":"instock","10":"shipping-taxable","11":"product-type-simple"},"acf":[],"yoast_head":"<!-- This site is optimized with the Yoast SEO plugin v23.2 - https:\/\/yoast.com\/wordpress\/plugins\/seo\/ -->\n<title>MIERNIK CHROPOWATOSCI LIMIT 4700 - Precision measuring instruments | Limit<\/title>\n<meta name=\"robots\" content=\"index, follow, max-snippet:-1, max-image-preview:large, max-video-preview:-1\" \/>\n<link rel=\"canonical\" href=\"https:\/\/limittools.test.consids5.se\/pl\/product\/miernik-chropowatosci-limit-4700\/\" \/>\n<meta property=\"og:locale\" content=\"pl_PL\" \/>\n<meta property=\"og:type\" content=\"article\" \/>\n<meta property=\"og:title\" content=\"MIERNIK CHROPOWATOSCI LIMIT 4700 - Precision measuring instruments | Limit\" \/>\n<meta property=\"og:description\" content=\"Przeno\u015bny przyrz\u0105d s\u0142u\u017c\u0105cy do \u0142atwego pomiaru chropowato\u015bci r\u00f3\u017cnych powierzchni. Ko\u0144c\u00f3wka diamentowa z r\u00f3\u017cnicowym przetwornikiem indukcyjnym. Ruch ramienia nap\u0119dzany silnikiem, z [&hellip;]\" \/>\n<meta property=\"og:url\" content=\"https:\/\/limittools.test.consids5.se\/pl\/product\/miernik-chropowatosci-limit-4700\/\" \/>\n<meta property=\"og:site_name\" content=\"Precision measuring instruments | Limit\" \/>\n<meta property=\"article:publisher\" content=\"https:\/\/www.facebook.com\/limittools\/\" \/>\n<meta name=\"twitter:card\" content=\"summary_large_image\" \/>\n<meta name=\"twitter:label1\" content=\"Est. reading time\" \/>\n\t<meta name=\"twitter:data1\" content=\"1 minute\" \/>\n<script type=\"application\/ld+json\" class=\"yoast-schema-graph\">{\"@context\":\"https:\/\/schema.org\",\"@graph\":[{\"@type\":\"WebPage\",\"@id\":\"https:\/\/limittools.test.consids5.se\/pl\/product\/miernik-chropowatosci-limit-4700\/\",\"url\":\"https:\/\/limittools.test.consids5.se\/pl\/product\/miernik-chropowatosci-limit-4700\/\",\"name\":\"MIERNIK CHROPOWATOSCI LIMIT 4700 - Precision measuring instruments | Limit\",\"isPartOf\":{\"@id\":\"https:\/\/limittools.test.consids5.se\/#website\"},\"datePublished\":\"2026-04-08T17:28:07+00:00\",\"dateModified\":\"2026-04-08T17:28:07+00:00\",\"breadcrumb\":{\"@id\":\"https:\/\/limittools.test.consids5.se\/pl\/product\/miernik-chropowatosci-limit-4700\/#breadcrumb\"},\"inLanguage\":\"pl-PL\",\"potentialAction\":[{\"@type\":\"ReadAction\",\"target\":[\"https:\/\/limittools.test.consids5.se\/pl\/product\/miernik-chropowatosci-limit-4700\/\"]}]},{\"@type\":\"BreadcrumbList\",\"@id\":\"https:\/\/limittools.test.consids5.se\/pl\/product\/miernik-chropowatosci-limit-4700\/#breadcrumb\",\"itemListElement\":[{\"@type\":\"ListItem\",\"position\":1,\"name\":\"Products\",\"item\":\"https:\/\/limittools.test.consids5.se\/products\/\"},{\"@type\":\"ListItem\",\"position\":2,\"name\":\"MIERNIK CHROPOWATOSCI LIMIT 4700\"}]},{\"@type\":\"WebSite\",\"@id\":\"https:\/\/limittools.test.consids5.se\/#website\",\"url\":\"https:\/\/limittools.test.consids5.se\/\",\"name\":\"Precision measuring instruments | Limit\",\"description\":\"Everything can be measured\",\"potentialAction\":[{\"@type\":\"SearchAction\",\"target\":{\"@type\":\"EntryPoint\",\"urlTemplate\":\"https:\/\/limittools.test.consids5.se\/?s={search_term_string}\"},\"query-input\":\"required name=search_term_string\"}],\"inLanguage\":\"pl-PL\"}]}<\/script>\n<!-- \/ Yoast SEO plugin. -->","yoast_head_json":{"title":"MIERNIK CHROPOWATOSCI LIMIT 4700 - Precision measuring instruments | Limit","robots":{"index":"index","follow":"follow","max-snippet":"max-snippet:-1","max-image-preview":"max-image-preview:large","max-video-preview":"max-video-preview:-1"},"canonical":"https:\/\/limittools.test.consids5.se\/pl\/product\/miernik-chropowatosci-limit-4700\/","og_locale":"pl_PL","og_type":"article","og_title":"MIERNIK CHROPOWATOSCI LIMIT 4700 - Precision measuring instruments | Limit","og_description":"Przeno\u015bny przyrz\u0105d s\u0142u\u017c\u0105cy do \u0142atwego pomiaru chropowato\u015bci r\u00f3\u017cnych powierzchni. Ko\u0144c\u00f3wka diamentowa z r\u00f3\u017cnicowym przetwornikiem indukcyjnym. Ruch ramienia nap\u0119dzany silnikiem, z [&hellip;]","og_url":"https:\/\/limittools.test.consids5.se\/pl\/product\/miernik-chropowatosci-limit-4700\/","og_site_name":"Precision measuring instruments | Limit","article_publisher":"https:\/\/www.facebook.com\/limittools\/","twitter_card":"summary_large_image","twitter_misc":{"Est. reading time":"1 minute"},"schema":{"@context":"https:\/\/schema.org","@graph":[{"@type":"WebPage","@id":"https:\/\/limittools.test.consids5.se\/pl\/product\/miernik-chropowatosci-limit-4700\/","url":"https:\/\/limittools.test.consids5.se\/pl\/product\/miernik-chropowatosci-limit-4700\/","name":"MIERNIK CHROPOWATOSCI LIMIT 4700 - Precision measuring instruments | Limit","isPartOf":{"@id":"https:\/\/limittools.test.consids5.se\/#website"},"datePublished":"2026-04-08T17:28:07+00:00","dateModified":"2026-04-08T17:28:07+00:00","breadcrumb":{"@id":"https:\/\/limittools.test.consids5.se\/pl\/product\/miernik-chropowatosci-limit-4700\/#breadcrumb"},"inLanguage":"pl-PL","potentialAction":[{"@type":"ReadAction","target":["https:\/\/limittools.test.consids5.se\/pl\/product\/miernik-chropowatosci-limit-4700\/"]}]},{"@type":"BreadcrumbList","@id":"https:\/\/limittools.test.consids5.se\/pl\/product\/miernik-chropowatosci-limit-4700\/#breadcrumb","itemListElement":[{"@type":"ListItem","position":1,"name":"Products","item":"https:\/\/limittools.test.consids5.se\/products\/"},{"@type":"ListItem","position":2,"name":"MIERNIK CHROPOWATOSCI LIMIT 4700"}]},{"@type":"WebSite","@id":"https:\/\/limittools.test.consids5.se\/#website","url":"https:\/\/limittools.test.consids5.se\/","name":"Precision measuring instruments | Limit","description":"Everything can be measured","potentialAction":[{"@type":"SearchAction","target":{"@type":"EntryPoint","urlTemplate":"https:\/\/limittools.test.consids5.se\/?s={search_term_string}"},"query-input":"required name=search_term_string"}],"inLanguage":"pl-PL"}]}},"_links":{"self":[{"href":"https:\/\/limittools.test.consids5.se\/pl\/wp-json\/wp\/v2\/product\/2266"}],"collection":[{"href":"https:\/\/limittools.test.consids5.se\/pl\/wp-json\/wp\/v2\/product"}],"about":[{"href":"https:\/\/limittools.test.consids5.se\/pl\/wp-json\/wp\/v2\/types\/product"}],"replies":[{"embeddable":true,"href":"https:\/\/limittools.test.consids5.se\/pl\/wp-json\/wp\/v2\/comments?post=2266"}],"wp:attachment":[{"href":"https:\/\/limittools.test.consids5.se\/pl\/wp-json\/wp\/v2\/media?parent=2266"}],"wp:term":[{"taxonomy":"product_cat","embeddable":true,"href":"https:\/\/limittools.test.consids5.se\/pl\/wp-json\/wp\/v2\/product_cat?post=2266"},{"taxonomy":"product_tag","embeddable":true,"href":"https:\/\/limittools.test.consids5.se\/pl\/wp-json\/wp\/v2\/product_tag?post=2266"}],"curies":[{"name":"wp","href":"https:\/\/api.w.org\/{rel}","templated":true}]}}