{"id":2285,"date":"2026-04-08T17:28:18","date_gmt":"2026-04-08T17:28:18","guid":{"rendered":"http:\/\/limit-tools.local\/product\/2285\/"},"modified":"2026-04-08T17:28:18","modified_gmt":"2026-04-08T17:28:18","slug":"cyfrowa-poziomnica-katomierz","status":"publish","type":"product","link":"https:\/\/limittools.test.consids5.se\/pl\/product\/cyfrowa-poziomnica-katomierz\/","title":{"rendered":"CYFROWA POZIOMNICA\/KATOMIERZ"},"content":{"rendered":"<p>Cyfrowa poziomnica i k\u0105tomierz. Wy\u015bwietlacz wskazuje dwie warto\u015bci k\u0105ta: warto\u015b\u0107 bezwzgl\u0119dn\u0105 i wzgl\u0119dn\u0105. Wy\u015bwietlacz jest obrotowy, co u\u0142atwia odczyt z g\u00f3ry. Podstawa wyposa\u017cona w magnes. \u201e0\u201d mo\u017ce by\u0107 ustawione w dowolnej pozycji. Wynik pomiaru mo\u017cna zatrzyma\u0107 na wy\u015bwietlaczu w \u017c\u0105danej pozycji. Automatyczne wy\u0142\u0105czanie. Bateria w rozmiarze AA, nabywana oddzielnie.<\/p>\n","protected":false},"excerpt":{"rendered":"Cyfrowa poziomnica i k\u0105tomierz. Wy\u015bwietlacz wskazuje dwie warto\u015bci k\u0105ta: warto\u015b\u0107 bezwzgl\u0119dn\u0105 i wzgl\u0119dn\u0105. Wy\u015bwietlacz jest obrotowy, co u\u0142atwia odczyt z [&hellip;]","protected":false},"featured_media":0,"comment_status":"closed","ping_status":"closed","template":"","meta":{"_acf_changed":false},"product_cat":[247,391],"product_tag":[],"class_list":{"0":"post-2285","1":"product","2":"type-product","3":"status-publish","5":"product_cat-pomiary-warsztatowe-pl","6":"product_cat-poziomnica-maszynowa-pl","8":"first","9":"instock","10":"shipping-taxable","11":"product-type-simple"},"acf":[],"yoast_head":"<!-- This site is optimized with the Yoast SEO plugin v23.2 - https:\/\/yoast.com\/wordpress\/plugins\/seo\/ -->\n<title>CYFROWA POZIOMNICA\/KATOMIERZ - Precision measuring instruments | Limit<\/title>\n<meta name=\"robots\" content=\"index, follow, max-snippet:-1, max-image-preview:large, max-video-preview:-1\" \/>\n<link rel=\"canonical\" href=\"https:\/\/limittools.test.consids5.se\/pl\/product\/cyfrowa-poziomnica-katomierz\/\" \/>\n<meta property=\"og:locale\" content=\"pl_PL\" \/>\n<meta property=\"og:type\" content=\"article\" \/>\n<meta property=\"og:title\" content=\"CYFROWA POZIOMNICA\/KATOMIERZ - Precision measuring instruments | Limit\" \/>\n<meta property=\"og:description\" content=\"Cyfrowa poziomnica i k\u0105tomierz. Wy\u015bwietlacz wskazuje dwie warto\u015bci k\u0105ta: warto\u015b\u0107 bezwzgl\u0119dn\u0105 i wzgl\u0119dn\u0105. Wy\u015bwietlacz jest obrotowy, co u\u0142atwia odczyt z [&hellip;]\" \/>\n<meta property=\"og:url\" content=\"https:\/\/limittools.test.consids5.se\/pl\/product\/cyfrowa-poziomnica-katomierz\/\" \/>\n<meta property=\"og:site_name\" content=\"Precision measuring instruments | Limit\" \/>\n<meta property=\"article:publisher\" content=\"https:\/\/www.facebook.com\/limittools\/\" \/>\n<meta name=\"twitter:card\" content=\"summary_large_image\" \/>\n<script type=\"application\/ld+json\" class=\"yoast-schema-graph\">{\"@context\":\"https:\/\/schema.org\",\"@graph\":[{\"@type\":\"WebPage\",\"@id\":\"https:\/\/limittools.test.consids5.se\/pl\/product\/cyfrowa-poziomnica-katomierz\/\",\"url\":\"https:\/\/limittools.test.consids5.se\/pl\/product\/cyfrowa-poziomnica-katomierz\/\",\"name\":\"CYFROWA POZIOMNICA\/KATOMIERZ - Precision measuring instruments | Limit\",\"isPartOf\":{\"@id\":\"https:\/\/limittools.test.consids5.se\/#website\"},\"datePublished\":\"2026-04-08T17:28:18+00:00\",\"dateModified\":\"2026-04-08T17:28:18+00:00\",\"breadcrumb\":{\"@id\":\"https:\/\/limittools.test.consids5.se\/pl\/product\/cyfrowa-poziomnica-katomierz\/#breadcrumb\"},\"inLanguage\":\"pl-PL\",\"potentialAction\":[{\"@type\":\"ReadAction\",\"target\":[\"https:\/\/limittools.test.consids5.se\/pl\/product\/cyfrowa-poziomnica-katomierz\/\"]}]},{\"@type\":\"BreadcrumbList\",\"@id\":\"https:\/\/limittools.test.consids5.se\/pl\/product\/cyfrowa-poziomnica-katomierz\/#breadcrumb\",\"itemListElement\":[{\"@type\":\"ListItem\",\"position\":1,\"name\":\"Products\",\"item\":\"https:\/\/limittools.test.consids5.se\/products\/\"},{\"@type\":\"ListItem\",\"position\":2,\"name\":\"CYFROWA POZIOMNICA\/KATOMIERZ\"}]},{\"@type\":\"WebSite\",\"@id\":\"https:\/\/limittools.test.consids5.se\/#website\",\"url\":\"https:\/\/limittools.test.consids5.se\/\",\"name\":\"Precision measuring instruments | Limit\",\"description\":\"Everything can be measured\",\"potentialAction\":[{\"@type\":\"SearchAction\",\"target\":{\"@type\":\"EntryPoint\",\"urlTemplate\":\"https:\/\/limittools.test.consids5.se\/?s={search_term_string}\"},\"query-input\":\"required name=search_term_string\"}],\"inLanguage\":\"pl-PL\"}]}<\/script>\n<!-- \/ Yoast SEO plugin. -->","yoast_head_json":{"title":"CYFROWA POZIOMNICA\/KATOMIERZ - Precision measuring instruments | Limit","robots":{"index":"index","follow":"follow","max-snippet":"max-snippet:-1","max-image-preview":"max-image-preview:large","max-video-preview":"max-video-preview:-1"},"canonical":"https:\/\/limittools.test.consids5.se\/pl\/product\/cyfrowa-poziomnica-katomierz\/","og_locale":"pl_PL","og_type":"article","og_title":"CYFROWA POZIOMNICA\/KATOMIERZ - Precision measuring instruments | Limit","og_description":"Cyfrowa poziomnica i k\u0105tomierz. Wy\u015bwietlacz wskazuje dwie warto\u015bci k\u0105ta: warto\u015b\u0107 bezwzgl\u0119dn\u0105 i wzgl\u0119dn\u0105. Wy\u015bwietlacz jest obrotowy, co u\u0142atwia odczyt z [&hellip;]","og_url":"https:\/\/limittools.test.consids5.se\/pl\/product\/cyfrowa-poziomnica-katomierz\/","og_site_name":"Precision measuring instruments | Limit","article_publisher":"https:\/\/www.facebook.com\/limittools\/","twitter_card":"summary_large_image","schema":{"@context":"https:\/\/schema.org","@graph":[{"@type":"WebPage","@id":"https:\/\/limittools.test.consids5.se\/pl\/product\/cyfrowa-poziomnica-katomierz\/","url":"https:\/\/limittools.test.consids5.se\/pl\/product\/cyfrowa-poziomnica-katomierz\/","name":"CYFROWA POZIOMNICA\/KATOMIERZ - Precision measuring instruments | Limit","isPartOf":{"@id":"https:\/\/limittools.test.consids5.se\/#website"},"datePublished":"2026-04-08T17:28:18+00:00","dateModified":"2026-04-08T17:28:18+00:00","breadcrumb":{"@id":"https:\/\/limittools.test.consids5.se\/pl\/product\/cyfrowa-poziomnica-katomierz\/#breadcrumb"},"inLanguage":"pl-PL","potentialAction":[{"@type":"ReadAction","target":["https:\/\/limittools.test.consids5.se\/pl\/product\/cyfrowa-poziomnica-katomierz\/"]}]},{"@type":"BreadcrumbList","@id":"https:\/\/limittools.test.consids5.se\/pl\/product\/cyfrowa-poziomnica-katomierz\/#breadcrumb","itemListElement":[{"@type":"ListItem","position":1,"name":"Products","item":"https:\/\/limittools.test.consids5.se\/products\/"},{"@type":"ListItem","position":2,"name":"CYFROWA POZIOMNICA\/KATOMIERZ"}]},{"@type":"WebSite","@id":"https:\/\/limittools.test.consids5.se\/#website","url":"https:\/\/limittools.test.consids5.se\/","name":"Precision measuring instruments | Limit","description":"Everything can be measured","potentialAction":[{"@type":"SearchAction","target":{"@type":"EntryPoint","urlTemplate":"https:\/\/limittools.test.consids5.se\/?s={search_term_string}"},"query-input":"required name=search_term_string"}],"inLanguage":"pl-PL"}]}},"_links":{"self":[{"href":"https:\/\/limittools.test.consids5.se\/pl\/wp-json\/wp\/v2\/product\/2285"}],"collection":[{"href":"https:\/\/limittools.test.consids5.se\/pl\/wp-json\/wp\/v2\/product"}],"about":[{"href":"https:\/\/limittools.test.consids5.se\/pl\/wp-json\/wp\/v2\/types\/product"}],"replies":[{"embeddable":true,"href":"https:\/\/limittools.test.consids5.se\/pl\/wp-json\/wp\/v2\/comments?post=2285"}],"wp:attachment":[{"href":"https:\/\/limittools.test.consids5.se\/pl\/wp-json\/wp\/v2\/media?parent=2285"}],"wp:term":[{"taxonomy":"product_cat","embeddable":true,"href":"https:\/\/limittools.test.consids5.se\/pl\/wp-json\/wp\/v2\/product_cat?post=2285"},{"taxonomy":"product_tag","embeddable":true,"href":"https:\/\/limittools.test.consids5.se\/pl\/wp-json\/wp\/v2\/product_tag?post=2285"}],"curies":[{"name":"wp","href":"https:\/\/api.w.org\/{rel}","templated":true}]}}