{"id":2555,"date":"2026-04-08T17:30:30","date_gmt":"2026-04-08T17:30:30","guid":{"rendered":"http:\/\/limit-tools.local\/product\/2555\/"},"modified":"2026-04-08T17:30:30","modified_gmt":"2026-04-08T17:30:30","slug":"kabelki-do-koncowek-krokodylkowych-do-multimetru-limit","status":"publish","type":"product","link":"https:\/\/limittools.test.consids5.se\/pl\/product\/kabelki-do-koncowek-krokodylkowych-do-multimetru-limit\/","title":{"rendered":"KABELKI DO KONC\u00d3WEK KROKODYLKOWYCH DO MULTIMETRU LIMIT"},"content":{"rendered":"<p>200580108. Kabelki pomiarowe. Ko\u0144c\u00f3wki maj\u0105 spr\u0119\u017cynuj\u0105ce tulejki \u00d8 4 mm pasuj\u0105ce do gniazdek \u015bciennych itp. D\u0142ugo\u015b\u0107 przewod\u00f3w 1.3 m. CAT III, 1000V, 10A.<br \/>\n200580207.  2 izolowane ko\u0144c\u00f3wki krokodylkowe. Rozwarcie 33 mm. CAT III, 1000V, 10A.<br \/>\n200580306.  Kabelki do ko\u0144c\u00f3wek krokodylkowych. D\u0142ugo\u015b\u0107 1.2 m. CAT III, 1000V, 10A.<br \/>\n198660102.  Mi\u0119kka torba ochronna.<br \/>\nPowy\u017csze akcesoria pasuj\u0105 do artyku\u0142\u00f3w o numerach 128600103, 128590106, 190180109, 128580107, 153220108, 128560109, 144870102, 144860103.<\/p>\n","protected":false},"excerpt":{"rendered":"200580108. Kabelki pomiarowe. Ko\u0144c\u00f3wki maj\u0105 spr\u0119\u017cynuj\u0105ce tulejki \u00d8 4 mm pasuj\u0105ce do gniazdek \u015bciennych itp. D\u0142ugo\u015b\u0107 przewod\u00f3w 1.3 m. CAT [&hellip;]","protected":false},"featured_media":0,"comment_status":"closed","ping_status":"closed","template":"","meta":{"_acf_changed":false},"product_cat":[341,342],"product_tag":[],"class_list":{"0":"post-2555","1":"product","2":"type-product","3":"status-publish","5":"product_cat-testy-instalacji-elektrycznych-pl","6":"product_cat-multimetry-akcesoria-pl","8":"first","9":"instock","10":"shipping-taxable","11":"product-type-simple"},"acf":[],"yoast_head":"<!-- This site is optimized with the Yoast SEO plugin v23.2 - https:\/\/yoast.com\/wordpress\/plugins\/seo\/ -->\n<title>KABELKI DO KONC\u00d3WEK KROKODYLKOWYCH DO MULTIMETRU LIMIT - Precision measuring instruments | Limit<\/title>\n<meta name=\"robots\" content=\"index, follow, max-snippet:-1, max-image-preview:large, max-video-preview:-1\" \/>\n<link rel=\"canonical\" href=\"https:\/\/limittools.test.consids5.se\/pl\/product\/kabelki-do-koncowek-krokodylkowych-do-multimetru-limit\/\" \/>\n<meta property=\"og:locale\" content=\"pl_PL\" \/>\n<meta property=\"og:type\" content=\"article\" \/>\n<meta property=\"og:title\" content=\"KABELKI DO KONC\u00d3WEK KROKODYLKOWYCH DO MULTIMETRU LIMIT - Precision measuring instruments | Limit\" \/>\n<meta property=\"og:description\" content=\"200580108. Kabelki pomiarowe. Ko\u0144c\u00f3wki maj\u0105 spr\u0119\u017cynuj\u0105ce tulejki \u00d8 4 mm pasuj\u0105ce do gniazdek \u015bciennych itp. D\u0142ugo\u015b\u0107 przewod\u00f3w 1.3 m. CAT [&hellip;]\" \/>\n<meta property=\"og:url\" content=\"https:\/\/limittools.test.consids5.se\/pl\/product\/kabelki-do-koncowek-krokodylkowych-do-multimetru-limit\/\" \/>\n<meta property=\"og:site_name\" content=\"Precision measuring instruments | Limit\" \/>\n<meta property=\"article:publisher\" content=\"https:\/\/www.facebook.com\/limittools\/\" \/>\n<meta name=\"twitter:card\" content=\"summary_large_image\" \/>\n<script type=\"application\/ld+json\" class=\"yoast-schema-graph\">{\"@context\":\"https:\/\/schema.org\",\"@graph\":[{\"@type\":\"WebPage\",\"@id\":\"https:\/\/limittools.test.consids5.se\/pl\/product\/kabelki-do-koncowek-krokodylkowych-do-multimetru-limit\/\",\"url\":\"https:\/\/limittools.test.consids5.se\/pl\/product\/kabelki-do-koncowek-krokodylkowych-do-multimetru-limit\/\",\"name\":\"KABELKI DO KONC\u00d3WEK KROKODYLKOWYCH DO MULTIMETRU LIMIT - Precision measuring instruments | Limit\",\"isPartOf\":{\"@id\":\"https:\/\/limittools.test.consids5.se\/#website\"},\"datePublished\":\"2026-04-08T17:30:30+00:00\",\"dateModified\":\"2026-04-08T17:30:30+00:00\",\"breadcrumb\":{\"@id\":\"https:\/\/limittools.test.consids5.se\/pl\/product\/kabelki-do-koncowek-krokodylkowych-do-multimetru-limit\/#breadcrumb\"},\"inLanguage\":\"pl-PL\",\"potentialAction\":[{\"@type\":\"ReadAction\",\"target\":[\"https:\/\/limittools.test.consids5.se\/pl\/product\/kabelki-do-koncowek-krokodylkowych-do-multimetru-limit\/\"]}]},{\"@type\":\"BreadcrumbList\",\"@id\":\"https:\/\/limittools.test.consids5.se\/pl\/product\/kabelki-do-koncowek-krokodylkowych-do-multimetru-limit\/#breadcrumb\",\"itemListElement\":[{\"@type\":\"ListItem\",\"position\":1,\"name\":\"Products\",\"item\":\"https:\/\/limittools.test.consids5.se\/products\/\"},{\"@type\":\"ListItem\",\"position\":2,\"name\":\"KABELKI DO KONC\u00d3WEK KROKODYLKOWYCH DO MULTIMETRU LIMIT\"}]},{\"@type\":\"WebSite\",\"@id\":\"https:\/\/limittools.test.consids5.se\/#website\",\"url\":\"https:\/\/limittools.test.consids5.se\/\",\"name\":\"Precision measuring instruments | Limit\",\"description\":\"Everything can be measured\",\"potentialAction\":[{\"@type\":\"SearchAction\",\"target\":{\"@type\":\"EntryPoint\",\"urlTemplate\":\"https:\/\/limittools.test.consids5.se\/?s={search_term_string}\"},\"query-input\":\"required name=search_term_string\"}],\"inLanguage\":\"pl-PL\"}]}<\/script>\n<!-- \/ Yoast SEO plugin. -->","yoast_head_json":{"title":"KABELKI DO KONC\u00d3WEK KROKODYLKOWYCH DO MULTIMETRU LIMIT - Precision measuring instruments | Limit","robots":{"index":"index","follow":"follow","max-snippet":"max-snippet:-1","max-image-preview":"max-image-preview:large","max-video-preview":"max-video-preview:-1"},"canonical":"https:\/\/limittools.test.consids5.se\/pl\/product\/kabelki-do-koncowek-krokodylkowych-do-multimetru-limit\/","og_locale":"pl_PL","og_type":"article","og_title":"KABELKI DO KONC\u00d3WEK KROKODYLKOWYCH DO MULTIMETRU LIMIT - Precision measuring instruments | Limit","og_description":"200580108. Kabelki pomiarowe. Ko\u0144c\u00f3wki maj\u0105 spr\u0119\u017cynuj\u0105ce tulejki \u00d8 4 mm pasuj\u0105ce do gniazdek \u015bciennych itp. D\u0142ugo\u015b\u0107 przewod\u00f3w 1.3 m. CAT [&hellip;]","og_url":"https:\/\/limittools.test.consids5.se\/pl\/product\/kabelki-do-koncowek-krokodylkowych-do-multimetru-limit\/","og_site_name":"Precision measuring instruments | Limit","article_publisher":"https:\/\/www.facebook.com\/limittools\/","twitter_card":"summary_large_image","schema":{"@context":"https:\/\/schema.org","@graph":[{"@type":"WebPage","@id":"https:\/\/limittools.test.consids5.se\/pl\/product\/kabelki-do-koncowek-krokodylkowych-do-multimetru-limit\/","url":"https:\/\/limittools.test.consids5.se\/pl\/product\/kabelki-do-koncowek-krokodylkowych-do-multimetru-limit\/","name":"KABELKI DO KONC\u00d3WEK KROKODYLKOWYCH DO MULTIMETRU LIMIT - Precision measuring instruments | Limit","isPartOf":{"@id":"https:\/\/limittools.test.consids5.se\/#website"},"datePublished":"2026-04-08T17:30:30+00:00","dateModified":"2026-04-08T17:30:30+00:00","breadcrumb":{"@id":"https:\/\/limittools.test.consids5.se\/pl\/product\/kabelki-do-koncowek-krokodylkowych-do-multimetru-limit\/#breadcrumb"},"inLanguage":"pl-PL","potentialAction":[{"@type":"ReadAction","target":["https:\/\/limittools.test.consids5.se\/pl\/product\/kabelki-do-koncowek-krokodylkowych-do-multimetru-limit\/"]}]},{"@type":"BreadcrumbList","@id":"https:\/\/limittools.test.consids5.se\/pl\/product\/kabelki-do-koncowek-krokodylkowych-do-multimetru-limit\/#breadcrumb","itemListElement":[{"@type":"ListItem","position":1,"name":"Products","item":"https:\/\/limittools.test.consids5.se\/products\/"},{"@type":"ListItem","position":2,"name":"KABELKI DO KONC\u00d3WEK KROKODYLKOWYCH DO MULTIMETRU LIMIT"}]},{"@type":"WebSite","@id":"https:\/\/limittools.test.consids5.se\/#website","url":"https:\/\/limittools.test.consids5.se\/","name":"Precision measuring instruments | Limit","description":"Everything can be measured","potentialAction":[{"@type":"SearchAction","target":{"@type":"EntryPoint","urlTemplate":"https:\/\/limittools.test.consids5.se\/?s={search_term_string}"},"query-input":"required name=search_term_string"}],"inLanguage":"pl-PL"}]}},"_links":{"self":[{"href":"https:\/\/limittools.test.consids5.se\/pl\/wp-json\/wp\/v2\/product\/2555"}],"collection":[{"href":"https:\/\/limittools.test.consids5.se\/pl\/wp-json\/wp\/v2\/product"}],"about":[{"href":"https:\/\/limittools.test.consids5.se\/pl\/wp-json\/wp\/v2\/types\/product"}],"replies":[{"embeddable":true,"href":"https:\/\/limittools.test.consids5.se\/pl\/wp-json\/wp\/v2\/comments?post=2555"}],"wp:attachment":[{"href":"https:\/\/limittools.test.consids5.se\/pl\/wp-json\/wp\/v2\/media?parent=2555"}],"wp:term":[{"taxonomy":"product_cat","embeddable":true,"href":"https:\/\/limittools.test.consids5.se\/pl\/wp-json\/wp\/v2\/product_cat?post=2555"},{"taxonomy":"product_tag","embeddable":true,"href":"https:\/\/limittools.test.consids5.se\/pl\/wp-json\/wp\/v2\/product_tag?post=2555"}],"curies":[{"name":"wp","href":"https:\/\/api.w.org\/{rel}","templated":true}]}}