{"id":2598,"date":"2026-04-08T17:30:53","date_gmt":"2026-04-08T17:30:53","guid":{"rendered":"http:\/\/limit-tools.local\/product\/2598\/"},"modified":"2026-04-08T17:30:53","modified_gmt":"2026-04-08T17:30:53","slug":"termometr-ir-limit-97-ip65","status":"publish","type":"product","link":"https:\/\/limittools.test.consids5.se\/pl\/product\/termometr-ir-limit-97-ip65\/","title":{"rendered":"TERMOMETR IR LIMIT 97, IP65"},"content":{"rendered":"<p>Nasz nowy termometr LIMIT 97 odznacza si\u0119 solidn\u0105 i wytrzyma\u0142\u0105 konstrukcj\u0105. Zastosowano w nim dwupunktowy system pomiaru podczerwieni, zapewniaj\u0105cy szybki i dok\u0142adny pomiar temperatury. Dzi\u0119ki klasie obudowy IP 65 dobrze wytrzymuje prac\u0119 w trudnych warunkach \u015brodowiskowych. Mo\u017cliwy jest wyb\u00f3r jednostki pomiarowej \u00b0C lub \u00b0F, jak r\u00f3wnie\u017c rodzaju materia\u0142u i powierzchni, zapami\u0119tywanie warto\u015bci maksymalnej i minimalnej, a pod\u015bwietlenie wy\u015bwietlacza LCD umo\u017cliwia u\u017cywanie przyrz\u0105du w miejscach s\u0142abo o\u015bwietlonych. Baterie 9V w za\u0142\u0105czeniu.<\/p>\n","protected":false},"excerpt":{"rendered":"Nasz nowy termometr LIMIT 97 odznacza si\u0119 solidn\u0105 i wytrzyma\u0142\u0105 konstrukcj\u0105. Zastosowano w nim dwupunktowy system pomiaru podczerwieni, zapewniaj\u0105cy szybki [&hellip;]","protected":false},"featured_media":0,"comment_status":"closed","ping_status":"closed","template":"","meta":{"_acf_changed":false},"product_cat":[1800,509],"product_tag":[],"class_list":{"0":"post-2598","1":"product","2":"type-product","3":"status-publish","5":"product_cat-termometry-na-podczerwien-pl-mierniki-do-pomiarow-klimatycznych-i-srodowiskowych-pl-93","6":"product_cat-mierniki-do-pomiarow-klimatycznych-i-srodowiskowych-pl","8":"first","9":"instock","10":"shipping-taxable","11":"product-type-simple"},"acf":[],"yoast_head":"<!-- This site is optimized with the Yoast SEO plugin v23.2 - https:\/\/yoast.com\/wordpress\/plugins\/seo\/ -->\n<title>TERMOMETR IR LIMIT 97, IP65 - Precision measuring instruments | Limit<\/title>\n<meta name=\"robots\" content=\"index, follow, max-snippet:-1, max-image-preview:large, max-video-preview:-1\" \/>\n<link rel=\"canonical\" href=\"https:\/\/limittools.test.consids5.se\/pl\/product\/termometr-ir-limit-97-ip65\/\" \/>\n<meta property=\"og:locale\" content=\"pl_PL\" \/>\n<meta property=\"og:type\" content=\"article\" \/>\n<meta property=\"og:title\" content=\"TERMOMETR IR LIMIT 97, IP65 - Precision measuring instruments | Limit\" \/>\n<meta property=\"og:description\" content=\"Nasz nowy termometr LIMIT 97 odznacza si\u0119 solidn\u0105 i wytrzyma\u0142\u0105 konstrukcj\u0105. Zastosowano w nim dwupunktowy system pomiaru podczerwieni, zapewniaj\u0105cy szybki [&hellip;]\" \/>\n<meta property=\"og:url\" content=\"https:\/\/limittools.test.consids5.se\/pl\/product\/termometr-ir-limit-97-ip65\/\" \/>\n<meta property=\"og:site_name\" content=\"Precision measuring instruments | Limit\" \/>\n<meta property=\"article:publisher\" content=\"https:\/\/www.facebook.com\/limittools\/\" \/>\n<meta name=\"twitter:card\" content=\"summary_large_image\" \/>\n<script type=\"application\/ld+json\" class=\"yoast-schema-graph\">{\"@context\":\"https:\/\/schema.org\",\"@graph\":[{\"@type\":\"WebPage\",\"@id\":\"https:\/\/limittools.test.consids5.se\/pl\/product\/termometr-ir-limit-97-ip65\/\",\"url\":\"https:\/\/limittools.test.consids5.se\/pl\/product\/termometr-ir-limit-97-ip65\/\",\"name\":\"TERMOMETR IR LIMIT 97, IP65 - Precision measuring instruments | Limit\",\"isPartOf\":{\"@id\":\"https:\/\/limittools.test.consids5.se\/#website\"},\"datePublished\":\"2026-04-08T17:30:53+00:00\",\"dateModified\":\"2026-04-08T17:30:53+00:00\",\"breadcrumb\":{\"@id\":\"https:\/\/limittools.test.consids5.se\/pl\/product\/termometr-ir-limit-97-ip65\/#breadcrumb\"},\"inLanguage\":\"pl-PL\",\"potentialAction\":[{\"@type\":\"ReadAction\",\"target\":[\"https:\/\/limittools.test.consids5.se\/pl\/product\/termometr-ir-limit-97-ip65\/\"]}]},{\"@type\":\"BreadcrumbList\",\"@id\":\"https:\/\/limittools.test.consids5.se\/pl\/product\/termometr-ir-limit-97-ip65\/#breadcrumb\",\"itemListElement\":[{\"@type\":\"ListItem\",\"position\":1,\"name\":\"Products\",\"item\":\"https:\/\/limittools.test.consids5.se\/products\/\"},{\"@type\":\"ListItem\",\"position\":2,\"name\":\"TERMOMETR IR LIMIT 97, IP65\"}]},{\"@type\":\"WebSite\",\"@id\":\"https:\/\/limittools.test.consids5.se\/#website\",\"url\":\"https:\/\/limittools.test.consids5.se\/\",\"name\":\"Precision measuring instruments | Limit\",\"description\":\"Everything can be measured\",\"potentialAction\":[{\"@type\":\"SearchAction\",\"target\":{\"@type\":\"EntryPoint\",\"urlTemplate\":\"https:\/\/limittools.test.consids5.se\/?s={search_term_string}\"},\"query-input\":\"required name=search_term_string\"}],\"inLanguage\":\"pl-PL\"}]}<\/script>\n<!-- \/ Yoast SEO plugin. -->","yoast_head_json":{"title":"TERMOMETR IR LIMIT 97, IP65 - Precision measuring instruments | Limit","robots":{"index":"index","follow":"follow","max-snippet":"max-snippet:-1","max-image-preview":"max-image-preview:large","max-video-preview":"max-video-preview:-1"},"canonical":"https:\/\/limittools.test.consids5.se\/pl\/product\/termometr-ir-limit-97-ip65\/","og_locale":"pl_PL","og_type":"article","og_title":"TERMOMETR IR LIMIT 97, IP65 - Precision measuring instruments | Limit","og_description":"Nasz nowy termometr LIMIT 97 odznacza si\u0119 solidn\u0105 i wytrzyma\u0142\u0105 konstrukcj\u0105. Zastosowano w nim dwupunktowy system pomiaru podczerwieni, zapewniaj\u0105cy szybki [&hellip;]","og_url":"https:\/\/limittools.test.consids5.se\/pl\/product\/termometr-ir-limit-97-ip65\/","og_site_name":"Precision measuring instruments | Limit","article_publisher":"https:\/\/www.facebook.com\/limittools\/","twitter_card":"summary_large_image","schema":{"@context":"https:\/\/schema.org","@graph":[{"@type":"WebPage","@id":"https:\/\/limittools.test.consids5.se\/pl\/product\/termometr-ir-limit-97-ip65\/","url":"https:\/\/limittools.test.consids5.se\/pl\/product\/termometr-ir-limit-97-ip65\/","name":"TERMOMETR IR LIMIT 97, IP65 - Precision measuring instruments | Limit","isPartOf":{"@id":"https:\/\/limittools.test.consids5.se\/#website"},"datePublished":"2026-04-08T17:30:53+00:00","dateModified":"2026-04-08T17:30:53+00:00","breadcrumb":{"@id":"https:\/\/limittools.test.consids5.se\/pl\/product\/termometr-ir-limit-97-ip65\/#breadcrumb"},"inLanguage":"pl-PL","potentialAction":[{"@type":"ReadAction","target":["https:\/\/limittools.test.consids5.se\/pl\/product\/termometr-ir-limit-97-ip65\/"]}]},{"@type":"BreadcrumbList","@id":"https:\/\/limittools.test.consids5.se\/pl\/product\/termometr-ir-limit-97-ip65\/#breadcrumb","itemListElement":[{"@type":"ListItem","position":1,"name":"Products","item":"https:\/\/limittools.test.consids5.se\/products\/"},{"@type":"ListItem","position":2,"name":"TERMOMETR IR LIMIT 97, IP65"}]},{"@type":"WebSite","@id":"https:\/\/limittools.test.consids5.se\/#website","url":"https:\/\/limittools.test.consids5.se\/","name":"Precision measuring instruments | Limit","description":"Everything can be measured","potentialAction":[{"@type":"SearchAction","target":{"@type":"EntryPoint","urlTemplate":"https:\/\/limittools.test.consids5.se\/?s={search_term_string}"},"query-input":"required name=search_term_string"}],"inLanguage":"pl-PL"}]}},"_links":{"self":[{"href":"https:\/\/limittools.test.consids5.se\/pl\/wp-json\/wp\/v2\/product\/2598"}],"collection":[{"href":"https:\/\/limittools.test.consids5.se\/pl\/wp-json\/wp\/v2\/product"}],"about":[{"href":"https:\/\/limittools.test.consids5.se\/pl\/wp-json\/wp\/v2\/types\/product"}],"replies":[{"embeddable":true,"href":"https:\/\/limittools.test.consids5.se\/pl\/wp-json\/wp\/v2\/comments?post=2598"}],"wp:attachment":[{"href":"https:\/\/limittools.test.consids5.se\/pl\/wp-json\/wp\/v2\/media?parent=2598"}],"wp:term":[{"taxonomy":"product_cat","embeddable":true,"href":"https:\/\/limittools.test.consids5.se\/pl\/wp-json\/wp\/v2\/product_cat?post=2598"},{"taxonomy":"product_tag","embeddable":true,"href":"https:\/\/limittools.test.consids5.se\/pl\/wp-json\/wp\/v2\/product_tag?post=2598"}],"curies":[{"name":"wp","href":"https:\/\/api.w.org\/{rel}","templated":true}]}}