{"id":2685,"date":"2021-12-16T12:59:58","date_gmt":"2021-12-16T12:59:58","guid":{"rendered":"http:\/\/limit-tools.local\/product\/2685\/"},"modified":"2021-12-16T12:59:58","modified_gmt":"2021-12-16T12:59:58","slug":"wibrometr-limit-4800","status":"publish","type":"product","link":"https:\/\/limittools.test.consids5.se\/pl\/product\/wibrometr-limit-4800\/","title":{"rendered":"WIBROMETR LIMIT 4800"},"content":{"rendered":"<p>Miernik do kontroli wibracji wszelkich maszyn, narz\u0119dzi elektrycznych i pneumatycznych itp. Pomiar wibracji ma wa\u017cne znaczenie ergonomiczne &#8211; dla zapobiegania urazom pracowniczym, jak r\u00f3wnie\u017c s\u0142u\u017cy do prowadzenia kontroli zapobiegaj\u0105cej uszkodzeniom maszyn. Dostarczany z sensorem (\u015brednica 25 mm) z magnetyczn\u0105 podstaw\u0105 i instrukcj\u0105 obs\u0142ugi.<\/p>\n","protected":false},"excerpt":{"rendered":"Miernik do kontroli wibracji wszelkich maszyn, narz\u0119dzi elektrycznych i pneumatycznych itp. Pomiar wibracji ma wa\u017cne znaczenie ergonomiczne &#8211; dla zapobiegania [&hellip;]","protected":false},"featured_media":0,"comment_status":"closed","ping_status":"closed","template":"","meta":{"_acf_changed":false},"product_cat":[322,446],"product_tag":[],"class_list":{"0":"post-2685","1":"product","2":"type-product","3":"status-publish","5":"product_cat-inspekcja-pl","6":"product_cat-mierniki-wibracji-pl","8":"first","9":"instock","10":"shipping-taxable","11":"product-type-simple"},"acf":[],"yoast_head":"<!-- This site is optimized with the Yoast SEO plugin v23.2 - https:\/\/yoast.com\/wordpress\/plugins\/seo\/ -->\n<title>WIBROMETR LIMIT 4800 - Precision measuring instruments | Limit<\/title>\n<meta name=\"robots\" content=\"index, follow, max-snippet:-1, max-image-preview:large, max-video-preview:-1\" \/>\n<link rel=\"canonical\" href=\"https:\/\/limittools.test.consids5.se\/pl\/product\/wibrometr-limit-4800\/\" \/>\n<meta property=\"og:locale\" content=\"pl_PL\" \/>\n<meta property=\"og:type\" content=\"article\" \/>\n<meta property=\"og:title\" content=\"WIBROMETR LIMIT 4800 - Precision measuring instruments | Limit\" \/>\n<meta property=\"og:description\" content=\"Miernik do kontroli wibracji wszelkich maszyn, narz\u0119dzi elektrycznych i pneumatycznych itp. Pomiar wibracji ma wa\u017cne znaczenie ergonomiczne &#8211; dla zapobiegania [&hellip;]\" \/>\n<meta property=\"og:url\" content=\"https:\/\/limittools.test.consids5.se\/pl\/product\/wibrometr-limit-4800\/\" \/>\n<meta property=\"og:site_name\" content=\"Precision measuring instruments | Limit\" \/>\n<meta property=\"article:publisher\" content=\"https:\/\/www.facebook.com\/limittools\/\" \/>\n<meta name=\"twitter:card\" content=\"summary_large_image\" \/>\n<script type=\"application\/ld+json\" class=\"yoast-schema-graph\">{\"@context\":\"https:\/\/schema.org\",\"@graph\":[{\"@type\":\"WebPage\",\"@id\":\"https:\/\/limittools.test.consids5.se\/pl\/product\/wibrometr-limit-4800\/\",\"url\":\"https:\/\/limittools.test.consids5.se\/pl\/product\/wibrometr-limit-4800\/\",\"name\":\"WIBROMETR LIMIT 4800 - Precision measuring instruments | Limit\",\"isPartOf\":{\"@id\":\"https:\/\/limittools.test.consids5.se\/#website\"},\"datePublished\":\"2021-12-16T12:59:58+00:00\",\"dateModified\":\"2021-12-16T12:59:58+00:00\",\"breadcrumb\":{\"@id\":\"https:\/\/limittools.test.consids5.se\/pl\/product\/wibrometr-limit-4800\/#breadcrumb\"},\"inLanguage\":\"pl-PL\",\"potentialAction\":[{\"@type\":\"ReadAction\",\"target\":[\"https:\/\/limittools.test.consids5.se\/pl\/product\/wibrometr-limit-4800\/\"]}]},{\"@type\":\"BreadcrumbList\",\"@id\":\"https:\/\/limittools.test.consids5.se\/pl\/product\/wibrometr-limit-4800\/#breadcrumb\",\"itemListElement\":[{\"@type\":\"ListItem\",\"position\":1,\"name\":\"Products\",\"item\":\"https:\/\/limittools.test.consids5.se\/products\/\"},{\"@type\":\"ListItem\",\"position\":2,\"name\":\"WIBROMETR LIMIT 4800\"}]},{\"@type\":\"WebSite\",\"@id\":\"https:\/\/limittools.test.consids5.se\/#website\",\"url\":\"https:\/\/limittools.test.consids5.se\/\",\"name\":\"Precision measuring instruments | Limit\",\"description\":\"Everything can be measured\",\"potentialAction\":[{\"@type\":\"SearchAction\",\"target\":{\"@type\":\"EntryPoint\",\"urlTemplate\":\"https:\/\/limittools.test.consids5.se\/?s={search_term_string}\"},\"query-input\":\"required name=search_term_string\"}],\"inLanguage\":\"pl-PL\"}]}<\/script>\n<!-- \/ Yoast SEO plugin. -->","yoast_head_json":{"title":"WIBROMETR LIMIT 4800 - Precision measuring instruments | Limit","robots":{"index":"index","follow":"follow","max-snippet":"max-snippet:-1","max-image-preview":"max-image-preview:large","max-video-preview":"max-video-preview:-1"},"canonical":"https:\/\/limittools.test.consids5.se\/pl\/product\/wibrometr-limit-4800\/","og_locale":"pl_PL","og_type":"article","og_title":"WIBROMETR LIMIT 4800 - Precision measuring instruments | Limit","og_description":"Miernik do kontroli wibracji wszelkich maszyn, narz\u0119dzi elektrycznych i pneumatycznych itp. Pomiar wibracji ma wa\u017cne znaczenie ergonomiczne &#8211; dla zapobiegania [&hellip;]","og_url":"https:\/\/limittools.test.consids5.se\/pl\/product\/wibrometr-limit-4800\/","og_site_name":"Precision measuring instruments | Limit","article_publisher":"https:\/\/www.facebook.com\/limittools\/","twitter_card":"summary_large_image","schema":{"@context":"https:\/\/schema.org","@graph":[{"@type":"WebPage","@id":"https:\/\/limittools.test.consids5.se\/pl\/product\/wibrometr-limit-4800\/","url":"https:\/\/limittools.test.consids5.se\/pl\/product\/wibrometr-limit-4800\/","name":"WIBROMETR LIMIT 4800 - Precision measuring instruments | Limit","isPartOf":{"@id":"https:\/\/limittools.test.consids5.se\/#website"},"datePublished":"2021-12-16T12:59:58+00:00","dateModified":"2021-12-16T12:59:58+00:00","breadcrumb":{"@id":"https:\/\/limittools.test.consids5.se\/pl\/product\/wibrometr-limit-4800\/#breadcrumb"},"inLanguage":"pl-PL","potentialAction":[{"@type":"ReadAction","target":["https:\/\/limittools.test.consids5.se\/pl\/product\/wibrometr-limit-4800\/"]}]},{"@type":"BreadcrumbList","@id":"https:\/\/limittools.test.consids5.se\/pl\/product\/wibrometr-limit-4800\/#breadcrumb","itemListElement":[{"@type":"ListItem","position":1,"name":"Products","item":"https:\/\/limittools.test.consids5.se\/products\/"},{"@type":"ListItem","position":2,"name":"WIBROMETR LIMIT 4800"}]},{"@type":"WebSite","@id":"https:\/\/limittools.test.consids5.se\/#website","url":"https:\/\/limittools.test.consids5.se\/","name":"Precision measuring instruments | Limit","description":"Everything can be measured","potentialAction":[{"@type":"SearchAction","target":{"@type":"EntryPoint","urlTemplate":"https:\/\/limittools.test.consids5.se\/?s={search_term_string}"},"query-input":"required name=search_term_string"}],"inLanguage":"pl-PL"}]}},"_links":{"self":[{"href":"https:\/\/limittools.test.consids5.se\/pl\/wp-json\/wp\/v2\/product\/2685"}],"collection":[{"href":"https:\/\/limittools.test.consids5.se\/pl\/wp-json\/wp\/v2\/product"}],"about":[{"href":"https:\/\/limittools.test.consids5.se\/pl\/wp-json\/wp\/v2\/types\/product"}],"replies":[{"embeddable":true,"href":"https:\/\/limittools.test.consids5.se\/pl\/wp-json\/wp\/v2\/comments?post=2685"}],"wp:attachment":[{"href":"https:\/\/limittools.test.consids5.se\/pl\/wp-json\/wp\/v2\/media?parent=2685"}],"wp:term":[{"taxonomy":"product_cat","embeddable":true,"href":"https:\/\/limittools.test.consids5.se\/pl\/wp-json\/wp\/v2\/product_cat?post=2685"},{"taxonomy":"product_tag","embeddable":true,"href":"https:\/\/limittools.test.consids5.se\/pl\/wp-json\/wp\/v2\/product_tag?post=2685"}],"curies":[{"name":"wp","href":"https:\/\/api.w.org\/{rel}","templated":true}]}}