{"id":2747,"date":"2021-12-16T13:00:16","date_gmt":"2021-12-16T13:00:16","guid":{"rendered":"http:\/\/limit-tools.local\/product\/szablon-profil-300-mm\/"},"modified":"2021-12-16T13:00:16","modified_gmt":"2021-12-16T13:00:16","slug":"szablon-profilowy-300-mm","status":"publish","type":"product","link":"https:\/\/limittools.test.consids5.se\/pl\/product\/szablon-profilowy-300-mm\/","title":{"rendered":"SZABLON PROFILOWY 300 MM"},"content":{"rendered":"<p>Do zdejmowania odcisku dowolnego profilu o nieregularnym kszta\u0142tcie. Pomocne przy uk\u0142adaniu mat i wyk\u0142adzin pod\u0142ogowych, wykonywaniu p\u00f3\u0142ek, blat\u00f3w, toczeniu itp. Wykonane z wa\u0142eczk\u00f3w ze stali nierdzewnej.<\/p>\n","protected":false},"excerpt":{"rendered":"Do zdejmowania odcisku dowolnego profilu o nieregularnym kszta\u0142tcie. Pomocne przy uk\u0142adaniu mat i wyk\u0142adzin pod\u0142ogowych, wykonywaniu p\u00f3\u0142ek, blat\u00f3w, toczeniu itp. [&hellip;]","protected":false},"featured_media":0,"comment_status":"closed","ping_status":"closed","template":"","meta":{"_acf_changed":false},"product_cat":[247,432],"product_tag":[],"class_list":{"0":"post-2747","1":"product","2":"type-product","3":"status-publish","5":"product_cat-pomiary-warsztatowe-pl","6":"product_cat-szablony-ksztaltowe-pl","8":"first","9":"instock","10":"shipping-taxable","11":"product-type-simple"},"acf":[],"yoast_head":"<!-- This site is optimized with the Yoast SEO plugin v23.2 - https:\/\/yoast.com\/wordpress\/plugins\/seo\/ -->\n<title>SZABLON PROFILOWY 300 MM - Precision measuring instruments | Limit<\/title>\n<meta name=\"robots\" content=\"index, follow, max-snippet:-1, max-image-preview:large, max-video-preview:-1\" \/>\n<link rel=\"canonical\" href=\"https:\/\/limittools.test.consids5.se\/pl\/product\/szablon-profilowy-300-mm\/\" \/>\n<meta property=\"og:locale\" content=\"pl_PL\" \/>\n<meta property=\"og:type\" content=\"article\" \/>\n<meta property=\"og:title\" content=\"SZABLON PROFILOWY 300 MM - Precision measuring instruments | Limit\" \/>\n<meta property=\"og:description\" content=\"Do zdejmowania odcisku dowolnego profilu o nieregularnym kszta\u0142tcie. Pomocne przy uk\u0142adaniu mat i wyk\u0142adzin pod\u0142ogowych, wykonywaniu p\u00f3\u0142ek, blat\u00f3w, toczeniu itp. [&hellip;]\" \/>\n<meta property=\"og:url\" content=\"https:\/\/limittools.test.consids5.se\/pl\/product\/szablon-profilowy-300-mm\/\" \/>\n<meta property=\"og:site_name\" content=\"Precision measuring instruments | Limit\" \/>\n<meta property=\"article:publisher\" content=\"https:\/\/www.facebook.com\/limittools\/\" \/>\n<meta name=\"twitter:card\" content=\"summary_large_image\" \/>\n<script type=\"application\/ld+json\" class=\"yoast-schema-graph\">{\"@context\":\"https:\/\/schema.org\",\"@graph\":[{\"@type\":\"WebPage\",\"@id\":\"https:\/\/limittools.test.consids5.se\/pl\/product\/szablon-profilowy-300-mm\/\",\"url\":\"https:\/\/limittools.test.consids5.se\/pl\/product\/szablon-profilowy-300-mm\/\",\"name\":\"SZABLON PROFILOWY 300 MM - Precision measuring instruments | Limit\",\"isPartOf\":{\"@id\":\"https:\/\/limittools.test.consids5.se\/#website\"},\"datePublished\":\"2021-12-16T13:00:16+00:00\",\"dateModified\":\"2021-12-16T13:00:16+00:00\",\"breadcrumb\":{\"@id\":\"https:\/\/limittools.test.consids5.se\/pl\/product\/szablon-profilowy-300-mm\/#breadcrumb\"},\"inLanguage\":\"pl-PL\",\"potentialAction\":[{\"@type\":\"ReadAction\",\"target\":[\"https:\/\/limittools.test.consids5.se\/pl\/product\/szablon-profilowy-300-mm\/\"]}]},{\"@type\":\"BreadcrumbList\",\"@id\":\"https:\/\/limittools.test.consids5.se\/pl\/product\/szablon-profilowy-300-mm\/#breadcrumb\",\"itemListElement\":[{\"@type\":\"ListItem\",\"position\":1,\"name\":\"Products\",\"item\":\"https:\/\/limittools.test.consids5.se\/products\/\"},{\"@type\":\"ListItem\",\"position\":2,\"name\":\"SZABLON PROFILOWY 300 MM\"}]},{\"@type\":\"WebSite\",\"@id\":\"https:\/\/limittools.test.consids5.se\/#website\",\"url\":\"https:\/\/limittools.test.consids5.se\/\",\"name\":\"Precision measuring instruments | Limit\",\"description\":\"Everything can be measured\",\"potentialAction\":[{\"@type\":\"SearchAction\",\"target\":{\"@type\":\"EntryPoint\",\"urlTemplate\":\"https:\/\/limittools.test.consids5.se\/?s={search_term_string}\"},\"query-input\":\"required name=search_term_string\"}],\"inLanguage\":\"pl-PL\"}]}<\/script>\n<!-- \/ Yoast SEO plugin. -->","yoast_head_json":{"title":"SZABLON PROFILOWY 300 MM - Precision measuring instruments | Limit","robots":{"index":"index","follow":"follow","max-snippet":"max-snippet:-1","max-image-preview":"max-image-preview:large","max-video-preview":"max-video-preview:-1"},"canonical":"https:\/\/limittools.test.consids5.se\/pl\/product\/szablon-profilowy-300-mm\/","og_locale":"pl_PL","og_type":"article","og_title":"SZABLON PROFILOWY 300 MM - Precision measuring instruments | Limit","og_description":"Do zdejmowania odcisku dowolnego profilu o nieregularnym kszta\u0142tcie. Pomocne przy uk\u0142adaniu mat i wyk\u0142adzin pod\u0142ogowych, wykonywaniu p\u00f3\u0142ek, blat\u00f3w, toczeniu itp. [&hellip;]","og_url":"https:\/\/limittools.test.consids5.se\/pl\/product\/szablon-profilowy-300-mm\/","og_site_name":"Precision measuring instruments | Limit","article_publisher":"https:\/\/www.facebook.com\/limittools\/","twitter_card":"summary_large_image","schema":{"@context":"https:\/\/schema.org","@graph":[{"@type":"WebPage","@id":"https:\/\/limittools.test.consids5.se\/pl\/product\/szablon-profilowy-300-mm\/","url":"https:\/\/limittools.test.consids5.se\/pl\/product\/szablon-profilowy-300-mm\/","name":"SZABLON PROFILOWY 300 MM - Precision measuring instruments | Limit","isPartOf":{"@id":"https:\/\/limittools.test.consids5.se\/#website"},"datePublished":"2021-12-16T13:00:16+00:00","dateModified":"2021-12-16T13:00:16+00:00","breadcrumb":{"@id":"https:\/\/limittools.test.consids5.se\/pl\/product\/szablon-profilowy-300-mm\/#breadcrumb"},"inLanguage":"pl-PL","potentialAction":[{"@type":"ReadAction","target":["https:\/\/limittools.test.consids5.se\/pl\/product\/szablon-profilowy-300-mm\/"]}]},{"@type":"BreadcrumbList","@id":"https:\/\/limittools.test.consids5.se\/pl\/product\/szablon-profilowy-300-mm\/#breadcrumb","itemListElement":[{"@type":"ListItem","position":1,"name":"Products","item":"https:\/\/limittools.test.consids5.se\/products\/"},{"@type":"ListItem","position":2,"name":"SZABLON PROFILOWY 300 MM"}]},{"@type":"WebSite","@id":"https:\/\/limittools.test.consids5.se\/#website","url":"https:\/\/limittools.test.consids5.se\/","name":"Precision measuring instruments | Limit","description":"Everything can be measured","potentialAction":[{"@type":"SearchAction","target":{"@type":"EntryPoint","urlTemplate":"https:\/\/limittools.test.consids5.se\/?s={search_term_string}"},"query-input":"required name=search_term_string"}],"inLanguage":"pl-PL"}]}},"_links":{"self":[{"href":"https:\/\/limittools.test.consids5.se\/pl\/wp-json\/wp\/v2\/product\/2747"}],"collection":[{"href":"https:\/\/limittools.test.consids5.se\/pl\/wp-json\/wp\/v2\/product"}],"about":[{"href":"https:\/\/limittools.test.consids5.se\/pl\/wp-json\/wp\/v2\/types\/product"}],"replies":[{"embeddable":true,"href":"https:\/\/limittools.test.consids5.se\/pl\/wp-json\/wp\/v2\/comments?post=2747"}],"wp:attachment":[{"href":"https:\/\/limittools.test.consids5.se\/pl\/wp-json\/wp\/v2\/media?parent=2747"}],"wp:term":[{"taxonomy":"product_cat","embeddable":true,"href":"https:\/\/limittools.test.consids5.se\/pl\/wp-json\/wp\/v2\/product_cat?post=2747"},{"taxonomy":"product_tag","embeddable":true,"href":"https:\/\/limittools.test.consids5.se\/pl\/wp-json\/wp\/v2\/product_tag?post=2747"}],"curies":[{"name":"wp","href":"https:\/\/api.w.org\/{rel}","templated":true}]}}