{"id":2804,"date":"2020-09-08T13:56:17","date_gmt":"2020-09-08T13:56:17","guid":{"rendered":"http:\/\/limit-tools.local\/product\/mikrometr-wewn-limit-5-30mm\/"},"modified":"2020-09-08T13:56:17","modified_gmt":"2020-09-08T13:56:17","slug":"mikrometr-do-pomiarow-wewnetrznych-limit-5-30-mm","status":"publish","type":"product","link":"https:\/\/limittools.test.consids5.se\/pl\/product\/mikrometr-do-pomiarow-wewnetrznych-limit-5-30-mm\/","title":{"rendered":"Mikrometr do pomiar\u00f3w wewn\u0119trznych Limit 5-30 mm"},"content":{"rendered":"<p>Podzia\u0142ka chromowana na mat. Hartowane i precyzyjnie docierane powierzchnie pomiarowe. Z tulej\u0105 sprz\u0119g\u0142a i d\u017awigienk\u0105 ustalaj\u0105c\u0105. DIN 863.<br \/>\nDostarczane w drewnianym wraz z pier\u015bcieniem monta\u017cowym.<\/p>\n","protected":false},"excerpt":{"rendered":"Podzia\u0142ka chromowana na mat. Hartowane i precyzyjnie docierane powierzchnie pomiarowe. Z tulej\u0105 sprz\u0119g\u0142a i d\u017awigienk\u0105 ustalaj\u0105c\u0105. DIN 863. Dostarczane w [&hellip;]","protected":false},"featured_media":0,"comment_status":"closed","ping_status":"closed","template":"","meta":{"_acf_changed":false},"product_cat":[247,273],"product_tag":[],"class_list":{"0":"post-2804","1":"product","2":"type-product","3":"status-publish","5":"product_cat-pomiary-warsztatowe-pl","6":"product_cat-mikrometry-pl","8":"first","9":"instock","10":"shipping-taxable","11":"product-type-simple"},"acf":[],"yoast_head":"<!-- This site is optimized with the Yoast SEO plugin v23.2 - https:\/\/yoast.com\/wordpress\/plugins\/seo\/ -->\n<title>Mikrometr do pomiar\u00f3w wewn\u0119trznych Limit 5-30 mm - Precision measuring instruments | Limit<\/title>\n<meta name=\"robots\" content=\"index, follow, max-snippet:-1, max-image-preview:large, max-video-preview:-1\" \/>\n<link rel=\"canonical\" href=\"https:\/\/limittools.test.consids5.se\/pl\/product\/mikrometr-do-pomiarow-wewnetrznych-limit-5-30-mm\/\" \/>\n<meta property=\"og:locale\" content=\"pl_PL\" \/>\n<meta property=\"og:type\" content=\"article\" \/>\n<meta property=\"og:title\" content=\"Mikrometr do pomiar\u00f3w wewn\u0119trznych Limit 5-30 mm - Precision measuring instruments | Limit\" \/>\n<meta property=\"og:description\" content=\"Podzia\u0142ka chromowana na mat. Hartowane i precyzyjnie docierane powierzchnie pomiarowe. Z tulej\u0105 sprz\u0119g\u0142a i d\u017awigienk\u0105 ustalaj\u0105c\u0105. DIN 863. Dostarczane w [&hellip;]\" \/>\n<meta property=\"og:url\" content=\"https:\/\/limittools.test.consids5.se\/pl\/product\/mikrometr-do-pomiarow-wewnetrznych-limit-5-30-mm\/\" \/>\n<meta property=\"og:site_name\" content=\"Precision measuring instruments | Limit\" \/>\n<meta property=\"article:publisher\" content=\"https:\/\/www.facebook.com\/limittools\/\" \/>\n<meta name=\"twitter:card\" content=\"summary_large_image\" \/>\n<script type=\"application\/ld+json\" class=\"yoast-schema-graph\">{\"@context\":\"https:\/\/schema.org\",\"@graph\":[{\"@type\":\"WebPage\",\"@id\":\"https:\/\/limittools.test.consids5.se\/pl\/product\/mikrometr-do-pomiarow-wewnetrznych-limit-5-30-mm\/\",\"url\":\"https:\/\/limittools.test.consids5.se\/pl\/product\/mikrometr-do-pomiarow-wewnetrznych-limit-5-30-mm\/\",\"name\":\"Mikrometr do pomiar\u00f3w wewn\u0119trznych Limit 5-30 mm - Precision measuring instruments | Limit\",\"isPartOf\":{\"@id\":\"https:\/\/limittools.test.consids5.se\/#website\"},\"datePublished\":\"2020-09-08T13:56:17+00:00\",\"dateModified\":\"2020-09-08T13:56:17+00:00\",\"breadcrumb\":{\"@id\":\"https:\/\/limittools.test.consids5.se\/pl\/product\/mikrometr-do-pomiarow-wewnetrznych-limit-5-30-mm\/#breadcrumb\"},\"inLanguage\":\"pl-PL\",\"potentialAction\":[{\"@type\":\"ReadAction\",\"target\":[\"https:\/\/limittools.test.consids5.se\/pl\/product\/mikrometr-do-pomiarow-wewnetrznych-limit-5-30-mm\/\"]}]},{\"@type\":\"BreadcrumbList\",\"@id\":\"https:\/\/limittools.test.consids5.se\/pl\/product\/mikrometr-do-pomiarow-wewnetrznych-limit-5-30-mm\/#breadcrumb\",\"itemListElement\":[{\"@type\":\"ListItem\",\"position\":1,\"name\":\"Products\",\"item\":\"https:\/\/limittools.test.consids5.se\/products\/\"},{\"@type\":\"ListItem\",\"position\":2,\"name\":\"Mikrometr do pomiar\u00f3w wewn\u0119trznych Limit 5-30 mm\"}]},{\"@type\":\"WebSite\",\"@id\":\"https:\/\/limittools.test.consids5.se\/#website\",\"url\":\"https:\/\/limittools.test.consids5.se\/\",\"name\":\"Precision measuring instruments | Limit\",\"description\":\"Everything can be measured\",\"potentialAction\":[{\"@type\":\"SearchAction\",\"target\":{\"@type\":\"EntryPoint\",\"urlTemplate\":\"https:\/\/limittools.test.consids5.se\/?s={search_term_string}\"},\"query-input\":\"required name=search_term_string\"}],\"inLanguage\":\"pl-PL\"}]}<\/script>\n<!-- \/ Yoast SEO plugin. -->","yoast_head_json":{"title":"Mikrometr do pomiar\u00f3w wewn\u0119trznych Limit 5-30 mm - Precision measuring instruments | Limit","robots":{"index":"index","follow":"follow","max-snippet":"max-snippet:-1","max-image-preview":"max-image-preview:large","max-video-preview":"max-video-preview:-1"},"canonical":"https:\/\/limittools.test.consids5.se\/pl\/product\/mikrometr-do-pomiarow-wewnetrznych-limit-5-30-mm\/","og_locale":"pl_PL","og_type":"article","og_title":"Mikrometr do pomiar\u00f3w wewn\u0119trznych Limit 5-30 mm - Precision measuring instruments | Limit","og_description":"Podzia\u0142ka chromowana na mat. Hartowane i precyzyjnie docierane powierzchnie pomiarowe. Z tulej\u0105 sprz\u0119g\u0142a i d\u017awigienk\u0105 ustalaj\u0105c\u0105. DIN 863. Dostarczane w [&hellip;]","og_url":"https:\/\/limittools.test.consids5.se\/pl\/product\/mikrometr-do-pomiarow-wewnetrznych-limit-5-30-mm\/","og_site_name":"Precision measuring instruments | Limit","article_publisher":"https:\/\/www.facebook.com\/limittools\/","twitter_card":"summary_large_image","schema":{"@context":"https:\/\/schema.org","@graph":[{"@type":"WebPage","@id":"https:\/\/limittools.test.consids5.se\/pl\/product\/mikrometr-do-pomiarow-wewnetrznych-limit-5-30-mm\/","url":"https:\/\/limittools.test.consids5.se\/pl\/product\/mikrometr-do-pomiarow-wewnetrznych-limit-5-30-mm\/","name":"Mikrometr do pomiar\u00f3w wewn\u0119trznych Limit 5-30 mm - Precision measuring instruments | Limit","isPartOf":{"@id":"https:\/\/limittools.test.consids5.se\/#website"},"datePublished":"2020-09-08T13:56:17+00:00","dateModified":"2020-09-08T13:56:17+00:00","breadcrumb":{"@id":"https:\/\/limittools.test.consids5.se\/pl\/product\/mikrometr-do-pomiarow-wewnetrznych-limit-5-30-mm\/#breadcrumb"},"inLanguage":"pl-PL","potentialAction":[{"@type":"ReadAction","target":["https:\/\/limittools.test.consids5.se\/pl\/product\/mikrometr-do-pomiarow-wewnetrznych-limit-5-30-mm\/"]}]},{"@type":"BreadcrumbList","@id":"https:\/\/limittools.test.consids5.se\/pl\/product\/mikrometr-do-pomiarow-wewnetrznych-limit-5-30-mm\/#breadcrumb","itemListElement":[{"@type":"ListItem","position":1,"name":"Products","item":"https:\/\/limittools.test.consids5.se\/products\/"},{"@type":"ListItem","position":2,"name":"Mikrometr do pomiar\u00f3w wewn\u0119trznych Limit 5-30 mm"}]},{"@type":"WebSite","@id":"https:\/\/limittools.test.consids5.se\/#website","url":"https:\/\/limittools.test.consids5.se\/","name":"Precision measuring instruments | Limit","description":"Everything can be measured","potentialAction":[{"@type":"SearchAction","target":{"@type":"EntryPoint","urlTemplate":"https:\/\/limittools.test.consids5.se\/?s={search_term_string}"},"query-input":"required name=search_term_string"}],"inLanguage":"pl-PL"}]}},"_links":{"self":[{"href":"https:\/\/limittools.test.consids5.se\/pl\/wp-json\/wp\/v2\/product\/2804"}],"collection":[{"href":"https:\/\/limittools.test.consids5.se\/pl\/wp-json\/wp\/v2\/product"}],"about":[{"href":"https:\/\/limittools.test.consids5.se\/pl\/wp-json\/wp\/v2\/types\/product"}],"replies":[{"embeddable":true,"href":"https:\/\/limittools.test.consids5.se\/pl\/wp-json\/wp\/v2\/comments?post=2804"}],"wp:attachment":[{"href":"https:\/\/limittools.test.consids5.se\/pl\/wp-json\/wp\/v2\/media?parent=2804"}],"wp:term":[{"taxonomy":"product_cat","embeddable":true,"href":"https:\/\/limittools.test.consids5.se\/pl\/wp-json\/wp\/v2\/product_cat?post=2804"},{"taxonomy":"product_tag","embeddable":true,"href":"https:\/\/limittools.test.consids5.se\/pl\/wp-json\/wp\/v2\/product_tag?post=2804"}],"curies":[{"name":"wp","href":"https:\/\/api.w.org\/{rel}","templated":true}]}}