{"id":2828,"date":"2026-04-08T17:32:44","date_gmt":"2026-04-08T17:32:44","guid":{"rendered":"http:\/\/limit-tools.local\/product\/2828\/"},"modified":"2026-04-08T17:32:44","modified_gmt":"2026-04-08T17:32:44","slug":"mikroskop-20x","status":"publish","type":"product","link":"https:\/\/limittools.test.consids5.se\/pl\/product\/mikroskop-20x\/","title":{"rendered":"MIKROSKOP 20X"},"content":{"rendered":"<p>Mikroskop miniaturowy z podzia\u0142k\u0105 wymiarow\u0105 i o\u015bwietleniem LED. Pier\u015bcie\u0144 do nastawiania ostro\u015bci. Podzia\u0142k\u0119 mo\u017cna by\u0107 obraca\u0107 w zakresie 360\u00b0. Bateria w rozmiarze AA, nabywana oddzielnie.<\/p>\n","protected":false},"excerpt":{"rendered":"Mikroskop miniaturowy z podzia\u0142k\u0105 wymiarow\u0105 i o\u015bwietleniem LED. Pier\u015bcie\u0144 do nastawiania ostro\u015bci. Podzia\u0142k\u0119 mo\u017cna by\u0107 obraca\u0107 w zakresie 360\u00b0. Bateria [&hellip;]","protected":false},"featured_media":0,"comment_status":"closed","ping_status":"closed","template":"","meta":{"_acf_changed":false},"product_cat":[322,455],"product_tag":[],"class_list":{"0":"post-2828","1":"product","2":"type-product","3":"status-publish","5":"product_cat-inspekcja-pl","6":"product_cat-mikroskopy-pl","8":"first","9":"instock","10":"shipping-taxable","11":"product-type-simple"},"acf":[],"yoast_head":"<!-- This site is optimized with the Yoast SEO plugin v23.2 - https:\/\/yoast.com\/wordpress\/plugins\/seo\/ -->\n<title>MIKROSKOP 20X - Precision measuring instruments | Limit<\/title>\n<meta name=\"robots\" content=\"index, follow, max-snippet:-1, max-image-preview:large, max-video-preview:-1\" \/>\n<link rel=\"canonical\" href=\"https:\/\/limittools.test.consids5.se\/pl\/product\/mikroskop-20x\/\" \/>\n<meta property=\"og:locale\" content=\"pl_PL\" \/>\n<meta property=\"og:type\" content=\"article\" \/>\n<meta property=\"og:title\" content=\"MIKROSKOP 20X - Precision measuring instruments | Limit\" \/>\n<meta property=\"og:description\" content=\"Mikroskop miniaturowy z podzia\u0142k\u0105 wymiarow\u0105 i o\u015bwietleniem LED. Pier\u015bcie\u0144 do nastawiania ostro\u015bci. Podzia\u0142k\u0119 mo\u017cna by\u0107 obraca\u0107 w zakresie 360\u00b0. Bateria [&hellip;]\" \/>\n<meta property=\"og:url\" content=\"https:\/\/limittools.test.consids5.se\/pl\/product\/mikroskop-20x\/\" \/>\n<meta property=\"og:site_name\" content=\"Precision measuring instruments | Limit\" \/>\n<meta property=\"article:publisher\" content=\"https:\/\/www.facebook.com\/limittools\/\" \/>\n<meta name=\"twitter:card\" content=\"summary_large_image\" \/>\n<script type=\"application\/ld+json\" class=\"yoast-schema-graph\">{\"@context\":\"https:\/\/schema.org\",\"@graph\":[{\"@type\":\"WebPage\",\"@id\":\"https:\/\/limittools.test.consids5.se\/pl\/product\/mikroskop-20x\/\",\"url\":\"https:\/\/limittools.test.consids5.se\/pl\/product\/mikroskop-20x\/\",\"name\":\"MIKROSKOP 20X - Precision measuring instruments | Limit\",\"isPartOf\":{\"@id\":\"https:\/\/limittools.test.consids5.se\/#website\"},\"datePublished\":\"2026-04-08T17:32:44+00:00\",\"dateModified\":\"2026-04-08T17:32:44+00:00\",\"breadcrumb\":{\"@id\":\"https:\/\/limittools.test.consids5.se\/pl\/product\/mikroskop-20x\/#breadcrumb\"},\"inLanguage\":\"pl-PL\",\"potentialAction\":[{\"@type\":\"ReadAction\",\"target\":[\"https:\/\/limittools.test.consids5.se\/pl\/product\/mikroskop-20x\/\"]}]},{\"@type\":\"BreadcrumbList\",\"@id\":\"https:\/\/limittools.test.consids5.se\/pl\/product\/mikroskop-20x\/#breadcrumb\",\"itemListElement\":[{\"@type\":\"ListItem\",\"position\":1,\"name\":\"Products\",\"item\":\"https:\/\/limittools.test.consids5.se\/products\/\"},{\"@type\":\"ListItem\",\"position\":2,\"name\":\"MIKROSKOP 20X\"}]},{\"@type\":\"WebSite\",\"@id\":\"https:\/\/limittools.test.consids5.se\/#website\",\"url\":\"https:\/\/limittools.test.consids5.se\/\",\"name\":\"Precision measuring instruments | Limit\",\"description\":\"Everything can be measured\",\"potentialAction\":[{\"@type\":\"SearchAction\",\"target\":{\"@type\":\"EntryPoint\",\"urlTemplate\":\"https:\/\/limittools.test.consids5.se\/?s={search_term_string}\"},\"query-input\":\"required name=search_term_string\"}],\"inLanguage\":\"pl-PL\"}]}<\/script>\n<!-- \/ Yoast SEO plugin. -->","yoast_head_json":{"title":"MIKROSKOP 20X - Precision measuring instruments | Limit","robots":{"index":"index","follow":"follow","max-snippet":"max-snippet:-1","max-image-preview":"max-image-preview:large","max-video-preview":"max-video-preview:-1"},"canonical":"https:\/\/limittools.test.consids5.se\/pl\/product\/mikroskop-20x\/","og_locale":"pl_PL","og_type":"article","og_title":"MIKROSKOP 20X - Precision measuring instruments | Limit","og_description":"Mikroskop miniaturowy z podzia\u0142k\u0105 wymiarow\u0105 i o\u015bwietleniem LED. Pier\u015bcie\u0144 do nastawiania ostro\u015bci. Podzia\u0142k\u0119 mo\u017cna by\u0107 obraca\u0107 w zakresie 360\u00b0. Bateria [&hellip;]","og_url":"https:\/\/limittools.test.consids5.se\/pl\/product\/mikroskop-20x\/","og_site_name":"Precision measuring instruments | Limit","article_publisher":"https:\/\/www.facebook.com\/limittools\/","twitter_card":"summary_large_image","schema":{"@context":"https:\/\/schema.org","@graph":[{"@type":"WebPage","@id":"https:\/\/limittools.test.consids5.se\/pl\/product\/mikroskop-20x\/","url":"https:\/\/limittools.test.consids5.se\/pl\/product\/mikroskop-20x\/","name":"MIKROSKOP 20X - Precision measuring instruments | Limit","isPartOf":{"@id":"https:\/\/limittools.test.consids5.se\/#website"},"datePublished":"2026-04-08T17:32:44+00:00","dateModified":"2026-04-08T17:32:44+00:00","breadcrumb":{"@id":"https:\/\/limittools.test.consids5.se\/pl\/product\/mikroskop-20x\/#breadcrumb"},"inLanguage":"pl-PL","potentialAction":[{"@type":"ReadAction","target":["https:\/\/limittools.test.consids5.se\/pl\/product\/mikroskop-20x\/"]}]},{"@type":"BreadcrumbList","@id":"https:\/\/limittools.test.consids5.se\/pl\/product\/mikroskop-20x\/#breadcrumb","itemListElement":[{"@type":"ListItem","position":1,"name":"Products","item":"https:\/\/limittools.test.consids5.se\/products\/"},{"@type":"ListItem","position":2,"name":"MIKROSKOP 20X"}]},{"@type":"WebSite","@id":"https:\/\/limittools.test.consids5.se\/#website","url":"https:\/\/limittools.test.consids5.se\/","name":"Precision measuring instruments | Limit","description":"Everything can be measured","potentialAction":[{"@type":"SearchAction","target":{"@type":"EntryPoint","urlTemplate":"https:\/\/limittools.test.consids5.se\/?s={search_term_string}"},"query-input":"required name=search_term_string"}],"inLanguage":"pl-PL"}]}},"_links":{"self":[{"href":"https:\/\/limittools.test.consids5.se\/pl\/wp-json\/wp\/v2\/product\/2828"}],"collection":[{"href":"https:\/\/limittools.test.consids5.se\/pl\/wp-json\/wp\/v2\/product"}],"about":[{"href":"https:\/\/limittools.test.consids5.se\/pl\/wp-json\/wp\/v2\/types\/product"}],"replies":[{"embeddable":true,"href":"https:\/\/limittools.test.consids5.se\/pl\/wp-json\/wp\/v2\/comments?post=2828"}],"wp:attachment":[{"href":"https:\/\/limittools.test.consids5.se\/pl\/wp-json\/wp\/v2\/media?parent=2828"}],"wp:term":[{"taxonomy":"product_cat","embeddable":true,"href":"https:\/\/limittools.test.consids5.se\/pl\/wp-json\/wp\/v2\/product_cat?post=2828"},{"taxonomy":"product_tag","embeddable":true,"href":"https:\/\/limittools.test.consids5.se\/pl\/wp-json\/wp\/v2\/product_tag?post=2828"}],"curies":[{"name":"wp","href":"https:\/\/api.w.org\/{rel}","templated":true}]}}