{"id":2858,"date":"2026-04-08T17:33:02","date_gmt":"2026-04-08T17:33:02","guid":{"rendered":"http:\/\/limit-tools.local\/product\/2858\/"},"modified":"2026-04-08T17:33:02","modified_gmt":"2026-04-08T17:33:02","slug":"refractometr-limit-1800","status":"publish","type":"product","link":"https:\/\/limittools.test.consids5.se\/pl\/product\/refractometr-limit-1800\/","title":{"rendered":"REFRACTOMETR LIMIT 1800"},"content":{"rendered":"<p>Refraktometr do szybkiego i dok\u0142adnego pomiaru st\u0119\u017cenia roztwor\u00f3w wodnych, p\u0142yn\u00f3w ch\u0142odz\u0105co-smaruj\u0105cych i innych roztwor\u00f3w u\u017cywanych w przemy\u015ble. Pomaga operatorom obrabiarek w utrzymaniu w\u0142a\u015bciwej proporcji wody i p\u0142ynu ch\u0142odz\u0105co-smaruj\u0105cego dla zminimalizowania zu\u017cycia narz\u0119dzia i zwi\u0119kszenia posuwu i szybko\u015bci skrawania. \u0141atwe ustawianie ostro\u015bci i kalibrowanie przy pomocy za\u0142\u0105czonego miniaturowego wkr\u0119taka. Mocna, lekka i zwarta konstrukcja aluminiowa zapewnia d\u0142ug\u0105 \u017cywotno\u015b\u0107.<\/p>\n","protected":false},"excerpt":{"rendered":"Refraktometr do szybkiego i dok\u0142adnego pomiaru st\u0119\u017cenia roztwor\u00f3w wodnych, p\u0142yn\u00f3w ch\u0142odz\u0105co-smaruj\u0105cych i innych roztwor\u00f3w u\u017cywanych w przemy\u015ble. Pomaga operatorom obrabiarek [&hellip;]","protected":false},"featured_media":0,"comment_status":"closed","ping_status":"closed","template":"","meta":{"_acf_changed":false},"product_cat":[1805,509],"product_tag":[],"class_list":{"0":"post-2858","1":"product","2":"type-product","3":"status-publish","5":"product_cat-refraktometry-pl-mierniki-do-pomiarow-klimatycznych-i-srodowiskowych-pl-53","6":"product_cat-mierniki-do-pomiarow-klimatycznych-i-srodowiskowych-pl","8":"first","9":"instock","10":"shipping-taxable","11":"product-type-simple"},"acf":[],"yoast_head":"<!-- This site is optimized with the Yoast SEO plugin v23.2 - https:\/\/yoast.com\/wordpress\/plugins\/seo\/ -->\n<title>REFRACTOMETR LIMIT 1800 - Precision measuring instruments | Limit<\/title>\n<meta name=\"robots\" content=\"index, follow, max-snippet:-1, max-image-preview:large, max-video-preview:-1\" \/>\n<link rel=\"canonical\" href=\"https:\/\/limittools.test.consids5.se\/pl\/product\/refractometr-limit-1800\/\" \/>\n<meta property=\"og:locale\" content=\"pl_PL\" \/>\n<meta property=\"og:type\" content=\"article\" \/>\n<meta property=\"og:title\" content=\"REFRACTOMETR LIMIT 1800 - Precision measuring instruments | Limit\" \/>\n<meta property=\"og:description\" content=\"Refraktometr do szybkiego i dok\u0142adnego pomiaru st\u0119\u017cenia roztwor\u00f3w wodnych, p\u0142yn\u00f3w ch\u0142odz\u0105co-smaruj\u0105cych i innych roztwor\u00f3w u\u017cywanych w przemy\u015ble. Pomaga operatorom obrabiarek [&hellip;]\" \/>\n<meta property=\"og:url\" content=\"https:\/\/limittools.test.consids5.se\/pl\/product\/refractometr-limit-1800\/\" \/>\n<meta property=\"og:site_name\" content=\"Precision measuring instruments | Limit\" \/>\n<meta property=\"article:publisher\" content=\"https:\/\/www.facebook.com\/limittools\/\" \/>\n<meta name=\"twitter:card\" content=\"summary_large_image\" \/>\n<script type=\"application\/ld+json\" class=\"yoast-schema-graph\">{\"@context\":\"https:\/\/schema.org\",\"@graph\":[{\"@type\":\"WebPage\",\"@id\":\"https:\/\/limittools.test.consids5.se\/pl\/product\/refractometr-limit-1800\/\",\"url\":\"https:\/\/limittools.test.consids5.se\/pl\/product\/refractometr-limit-1800\/\",\"name\":\"REFRACTOMETR LIMIT 1800 - Precision measuring instruments | Limit\",\"isPartOf\":{\"@id\":\"https:\/\/limittools.test.consids5.se\/#website\"},\"datePublished\":\"2026-04-08T17:33:02+00:00\",\"dateModified\":\"2026-04-08T17:33:02+00:00\",\"breadcrumb\":{\"@id\":\"https:\/\/limittools.test.consids5.se\/pl\/product\/refractometr-limit-1800\/#breadcrumb\"},\"inLanguage\":\"pl-PL\",\"potentialAction\":[{\"@type\":\"ReadAction\",\"target\":[\"https:\/\/limittools.test.consids5.se\/pl\/product\/refractometr-limit-1800\/\"]}]},{\"@type\":\"BreadcrumbList\",\"@id\":\"https:\/\/limittools.test.consids5.se\/pl\/product\/refractometr-limit-1800\/#breadcrumb\",\"itemListElement\":[{\"@type\":\"ListItem\",\"position\":1,\"name\":\"Products\",\"item\":\"https:\/\/limittools.test.consids5.se\/products\/\"},{\"@type\":\"ListItem\",\"position\":2,\"name\":\"REFRACTOMETR LIMIT 1800\"}]},{\"@type\":\"WebSite\",\"@id\":\"https:\/\/limittools.test.consids5.se\/#website\",\"url\":\"https:\/\/limittools.test.consids5.se\/\",\"name\":\"Precision measuring instruments | Limit\",\"description\":\"Everything can be measured\",\"potentialAction\":[{\"@type\":\"SearchAction\",\"target\":{\"@type\":\"EntryPoint\",\"urlTemplate\":\"https:\/\/limittools.test.consids5.se\/?s={search_term_string}\"},\"query-input\":\"required name=search_term_string\"}],\"inLanguage\":\"pl-PL\"}]}<\/script>\n<!-- \/ Yoast SEO plugin. -->","yoast_head_json":{"title":"REFRACTOMETR LIMIT 1800 - Precision measuring instruments | Limit","robots":{"index":"index","follow":"follow","max-snippet":"max-snippet:-1","max-image-preview":"max-image-preview:large","max-video-preview":"max-video-preview:-1"},"canonical":"https:\/\/limittools.test.consids5.se\/pl\/product\/refractometr-limit-1800\/","og_locale":"pl_PL","og_type":"article","og_title":"REFRACTOMETR LIMIT 1800 - Precision measuring instruments | Limit","og_description":"Refraktometr do szybkiego i dok\u0142adnego pomiaru st\u0119\u017cenia roztwor\u00f3w wodnych, p\u0142yn\u00f3w ch\u0142odz\u0105co-smaruj\u0105cych i innych roztwor\u00f3w u\u017cywanych w przemy\u015ble. Pomaga operatorom obrabiarek [&hellip;]","og_url":"https:\/\/limittools.test.consids5.se\/pl\/product\/refractometr-limit-1800\/","og_site_name":"Precision measuring instruments | Limit","article_publisher":"https:\/\/www.facebook.com\/limittools\/","twitter_card":"summary_large_image","schema":{"@context":"https:\/\/schema.org","@graph":[{"@type":"WebPage","@id":"https:\/\/limittools.test.consids5.se\/pl\/product\/refractometr-limit-1800\/","url":"https:\/\/limittools.test.consids5.se\/pl\/product\/refractometr-limit-1800\/","name":"REFRACTOMETR LIMIT 1800 - Precision measuring instruments | Limit","isPartOf":{"@id":"https:\/\/limittools.test.consids5.se\/#website"},"datePublished":"2026-04-08T17:33:02+00:00","dateModified":"2026-04-08T17:33:02+00:00","breadcrumb":{"@id":"https:\/\/limittools.test.consids5.se\/pl\/product\/refractometr-limit-1800\/#breadcrumb"},"inLanguage":"pl-PL","potentialAction":[{"@type":"ReadAction","target":["https:\/\/limittools.test.consids5.se\/pl\/product\/refractometr-limit-1800\/"]}]},{"@type":"BreadcrumbList","@id":"https:\/\/limittools.test.consids5.se\/pl\/product\/refractometr-limit-1800\/#breadcrumb","itemListElement":[{"@type":"ListItem","position":1,"name":"Products","item":"https:\/\/limittools.test.consids5.se\/products\/"},{"@type":"ListItem","position":2,"name":"REFRACTOMETR LIMIT 1800"}]},{"@type":"WebSite","@id":"https:\/\/limittools.test.consids5.se\/#website","url":"https:\/\/limittools.test.consids5.se\/","name":"Precision measuring instruments | Limit","description":"Everything can be measured","potentialAction":[{"@type":"SearchAction","target":{"@type":"EntryPoint","urlTemplate":"https:\/\/limittools.test.consids5.se\/?s={search_term_string}"},"query-input":"required name=search_term_string"}],"inLanguage":"pl-PL"}]}},"_links":{"self":[{"href":"https:\/\/limittools.test.consids5.se\/pl\/wp-json\/wp\/v2\/product\/2858"}],"collection":[{"href":"https:\/\/limittools.test.consids5.se\/pl\/wp-json\/wp\/v2\/product"}],"about":[{"href":"https:\/\/limittools.test.consids5.se\/pl\/wp-json\/wp\/v2\/types\/product"}],"replies":[{"embeddable":true,"href":"https:\/\/limittools.test.consids5.se\/pl\/wp-json\/wp\/v2\/comments?post=2858"}],"wp:attachment":[{"href":"https:\/\/limittools.test.consids5.se\/pl\/wp-json\/wp\/v2\/media?parent=2858"}],"wp:term":[{"taxonomy":"product_cat","embeddable":true,"href":"https:\/\/limittools.test.consids5.se\/pl\/wp-json\/wp\/v2\/product_cat?post=2858"},{"taxonomy":"product_tag","embeddable":true,"href":"https:\/\/limittools.test.consids5.se\/pl\/wp-json\/wp\/v2\/product_tag?post=2858"}],"curies":[{"name":"wp","href":"https:\/\/api.w.org\/{rel}","templated":true}]}}