{"id":2918,"date":"2026-04-08T17:33:38","date_gmt":"2026-04-08T17:33:38","guid":{"rendered":"http:\/\/limit-tools.local\/product\/2918\/"},"modified":"2026-04-08T17:33:38","modified_gmt":"2026-04-08T17:33:38","slug":"decybelomierz-limit-7000","status":"publish","type":"product","link":"https:\/\/limittools.test.consids5.se\/pl\/product\/decybelomierz-limit-7000\/","title":{"rendered":"DECYBELOMIERZ LIMIT 7000"},"content":{"rendered":"<p>Cyfrowy miernik poziomu d\u017awi\u0119ku. Dwie r\u00f3\u017cne charakterystyki filtru A i C, oraz tryb pomiaru d\u017awi\u0119ku szybki lub powolny. Filtr A odpowiada charakterystyce cz\u0119stotliwo\u015bciowej ludzkiego ucha, i jest u\u017cywany przy \u015brodowiskowych pomiarach d\u017awi\u0119ku. Filtr C ma charakterystyk\u0119 liniow\u0105, i jest u\u017cywany przy kontroli maszyn. Tryb szybki (Fast) umo\u017cliwia \u015bledzenie szczytowych warto\u015bci nat\u0119\u017cenia d\u017awi\u0119ku. Tryb powolny (Slow) daje stabilny wynik pomiaru poziomu d\u017awi\u0119ku ulegaj\u0105cego powolnym zmianom lub pulsacji. Mo\u017cna mierzy\u0107 chwilow\u0105 warto\u015b\u0107 d\u017awi\u0119ku lub otrzyma\u0107 \u015bredni\u0105 warto\u015b\u0107 dla wybranego przedzia\u0142u czasowego od 10 sekund do 24 godzin. Wewn\u0119trzna pami\u0119\u0107 30 pomiar\u00f3w, ewentualnie, dla zapisywania warto\u015bci pomiarowych przyrz\u0105d mo\u017cne by\u0107 po\u0142\u0105czony z komputerem. Rejestracja warto\u015bci maks. Funkcja alarmu, kt\u00f3ra sygnalizuje na diodzie LED przekroczenie ustalonej warto\u015bci poziomu ha\u0142asu. Mo\u017ce te\u017c by\u0107 wy\u015bwietlony odsetek pomiar\u00f3w przekraczaj\u0105cych warto\u015b\u0107 alarmow\u0105 w okresie trwania pomiaru. Mo\u017cliwo\u015b\u0107 nastawiania wy\u0142\u0105czanie automatycznego lub r\u0119cznego. Wbudowana funkcja kalibracji 94 dB. Instrukcja obs\u0142ugi. Baterie nabywane oddzielnie.<br \/>\nSpe\u0142nia normy IEC 651 Typ 2, ANSI 1,4 Typ 2.<\/p>\n","protected":false},"excerpt":{"rendered":"Cyfrowy miernik poziomu d\u017awi\u0119ku. Dwie r\u00f3\u017cne charakterystyki filtru A i C, oraz tryb pomiaru d\u017awi\u0119ku szybki lub powolny. Filtr A [&hellip;]","protected":false},"featured_media":0,"comment_status":"closed","ping_status":"closed","template":"","meta":{"_acf_changed":false},"product_cat":[1807,509],"product_tag":[],"class_list":{"0":"post-2918","1":"product","2":"type-product","3":"status-publish","5":"product_cat-mierniki-poziomu-dzwieku-pl-mierniki-do-pomiarow-klimatycznych-i-srodowiskowych-pl-21","6":"product_cat-mierniki-do-pomiarow-klimatycznych-i-srodowiskowych-pl","8":"first","9":"instock","10":"shipping-taxable","11":"product-type-simple"},"acf":[],"yoast_head":"<!-- This site is optimized with the Yoast SEO plugin v23.2 - https:\/\/yoast.com\/wordpress\/plugins\/seo\/ -->\n<title>DECYBELOMIERZ LIMIT 7000 - Precision measuring instruments | Limit<\/title>\n<meta name=\"robots\" content=\"index, follow, max-snippet:-1, max-image-preview:large, max-video-preview:-1\" \/>\n<link rel=\"canonical\" href=\"https:\/\/limittools.test.consids5.se\/pl\/product\/decybelomierz-limit-7000\/\" \/>\n<meta property=\"og:locale\" content=\"pl_PL\" \/>\n<meta property=\"og:type\" content=\"article\" \/>\n<meta property=\"og:title\" content=\"DECYBELOMIERZ LIMIT 7000 - Precision measuring instruments | Limit\" \/>\n<meta property=\"og:description\" content=\"Cyfrowy miernik poziomu d\u017awi\u0119ku. Dwie r\u00f3\u017cne charakterystyki filtru A i C, oraz tryb pomiaru d\u017awi\u0119ku szybki lub powolny. Filtr A [&hellip;]\" \/>\n<meta property=\"og:url\" content=\"https:\/\/limittools.test.consids5.se\/pl\/product\/decybelomierz-limit-7000\/\" \/>\n<meta property=\"og:site_name\" content=\"Precision measuring instruments | Limit\" \/>\n<meta property=\"article:publisher\" content=\"https:\/\/www.facebook.com\/limittools\/\" \/>\n<meta name=\"twitter:card\" content=\"summary_large_image\" \/>\n<meta name=\"twitter:label1\" content=\"Est. reading time\" \/>\n\t<meta name=\"twitter:data1\" content=\"1 minute\" \/>\n<script type=\"application\/ld+json\" class=\"yoast-schema-graph\">{\"@context\":\"https:\/\/schema.org\",\"@graph\":[{\"@type\":\"WebPage\",\"@id\":\"https:\/\/limittools.test.consids5.se\/pl\/product\/decybelomierz-limit-7000\/\",\"url\":\"https:\/\/limittools.test.consids5.se\/pl\/product\/decybelomierz-limit-7000\/\",\"name\":\"DECYBELOMIERZ LIMIT 7000 - Precision measuring instruments | Limit\",\"isPartOf\":{\"@id\":\"https:\/\/limittools.test.consids5.se\/#website\"},\"datePublished\":\"2026-04-08T17:33:38+00:00\",\"dateModified\":\"2026-04-08T17:33:38+00:00\",\"breadcrumb\":{\"@id\":\"https:\/\/limittools.test.consids5.se\/pl\/product\/decybelomierz-limit-7000\/#breadcrumb\"},\"inLanguage\":\"pl-PL\",\"potentialAction\":[{\"@type\":\"ReadAction\",\"target\":[\"https:\/\/limittools.test.consids5.se\/pl\/product\/decybelomierz-limit-7000\/\"]}]},{\"@type\":\"BreadcrumbList\",\"@id\":\"https:\/\/limittools.test.consids5.se\/pl\/product\/decybelomierz-limit-7000\/#breadcrumb\",\"itemListElement\":[{\"@type\":\"ListItem\",\"position\":1,\"name\":\"Products\",\"item\":\"https:\/\/limittools.test.consids5.se\/products\/\"},{\"@type\":\"ListItem\",\"position\":2,\"name\":\"DECYBELOMIERZ LIMIT 7000\"}]},{\"@type\":\"WebSite\",\"@id\":\"https:\/\/limittools.test.consids5.se\/#website\",\"url\":\"https:\/\/limittools.test.consids5.se\/\",\"name\":\"Precision measuring instruments | Limit\",\"description\":\"Everything can be measured\",\"potentialAction\":[{\"@type\":\"SearchAction\",\"target\":{\"@type\":\"EntryPoint\",\"urlTemplate\":\"https:\/\/limittools.test.consids5.se\/?s={search_term_string}\"},\"query-input\":\"required name=search_term_string\"}],\"inLanguage\":\"pl-PL\"}]}<\/script>\n<!-- \/ Yoast SEO plugin. -->","yoast_head_json":{"title":"DECYBELOMIERZ LIMIT 7000 - Precision measuring instruments | Limit","robots":{"index":"index","follow":"follow","max-snippet":"max-snippet:-1","max-image-preview":"max-image-preview:large","max-video-preview":"max-video-preview:-1"},"canonical":"https:\/\/limittools.test.consids5.se\/pl\/product\/decybelomierz-limit-7000\/","og_locale":"pl_PL","og_type":"article","og_title":"DECYBELOMIERZ LIMIT 7000 - Precision measuring instruments | Limit","og_description":"Cyfrowy miernik poziomu d\u017awi\u0119ku. Dwie r\u00f3\u017cne charakterystyki filtru A i C, oraz tryb pomiaru d\u017awi\u0119ku szybki lub powolny. Filtr A [&hellip;]","og_url":"https:\/\/limittools.test.consids5.se\/pl\/product\/decybelomierz-limit-7000\/","og_site_name":"Precision measuring instruments | Limit","article_publisher":"https:\/\/www.facebook.com\/limittools\/","twitter_card":"summary_large_image","twitter_misc":{"Est. reading time":"1 minute"},"schema":{"@context":"https:\/\/schema.org","@graph":[{"@type":"WebPage","@id":"https:\/\/limittools.test.consids5.se\/pl\/product\/decybelomierz-limit-7000\/","url":"https:\/\/limittools.test.consids5.se\/pl\/product\/decybelomierz-limit-7000\/","name":"DECYBELOMIERZ LIMIT 7000 - Precision measuring instruments | Limit","isPartOf":{"@id":"https:\/\/limittools.test.consids5.se\/#website"},"datePublished":"2026-04-08T17:33:38+00:00","dateModified":"2026-04-08T17:33:38+00:00","breadcrumb":{"@id":"https:\/\/limittools.test.consids5.se\/pl\/product\/decybelomierz-limit-7000\/#breadcrumb"},"inLanguage":"pl-PL","potentialAction":[{"@type":"ReadAction","target":["https:\/\/limittools.test.consids5.se\/pl\/product\/decybelomierz-limit-7000\/"]}]},{"@type":"BreadcrumbList","@id":"https:\/\/limittools.test.consids5.se\/pl\/product\/decybelomierz-limit-7000\/#breadcrumb","itemListElement":[{"@type":"ListItem","position":1,"name":"Products","item":"https:\/\/limittools.test.consids5.se\/products\/"},{"@type":"ListItem","position":2,"name":"DECYBELOMIERZ LIMIT 7000"}]},{"@type":"WebSite","@id":"https:\/\/limittools.test.consids5.se\/#website","url":"https:\/\/limittools.test.consids5.se\/","name":"Precision measuring instruments | Limit","description":"Everything can be measured","potentialAction":[{"@type":"SearchAction","target":{"@type":"EntryPoint","urlTemplate":"https:\/\/limittools.test.consids5.se\/?s={search_term_string}"},"query-input":"required name=search_term_string"}],"inLanguage":"pl-PL"}]}},"_links":{"self":[{"href":"https:\/\/limittools.test.consids5.se\/pl\/wp-json\/wp\/v2\/product\/2918"}],"collection":[{"href":"https:\/\/limittools.test.consids5.se\/pl\/wp-json\/wp\/v2\/product"}],"about":[{"href":"https:\/\/limittools.test.consids5.se\/pl\/wp-json\/wp\/v2\/types\/product"}],"replies":[{"embeddable":true,"href":"https:\/\/limittools.test.consids5.se\/pl\/wp-json\/wp\/v2\/comments?post=2918"}],"wp:attachment":[{"href":"https:\/\/limittools.test.consids5.se\/pl\/wp-json\/wp\/v2\/media?parent=2918"}],"wp:term":[{"taxonomy":"product_cat","embeddable":true,"href":"https:\/\/limittools.test.consids5.se\/pl\/wp-json\/wp\/v2\/product_cat?post=2918"},{"taxonomy":"product_tag","embeddable":true,"href":"https:\/\/limittools.test.consids5.se\/pl\/wp-json\/wp\/v2\/product_tag?post=2918"}],"curies":[{"name":"wp","href":"https:\/\/api.w.org\/{rel}","templated":true}]}}