{"id":2941,"date":"2021-12-16T13:01:11","date_gmt":"2021-12-16T13:01:11","guid":{"rendered":"http:\/\/limit-tools.local\/product\/2941\/"},"modified":"2021-12-16T13:01:11","modified_gmt":"2021-12-16T13:01:11","slug":"multimetr-cyfrowy-limit-500","status":"publish","type":"product","link":"https:\/\/limittools.test.consids5.se\/pl\/product\/multimetr-cyfrowy-limit-500\/","title":{"rendered":"MULTIMETR CYFROWY LIMIT 500"},"content":{"rendered":"<p>Multimetr cyfrowy o du\u017cym wy\u015bwietlaczu, wskazuj\u0105cym poprawno\u015b\u0107 do\u0142\u0105czenia kabelk\u00f3w oraz wybrany zakres. Do mierzenia napi\u0119cia sta\u0142ego\/zmiennego, pr\u0105du sta\u0142ego\/zmiennego, rezystancji, pojemno\u015bci, cz\u0119stotliwo\u015bci, temperatury. Ponadto posiada nast\u0119puj\u0105ce funkcje: test diodowy, test tranzystor\u00f3w, test ci\u0105g\u0142o\u015bci obwodu z sygnalizacj\u0105 akustyczn\u0105, pami\u0119\u0107 wyniku pomiaru &#8220;datahold&#8221;, sygnalizacja niskiego stanu baterii. Automatyczne wy\u0142\u0105czanie.Dostarczany w komplecie z kabelkami pomiarowymi, z\u0142\u0105czem uniwersalnym, przetwornikiem temperatury typu K do maks. 260\u00b0C, bateri\u0105 i instrukcj\u0105 obs\u0142ugi. Os\u0142ona gumowa i odk\u0142adana podp\u00f3rka.D\u0142ugo\u015b\u0107 podzia\u0142ki 1999. Izolacja CAT II 1000 V \/ CAT III 600 V wg IEC 61010. Zabezpieczenie zakres\u00f3w do maks. 200mA.<\/p>\n","protected":false},"excerpt":{"rendered":"Multimetr cyfrowy o du\u017cym wy\u015bwietlaczu, wskazuj\u0105cym poprawno\u015b\u0107 do\u0142\u0105czenia kabelk\u00f3w oraz wybrany zakres. Do mierzenia napi\u0119cia sta\u0142ego\/zmiennego, pr\u0105du sta\u0142ego\/zmiennego, rezystancji, pojemno\u015bci, [&hellip;]","protected":false},"featured_media":0,"comment_status":"closed","ping_status":"closed","template":"","meta":{"_acf_changed":false},"product_cat":[341,419],"product_tag":[],"class_list":{"0":"post-2941","1":"product","2":"type-product","3":"status-publish","5":"product_cat-testy-instalacji-elektrycznych-pl","6":"product_cat-multimetry-pl","8":"first","9":"instock","10":"shipping-taxable","11":"product-type-simple"},"acf":[],"yoast_head":"<!-- This site is optimized with the Yoast SEO plugin v23.2 - https:\/\/yoast.com\/wordpress\/plugins\/seo\/ -->\n<title>MULTIMETR CYFROWY LIMIT 500 - Precision measuring instruments | Limit<\/title>\n<meta name=\"robots\" content=\"index, follow, max-snippet:-1, max-image-preview:large, max-video-preview:-1\" \/>\n<link rel=\"canonical\" href=\"https:\/\/limittools.test.consids5.se\/pl\/product\/multimetr-cyfrowy-limit-500\/\" \/>\n<meta property=\"og:locale\" content=\"pl_PL\" \/>\n<meta property=\"og:type\" content=\"article\" \/>\n<meta property=\"og:title\" content=\"MULTIMETR CYFROWY LIMIT 500 - Precision measuring instruments | Limit\" \/>\n<meta property=\"og:description\" content=\"Multimetr cyfrowy o du\u017cym wy\u015bwietlaczu, wskazuj\u0105cym poprawno\u015b\u0107 do\u0142\u0105czenia kabelk\u00f3w oraz wybrany zakres. Do mierzenia napi\u0119cia sta\u0142ego\/zmiennego, pr\u0105du sta\u0142ego\/zmiennego, rezystancji, pojemno\u015bci, [&hellip;]\" \/>\n<meta property=\"og:url\" content=\"https:\/\/limittools.test.consids5.se\/pl\/product\/multimetr-cyfrowy-limit-500\/\" \/>\n<meta property=\"og:site_name\" content=\"Precision measuring instruments | Limit\" \/>\n<meta property=\"article:publisher\" content=\"https:\/\/www.facebook.com\/limittools\/\" \/>\n<meta name=\"twitter:card\" content=\"summary_large_image\" \/>\n<meta name=\"twitter:label1\" content=\"Est. reading time\" \/>\n\t<meta name=\"twitter:data1\" content=\"1 minute\" \/>\n<script type=\"application\/ld+json\" class=\"yoast-schema-graph\">{\"@context\":\"https:\/\/schema.org\",\"@graph\":[{\"@type\":\"WebPage\",\"@id\":\"https:\/\/limittools.test.consids5.se\/pl\/product\/multimetr-cyfrowy-limit-500\/\",\"url\":\"https:\/\/limittools.test.consids5.se\/pl\/product\/multimetr-cyfrowy-limit-500\/\",\"name\":\"MULTIMETR CYFROWY LIMIT 500 - Precision measuring instruments | Limit\",\"isPartOf\":{\"@id\":\"https:\/\/limittools.test.consids5.se\/#website\"},\"datePublished\":\"2021-12-16T13:01:11+00:00\",\"dateModified\":\"2021-12-16T13:01:11+00:00\",\"breadcrumb\":{\"@id\":\"https:\/\/limittools.test.consids5.se\/pl\/product\/multimetr-cyfrowy-limit-500\/#breadcrumb\"},\"inLanguage\":\"pl-PL\",\"potentialAction\":[{\"@type\":\"ReadAction\",\"target\":[\"https:\/\/limittools.test.consids5.se\/pl\/product\/multimetr-cyfrowy-limit-500\/\"]}]},{\"@type\":\"BreadcrumbList\",\"@id\":\"https:\/\/limittools.test.consids5.se\/pl\/product\/multimetr-cyfrowy-limit-500\/#breadcrumb\",\"itemListElement\":[{\"@type\":\"ListItem\",\"position\":1,\"name\":\"Products\",\"item\":\"https:\/\/limittools.test.consids5.se\/products\/\"},{\"@type\":\"ListItem\",\"position\":2,\"name\":\"MULTIMETR CYFROWY LIMIT 500\"}]},{\"@type\":\"WebSite\",\"@id\":\"https:\/\/limittools.test.consids5.se\/#website\",\"url\":\"https:\/\/limittools.test.consids5.se\/\",\"name\":\"Precision measuring instruments | Limit\",\"description\":\"Everything can be measured\",\"potentialAction\":[{\"@type\":\"SearchAction\",\"target\":{\"@type\":\"EntryPoint\",\"urlTemplate\":\"https:\/\/limittools.test.consids5.se\/?s={search_term_string}\"},\"query-input\":\"required name=search_term_string\"}],\"inLanguage\":\"pl-PL\"}]}<\/script>\n<!-- \/ Yoast SEO plugin. -->","yoast_head_json":{"title":"MULTIMETR CYFROWY LIMIT 500 - Precision measuring instruments | Limit","robots":{"index":"index","follow":"follow","max-snippet":"max-snippet:-1","max-image-preview":"max-image-preview:large","max-video-preview":"max-video-preview:-1"},"canonical":"https:\/\/limittools.test.consids5.se\/pl\/product\/multimetr-cyfrowy-limit-500\/","og_locale":"pl_PL","og_type":"article","og_title":"MULTIMETR CYFROWY LIMIT 500 - Precision measuring instruments | Limit","og_description":"Multimetr cyfrowy o du\u017cym wy\u015bwietlaczu, wskazuj\u0105cym poprawno\u015b\u0107 do\u0142\u0105czenia kabelk\u00f3w oraz wybrany zakres. Do mierzenia napi\u0119cia sta\u0142ego\/zmiennego, pr\u0105du sta\u0142ego\/zmiennego, rezystancji, pojemno\u015bci, [&hellip;]","og_url":"https:\/\/limittools.test.consids5.se\/pl\/product\/multimetr-cyfrowy-limit-500\/","og_site_name":"Precision measuring instruments | Limit","article_publisher":"https:\/\/www.facebook.com\/limittools\/","twitter_card":"summary_large_image","twitter_misc":{"Est. reading time":"1 minute"},"schema":{"@context":"https:\/\/schema.org","@graph":[{"@type":"WebPage","@id":"https:\/\/limittools.test.consids5.se\/pl\/product\/multimetr-cyfrowy-limit-500\/","url":"https:\/\/limittools.test.consids5.se\/pl\/product\/multimetr-cyfrowy-limit-500\/","name":"MULTIMETR CYFROWY LIMIT 500 - Precision measuring instruments | Limit","isPartOf":{"@id":"https:\/\/limittools.test.consids5.se\/#website"},"datePublished":"2021-12-16T13:01:11+00:00","dateModified":"2021-12-16T13:01:11+00:00","breadcrumb":{"@id":"https:\/\/limittools.test.consids5.se\/pl\/product\/multimetr-cyfrowy-limit-500\/#breadcrumb"},"inLanguage":"pl-PL","potentialAction":[{"@type":"ReadAction","target":["https:\/\/limittools.test.consids5.se\/pl\/product\/multimetr-cyfrowy-limit-500\/"]}]},{"@type":"BreadcrumbList","@id":"https:\/\/limittools.test.consids5.se\/pl\/product\/multimetr-cyfrowy-limit-500\/#breadcrumb","itemListElement":[{"@type":"ListItem","position":1,"name":"Products","item":"https:\/\/limittools.test.consids5.se\/products\/"},{"@type":"ListItem","position":2,"name":"MULTIMETR CYFROWY LIMIT 500"}]},{"@type":"WebSite","@id":"https:\/\/limittools.test.consids5.se\/#website","url":"https:\/\/limittools.test.consids5.se\/","name":"Precision measuring instruments | Limit","description":"Everything can be measured","potentialAction":[{"@type":"SearchAction","target":{"@type":"EntryPoint","urlTemplate":"https:\/\/limittools.test.consids5.se\/?s={search_term_string}"},"query-input":"required name=search_term_string"}],"inLanguage":"pl-PL"}]}},"_links":{"self":[{"href":"https:\/\/limittools.test.consids5.se\/pl\/wp-json\/wp\/v2\/product\/2941"}],"collection":[{"href":"https:\/\/limittools.test.consids5.se\/pl\/wp-json\/wp\/v2\/product"}],"about":[{"href":"https:\/\/limittools.test.consids5.se\/pl\/wp-json\/wp\/v2\/types\/product"}],"replies":[{"embeddable":true,"href":"https:\/\/limittools.test.consids5.se\/pl\/wp-json\/wp\/v2\/comments?post=2941"}],"wp:attachment":[{"href":"https:\/\/limittools.test.consids5.se\/pl\/wp-json\/wp\/v2\/media?parent=2941"}],"wp:term":[{"taxonomy":"product_cat","embeddable":true,"href":"https:\/\/limittools.test.consids5.se\/pl\/wp-json\/wp\/v2\/product_cat?post=2941"},{"taxonomy":"product_tag","embeddable":true,"href":"https:\/\/limittools.test.consids5.se\/pl\/wp-json\/wp\/v2\/product_tag?post=2941"}],"curies":[{"name":"wp","href":"https:\/\/api.w.org\/{rel}","templated":true}]}}