{"id":2953,"date":"2026-04-08T17:33:53","date_gmt":"2026-04-08T17:33:53","guid":{"rendered":"http:\/\/limit-tools.local\/product\/2953\/"},"modified":"2026-04-08T17:33:53","modified_gmt":"2026-04-08T17:33:53","slug":"twardosciomierz-do-gumy-limit-4000","status":"publish","type":"product","link":"https:\/\/limittools.test.consids5.se\/pl\/product\/twardosciomierz-do-gumy-limit-4000\/","title":{"rendered":"TWARDOSCIOMIERZ DO GUMY LIMIT 4000"},"content":{"rendered":"<p>Do mierzenia twardo\u015bci materia\u0142\u00f3w mi\u0119kkich, np. gumy, mi\u0119kkich tworzyw sztucznych, sk\u00f3ry itp.<br \/>\nKo\u0144c\u00f3wka pomiarowa uderza w materia\u0142 pod wp\u0142ywem spr\u0119\u017cyny, a na wy\u015bwietlaczu pokazuje si\u0119 warto\u015b\u0107 twardo\u015bci w skali Shore A.<br \/>\nPowierzchnia pomiarowa winna by\u0107 mo\u017cliwie g\u0142adka, pole pomiarowe winno mie\u0107 \u015brednic\u0119 co najmniej 12 mm, a pomiar nale\u017cy prowadzi\u0107 w odleg\u0142o\u015bci co najmniej 12 mm od brzegu materia\u0142u. Na do\u0142\u0105czonym bloczku testowym mo\u017cna przeprowadzi\u0107 kalibracj\u0119. Przyrz\u0105d ma funkcj\u0119 wyznaczania warto\u015bci \u015bredniej z od 2 do 9 pomiar\u00f3w. Automatyczne wy\u0142\u0105czanie po 1 minucie. Przyrz\u0105d spe\u0142nia wymagania norm DIN 53505, ISO 868, ASTM D 2240.<\/p>\n","protected":false},"excerpt":{"rendered":"Do mierzenia twardo\u015bci materia\u0142\u00f3w mi\u0119kkich, np. gumy, mi\u0119kkich tworzyw sztucznych, sk\u00f3ry itp. Ko\u0144c\u00f3wka pomiarowa uderza w materia\u0142 pod wp\u0142ywem spr\u0119\u017cyny, [&hellip;]","protected":false},"featured_media":0,"comment_status":"closed","ping_status":"closed","template":"","meta":{"_acf_changed":false},"product_cat":[322,464],"product_tag":[],"class_list":{"0":"post-2953","1":"product","2":"type-product","3":"status-publish","5":"product_cat-inspekcja-pl","6":"product_cat-twardosciomierze-pl","8":"first","9":"instock","10":"shipping-taxable","11":"product-type-simple"},"acf":[],"yoast_head":"<!-- This site is optimized with the Yoast SEO plugin v23.2 - https:\/\/yoast.com\/wordpress\/plugins\/seo\/ -->\n<title>TWARDOSCIOMIERZ DO GUMY LIMIT 4000 - Precision measuring instruments | Limit<\/title>\n<meta name=\"robots\" content=\"index, follow, max-snippet:-1, max-image-preview:large, max-video-preview:-1\" \/>\n<link rel=\"canonical\" href=\"https:\/\/limittools.test.consids5.se\/pl\/product\/twardosciomierz-do-gumy-limit-4000\/\" \/>\n<meta property=\"og:locale\" content=\"pl_PL\" \/>\n<meta property=\"og:type\" content=\"article\" \/>\n<meta property=\"og:title\" content=\"TWARDOSCIOMIERZ DO GUMY LIMIT 4000 - Precision measuring instruments | Limit\" \/>\n<meta property=\"og:description\" content=\"Do mierzenia twardo\u015bci materia\u0142\u00f3w mi\u0119kkich, np. gumy, mi\u0119kkich tworzyw sztucznych, sk\u00f3ry itp. Ko\u0144c\u00f3wka pomiarowa uderza w materia\u0142 pod wp\u0142ywem spr\u0119\u017cyny, [&hellip;]\" \/>\n<meta property=\"og:url\" content=\"https:\/\/limittools.test.consids5.se\/pl\/product\/twardosciomierz-do-gumy-limit-4000\/\" \/>\n<meta property=\"og:site_name\" content=\"Precision measuring instruments | Limit\" \/>\n<meta property=\"article:publisher\" content=\"https:\/\/www.facebook.com\/limittools\/\" \/>\n<meta name=\"twitter:card\" content=\"summary_large_image\" \/>\n<meta name=\"twitter:label1\" content=\"Est. reading time\" \/>\n\t<meta name=\"twitter:data1\" content=\"1 minute\" \/>\n<script type=\"application\/ld+json\" class=\"yoast-schema-graph\">{\"@context\":\"https:\/\/schema.org\",\"@graph\":[{\"@type\":\"WebPage\",\"@id\":\"https:\/\/limittools.test.consids5.se\/pl\/product\/twardosciomierz-do-gumy-limit-4000\/\",\"url\":\"https:\/\/limittools.test.consids5.se\/pl\/product\/twardosciomierz-do-gumy-limit-4000\/\",\"name\":\"TWARDOSCIOMIERZ DO GUMY LIMIT 4000 - Precision measuring instruments | Limit\",\"isPartOf\":{\"@id\":\"https:\/\/limittools.test.consids5.se\/#website\"},\"datePublished\":\"2026-04-08T17:33:53+00:00\",\"dateModified\":\"2026-04-08T17:33:53+00:00\",\"breadcrumb\":{\"@id\":\"https:\/\/limittools.test.consids5.se\/pl\/product\/twardosciomierz-do-gumy-limit-4000\/#breadcrumb\"},\"inLanguage\":\"pl-PL\",\"potentialAction\":[{\"@type\":\"ReadAction\",\"target\":[\"https:\/\/limittools.test.consids5.se\/pl\/product\/twardosciomierz-do-gumy-limit-4000\/\"]}]},{\"@type\":\"BreadcrumbList\",\"@id\":\"https:\/\/limittools.test.consids5.se\/pl\/product\/twardosciomierz-do-gumy-limit-4000\/#breadcrumb\",\"itemListElement\":[{\"@type\":\"ListItem\",\"position\":1,\"name\":\"Products\",\"item\":\"https:\/\/limittools.test.consids5.se\/products\/\"},{\"@type\":\"ListItem\",\"position\":2,\"name\":\"TWARDOSCIOMIERZ DO GUMY LIMIT 4000\"}]},{\"@type\":\"WebSite\",\"@id\":\"https:\/\/limittools.test.consids5.se\/#website\",\"url\":\"https:\/\/limittools.test.consids5.se\/\",\"name\":\"Precision measuring instruments | Limit\",\"description\":\"Everything can be measured\",\"potentialAction\":[{\"@type\":\"SearchAction\",\"target\":{\"@type\":\"EntryPoint\",\"urlTemplate\":\"https:\/\/limittools.test.consids5.se\/?s={search_term_string}\"},\"query-input\":\"required name=search_term_string\"}],\"inLanguage\":\"pl-PL\"}]}<\/script>\n<!-- \/ Yoast SEO plugin. -->","yoast_head_json":{"title":"TWARDOSCIOMIERZ DO GUMY LIMIT 4000 - Precision measuring instruments | Limit","robots":{"index":"index","follow":"follow","max-snippet":"max-snippet:-1","max-image-preview":"max-image-preview:large","max-video-preview":"max-video-preview:-1"},"canonical":"https:\/\/limittools.test.consids5.se\/pl\/product\/twardosciomierz-do-gumy-limit-4000\/","og_locale":"pl_PL","og_type":"article","og_title":"TWARDOSCIOMIERZ DO GUMY LIMIT 4000 - Precision measuring instruments | Limit","og_description":"Do mierzenia twardo\u015bci materia\u0142\u00f3w mi\u0119kkich, np. gumy, mi\u0119kkich tworzyw sztucznych, sk\u00f3ry itp. Ko\u0144c\u00f3wka pomiarowa uderza w materia\u0142 pod wp\u0142ywem spr\u0119\u017cyny, [&hellip;]","og_url":"https:\/\/limittools.test.consids5.se\/pl\/product\/twardosciomierz-do-gumy-limit-4000\/","og_site_name":"Precision measuring instruments | Limit","article_publisher":"https:\/\/www.facebook.com\/limittools\/","twitter_card":"summary_large_image","twitter_misc":{"Est. reading time":"1 minute"},"schema":{"@context":"https:\/\/schema.org","@graph":[{"@type":"WebPage","@id":"https:\/\/limittools.test.consids5.se\/pl\/product\/twardosciomierz-do-gumy-limit-4000\/","url":"https:\/\/limittools.test.consids5.se\/pl\/product\/twardosciomierz-do-gumy-limit-4000\/","name":"TWARDOSCIOMIERZ DO GUMY LIMIT 4000 - Precision measuring instruments | Limit","isPartOf":{"@id":"https:\/\/limittools.test.consids5.se\/#website"},"datePublished":"2026-04-08T17:33:53+00:00","dateModified":"2026-04-08T17:33:53+00:00","breadcrumb":{"@id":"https:\/\/limittools.test.consids5.se\/pl\/product\/twardosciomierz-do-gumy-limit-4000\/#breadcrumb"},"inLanguage":"pl-PL","potentialAction":[{"@type":"ReadAction","target":["https:\/\/limittools.test.consids5.se\/pl\/product\/twardosciomierz-do-gumy-limit-4000\/"]}]},{"@type":"BreadcrumbList","@id":"https:\/\/limittools.test.consids5.se\/pl\/product\/twardosciomierz-do-gumy-limit-4000\/#breadcrumb","itemListElement":[{"@type":"ListItem","position":1,"name":"Products","item":"https:\/\/limittools.test.consids5.se\/products\/"},{"@type":"ListItem","position":2,"name":"TWARDOSCIOMIERZ DO GUMY LIMIT 4000"}]},{"@type":"WebSite","@id":"https:\/\/limittools.test.consids5.se\/#website","url":"https:\/\/limittools.test.consids5.se\/","name":"Precision measuring instruments | Limit","description":"Everything can be measured","potentialAction":[{"@type":"SearchAction","target":{"@type":"EntryPoint","urlTemplate":"https:\/\/limittools.test.consids5.se\/?s={search_term_string}"},"query-input":"required name=search_term_string"}],"inLanguage":"pl-PL"}]}},"_links":{"self":[{"href":"https:\/\/limittools.test.consids5.se\/pl\/wp-json\/wp\/v2\/product\/2953"}],"collection":[{"href":"https:\/\/limittools.test.consids5.se\/pl\/wp-json\/wp\/v2\/product"}],"about":[{"href":"https:\/\/limittools.test.consids5.se\/pl\/wp-json\/wp\/v2\/types\/product"}],"replies":[{"embeddable":true,"href":"https:\/\/limittools.test.consids5.se\/pl\/wp-json\/wp\/v2\/comments?post=2953"}],"wp:attachment":[{"href":"https:\/\/limittools.test.consids5.se\/pl\/wp-json\/wp\/v2\/media?parent=2953"}],"wp:term":[{"taxonomy":"product_cat","embeddable":true,"href":"https:\/\/limittools.test.consids5.se\/pl\/wp-json\/wp\/v2\/product_cat?post=2953"},{"taxonomy":"product_tag","embeddable":true,"href":"https:\/\/limittools.test.consids5.se\/pl\/wp-json\/wp\/v2\/product_tag?post=2953"}],"curies":[{"name":"wp","href":"https:\/\/api.w.org\/{rel}","templated":true}]}}