{"id":2993,"date":"2026-04-08T17:34:13","date_gmt":"2026-04-08T17:34:13","guid":{"rendered":"http:\/\/limit-tools.local\/product\/2993\/"},"modified":"2026-04-08T17:34:13","modified_gmt":"2026-04-08T17:34:13","slug":"przymiar-150x15x05mm","status":"publish","type":"product","link":"https:\/\/limittools.test.consids5.se\/pl\/product\/przymiar-150x15x05mm\/","title":{"rendered":"PRZYMIAR 150X15X0,5MM"},"content":{"rendered":"<p>Przymiar kreskowy stalowy z hartowanej stali nierdzewnej. Z powierzchni\u0105 chromowan\u0105 na mat, zapewniaj\u0105c\u0105 bezodblaskowy odczyt. D\u0142ugo\u015bci 150, 300 i 600 mm maj\u0105 podzia\u0142k\u0119 milimetrow\u0105 naniesion\u0105 przy kraw\u0119dzi g\u00f3rnej i p\u00f3\u0142milimetrow\u0105 przy kraw\u0119dzi dolnej. D\u0142ugo\u015bci 1000, 2000 i 3000 mm maj\u0105 przy kraw\u0119dzi g\u00f3rnej, na odcinku pierwszych 100 mm, naniesion\u0105 podzia\u0142k\u0119 p\u00f3\u0142milimetrow\u0105, a przy kraw\u0119dzi dolnej milimetrow\u0105 na ca\u0142ej d\u0142ugo\u015bci. Wszystkie przymiary s\u0105 wolne od oznacze\u0144 po spodniej stronie.<\/p>\n","protected":false},"excerpt":{"rendered":"Przymiar kreskowy stalowy z hartowanej stali nierdzewnej. Z powierzchni\u0105 chromowan\u0105 na mat, zapewniaj\u0105c\u0105 bezodblaskowy odczyt. D\u0142ugo\u015bci 150, 300 i 600 [&hellip;]","protected":false},"featured_media":0,"comment_status":"closed","ping_status":"closed","template":"","meta":{"_acf_changed":false},"product_cat":[247,248],"product_tag":[],"class_list":{"0":"post-2993","1":"product","2":"type-product","3":"status-publish","5":"product_cat-pomiary-warsztatowe-pl","6":"product_cat-podzialki-pl","8":"first","9":"instock","10":"shipping-taxable","11":"product-type-simple"},"acf":[],"yoast_head":"<!-- This site is optimized with the Yoast SEO plugin v23.2 - https:\/\/yoast.com\/wordpress\/plugins\/seo\/ -->\n<title>PRZYMIAR 150X15X0,5MM - Precision measuring instruments | Limit<\/title>\n<meta name=\"robots\" content=\"index, follow, max-snippet:-1, max-image-preview:large, max-video-preview:-1\" \/>\n<link rel=\"canonical\" href=\"https:\/\/limittools.test.consids5.se\/pl\/product\/przymiar-150x15x05mm\/\" \/>\n<meta property=\"og:locale\" content=\"pl_PL\" \/>\n<meta property=\"og:type\" content=\"article\" \/>\n<meta property=\"og:title\" content=\"PRZYMIAR 150X15X0,5MM - Precision measuring instruments | Limit\" \/>\n<meta property=\"og:description\" content=\"Przymiar kreskowy stalowy z hartowanej stali nierdzewnej. Z powierzchni\u0105 chromowan\u0105 na mat, zapewniaj\u0105c\u0105 bezodblaskowy odczyt. D\u0142ugo\u015bci 150, 300 i 600 [&hellip;]\" \/>\n<meta property=\"og:url\" content=\"https:\/\/limittools.test.consids5.se\/pl\/product\/przymiar-150x15x05mm\/\" \/>\n<meta property=\"og:site_name\" content=\"Precision measuring instruments | Limit\" \/>\n<meta property=\"article:publisher\" content=\"https:\/\/www.facebook.com\/limittools\/\" \/>\n<meta name=\"twitter:card\" content=\"summary_large_image\" \/>\n<script type=\"application\/ld+json\" class=\"yoast-schema-graph\">{\"@context\":\"https:\/\/schema.org\",\"@graph\":[{\"@type\":\"WebPage\",\"@id\":\"https:\/\/limittools.test.consids5.se\/pl\/product\/przymiar-150x15x05mm\/\",\"url\":\"https:\/\/limittools.test.consids5.se\/pl\/product\/przymiar-150x15x05mm\/\",\"name\":\"PRZYMIAR 150X15X0,5MM - Precision measuring instruments | Limit\",\"isPartOf\":{\"@id\":\"https:\/\/limittools.test.consids5.se\/#website\"},\"datePublished\":\"2026-04-08T17:34:13+00:00\",\"dateModified\":\"2026-04-08T17:34:13+00:00\",\"breadcrumb\":{\"@id\":\"https:\/\/limittools.test.consids5.se\/pl\/product\/przymiar-150x15x05mm\/#breadcrumb\"},\"inLanguage\":\"pl-PL\",\"potentialAction\":[{\"@type\":\"ReadAction\",\"target\":[\"https:\/\/limittools.test.consids5.se\/pl\/product\/przymiar-150x15x05mm\/\"]}]},{\"@type\":\"BreadcrumbList\",\"@id\":\"https:\/\/limittools.test.consids5.se\/pl\/product\/przymiar-150x15x05mm\/#breadcrumb\",\"itemListElement\":[{\"@type\":\"ListItem\",\"position\":1,\"name\":\"Products\",\"item\":\"https:\/\/limittools.test.consids5.se\/products\/\"},{\"@type\":\"ListItem\",\"position\":2,\"name\":\"PRZYMIAR 150X15X0,5MM\"}]},{\"@type\":\"WebSite\",\"@id\":\"https:\/\/limittools.test.consids5.se\/#website\",\"url\":\"https:\/\/limittools.test.consids5.se\/\",\"name\":\"Precision measuring instruments | Limit\",\"description\":\"Everything can be measured\",\"potentialAction\":[{\"@type\":\"SearchAction\",\"target\":{\"@type\":\"EntryPoint\",\"urlTemplate\":\"https:\/\/limittools.test.consids5.se\/?s={search_term_string}\"},\"query-input\":\"required name=search_term_string\"}],\"inLanguage\":\"pl-PL\"}]}<\/script>\n<!-- \/ Yoast SEO plugin. -->","yoast_head_json":{"title":"PRZYMIAR 150X15X0,5MM - Precision measuring instruments | Limit","robots":{"index":"index","follow":"follow","max-snippet":"max-snippet:-1","max-image-preview":"max-image-preview:large","max-video-preview":"max-video-preview:-1"},"canonical":"https:\/\/limittools.test.consids5.se\/pl\/product\/przymiar-150x15x05mm\/","og_locale":"pl_PL","og_type":"article","og_title":"PRZYMIAR 150X15X0,5MM - Precision measuring instruments | Limit","og_description":"Przymiar kreskowy stalowy z hartowanej stali nierdzewnej. Z powierzchni\u0105 chromowan\u0105 na mat, zapewniaj\u0105c\u0105 bezodblaskowy odczyt. D\u0142ugo\u015bci 150, 300 i 600 [&hellip;]","og_url":"https:\/\/limittools.test.consids5.se\/pl\/product\/przymiar-150x15x05mm\/","og_site_name":"Precision measuring instruments | Limit","article_publisher":"https:\/\/www.facebook.com\/limittools\/","twitter_card":"summary_large_image","schema":{"@context":"https:\/\/schema.org","@graph":[{"@type":"WebPage","@id":"https:\/\/limittools.test.consids5.se\/pl\/product\/przymiar-150x15x05mm\/","url":"https:\/\/limittools.test.consids5.se\/pl\/product\/przymiar-150x15x05mm\/","name":"PRZYMIAR 150X15X0,5MM - Precision measuring instruments | Limit","isPartOf":{"@id":"https:\/\/limittools.test.consids5.se\/#website"},"datePublished":"2026-04-08T17:34:13+00:00","dateModified":"2026-04-08T17:34:13+00:00","breadcrumb":{"@id":"https:\/\/limittools.test.consids5.se\/pl\/product\/przymiar-150x15x05mm\/#breadcrumb"},"inLanguage":"pl-PL","potentialAction":[{"@type":"ReadAction","target":["https:\/\/limittools.test.consids5.se\/pl\/product\/przymiar-150x15x05mm\/"]}]},{"@type":"BreadcrumbList","@id":"https:\/\/limittools.test.consids5.se\/pl\/product\/przymiar-150x15x05mm\/#breadcrumb","itemListElement":[{"@type":"ListItem","position":1,"name":"Products","item":"https:\/\/limittools.test.consids5.se\/products\/"},{"@type":"ListItem","position":2,"name":"PRZYMIAR 150X15X0,5MM"}]},{"@type":"WebSite","@id":"https:\/\/limittools.test.consids5.se\/#website","url":"https:\/\/limittools.test.consids5.se\/","name":"Precision measuring instruments | Limit","description":"Everything can be measured","potentialAction":[{"@type":"SearchAction","target":{"@type":"EntryPoint","urlTemplate":"https:\/\/limittools.test.consids5.se\/?s={search_term_string}"},"query-input":"required name=search_term_string"}],"inLanguage":"pl-PL"}]}},"_links":{"self":[{"href":"https:\/\/limittools.test.consids5.se\/pl\/wp-json\/wp\/v2\/product\/2993"}],"collection":[{"href":"https:\/\/limittools.test.consids5.se\/pl\/wp-json\/wp\/v2\/product"}],"about":[{"href":"https:\/\/limittools.test.consids5.se\/pl\/wp-json\/wp\/v2\/types\/product"}],"replies":[{"embeddable":true,"href":"https:\/\/limittools.test.consids5.se\/pl\/wp-json\/wp\/v2\/comments?post=2993"}],"wp:attachment":[{"href":"https:\/\/limittools.test.consids5.se\/pl\/wp-json\/wp\/v2\/media?parent=2993"}],"wp:term":[{"taxonomy":"product_cat","embeddable":true,"href":"https:\/\/limittools.test.consids5.se\/pl\/wp-json\/wp\/v2\/product_cat?post=2993"},{"taxonomy":"product_tag","embeddable":true,"href":"https:\/\/limittools.test.consids5.se\/pl\/wp-json\/wp\/v2\/product_tag?post=2993"}],"curies":[{"name":"wp","href":"https:\/\/api.w.org\/{rel}","templated":true}]}}