{"id":3086,"date":"2021-12-16T13:01:47","date_gmt":"2021-12-16T13:01:47","guid":{"rendered":"http:\/\/limit-tools.local\/product\/3086\/"},"modified":"2021-12-16T13:01:47","modified_gmt":"2021-12-16T13:01:47","slug":"kamera-inspekcyjna-limit-lcd-2-4","status":"publish","type":"product","link":"https:\/\/limittools.test.consids5.se\/pl\/product\/kamera-inspekcyjna-limit-lcd-2-4\/","title":{"rendered":"KAMERA INSPEKCYJNA LIMIT LCD 2.4&#8221;"},"content":{"rendered":"<p>Przeno\u015bna kamera inspekcyjna z monitorem kolorowym 2.4&#8243;. Przydatna do inspekcji i lokalizacji problem\u00f3w np. w przestrzeniach zamkni\u0119tych \u015bcian i mur\u00f3w, odp\u0142ywach \u015bciekowych, szafkach zawieraj\u0105cych urz\u0105dzenia elektryczne, silnikach itp. R\u00f3wnie\u017c w miejscach ciemnych i trudno dost\u0119pnych. G\u0142owica kamery posiada zintegrowane o\u015bwietlenie LED. Obraz mo\u017cna obraca\u0107 na monitorze. Kamera i gi\u0119tkie rami\u0119 kamery s\u0105 samono\u015bne i wodoszczelne IP 67.Rami\u0119 przed\u0142u\u017caj\u0105ce 2 m: istnieje mo\u017cliwo\u015b\u0107 przed\u0142u\u017cania 2-metrowymi odcinkami do \u017c\u0105danej d\u0142ugo\u015bci, nale\u017cy jednak pami\u0119ta\u0107, \u017ce po przekroczeniu d\u0142ugo\u015bci 7 m obraz stopniowo si\u0119 pogarsza. Pasuje do g\u0142owic kamerowych 5.8 mm.Akcesoria, jak lusterko, haczyk oraz magnes, u\u0142atwiaj\u0105 wydobywanie zgubionych przedmiot\u00f3w. Dostarczana w mocnej walizeczce z tworzywa sztucznego, z lusterkiem, haczykiem i magnesem oraz instrukcj\u0105 obs\u0142ugi. Baterie w rozmiarze AA, nabywane oddzielnie.<\/p>\n","protected":false},"excerpt":{"rendered":"Przeno\u015bna kamera inspekcyjna z monitorem kolorowym 2.4&#8243;. Przydatna do inspekcji i lokalizacji problem\u00f3w np. w przestrzeniach zamkni\u0119tych \u015bcian i mur\u00f3w, [&hellip;]","protected":false},"featured_media":0,"comment_status":"closed","ping_status":"closed","template":"","meta":{"_acf_changed":false},"product_cat":[322,470],"product_tag":[],"class_list":{"0":"post-3086","1":"product","2":"type-product","3":"status-publish","5":"product_cat-inspekcja-pl","6":"product_cat-kamery-inspekcyjne-pl","8":"first","9":"instock","10":"shipping-taxable","11":"product-type-simple"},"acf":[],"yoast_head":"<!-- This site is optimized with the Yoast SEO plugin v23.2 - https:\/\/yoast.com\/wordpress\/plugins\/seo\/ -->\n<title>KAMERA INSPEKCYJNA LIMIT LCD 2.4&#039;&#039; - Precision measuring instruments | Limit<\/title>\n<meta name=\"robots\" content=\"index, follow, max-snippet:-1, max-image-preview:large, max-video-preview:-1\" \/>\n<link rel=\"canonical\" href=\"https:\/\/limittools.test.consids5.se\/pl\/product\/kamera-inspekcyjna-limit-lcd-2-4\/\" \/>\n<meta property=\"og:locale\" content=\"pl_PL\" \/>\n<meta property=\"og:type\" content=\"article\" \/>\n<meta property=\"og:title\" content=\"KAMERA INSPEKCYJNA LIMIT LCD 2.4&#039;&#039; - Precision measuring instruments | Limit\" \/>\n<meta property=\"og:description\" content=\"Przeno\u015bna kamera inspekcyjna z monitorem kolorowym 2.4&#8243;. Przydatna do inspekcji i lokalizacji problem\u00f3w np. w przestrzeniach zamkni\u0119tych \u015bcian i mur\u00f3w, [&hellip;]\" \/>\n<meta property=\"og:url\" content=\"https:\/\/limittools.test.consids5.se\/pl\/product\/kamera-inspekcyjna-limit-lcd-2-4\/\" \/>\n<meta property=\"og:site_name\" content=\"Precision measuring instruments | Limit\" \/>\n<meta property=\"article:publisher\" content=\"https:\/\/www.facebook.com\/limittools\/\" \/>\n<meta name=\"twitter:card\" content=\"summary_large_image\" \/>\n<meta name=\"twitter:label1\" content=\"Est. reading time\" \/>\n\t<meta name=\"twitter:data1\" content=\"1 minute\" \/>\n<script type=\"application\/ld+json\" class=\"yoast-schema-graph\">{\"@context\":\"https:\/\/schema.org\",\"@graph\":[{\"@type\":\"WebPage\",\"@id\":\"https:\/\/limittools.test.consids5.se\/pl\/product\/kamera-inspekcyjna-limit-lcd-2-4\/\",\"url\":\"https:\/\/limittools.test.consids5.se\/pl\/product\/kamera-inspekcyjna-limit-lcd-2-4\/\",\"name\":\"KAMERA INSPEKCYJNA LIMIT LCD 2.4'' - Precision measuring instruments | Limit\",\"isPartOf\":{\"@id\":\"https:\/\/limittools.test.consids5.se\/#website\"},\"datePublished\":\"2021-12-16T13:01:47+00:00\",\"dateModified\":\"2021-12-16T13:01:47+00:00\",\"breadcrumb\":{\"@id\":\"https:\/\/limittools.test.consids5.se\/pl\/product\/kamera-inspekcyjna-limit-lcd-2-4\/#breadcrumb\"},\"inLanguage\":\"pl-PL\",\"potentialAction\":[{\"@type\":\"ReadAction\",\"target\":[\"https:\/\/limittools.test.consids5.se\/pl\/product\/kamera-inspekcyjna-limit-lcd-2-4\/\"]}]},{\"@type\":\"BreadcrumbList\",\"@id\":\"https:\/\/limittools.test.consids5.se\/pl\/product\/kamera-inspekcyjna-limit-lcd-2-4\/#breadcrumb\",\"itemListElement\":[{\"@type\":\"ListItem\",\"position\":1,\"name\":\"Products\",\"item\":\"https:\/\/limittools.test.consids5.se\/products\/\"},{\"@type\":\"ListItem\",\"position\":2,\"name\":\"KAMERA INSPEKCYJNA LIMIT LCD 2.4&#8221;\"}]},{\"@type\":\"WebSite\",\"@id\":\"https:\/\/limittools.test.consids5.se\/#website\",\"url\":\"https:\/\/limittools.test.consids5.se\/\",\"name\":\"Precision measuring instruments | Limit\",\"description\":\"Everything can be measured\",\"potentialAction\":[{\"@type\":\"SearchAction\",\"target\":{\"@type\":\"EntryPoint\",\"urlTemplate\":\"https:\/\/limittools.test.consids5.se\/?s={search_term_string}\"},\"query-input\":\"required name=search_term_string\"}],\"inLanguage\":\"pl-PL\"}]}<\/script>\n<!-- \/ Yoast SEO plugin. -->","yoast_head_json":{"title":"KAMERA INSPEKCYJNA LIMIT LCD 2.4'' - Precision measuring instruments | Limit","robots":{"index":"index","follow":"follow","max-snippet":"max-snippet:-1","max-image-preview":"max-image-preview:large","max-video-preview":"max-video-preview:-1"},"canonical":"https:\/\/limittools.test.consids5.se\/pl\/product\/kamera-inspekcyjna-limit-lcd-2-4\/","og_locale":"pl_PL","og_type":"article","og_title":"KAMERA INSPEKCYJNA LIMIT LCD 2.4'' - Precision measuring instruments | Limit","og_description":"Przeno\u015bna kamera inspekcyjna z monitorem kolorowym 2.4&#8243;. Przydatna do inspekcji i lokalizacji problem\u00f3w np. w przestrzeniach zamkni\u0119tych \u015bcian i mur\u00f3w, [&hellip;]","og_url":"https:\/\/limittools.test.consids5.se\/pl\/product\/kamera-inspekcyjna-limit-lcd-2-4\/","og_site_name":"Precision measuring instruments | Limit","article_publisher":"https:\/\/www.facebook.com\/limittools\/","twitter_card":"summary_large_image","twitter_misc":{"Est. reading time":"1 minute"},"schema":{"@context":"https:\/\/schema.org","@graph":[{"@type":"WebPage","@id":"https:\/\/limittools.test.consids5.se\/pl\/product\/kamera-inspekcyjna-limit-lcd-2-4\/","url":"https:\/\/limittools.test.consids5.se\/pl\/product\/kamera-inspekcyjna-limit-lcd-2-4\/","name":"KAMERA INSPEKCYJNA LIMIT LCD 2.4'' - Precision measuring instruments | Limit","isPartOf":{"@id":"https:\/\/limittools.test.consids5.se\/#website"},"datePublished":"2021-12-16T13:01:47+00:00","dateModified":"2021-12-16T13:01:47+00:00","breadcrumb":{"@id":"https:\/\/limittools.test.consids5.se\/pl\/product\/kamera-inspekcyjna-limit-lcd-2-4\/#breadcrumb"},"inLanguage":"pl-PL","potentialAction":[{"@type":"ReadAction","target":["https:\/\/limittools.test.consids5.se\/pl\/product\/kamera-inspekcyjna-limit-lcd-2-4\/"]}]},{"@type":"BreadcrumbList","@id":"https:\/\/limittools.test.consids5.se\/pl\/product\/kamera-inspekcyjna-limit-lcd-2-4\/#breadcrumb","itemListElement":[{"@type":"ListItem","position":1,"name":"Products","item":"https:\/\/limittools.test.consids5.se\/products\/"},{"@type":"ListItem","position":2,"name":"KAMERA INSPEKCYJNA LIMIT LCD 2.4&#8221;"}]},{"@type":"WebSite","@id":"https:\/\/limittools.test.consids5.se\/#website","url":"https:\/\/limittools.test.consids5.se\/","name":"Precision measuring instruments | Limit","description":"Everything can be measured","potentialAction":[{"@type":"SearchAction","target":{"@type":"EntryPoint","urlTemplate":"https:\/\/limittools.test.consids5.se\/?s={search_term_string}"},"query-input":"required name=search_term_string"}],"inLanguage":"pl-PL"}]}},"_links":{"self":[{"href":"https:\/\/limittools.test.consids5.se\/pl\/wp-json\/wp\/v2\/product\/3086"}],"collection":[{"href":"https:\/\/limittools.test.consids5.se\/pl\/wp-json\/wp\/v2\/product"}],"about":[{"href":"https:\/\/limittools.test.consids5.se\/pl\/wp-json\/wp\/v2\/types\/product"}],"replies":[{"embeddable":true,"href":"https:\/\/limittools.test.consids5.se\/pl\/wp-json\/wp\/v2\/comments?post=3086"}],"wp:attachment":[{"href":"https:\/\/limittools.test.consids5.se\/pl\/wp-json\/wp\/v2\/media?parent=3086"}],"wp:term":[{"taxonomy":"product_cat","embeddable":true,"href":"https:\/\/limittools.test.consids5.se\/pl\/wp-json\/wp\/v2\/product_cat?post=3086"},{"taxonomy":"product_tag","embeddable":true,"href":"https:\/\/limittools.test.consids5.se\/pl\/wp-json\/wp\/v2\/product_tag?post=3086"}],"curies":[{"name":"wp","href":"https:\/\/api.w.org\/{rel}","templated":true}]}}