{"id":3112,"date":"2026-04-08T17:35:13","date_gmt":"2026-04-08T17:35:13","guid":{"rendered":"http:\/\/limit-tools.local\/product\/3112\/"},"modified":"2026-04-08T17:35:13","modified_gmt":"2026-04-08T17:35:13","slug":"waga-do-paczek-limit-lem7-12-kg","status":"publish","type":"product","link":"https:\/\/limittools.test.consids5.se\/pl\/product\/waga-do-paczek-limit-lem7-12-kg\/","title":{"rendered":"WAGA DO PACZEK LIMIT LEM7-1,2 KG"},"content":{"rendered":"<p>Elektroniczna waga sto\u0142owa ze wskazaniem cyfrowym, w wykonaniu kompaktowym.<br \/>\nLEM7-0,5 Waga kieszonkowa: Wy\u015bwietlacz dotykowy posiada du\u017ce, czytelne cyfry i pod\u015bwietlenie. Przyciski ekranowe w\u0142\u0105czania\/wy\u0142\u0105czania, szybkiego tarowania, przeliczania oraz wyboru jednostki. Zasilanie bateryjne, pokrywa zas\u0142ania ca\u0142\u0105 cz\u0119\u015b\u0107 g\u00f3rn\u0105 wraz z nierdzewn\u0105 p\u0142yt\u0105 wagow\u0105. Zasilanie z 2 baterii 1,5V typ AAA &#8211; w za\u0142\u0105czeniu.<br \/>\nLEM7 1,2-10 Waga precyzyjna: Wy\u015bwietlacz o du\u017cych, \u0142atwo czytelnych cyfrach. Przyciski ekranowe w\u0142\u0105czania\/wy\u0142\u0105czania, szybkiego tarowania, przeliczania oraz wyboru jednostki. P\u0142yta wagowa nierdzewna. Zasilanie z sieci 230 V lub akumulator\u00f3w. Dostarczana z zasilaczem sieciowym. (6 baterii AA nabywane oddzielnie).<\/p>\n","protected":false},"excerpt":{"rendered":"Elektroniczna waga sto\u0142owa ze wskazaniem cyfrowym, w wykonaniu kompaktowym. LEM7-0,5 Waga kieszonkowa: Wy\u015bwietlacz dotykowy posiada du\u017ce, czytelne cyfry i pod\u015bwietlenie. [&hellip;]","protected":false},"featured_media":0,"comment_status":"closed","ping_status":"closed","template":"","meta":{"_acf_changed":false},"product_cat":[299,429],"product_tag":[],"class_list":{"0":"post-3112","1":"product","2":"type-product","3":"status-publish","5":"product_cat-wagi-pl","6":"product_cat-wagi-do-paczek-pl","8":"first","9":"instock","10":"shipping-taxable","11":"product-type-simple"},"acf":[],"yoast_head":"<!-- This site is optimized with the Yoast SEO plugin v23.2 - https:\/\/yoast.com\/wordpress\/plugins\/seo\/ -->\n<title>WAGA DO PACZEK LIMIT LEM7-1,2 KG - Precision measuring instruments | Limit<\/title>\n<meta name=\"robots\" content=\"index, follow, max-snippet:-1, max-image-preview:large, max-video-preview:-1\" \/>\n<link rel=\"canonical\" href=\"https:\/\/limittools.test.consids5.se\/pl\/product\/waga-do-paczek-limit-lem7-12-kg\/\" \/>\n<meta property=\"og:locale\" content=\"pl_PL\" \/>\n<meta property=\"og:type\" content=\"article\" \/>\n<meta property=\"og:title\" content=\"WAGA DO PACZEK LIMIT LEM7-1,2 KG - Precision measuring instruments | Limit\" \/>\n<meta property=\"og:description\" content=\"Elektroniczna waga sto\u0142owa ze wskazaniem cyfrowym, w wykonaniu kompaktowym. LEM7-0,5 Waga kieszonkowa: Wy\u015bwietlacz dotykowy posiada du\u017ce, czytelne cyfry i pod\u015bwietlenie. [&hellip;]\" \/>\n<meta property=\"og:url\" content=\"https:\/\/limittools.test.consids5.se\/pl\/product\/waga-do-paczek-limit-lem7-12-kg\/\" \/>\n<meta property=\"og:site_name\" content=\"Precision measuring instruments | Limit\" \/>\n<meta property=\"article:publisher\" content=\"https:\/\/www.facebook.com\/limittools\/\" \/>\n<meta name=\"twitter:card\" content=\"summary_large_image\" \/>\n<meta name=\"twitter:label1\" content=\"Est. reading time\" \/>\n\t<meta name=\"twitter:data1\" content=\"1 minute\" \/>\n<script type=\"application\/ld+json\" class=\"yoast-schema-graph\">{\"@context\":\"https:\/\/schema.org\",\"@graph\":[{\"@type\":\"WebPage\",\"@id\":\"https:\/\/limittools.test.consids5.se\/pl\/product\/waga-do-paczek-limit-lem7-12-kg\/\",\"url\":\"https:\/\/limittools.test.consids5.se\/pl\/product\/waga-do-paczek-limit-lem7-12-kg\/\",\"name\":\"WAGA DO PACZEK LIMIT LEM7-1,2 KG - Precision measuring instruments | Limit\",\"isPartOf\":{\"@id\":\"https:\/\/limittools.test.consids5.se\/#website\"},\"datePublished\":\"2026-04-08T17:35:13+00:00\",\"dateModified\":\"2026-04-08T17:35:13+00:00\",\"breadcrumb\":{\"@id\":\"https:\/\/limittools.test.consids5.se\/pl\/product\/waga-do-paczek-limit-lem7-12-kg\/#breadcrumb\"},\"inLanguage\":\"pl-PL\",\"potentialAction\":[{\"@type\":\"ReadAction\",\"target\":[\"https:\/\/limittools.test.consids5.se\/pl\/product\/waga-do-paczek-limit-lem7-12-kg\/\"]}]},{\"@type\":\"BreadcrumbList\",\"@id\":\"https:\/\/limittools.test.consids5.se\/pl\/product\/waga-do-paczek-limit-lem7-12-kg\/#breadcrumb\",\"itemListElement\":[{\"@type\":\"ListItem\",\"position\":1,\"name\":\"Products\",\"item\":\"https:\/\/limittools.test.consids5.se\/products\/\"},{\"@type\":\"ListItem\",\"position\":2,\"name\":\"WAGA DO PACZEK LIMIT LEM7-1,2 KG\"}]},{\"@type\":\"WebSite\",\"@id\":\"https:\/\/limittools.test.consids5.se\/#website\",\"url\":\"https:\/\/limittools.test.consids5.se\/\",\"name\":\"Precision measuring instruments | Limit\",\"description\":\"Everything can be measured\",\"potentialAction\":[{\"@type\":\"SearchAction\",\"target\":{\"@type\":\"EntryPoint\",\"urlTemplate\":\"https:\/\/limittools.test.consids5.se\/?s={search_term_string}\"},\"query-input\":\"required name=search_term_string\"}],\"inLanguage\":\"pl-PL\"}]}<\/script>\n<!-- \/ Yoast SEO plugin. -->","yoast_head_json":{"title":"WAGA DO PACZEK LIMIT LEM7-1,2 KG - Precision measuring instruments | Limit","robots":{"index":"index","follow":"follow","max-snippet":"max-snippet:-1","max-image-preview":"max-image-preview:large","max-video-preview":"max-video-preview:-1"},"canonical":"https:\/\/limittools.test.consids5.se\/pl\/product\/waga-do-paczek-limit-lem7-12-kg\/","og_locale":"pl_PL","og_type":"article","og_title":"WAGA DO PACZEK LIMIT LEM7-1,2 KG - Precision measuring instruments | Limit","og_description":"Elektroniczna waga sto\u0142owa ze wskazaniem cyfrowym, w wykonaniu kompaktowym. LEM7-0,5 Waga kieszonkowa: Wy\u015bwietlacz dotykowy posiada du\u017ce, czytelne cyfry i pod\u015bwietlenie. [&hellip;]","og_url":"https:\/\/limittools.test.consids5.se\/pl\/product\/waga-do-paczek-limit-lem7-12-kg\/","og_site_name":"Precision measuring instruments | Limit","article_publisher":"https:\/\/www.facebook.com\/limittools\/","twitter_card":"summary_large_image","twitter_misc":{"Est. reading time":"1 minute"},"schema":{"@context":"https:\/\/schema.org","@graph":[{"@type":"WebPage","@id":"https:\/\/limittools.test.consids5.se\/pl\/product\/waga-do-paczek-limit-lem7-12-kg\/","url":"https:\/\/limittools.test.consids5.se\/pl\/product\/waga-do-paczek-limit-lem7-12-kg\/","name":"WAGA DO PACZEK LIMIT LEM7-1,2 KG - Precision measuring instruments | Limit","isPartOf":{"@id":"https:\/\/limittools.test.consids5.se\/#website"},"datePublished":"2026-04-08T17:35:13+00:00","dateModified":"2026-04-08T17:35:13+00:00","breadcrumb":{"@id":"https:\/\/limittools.test.consids5.se\/pl\/product\/waga-do-paczek-limit-lem7-12-kg\/#breadcrumb"},"inLanguage":"pl-PL","potentialAction":[{"@type":"ReadAction","target":["https:\/\/limittools.test.consids5.se\/pl\/product\/waga-do-paczek-limit-lem7-12-kg\/"]}]},{"@type":"BreadcrumbList","@id":"https:\/\/limittools.test.consids5.se\/pl\/product\/waga-do-paczek-limit-lem7-12-kg\/#breadcrumb","itemListElement":[{"@type":"ListItem","position":1,"name":"Products","item":"https:\/\/limittools.test.consids5.se\/products\/"},{"@type":"ListItem","position":2,"name":"WAGA DO PACZEK LIMIT LEM7-1,2 KG"}]},{"@type":"WebSite","@id":"https:\/\/limittools.test.consids5.se\/#website","url":"https:\/\/limittools.test.consids5.se\/","name":"Precision measuring instruments | Limit","description":"Everything can be measured","potentialAction":[{"@type":"SearchAction","target":{"@type":"EntryPoint","urlTemplate":"https:\/\/limittools.test.consids5.se\/?s={search_term_string}"},"query-input":"required name=search_term_string"}],"inLanguage":"pl-PL"}]}},"_links":{"self":[{"href":"https:\/\/limittools.test.consids5.se\/pl\/wp-json\/wp\/v2\/product\/3112"}],"collection":[{"href":"https:\/\/limittools.test.consids5.se\/pl\/wp-json\/wp\/v2\/product"}],"about":[{"href":"https:\/\/limittools.test.consids5.se\/pl\/wp-json\/wp\/v2\/types\/product"}],"replies":[{"embeddable":true,"href":"https:\/\/limittools.test.consids5.se\/pl\/wp-json\/wp\/v2\/comments?post=3112"}],"wp:attachment":[{"href":"https:\/\/limittools.test.consids5.se\/pl\/wp-json\/wp\/v2\/media?parent=3112"}],"wp:term":[{"taxonomy":"product_cat","embeddable":true,"href":"https:\/\/limittools.test.consids5.se\/pl\/wp-json\/wp\/v2\/product_cat?post=3112"},{"taxonomy":"product_tag","embeddable":true,"href":"https:\/\/limittools.test.consids5.se\/pl\/wp-json\/wp\/v2\/product_tag?post=3112"}],"curies":[{"name":"wp","href":"https:\/\/api.w.org\/{rel}","templated":true}]}}