{"id":3114,"date":"2026-04-08T17:35:15","date_gmt":"2026-04-08T17:35:15","guid":{"rendered":"http:\/\/limit-tools.local\/product\/komplet-stempli-5889-3\/"},"modified":"2026-04-08T17:35:15","modified_gmt":"2026-04-08T17:35:15","slug":"komplet-stempli-3-mm","status":"publish","type":"product","link":"https:\/\/limittools.test.consids5.se\/pl\/product\/komplet-stempli-3-mm\/","title":{"rendered":"KOMPLET STEMPLI &#8211; 3 MM"},"content":{"rendered":"<p>Kompletne zestawy stempli znakowniczych ze stali, sk\u0142adaj\u0105ce si\u0119 z oprawki i wymiennych znak\u00f3w. Znaki s\u0105 hartowane i nadaj\u0105 si\u0119 do znakowania twardych materia\u0142\u00f3w. Twardo\u015b\u0107 stempli HRC 37. Szeroko\u015b\u0107 oprawki pozwala na jednoczesne osadzenie 6-10 znak\u00f3w. Dostarczane w kompletach po 100 znak\u00f3w: 58 liter, 35 cyfr, plus znaki specjalne i pewna liczba znak\u00f3w \u015blepych &#8211; spacji. Ponadto zestaw zawiera klucz i pincet\u0119. W drewnianym etui.Pojedyncze litery i cyfry.Minimalna ilo\u015b\u0107 5 szt. sortowanych stempli.<\/p>\n","protected":false},"excerpt":{"rendered":"Kompletne zestawy stempli znakowniczych ze stali, sk\u0142adaj\u0105ce si\u0119 z oprawki i wymiennych znak\u00f3w. Znaki s\u0105 hartowane i nadaj\u0105 si\u0119 do [&hellip;]","protected":false},"featured_media":0,"comment_status":"closed","ping_status":"closed","template":"","meta":{"_acf_changed":false},"product_cat":[247,264],"product_tag":[],"class_list":{"0":"post-3114","1":"product","2":"type-product","3":"status-publish","5":"product_cat-pomiary-warsztatowe-pl","6":"product_cat-stemple-pl","8":"first","9":"instock","10":"shipping-taxable","11":"product-type-simple"},"acf":[],"yoast_head":"<!-- This site is optimized with the Yoast SEO plugin v23.2 - https:\/\/yoast.com\/wordpress\/plugins\/seo\/ -->\n<title>KOMPLET STEMPLI - 3 MM - Precision measuring instruments | Limit<\/title>\n<meta name=\"robots\" content=\"index, follow, max-snippet:-1, max-image-preview:large, max-video-preview:-1\" \/>\n<link rel=\"canonical\" href=\"https:\/\/limittools.test.consids5.se\/pl\/product\/komplet-stempli-3-mm\/\" \/>\n<meta property=\"og:locale\" content=\"pl_PL\" \/>\n<meta property=\"og:type\" content=\"article\" \/>\n<meta property=\"og:title\" content=\"KOMPLET STEMPLI - 3 MM - Precision measuring instruments | Limit\" \/>\n<meta property=\"og:description\" content=\"Kompletne zestawy stempli znakowniczych ze stali, sk\u0142adaj\u0105ce si\u0119 z oprawki i wymiennych znak\u00f3w. Znaki s\u0105 hartowane i nadaj\u0105 si\u0119 do [&hellip;]\" \/>\n<meta property=\"og:url\" content=\"https:\/\/limittools.test.consids5.se\/pl\/product\/komplet-stempli-3-mm\/\" \/>\n<meta property=\"og:site_name\" content=\"Precision measuring instruments | Limit\" \/>\n<meta property=\"article:publisher\" content=\"https:\/\/www.facebook.com\/limittools\/\" \/>\n<meta name=\"twitter:card\" content=\"summary_large_image\" \/>\n<script type=\"application\/ld+json\" class=\"yoast-schema-graph\">{\"@context\":\"https:\/\/schema.org\",\"@graph\":[{\"@type\":\"WebPage\",\"@id\":\"https:\/\/limittools.test.consids5.se\/pl\/product\/komplet-stempli-3-mm\/\",\"url\":\"https:\/\/limittools.test.consids5.se\/pl\/product\/komplet-stempli-3-mm\/\",\"name\":\"KOMPLET STEMPLI - 3 MM - Precision measuring instruments | Limit\",\"isPartOf\":{\"@id\":\"https:\/\/limittools.test.consids5.se\/#website\"},\"datePublished\":\"2026-04-08T17:35:15+00:00\",\"dateModified\":\"2026-04-08T17:35:15+00:00\",\"breadcrumb\":{\"@id\":\"https:\/\/limittools.test.consids5.se\/pl\/product\/komplet-stempli-3-mm\/#breadcrumb\"},\"inLanguage\":\"pl-PL\",\"potentialAction\":[{\"@type\":\"ReadAction\",\"target\":[\"https:\/\/limittools.test.consids5.se\/pl\/product\/komplet-stempli-3-mm\/\"]}]},{\"@type\":\"BreadcrumbList\",\"@id\":\"https:\/\/limittools.test.consids5.se\/pl\/product\/komplet-stempli-3-mm\/#breadcrumb\",\"itemListElement\":[{\"@type\":\"ListItem\",\"position\":1,\"name\":\"Products\",\"item\":\"https:\/\/limittools.test.consids5.se\/products\/\"},{\"@type\":\"ListItem\",\"position\":2,\"name\":\"KOMPLET STEMPLI &#8211; 3 MM\"}]},{\"@type\":\"WebSite\",\"@id\":\"https:\/\/limittools.test.consids5.se\/#website\",\"url\":\"https:\/\/limittools.test.consids5.se\/\",\"name\":\"Precision measuring instruments | Limit\",\"description\":\"Everything can be measured\",\"potentialAction\":[{\"@type\":\"SearchAction\",\"target\":{\"@type\":\"EntryPoint\",\"urlTemplate\":\"https:\/\/limittools.test.consids5.se\/?s={search_term_string}\"},\"query-input\":\"required name=search_term_string\"}],\"inLanguage\":\"pl-PL\"}]}<\/script>\n<!-- \/ Yoast SEO plugin. -->","yoast_head_json":{"title":"KOMPLET STEMPLI - 3 MM - Precision measuring instruments | Limit","robots":{"index":"index","follow":"follow","max-snippet":"max-snippet:-1","max-image-preview":"max-image-preview:large","max-video-preview":"max-video-preview:-1"},"canonical":"https:\/\/limittools.test.consids5.se\/pl\/product\/komplet-stempli-3-mm\/","og_locale":"pl_PL","og_type":"article","og_title":"KOMPLET STEMPLI - 3 MM - Precision measuring instruments | Limit","og_description":"Kompletne zestawy stempli znakowniczych ze stali, sk\u0142adaj\u0105ce si\u0119 z oprawki i wymiennych znak\u00f3w. Znaki s\u0105 hartowane i nadaj\u0105 si\u0119 do [&hellip;]","og_url":"https:\/\/limittools.test.consids5.se\/pl\/product\/komplet-stempli-3-mm\/","og_site_name":"Precision measuring instruments | Limit","article_publisher":"https:\/\/www.facebook.com\/limittools\/","twitter_card":"summary_large_image","schema":{"@context":"https:\/\/schema.org","@graph":[{"@type":"WebPage","@id":"https:\/\/limittools.test.consids5.se\/pl\/product\/komplet-stempli-3-mm\/","url":"https:\/\/limittools.test.consids5.se\/pl\/product\/komplet-stempli-3-mm\/","name":"KOMPLET STEMPLI - 3 MM - Precision measuring instruments | Limit","isPartOf":{"@id":"https:\/\/limittools.test.consids5.se\/#website"},"datePublished":"2026-04-08T17:35:15+00:00","dateModified":"2026-04-08T17:35:15+00:00","breadcrumb":{"@id":"https:\/\/limittools.test.consids5.se\/pl\/product\/komplet-stempli-3-mm\/#breadcrumb"},"inLanguage":"pl-PL","potentialAction":[{"@type":"ReadAction","target":["https:\/\/limittools.test.consids5.se\/pl\/product\/komplet-stempli-3-mm\/"]}]},{"@type":"BreadcrumbList","@id":"https:\/\/limittools.test.consids5.se\/pl\/product\/komplet-stempli-3-mm\/#breadcrumb","itemListElement":[{"@type":"ListItem","position":1,"name":"Products","item":"https:\/\/limittools.test.consids5.se\/products\/"},{"@type":"ListItem","position":2,"name":"KOMPLET STEMPLI &#8211; 3 MM"}]},{"@type":"WebSite","@id":"https:\/\/limittools.test.consids5.se\/#website","url":"https:\/\/limittools.test.consids5.se\/","name":"Precision measuring instruments | Limit","description":"Everything can be measured","potentialAction":[{"@type":"SearchAction","target":{"@type":"EntryPoint","urlTemplate":"https:\/\/limittools.test.consids5.se\/?s={search_term_string}"},"query-input":"required name=search_term_string"}],"inLanguage":"pl-PL"}]}},"_links":{"self":[{"href":"https:\/\/limittools.test.consids5.se\/pl\/wp-json\/wp\/v2\/product\/3114"}],"collection":[{"href":"https:\/\/limittools.test.consids5.se\/pl\/wp-json\/wp\/v2\/product"}],"about":[{"href":"https:\/\/limittools.test.consids5.se\/pl\/wp-json\/wp\/v2\/types\/product"}],"replies":[{"embeddable":true,"href":"https:\/\/limittools.test.consids5.se\/pl\/wp-json\/wp\/v2\/comments?post=3114"}],"wp:attachment":[{"href":"https:\/\/limittools.test.consids5.se\/pl\/wp-json\/wp\/v2\/media?parent=3114"}],"wp:term":[{"taxonomy":"product_cat","embeddable":true,"href":"https:\/\/limittools.test.consids5.se\/pl\/wp-json\/wp\/v2\/product_cat?post=3114"},{"taxonomy":"product_tag","embeddable":true,"href":"https:\/\/limittools.test.consids5.se\/pl\/wp-json\/wp\/v2\/product_tag?post=3114"}],"curies":[{"name":"wp","href":"https:\/\/api.w.org\/{rel}","templated":true}]}}