{"id":3200,"date":"2021-12-16T13:02:17","date_gmt":"2021-12-16T13:02:17","guid":{"rendered":"http:\/\/limit-tools.local\/product\/3200\/"},"modified":"2021-12-16T13:02:17","modified_gmt":"2021-12-16T13:02:17","slug":"kamera-inspekcyjna-nagrywajaca","status":"publish","type":"product","link":"https:\/\/limittools.test.consids5.se\/pl\/product\/kamera-inspekcyjna-nagrywajaca\/","title":{"rendered":"KAMERA INSPEKCYJNA NAGRYWAJACA"},"content":{"rendered":"<p>Kamera inspekcyjna nagrywaj\u0105ca, z monitorem kolorowym 3.5&#8243;. Monitor jest od\u0142\u0105czany mechanicznie od jednostki bazowej kamery i \u0142\u0105czy si\u0119 z ni\u0105 bezprzewodowo na odleg\u0142o\u015b\u0107 do 10 m. Karta pami\u0119ci SD umo\u017cliwia zapis zar\u00f3wno zdj\u0119\u0107 jak i ruchomych obraz\u00f3w, i p\u00f3\u017aniejsze ich odtworzenie na monitorze lub przeniesienie do komputera lub na ekran telewizyjny. Od\u0142\u0105czanie monitora u\u0142atwia prowadzenie inspekcji, szczeg\u00f3lnie w miejscach ciasnych lub o utrudnionym dost\u0119pie, a tak\u017ce gdy zachodzi potrzeba prowadzenia inspekcji przez d\u0142u\u017cszy czas. Przydatna do inspekcji i lokalizacji problem\u00f3w np. w przestrzeniach zamkni\u0119tych \u015bcian i mur\u00f3w, odp\u0142ywach \u015bciekowych, szafkach zawieraj\u0105cych urz\u0105dzenia elektryczne, silnikach itp. R\u00f3wnie\u017c w miejscach ciemnych i trudno dost\u0119pnych. G\u0142owica kamery posiada zintegrowane o\u015bwietlenie LED o regulowanym nat\u0119\u017ceniu. Kamera i gi\u0119tkie, samono\u015bne rami\u0119 s\u0105 wodoszczelne (IP 67).W za\u0142\u0105czeniu lusterko, haczyk i magnes, tj. akcesoria kt\u00f3re u\u0142atwiaj\u0105 wydobywanie zgubionych przedmiot\u00f3w. Kamera dostarczana jest w mocnym pude\u0142ku z tworzywa sztucznego, z kart\u0105 pami\u0119ci 2 GB, kablem USB, kablem do \u0142\u0105czenia z telewizorem, kolorowym monitorem, haczykiem, magnesem i lusterkiem oraz instrukcj\u0105 obs\u0142ugi. Baterie w rozmiarze AA, nabywane oddzielnie. Rami\u0119 przed\u0142u\u017caj\u0105ce 2 m: istnieje mo\u017cliwo\u015b\u0107 przed\u0142u\u017cania 2-metrowymi odcinkami do \u017c\u0105danej d\u0142ugo\u015bci, nale\u017cy jednak pami\u0119ta\u0107, \u017ce po przekroczeniu d\u0142ugo\u015bci 7 m obraz stopniowo si\u0119 pogarsza. Pasuje do g\u0142owic kamerowych 5.8 mm.<\/p>\n","protected":false},"excerpt":{"rendered":"Kamera inspekcyjna nagrywaj\u0105ca, z monitorem kolorowym 3.5&#8243;. Monitor jest od\u0142\u0105czany mechanicznie od jednostki bazowej kamery i \u0142\u0105czy si\u0119 z ni\u0105 [&hellip;]","protected":false},"featured_media":0,"comment_status":"closed","ping_status":"closed","template":"","meta":{"_acf_changed":false},"product_cat":[322,470],"product_tag":[],"class_list":{"0":"post-3200","1":"product","2":"type-product","3":"status-publish","5":"product_cat-inspekcja-pl","6":"product_cat-kamery-inspekcyjne-pl","8":"first","9":"instock","10":"shipping-taxable","11":"product-type-simple"},"acf":[],"yoast_head":"<!-- This site is optimized with the Yoast SEO plugin v23.2 - https:\/\/yoast.com\/wordpress\/plugins\/seo\/ -->\n<title>KAMERA INSPEKCYJNA NAGRYWAJACA - Precision measuring instruments | Limit<\/title>\n<meta name=\"robots\" content=\"index, follow, max-snippet:-1, max-image-preview:large, max-video-preview:-1\" \/>\n<link rel=\"canonical\" href=\"https:\/\/limittools.test.consids5.se\/pl\/product\/kamera-inspekcyjna-nagrywajaca\/\" \/>\n<meta property=\"og:locale\" content=\"pl_PL\" \/>\n<meta property=\"og:type\" content=\"article\" \/>\n<meta property=\"og:title\" content=\"KAMERA INSPEKCYJNA NAGRYWAJACA - Precision measuring instruments | Limit\" \/>\n<meta property=\"og:description\" content=\"Kamera inspekcyjna nagrywaj\u0105ca, z monitorem kolorowym 3.5&#8243;. Monitor jest od\u0142\u0105czany mechanicznie od jednostki bazowej kamery i \u0142\u0105czy si\u0119 z ni\u0105 [&hellip;]\" \/>\n<meta property=\"og:url\" content=\"https:\/\/limittools.test.consids5.se\/pl\/product\/kamera-inspekcyjna-nagrywajaca\/\" \/>\n<meta property=\"og:site_name\" content=\"Precision measuring instruments | Limit\" \/>\n<meta property=\"article:publisher\" content=\"https:\/\/www.facebook.com\/limittools\/\" \/>\n<meta name=\"twitter:card\" content=\"summary_large_image\" \/>\n<meta name=\"twitter:label1\" content=\"Est. reading time\" \/>\n\t<meta name=\"twitter:data1\" content=\"1 minute\" \/>\n<script type=\"application\/ld+json\" class=\"yoast-schema-graph\">{\"@context\":\"https:\/\/schema.org\",\"@graph\":[{\"@type\":\"WebPage\",\"@id\":\"https:\/\/limittools.test.consids5.se\/pl\/product\/kamera-inspekcyjna-nagrywajaca\/\",\"url\":\"https:\/\/limittools.test.consids5.se\/pl\/product\/kamera-inspekcyjna-nagrywajaca\/\",\"name\":\"KAMERA INSPEKCYJNA NAGRYWAJACA - Precision measuring instruments | Limit\",\"isPartOf\":{\"@id\":\"https:\/\/limittools.test.consids5.se\/#website\"},\"datePublished\":\"2021-12-16T13:02:17+00:00\",\"dateModified\":\"2021-12-16T13:02:17+00:00\",\"breadcrumb\":{\"@id\":\"https:\/\/limittools.test.consids5.se\/pl\/product\/kamera-inspekcyjna-nagrywajaca\/#breadcrumb\"},\"inLanguage\":\"pl-PL\",\"potentialAction\":[{\"@type\":\"ReadAction\",\"target\":[\"https:\/\/limittools.test.consids5.se\/pl\/product\/kamera-inspekcyjna-nagrywajaca\/\"]}]},{\"@type\":\"BreadcrumbList\",\"@id\":\"https:\/\/limittools.test.consids5.se\/pl\/product\/kamera-inspekcyjna-nagrywajaca\/#breadcrumb\",\"itemListElement\":[{\"@type\":\"ListItem\",\"position\":1,\"name\":\"Products\",\"item\":\"https:\/\/limittools.test.consids5.se\/products\/\"},{\"@type\":\"ListItem\",\"position\":2,\"name\":\"KAMERA INSPEKCYJNA NAGRYWAJACA\"}]},{\"@type\":\"WebSite\",\"@id\":\"https:\/\/limittools.test.consids5.se\/#website\",\"url\":\"https:\/\/limittools.test.consids5.se\/\",\"name\":\"Precision measuring instruments | Limit\",\"description\":\"Everything can be measured\",\"potentialAction\":[{\"@type\":\"SearchAction\",\"target\":{\"@type\":\"EntryPoint\",\"urlTemplate\":\"https:\/\/limittools.test.consids5.se\/?s={search_term_string}\"},\"query-input\":\"required name=search_term_string\"}],\"inLanguage\":\"pl-PL\"}]}<\/script>\n<!-- \/ Yoast SEO plugin. -->","yoast_head_json":{"title":"KAMERA INSPEKCYJNA NAGRYWAJACA - Precision measuring instruments | Limit","robots":{"index":"index","follow":"follow","max-snippet":"max-snippet:-1","max-image-preview":"max-image-preview:large","max-video-preview":"max-video-preview:-1"},"canonical":"https:\/\/limittools.test.consids5.se\/pl\/product\/kamera-inspekcyjna-nagrywajaca\/","og_locale":"pl_PL","og_type":"article","og_title":"KAMERA INSPEKCYJNA NAGRYWAJACA - Precision measuring instruments | Limit","og_description":"Kamera inspekcyjna nagrywaj\u0105ca, z monitorem kolorowym 3.5&#8243;. Monitor jest od\u0142\u0105czany mechanicznie od jednostki bazowej kamery i \u0142\u0105czy si\u0119 z ni\u0105 [&hellip;]","og_url":"https:\/\/limittools.test.consids5.se\/pl\/product\/kamera-inspekcyjna-nagrywajaca\/","og_site_name":"Precision measuring instruments | Limit","article_publisher":"https:\/\/www.facebook.com\/limittools\/","twitter_card":"summary_large_image","twitter_misc":{"Est. reading time":"1 minute"},"schema":{"@context":"https:\/\/schema.org","@graph":[{"@type":"WebPage","@id":"https:\/\/limittools.test.consids5.se\/pl\/product\/kamera-inspekcyjna-nagrywajaca\/","url":"https:\/\/limittools.test.consids5.se\/pl\/product\/kamera-inspekcyjna-nagrywajaca\/","name":"KAMERA INSPEKCYJNA NAGRYWAJACA - Precision measuring instruments | Limit","isPartOf":{"@id":"https:\/\/limittools.test.consids5.se\/#website"},"datePublished":"2021-12-16T13:02:17+00:00","dateModified":"2021-12-16T13:02:17+00:00","breadcrumb":{"@id":"https:\/\/limittools.test.consids5.se\/pl\/product\/kamera-inspekcyjna-nagrywajaca\/#breadcrumb"},"inLanguage":"pl-PL","potentialAction":[{"@type":"ReadAction","target":["https:\/\/limittools.test.consids5.se\/pl\/product\/kamera-inspekcyjna-nagrywajaca\/"]}]},{"@type":"BreadcrumbList","@id":"https:\/\/limittools.test.consids5.se\/pl\/product\/kamera-inspekcyjna-nagrywajaca\/#breadcrumb","itemListElement":[{"@type":"ListItem","position":1,"name":"Products","item":"https:\/\/limittools.test.consids5.se\/products\/"},{"@type":"ListItem","position":2,"name":"KAMERA INSPEKCYJNA NAGRYWAJACA"}]},{"@type":"WebSite","@id":"https:\/\/limittools.test.consids5.se\/#website","url":"https:\/\/limittools.test.consids5.se\/","name":"Precision measuring instruments | Limit","description":"Everything can be measured","potentialAction":[{"@type":"SearchAction","target":{"@type":"EntryPoint","urlTemplate":"https:\/\/limittools.test.consids5.se\/?s={search_term_string}"},"query-input":"required name=search_term_string"}],"inLanguage":"pl-PL"}]}},"_links":{"self":[{"href":"https:\/\/limittools.test.consids5.se\/pl\/wp-json\/wp\/v2\/product\/3200"}],"collection":[{"href":"https:\/\/limittools.test.consids5.se\/pl\/wp-json\/wp\/v2\/product"}],"about":[{"href":"https:\/\/limittools.test.consids5.se\/pl\/wp-json\/wp\/v2\/types\/product"}],"replies":[{"embeddable":true,"href":"https:\/\/limittools.test.consids5.se\/pl\/wp-json\/wp\/v2\/comments?post=3200"}],"wp:attachment":[{"href":"https:\/\/limittools.test.consids5.se\/pl\/wp-json\/wp\/v2\/media?parent=3200"}],"wp:term":[{"taxonomy":"product_cat","embeddable":true,"href":"https:\/\/limittools.test.consids5.se\/pl\/wp-json\/wp\/v2\/product_cat?post=3200"},{"taxonomy":"product_tag","embeddable":true,"href":"https:\/\/limittools.test.consids5.se\/pl\/wp-json\/wp\/v2\/product_tag?post=3200"}],"curies":[{"name":"wp","href":"https:\/\/api.w.org\/{rel}","templated":true}]}}