{"id":3215,"date":"2026-04-08T17:35:57","date_gmt":"2026-04-08T17:35:57","guid":{"rendered":"http:\/\/limit-tools.local\/product\/3215\/"},"modified":"2026-04-08T17:35:57","modified_gmt":"2026-04-08T17:35:57","slug":"refractometr-limit-6400","status":"publish","type":"product","link":"https:\/\/limittools.test.consids5.se\/pl\/product\/refractometr-limit-6400\/","title":{"rendered":"REFRACTOMETR LIMIT 6400"},"content":{"rendered":"<p>R\u0119czny refraktometr do \u0142atwej kontroli temperatury zamarzania p\u0142yn\u00f3w ch\u0142odz\u0105co-smaruj\u0105cych i p\u0142yn\u00f3w do mycia szyb (-40\u00b0C), ponadto do kontroli g\u0119sto\u015bci elektrolitu przy ocenie kondycji akumulatora. Do kontroli zar\u00f3wno glikolu etylenowego (-50\u00b0C) jak i propylenowego (-50\u00b0C). Jest to optyczny przyrz\u0105d pomiarowy, przy pomocy kt\u00f3rego mo\u017cna bardzo \u0142atwo i szybko zmierzy\u0107 st\u0119\u017cenie p\u0142ynu poprzez pomiar jego wsp\u00f3\u0142czynnika za\u0142amania \u015bwiat\u0142a. Otworzy\u0107 przykrywk\u0119 i umie\u015bci\u0107 na pryzmacie 2-3 krople p\u0142ynu. Skierowa\u0107 przedni\u0105 cz\u0119\u015b\u0107 refraktometru w kierunku \u017ar\u00f3d\u0142a \u015bwiat\u0142a, wyregulowa\u0107 ostro\u015b\u0107 przy pomocy okularu i odczyta\u0107 warto\u015b\u0107. \u0141atwa kalibracja i regulacja. Zakres pomiarowy g\u0119sto\u015bci elektrolitu od 1.100 (roz\u0142adowanie) do 1.400 (pe\u0142ne na\u0142adowanie) kg\/l.<\/p>\n","protected":false},"excerpt":{"rendered":"R\u0119czny refraktometr do \u0142atwej kontroli temperatury zamarzania p\u0142yn\u00f3w ch\u0142odz\u0105co-smaruj\u0105cych i p\u0142yn\u00f3w do mycia szyb (-40\u00b0C), ponadto do kontroli g\u0119sto\u015bci elektrolitu [&hellip;]","protected":false},"featured_media":0,"comment_status":"closed","ping_status":"closed","template":"","meta":{"_acf_changed":false},"product_cat":[1809,509],"product_tag":[],"class_list":{"0":"post-3215","1":"product","2":"type-product","3":"status-publish","5":"product_cat-refraktometry-pl-mierniki-do-pomiarow-klimatycznych-i-srodowiskowych-pl-54","6":"product_cat-mierniki-do-pomiarow-klimatycznych-i-srodowiskowych-pl","8":"first","9":"instock","10":"shipping-taxable","11":"product-type-simple"},"acf":[],"yoast_head":"<!-- This site is optimized with the Yoast SEO plugin v23.2 - https:\/\/yoast.com\/wordpress\/plugins\/seo\/ -->\n<title>REFRACTOMETR LIMIT 6400 - Precision measuring instruments | Limit<\/title>\n<meta name=\"robots\" content=\"index, follow, max-snippet:-1, max-image-preview:large, max-video-preview:-1\" \/>\n<link rel=\"canonical\" href=\"https:\/\/limittools.test.consids5.se\/pl\/product\/refractometr-limit-6400\/\" \/>\n<meta property=\"og:locale\" content=\"pl_PL\" \/>\n<meta property=\"og:type\" content=\"article\" \/>\n<meta property=\"og:title\" content=\"REFRACTOMETR LIMIT 6400 - Precision measuring instruments | Limit\" \/>\n<meta property=\"og:description\" content=\"R\u0119czny refraktometr do \u0142atwej kontroli temperatury zamarzania p\u0142yn\u00f3w ch\u0142odz\u0105co-smaruj\u0105cych i p\u0142yn\u00f3w do mycia szyb (-40\u00b0C), ponadto do kontroli g\u0119sto\u015bci elektrolitu [&hellip;]\" \/>\n<meta property=\"og:url\" content=\"https:\/\/limittools.test.consids5.se\/pl\/product\/refractometr-limit-6400\/\" \/>\n<meta property=\"og:site_name\" content=\"Precision measuring instruments | Limit\" \/>\n<meta property=\"article:publisher\" content=\"https:\/\/www.facebook.com\/limittools\/\" \/>\n<meta name=\"twitter:card\" content=\"summary_large_image\" \/>\n<meta name=\"twitter:label1\" content=\"Est. reading time\" \/>\n\t<meta name=\"twitter:data1\" content=\"1 minute\" \/>\n<script type=\"application\/ld+json\" class=\"yoast-schema-graph\">{\"@context\":\"https:\/\/schema.org\",\"@graph\":[{\"@type\":\"WebPage\",\"@id\":\"https:\/\/limittools.test.consids5.se\/pl\/product\/refractometr-limit-6400\/\",\"url\":\"https:\/\/limittools.test.consids5.se\/pl\/product\/refractometr-limit-6400\/\",\"name\":\"REFRACTOMETR LIMIT 6400 - Precision measuring instruments | Limit\",\"isPartOf\":{\"@id\":\"https:\/\/limittools.test.consids5.se\/#website\"},\"datePublished\":\"2026-04-08T17:35:57+00:00\",\"dateModified\":\"2026-04-08T17:35:57+00:00\",\"breadcrumb\":{\"@id\":\"https:\/\/limittools.test.consids5.se\/pl\/product\/refractometr-limit-6400\/#breadcrumb\"},\"inLanguage\":\"pl-PL\",\"potentialAction\":[{\"@type\":\"ReadAction\",\"target\":[\"https:\/\/limittools.test.consids5.se\/pl\/product\/refractometr-limit-6400\/\"]}]},{\"@type\":\"BreadcrumbList\",\"@id\":\"https:\/\/limittools.test.consids5.se\/pl\/product\/refractometr-limit-6400\/#breadcrumb\",\"itemListElement\":[{\"@type\":\"ListItem\",\"position\":1,\"name\":\"Products\",\"item\":\"https:\/\/limittools.test.consids5.se\/products\/\"},{\"@type\":\"ListItem\",\"position\":2,\"name\":\"REFRACTOMETR LIMIT 6400\"}]},{\"@type\":\"WebSite\",\"@id\":\"https:\/\/limittools.test.consids5.se\/#website\",\"url\":\"https:\/\/limittools.test.consids5.se\/\",\"name\":\"Precision measuring instruments | Limit\",\"description\":\"Everything can be measured\",\"potentialAction\":[{\"@type\":\"SearchAction\",\"target\":{\"@type\":\"EntryPoint\",\"urlTemplate\":\"https:\/\/limittools.test.consids5.se\/?s={search_term_string}\"},\"query-input\":\"required name=search_term_string\"}],\"inLanguage\":\"pl-PL\"}]}<\/script>\n<!-- \/ Yoast SEO plugin. -->","yoast_head_json":{"title":"REFRACTOMETR LIMIT 6400 - Precision measuring instruments | Limit","robots":{"index":"index","follow":"follow","max-snippet":"max-snippet:-1","max-image-preview":"max-image-preview:large","max-video-preview":"max-video-preview:-1"},"canonical":"https:\/\/limittools.test.consids5.se\/pl\/product\/refractometr-limit-6400\/","og_locale":"pl_PL","og_type":"article","og_title":"REFRACTOMETR LIMIT 6400 - Precision measuring instruments | Limit","og_description":"R\u0119czny refraktometr do \u0142atwej kontroli temperatury zamarzania p\u0142yn\u00f3w ch\u0142odz\u0105co-smaruj\u0105cych i p\u0142yn\u00f3w do mycia szyb (-40\u00b0C), ponadto do kontroli g\u0119sto\u015bci elektrolitu [&hellip;]","og_url":"https:\/\/limittools.test.consids5.se\/pl\/product\/refractometr-limit-6400\/","og_site_name":"Precision measuring instruments | Limit","article_publisher":"https:\/\/www.facebook.com\/limittools\/","twitter_card":"summary_large_image","twitter_misc":{"Est. reading time":"1 minute"},"schema":{"@context":"https:\/\/schema.org","@graph":[{"@type":"WebPage","@id":"https:\/\/limittools.test.consids5.se\/pl\/product\/refractometr-limit-6400\/","url":"https:\/\/limittools.test.consids5.se\/pl\/product\/refractometr-limit-6400\/","name":"REFRACTOMETR LIMIT 6400 - Precision measuring instruments | Limit","isPartOf":{"@id":"https:\/\/limittools.test.consids5.se\/#website"},"datePublished":"2026-04-08T17:35:57+00:00","dateModified":"2026-04-08T17:35:57+00:00","breadcrumb":{"@id":"https:\/\/limittools.test.consids5.se\/pl\/product\/refractometr-limit-6400\/#breadcrumb"},"inLanguage":"pl-PL","potentialAction":[{"@type":"ReadAction","target":["https:\/\/limittools.test.consids5.se\/pl\/product\/refractometr-limit-6400\/"]}]},{"@type":"BreadcrumbList","@id":"https:\/\/limittools.test.consids5.se\/pl\/product\/refractometr-limit-6400\/#breadcrumb","itemListElement":[{"@type":"ListItem","position":1,"name":"Products","item":"https:\/\/limittools.test.consids5.se\/products\/"},{"@type":"ListItem","position":2,"name":"REFRACTOMETR LIMIT 6400"}]},{"@type":"WebSite","@id":"https:\/\/limittools.test.consids5.se\/#website","url":"https:\/\/limittools.test.consids5.se\/","name":"Precision measuring instruments | Limit","description":"Everything can be measured","potentialAction":[{"@type":"SearchAction","target":{"@type":"EntryPoint","urlTemplate":"https:\/\/limittools.test.consids5.se\/?s={search_term_string}"},"query-input":"required name=search_term_string"}],"inLanguage":"pl-PL"}]}},"_links":{"self":[{"href":"https:\/\/limittools.test.consids5.se\/pl\/wp-json\/wp\/v2\/product\/3215"}],"collection":[{"href":"https:\/\/limittools.test.consids5.se\/pl\/wp-json\/wp\/v2\/product"}],"about":[{"href":"https:\/\/limittools.test.consids5.se\/pl\/wp-json\/wp\/v2\/types\/product"}],"replies":[{"embeddable":true,"href":"https:\/\/limittools.test.consids5.se\/pl\/wp-json\/wp\/v2\/comments?post=3215"}],"wp:attachment":[{"href":"https:\/\/limittools.test.consids5.se\/pl\/wp-json\/wp\/v2\/media?parent=3215"}],"wp:term":[{"taxonomy":"product_cat","embeddable":true,"href":"https:\/\/limittools.test.consids5.se\/pl\/wp-json\/wp\/v2\/product_cat?post=3215"},{"taxonomy":"product_tag","embeddable":true,"href":"https:\/\/limittools.test.consids5.se\/pl\/wp-json\/wp\/v2\/product_tag?post=3215"}],"curies":[{"name":"wp","href":"https:\/\/api.w.org\/{rel}","templated":true}]}}