{"id":3224,"date":"2026-04-08T17:36:03","date_gmt":"2026-04-08T17:36:03","guid":{"rendered":"http:\/\/limit-tools.local\/product\/3224\/"},"modified":"2026-04-08T17:36:03","modified_gmt":"2026-04-08T17:36:03","slug":"elektroniczna-waga-kalkulacyjna-lbc-30-kg","status":"publish","type":"product","link":"https:\/\/limittools.test.consids5.se\/pl\/product\/elektroniczna-waga-kalkulacyjna-lbc-30-kg\/","title":{"rendered":"ELEKTRONICZNA WAGA KALKULACYJNA LBC-30 KG"},"content":{"rendered":"<p>LAC. Elektroniczne wagi kalkulacyjne z 3 pod\u015bwietlanymi wy\u015bwietlaczami i z nastawianiem warto\u015bci sta\u0142ych: ilo\u015bci i wagi. Pokazuje mas\u0119 jednostkow\u0105, mas\u0119 \u0142\u0105czn\u0105 oraz wyliczon\u0105 liczb\u0119 sztuk. Klawiatura 10-cyfrowa do wprowadzenia liczby sztuk przy wyliczaniu masy jednostkowej, lub do wprowadzenia znanej masy jednostkowej. Mo\u017cliwo\u015b\u0107 wyboru &#8211; automatyczne wy\u0142\u0105czanie lub praca ci\u0105g\u0142a.<br \/>\nAutomatyczna funkcja wyboru optymalnej dok\u0142adno\u015bci wyliczania. Funkcje tarowania i zerowania. P\u0142yta wagowa ze stali nierdzewnej. Zasilanie z sieci 230 V lub akumulator\u00f3w.<br \/>\nDostarczane z zasilaczem sieciowym i akumulatorami.<br \/>\nLBC. Funkcje jw., ponadto pami\u0119\u0107 10 r\u00f3\u017cnych mas jednostkowych. Lepsza dok\u0142adno\u015b\u0107 wyliczania oraz wi\u0119ksza p\u0142yta.<\/p>\n","protected":false},"excerpt":{"rendered":"LAC. Elektroniczne wagi kalkulacyjne z 3 pod\u015bwietlanymi wy\u015bwietlaczami i z nastawianiem warto\u015bci sta\u0142ych: ilo\u015bci i wagi. Pokazuje mas\u0119 jednostkow\u0105, mas\u0119 [&hellip;]","protected":false},"featured_media":0,"comment_status":"closed","ping_status":"closed","template":"","meta":{"_acf_changed":false},"product_cat":[299,373],"product_tag":[],"class_list":{"0":"post-3224","1":"product","2":"type-product","3":"status-publish","5":"product_cat-wagi-pl","6":"product_cat-wagi-kalkulacyjne-pl","8":"first","9":"instock","10":"shipping-taxable","11":"product-type-simple"},"acf":[],"yoast_head":"<!-- This site is optimized with the Yoast SEO plugin v23.2 - https:\/\/yoast.com\/wordpress\/plugins\/seo\/ -->\n<title>ELEKTRONICZNA WAGA KALKULACYJNA LBC-30 KG - Precision measuring instruments | Limit<\/title>\n<meta name=\"robots\" content=\"index, follow, max-snippet:-1, max-image-preview:large, max-video-preview:-1\" \/>\n<link rel=\"canonical\" href=\"https:\/\/limittools.test.consids5.se\/pl\/product\/elektroniczna-waga-kalkulacyjna-lbc-30-kg\/\" \/>\n<meta property=\"og:locale\" content=\"pl_PL\" \/>\n<meta property=\"og:type\" content=\"article\" \/>\n<meta property=\"og:title\" content=\"ELEKTRONICZNA WAGA KALKULACYJNA LBC-30 KG - Precision measuring instruments | Limit\" \/>\n<meta property=\"og:description\" content=\"LAC. Elektroniczne wagi kalkulacyjne z 3 pod\u015bwietlanymi wy\u015bwietlaczami i z nastawianiem warto\u015bci sta\u0142ych: ilo\u015bci i wagi. Pokazuje mas\u0119 jednostkow\u0105, mas\u0119 [&hellip;]\" \/>\n<meta property=\"og:url\" content=\"https:\/\/limittools.test.consids5.se\/pl\/product\/elektroniczna-waga-kalkulacyjna-lbc-30-kg\/\" \/>\n<meta property=\"og:site_name\" content=\"Precision measuring instruments | Limit\" \/>\n<meta property=\"article:publisher\" content=\"https:\/\/www.facebook.com\/limittools\/\" \/>\n<meta name=\"twitter:card\" content=\"summary_large_image\" \/>\n<meta name=\"twitter:label1\" content=\"Est. reading time\" \/>\n\t<meta name=\"twitter:data1\" content=\"1 minute\" \/>\n<script type=\"application\/ld+json\" class=\"yoast-schema-graph\">{\"@context\":\"https:\/\/schema.org\",\"@graph\":[{\"@type\":\"WebPage\",\"@id\":\"https:\/\/limittools.test.consids5.se\/pl\/product\/elektroniczna-waga-kalkulacyjna-lbc-30-kg\/\",\"url\":\"https:\/\/limittools.test.consids5.se\/pl\/product\/elektroniczna-waga-kalkulacyjna-lbc-30-kg\/\",\"name\":\"ELEKTRONICZNA WAGA KALKULACYJNA LBC-30 KG - Precision measuring instruments | Limit\",\"isPartOf\":{\"@id\":\"https:\/\/limittools.test.consids5.se\/#website\"},\"datePublished\":\"2026-04-08T17:36:03+00:00\",\"dateModified\":\"2026-04-08T17:36:03+00:00\",\"breadcrumb\":{\"@id\":\"https:\/\/limittools.test.consids5.se\/pl\/product\/elektroniczna-waga-kalkulacyjna-lbc-30-kg\/#breadcrumb\"},\"inLanguage\":\"pl-PL\",\"potentialAction\":[{\"@type\":\"ReadAction\",\"target\":[\"https:\/\/limittools.test.consids5.se\/pl\/product\/elektroniczna-waga-kalkulacyjna-lbc-30-kg\/\"]}]},{\"@type\":\"BreadcrumbList\",\"@id\":\"https:\/\/limittools.test.consids5.se\/pl\/product\/elektroniczna-waga-kalkulacyjna-lbc-30-kg\/#breadcrumb\",\"itemListElement\":[{\"@type\":\"ListItem\",\"position\":1,\"name\":\"Products\",\"item\":\"https:\/\/limittools.test.consids5.se\/products\/\"},{\"@type\":\"ListItem\",\"position\":2,\"name\":\"ELEKTRONICZNA WAGA KALKULACYJNA LBC-30 KG\"}]},{\"@type\":\"WebSite\",\"@id\":\"https:\/\/limittools.test.consids5.se\/#website\",\"url\":\"https:\/\/limittools.test.consids5.se\/\",\"name\":\"Precision measuring instruments | Limit\",\"description\":\"Everything can be measured\",\"potentialAction\":[{\"@type\":\"SearchAction\",\"target\":{\"@type\":\"EntryPoint\",\"urlTemplate\":\"https:\/\/limittools.test.consids5.se\/?s={search_term_string}\"},\"query-input\":\"required name=search_term_string\"}],\"inLanguage\":\"pl-PL\"}]}<\/script>\n<!-- \/ Yoast SEO plugin. -->","yoast_head_json":{"title":"ELEKTRONICZNA WAGA KALKULACYJNA LBC-30 KG - Precision measuring instruments | Limit","robots":{"index":"index","follow":"follow","max-snippet":"max-snippet:-1","max-image-preview":"max-image-preview:large","max-video-preview":"max-video-preview:-1"},"canonical":"https:\/\/limittools.test.consids5.se\/pl\/product\/elektroniczna-waga-kalkulacyjna-lbc-30-kg\/","og_locale":"pl_PL","og_type":"article","og_title":"ELEKTRONICZNA WAGA KALKULACYJNA LBC-30 KG - Precision measuring instruments | Limit","og_description":"LAC. Elektroniczne wagi kalkulacyjne z 3 pod\u015bwietlanymi wy\u015bwietlaczami i z nastawianiem warto\u015bci sta\u0142ych: ilo\u015bci i wagi. Pokazuje mas\u0119 jednostkow\u0105, mas\u0119 [&hellip;]","og_url":"https:\/\/limittools.test.consids5.se\/pl\/product\/elektroniczna-waga-kalkulacyjna-lbc-30-kg\/","og_site_name":"Precision measuring instruments | Limit","article_publisher":"https:\/\/www.facebook.com\/limittools\/","twitter_card":"summary_large_image","twitter_misc":{"Est. reading time":"1 minute"},"schema":{"@context":"https:\/\/schema.org","@graph":[{"@type":"WebPage","@id":"https:\/\/limittools.test.consids5.se\/pl\/product\/elektroniczna-waga-kalkulacyjna-lbc-30-kg\/","url":"https:\/\/limittools.test.consids5.se\/pl\/product\/elektroniczna-waga-kalkulacyjna-lbc-30-kg\/","name":"ELEKTRONICZNA WAGA KALKULACYJNA LBC-30 KG - Precision measuring instruments | Limit","isPartOf":{"@id":"https:\/\/limittools.test.consids5.se\/#website"},"datePublished":"2026-04-08T17:36:03+00:00","dateModified":"2026-04-08T17:36:03+00:00","breadcrumb":{"@id":"https:\/\/limittools.test.consids5.se\/pl\/product\/elektroniczna-waga-kalkulacyjna-lbc-30-kg\/#breadcrumb"},"inLanguage":"pl-PL","potentialAction":[{"@type":"ReadAction","target":["https:\/\/limittools.test.consids5.se\/pl\/product\/elektroniczna-waga-kalkulacyjna-lbc-30-kg\/"]}]},{"@type":"BreadcrumbList","@id":"https:\/\/limittools.test.consids5.se\/pl\/product\/elektroniczna-waga-kalkulacyjna-lbc-30-kg\/#breadcrumb","itemListElement":[{"@type":"ListItem","position":1,"name":"Products","item":"https:\/\/limittools.test.consids5.se\/products\/"},{"@type":"ListItem","position":2,"name":"ELEKTRONICZNA WAGA KALKULACYJNA LBC-30 KG"}]},{"@type":"WebSite","@id":"https:\/\/limittools.test.consids5.se\/#website","url":"https:\/\/limittools.test.consids5.se\/","name":"Precision measuring instruments | Limit","description":"Everything can be measured","potentialAction":[{"@type":"SearchAction","target":{"@type":"EntryPoint","urlTemplate":"https:\/\/limittools.test.consids5.se\/?s={search_term_string}"},"query-input":"required name=search_term_string"}],"inLanguage":"pl-PL"}]}},"_links":{"self":[{"href":"https:\/\/limittools.test.consids5.se\/pl\/wp-json\/wp\/v2\/product\/3224"}],"collection":[{"href":"https:\/\/limittools.test.consids5.se\/pl\/wp-json\/wp\/v2\/product"}],"about":[{"href":"https:\/\/limittools.test.consids5.se\/pl\/wp-json\/wp\/v2\/types\/product"}],"replies":[{"embeddable":true,"href":"https:\/\/limittools.test.consids5.se\/pl\/wp-json\/wp\/v2\/comments?post=3224"}],"wp:attachment":[{"href":"https:\/\/limittools.test.consids5.se\/pl\/wp-json\/wp\/v2\/media?parent=3224"}],"wp:term":[{"taxonomy":"product_cat","embeddable":true,"href":"https:\/\/limittools.test.consids5.se\/pl\/wp-json\/wp\/v2\/product_cat?post=3224"},{"taxonomy":"product_tag","embeddable":true,"href":"https:\/\/limittools.test.consids5.se\/pl\/wp-json\/wp\/v2\/product_tag?post=3224"}],"curies":[{"name":"wp","href":"https:\/\/api.w.org\/{rel}","templated":true}]}}