{"id":3266,"date":"2026-04-08T17:36:33","date_gmt":"2026-04-08T17:36:33","guid":{"rendered":"http:\/\/limit-tools.local\/product\/3266\/"},"modified":"2026-04-08T17:36:33","modified_gmt":"2026-04-08T17:36:33","slug":"probnik-napiecia-limit-112","status":"publish","type":"product","link":"https:\/\/limittools.test.consids5.se\/pl\/product\/probnik-napiecia-limit-112\/","title":{"rendered":"PR\u00d3BNIK NAPIECIA LIMIT 112"},"content":{"rendered":"<p>Pr\u00f3bnik napi\u0119cia i tester ci\u0105g\u0142o\u015bci obwodu z sygnalizacj\u0105 akustyczn\u0105. Pozwala odr\u00f3\u017cni\u0107 przew\u00f3d fazowy od zerowego w instalacjach jednofazowych. Test kolejno\u015bci faz do kontroli kierunku obrot\u00f3w silnik\u00f3w 3-fazowych. Kontrola dzia\u0142ania wy\u0142\u0105cznik\u00f3w r\u00f3\u017cnicowopr\u0105dowych. Wskazuje polaryzacj\u0119 + lub &#8211; przy pomiarach sta\u0142opr\u0105dowych. Posiada wbudowan\u0105 latark\u0119. Trzymanie jedn\u0105 r\u0119k\u0105 przy kontroli gniazdek \u015bciennych. Automatyczne w\u0142\u0105czanie i wy\u0142\u0105czanie. Dostarczany z os\u0142onk\u0105 na ko\u0144c\u00f3wki, bateriami i instrukcj\u0105 obs\u0142ugi.<br \/>\nIzolacja CAT IV 600 V wg IEC 61010. Wodoszczelno\u015b\u0107 wg IP 65.<br \/>\n110. Wskazanie napi\u0119cia 7-stopniowe na diodach LED 12-24-50-120-230-400-690 V.<br \/>\n112. Rzeczywista warto\u015b\u0107 napi\u0119cia pokazywana na wy\u015bwietlaczu, plus diody LED.<\/p>\n","protected":false},"excerpt":{"rendered":"Pr\u00f3bnik napi\u0119cia i tester ci\u0105g\u0142o\u015bci obwodu z sygnalizacj\u0105 akustyczn\u0105. Pozwala odr\u00f3\u017cni\u0107 przew\u00f3d fazowy od zerowego w instalacjach jednofazowych. Test kolejno\u015bci [&hellip;]","protected":false},"featured_media":0,"comment_status":"closed","ping_status":"closed","template":"","meta":{"_acf_changed":false},"product_cat":[341,412],"product_tag":[],"class_list":{"0":"post-3266","1":"product","2":"type-product","3":"status-publish","5":"product_cat-testy-instalacji-elektrycznych-pl","6":"product_cat-probniki-napiecia-pl","8":"first","9":"instock","10":"shipping-taxable","11":"product-type-simple"},"acf":[],"yoast_head":"<!-- This site is optimized with the Yoast SEO plugin v23.2 - https:\/\/yoast.com\/wordpress\/plugins\/seo\/ -->\n<title>PR\u00d3BNIK NAPIECIA LIMIT 112 - Precision measuring instruments | Limit<\/title>\n<meta name=\"robots\" content=\"index, follow, max-snippet:-1, max-image-preview:large, max-video-preview:-1\" \/>\n<link rel=\"canonical\" href=\"https:\/\/limittools.test.consids5.se\/pl\/product\/probnik-napiecia-limit-112\/\" \/>\n<meta property=\"og:locale\" content=\"pl_PL\" \/>\n<meta property=\"og:type\" content=\"article\" \/>\n<meta property=\"og:title\" content=\"PR\u00d3BNIK NAPIECIA LIMIT 112 - Precision measuring instruments | Limit\" \/>\n<meta property=\"og:description\" content=\"Pr\u00f3bnik napi\u0119cia i tester ci\u0105g\u0142o\u015bci obwodu z sygnalizacj\u0105 akustyczn\u0105. Pozwala odr\u00f3\u017cni\u0107 przew\u00f3d fazowy od zerowego w instalacjach jednofazowych. Test kolejno\u015bci [&hellip;]\" \/>\n<meta property=\"og:url\" content=\"https:\/\/limittools.test.consids5.se\/pl\/product\/probnik-napiecia-limit-112\/\" \/>\n<meta property=\"og:site_name\" content=\"Precision measuring instruments | Limit\" \/>\n<meta property=\"article:publisher\" content=\"https:\/\/www.facebook.com\/limittools\/\" \/>\n<meta name=\"twitter:card\" content=\"summary_large_image\" \/>\n<meta name=\"twitter:label1\" content=\"Est. reading time\" \/>\n\t<meta name=\"twitter:data1\" content=\"1 minute\" \/>\n<script type=\"application\/ld+json\" class=\"yoast-schema-graph\">{\"@context\":\"https:\/\/schema.org\",\"@graph\":[{\"@type\":\"WebPage\",\"@id\":\"https:\/\/limittools.test.consids5.se\/pl\/product\/probnik-napiecia-limit-112\/\",\"url\":\"https:\/\/limittools.test.consids5.se\/pl\/product\/probnik-napiecia-limit-112\/\",\"name\":\"PR\u00d3BNIK NAPIECIA LIMIT 112 - Precision measuring instruments | Limit\",\"isPartOf\":{\"@id\":\"https:\/\/limittools.test.consids5.se\/#website\"},\"datePublished\":\"2026-04-08T17:36:33+00:00\",\"dateModified\":\"2026-04-08T17:36:33+00:00\",\"breadcrumb\":{\"@id\":\"https:\/\/limittools.test.consids5.se\/pl\/product\/probnik-napiecia-limit-112\/#breadcrumb\"},\"inLanguage\":\"pl-PL\",\"potentialAction\":[{\"@type\":\"ReadAction\",\"target\":[\"https:\/\/limittools.test.consids5.se\/pl\/product\/probnik-napiecia-limit-112\/\"]}]},{\"@type\":\"BreadcrumbList\",\"@id\":\"https:\/\/limittools.test.consids5.se\/pl\/product\/probnik-napiecia-limit-112\/#breadcrumb\",\"itemListElement\":[{\"@type\":\"ListItem\",\"position\":1,\"name\":\"Products\",\"item\":\"https:\/\/limittools.test.consids5.se\/products\/\"},{\"@type\":\"ListItem\",\"position\":2,\"name\":\"PR\u00d3BNIK NAPIECIA LIMIT 112\"}]},{\"@type\":\"WebSite\",\"@id\":\"https:\/\/limittools.test.consids5.se\/#website\",\"url\":\"https:\/\/limittools.test.consids5.se\/\",\"name\":\"Precision measuring instruments | Limit\",\"description\":\"Everything can be measured\",\"potentialAction\":[{\"@type\":\"SearchAction\",\"target\":{\"@type\":\"EntryPoint\",\"urlTemplate\":\"https:\/\/limittools.test.consids5.se\/?s={search_term_string}\"},\"query-input\":\"required name=search_term_string\"}],\"inLanguage\":\"pl-PL\"}]}<\/script>\n<!-- \/ Yoast SEO plugin. -->","yoast_head_json":{"title":"PR\u00d3BNIK NAPIECIA LIMIT 112 - Precision measuring instruments | Limit","robots":{"index":"index","follow":"follow","max-snippet":"max-snippet:-1","max-image-preview":"max-image-preview:large","max-video-preview":"max-video-preview:-1"},"canonical":"https:\/\/limittools.test.consids5.se\/pl\/product\/probnik-napiecia-limit-112\/","og_locale":"pl_PL","og_type":"article","og_title":"PR\u00d3BNIK NAPIECIA LIMIT 112 - Precision measuring instruments | Limit","og_description":"Pr\u00f3bnik napi\u0119cia i tester ci\u0105g\u0142o\u015bci obwodu z sygnalizacj\u0105 akustyczn\u0105. Pozwala odr\u00f3\u017cni\u0107 przew\u00f3d fazowy od zerowego w instalacjach jednofazowych. Test kolejno\u015bci [&hellip;]","og_url":"https:\/\/limittools.test.consids5.se\/pl\/product\/probnik-napiecia-limit-112\/","og_site_name":"Precision measuring instruments | Limit","article_publisher":"https:\/\/www.facebook.com\/limittools\/","twitter_card":"summary_large_image","twitter_misc":{"Est. reading time":"1 minute"},"schema":{"@context":"https:\/\/schema.org","@graph":[{"@type":"WebPage","@id":"https:\/\/limittools.test.consids5.se\/pl\/product\/probnik-napiecia-limit-112\/","url":"https:\/\/limittools.test.consids5.se\/pl\/product\/probnik-napiecia-limit-112\/","name":"PR\u00d3BNIK NAPIECIA LIMIT 112 - Precision measuring instruments | Limit","isPartOf":{"@id":"https:\/\/limittools.test.consids5.se\/#website"},"datePublished":"2026-04-08T17:36:33+00:00","dateModified":"2026-04-08T17:36:33+00:00","breadcrumb":{"@id":"https:\/\/limittools.test.consids5.se\/pl\/product\/probnik-napiecia-limit-112\/#breadcrumb"},"inLanguage":"pl-PL","potentialAction":[{"@type":"ReadAction","target":["https:\/\/limittools.test.consids5.se\/pl\/product\/probnik-napiecia-limit-112\/"]}]},{"@type":"BreadcrumbList","@id":"https:\/\/limittools.test.consids5.se\/pl\/product\/probnik-napiecia-limit-112\/#breadcrumb","itemListElement":[{"@type":"ListItem","position":1,"name":"Products","item":"https:\/\/limittools.test.consids5.se\/products\/"},{"@type":"ListItem","position":2,"name":"PR\u00d3BNIK NAPIECIA LIMIT 112"}]},{"@type":"WebSite","@id":"https:\/\/limittools.test.consids5.se\/#website","url":"https:\/\/limittools.test.consids5.se\/","name":"Precision measuring instruments | Limit","description":"Everything can be measured","potentialAction":[{"@type":"SearchAction","target":{"@type":"EntryPoint","urlTemplate":"https:\/\/limittools.test.consids5.se\/?s={search_term_string}"},"query-input":"required name=search_term_string"}],"inLanguage":"pl-PL"}]}},"_links":{"self":[{"href":"https:\/\/limittools.test.consids5.se\/pl\/wp-json\/wp\/v2\/product\/3266"}],"collection":[{"href":"https:\/\/limittools.test.consids5.se\/pl\/wp-json\/wp\/v2\/product"}],"about":[{"href":"https:\/\/limittools.test.consids5.se\/pl\/wp-json\/wp\/v2\/types\/product"}],"replies":[{"embeddable":true,"href":"https:\/\/limittools.test.consids5.se\/pl\/wp-json\/wp\/v2\/comments?post=3266"}],"wp:attachment":[{"href":"https:\/\/limittools.test.consids5.se\/pl\/wp-json\/wp\/v2\/media?parent=3266"}],"wp:term":[{"taxonomy":"product_cat","embeddable":true,"href":"https:\/\/limittools.test.consids5.se\/pl\/wp-json\/wp\/v2\/product_cat?post=3266"},{"taxonomy":"product_tag","embeddable":true,"href":"https:\/\/limittools.test.consids5.se\/pl\/wp-json\/wp\/v2\/product_tag?post=3266"}],"curies":[{"name":"wp","href":"https:\/\/api.w.org\/{rel}","templated":true}]}}