{"id":3293,"date":"2021-12-16T13:02:44","date_gmt":"2021-12-16T13:02:44","guid":{"rendered":"http:\/\/limit-tools.local\/product\/3293\/"},"modified":"2021-12-16T13:02:44","modified_gmt":"2021-12-16T13:02:44","slug":"laser-krzyzowy-wielopromieniowy-limit-1080-g","status":"publish","type":"product","link":"https:\/\/limittools.test.consids5.se\/pl\/product\/laser-krzyzowy-wielopromieniowy-limit-1080-g\/","title":{"rendered":"LASER KRZYZOWY WIELOPROMIENIOWY LIMIT 1080-G"},"content":{"rendered":"<p>Laser krzy\u017cowy wielopromieniowy, rzutuj\u0105cy w zakresie 360\u00b0 trzy bardzo jasne linie w kolorze zielonym. Jedna linia pozioma dookolna 360\u00ba i dwie linie pionowe, wy\u015bwietlane pod wzajemnym k\u0105tem 90 stopni. Linie mo\u017cna wy\u015bwietla\u0107 ka\u017cd\u0105 pojedynczo albo obie razem. Laser ze \u015bwiat\u0142em zielonym, charakteryzuje si\u0119 czterokrotnie lepsz\u0105 widzialno\u015bci\u0105 w por\u00f3wnaniu ze \u015bwiat\u0142em czerwonym, co jest wa\u017cn\u0105 zalet\u0105 przy pracy w silnym o\u015bwietleniu i przy wi\u0119kszych dystansach. Samopoziomuj\u0105cy, z magnetycznym t\u0142umieniem waha\u0144. W przypadku, gdy nachylenie przekracza dopuszczalny zakres odchy\u0142ki od poziomu w\u0142\u0105cza si\u0119 sygna\u0142 akustyczny oraz linie zaczynaj\u0105 pulsowa\u0107. Dla wy\u015bwietlenia p\u0142aszczyzny przechylonej samopoziomowanie mo\u017cna wy\u0142\u0105czy\u0107, poprzez u\u017cycie mechanicznej blokady mechanizmu wahad\u0142a, kt\u00f3ra ponadto s\u0142u\u017cy jako wy\u0142\u0105cznik g\u0142\u00f3wny i zabezpieczenie transportowe. Limit 1080 ma mo\u017cliwo\u015b\u0107 prze\u0142\u0105czenia na \u015bwiat\u0142o pulsuj\u0105ce, co umo\u017cliwia prac\u0119 zar\u00f3wno na zewn\u0105trz, jak i w jasnych pomieszczeniach, przy wsp\u00f3\u0142pracy z oddzielnym odbiornikiem\/detektorem laserowym 178620308 (nabywany oddzielnie).<br \/>\nZasilanie z baterii AA lub z akumulatora z \u0142adowark\u0105 (nabywane oddzielnie). Dostarczany z regulowanym statywem 3-no\u017cnym (237-500 mm), uchwytem magnetycznym, tablic\u0105 odblaskow\u0105 oraz bateriami AA, w walizce. Akumulator i \u0142adowarka wyst\u0119puj\u0105 jako wyposa\u017cenie opcjonalne (244651006).<br \/>\nDo akcesori\u00f3w 181120106, 200570109, 178650800, 178680104 i 178690103 potrzebny jest adapter 181120205.<\/p>\n","protected":false},"excerpt":{"rendered":"Laser krzy\u017cowy wielopromieniowy, rzutuj\u0105cy w zakresie 360\u00b0 trzy bardzo jasne linie w kolorze zielonym. Jedna linia pozioma dookolna 360\u00ba i [&hellip;]","protected":false},"featured_media":0,"comment_status":"closed","ping_status":"closed","template":"","meta":{"_acf_changed":false},"product_cat":[282,441],"product_tag":[],"class_list":{"0":"post-3293","1":"product","2":"type-product","3":"status-publish","5":"product_cat-przyrzady-laserowe-pl","6":"product_cat-lasery-krzyzowe-pl","8":"first","9":"instock","10":"shipping-taxable","11":"product-type-simple"},"acf":[],"yoast_head":"<!-- This site is optimized with the Yoast SEO plugin v23.2 - https:\/\/yoast.com\/wordpress\/plugins\/seo\/ -->\n<title>LASER KRZYZOWY WIELOPROMIENIOWY LIMIT 1080-G - Precision measuring instruments | Limit<\/title>\n<meta name=\"robots\" content=\"index, follow, max-snippet:-1, max-image-preview:large, max-video-preview:-1\" \/>\n<link rel=\"canonical\" href=\"https:\/\/limittools.test.consids5.se\/pl\/product\/laser-krzyzowy-wielopromieniowy-limit-1080-g\/\" \/>\n<meta property=\"og:locale\" content=\"pl_PL\" \/>\n<meta property=\"og:type\" content=\"article\" \/>\n<meta property=\"og:title\" content=\"LASER KRZYZOWY WIELOPROMIENIOWY LIMIT 1080-G - Precision measuring instruments | Limit\" \/>\n<meta property=\"og:description\" content=\"Laser krzy\u017cowy wielopromieniowy, rzutuj\u0105cy w zakresie 360\u00b0 trzy bardzo jasne linie w kolorze zielonym. Jedna linia pozioma dookolna 360\u00ba i [&hellip;]\" \/>\n<meta property=\"og:url\" content=\"https:\/\/limittools.test.consids5.se\/pl\/product\/laser-krzyzowy-wielopromieniowy-limit-1080-g\/\" \/>\n<meta property=\"og:site_name\" content=\"Precision measuring instruments | Limit\" \/>\n<meta property=\"article:publisher\" content=\"https:\/\/www.facebook.com\/limittools\/\" \/>\n<meta name=\"twitter:card\" content=\"summary_large_image\" \/>\n<meta name=\"twitter:label1\" content=\"Est. reading time\" \/>\n\t<meta name=\"twitter:data1\" content=\"1 minute\" \/>\n<script type=\"application\/ld+json\" class=\"yoast-schema-graph\">{\"@context\":\"https:\/\/schema.org\",\"@graph\":[{\"@type\":\"WebPage\",\"@id\":\"https:\/\/limittools.test.consids5.se\/pl\/product\/laser-krzyzowy-wielopromieniowy-limit-1080-g\/\",\"url\":\"https:\/\/limittools.test.consids5.se\/pl\/product\/laser-krzyzowy-wielopromieniowy-limit-1080-g\/\",\"name\":\"LASER KRZYZOWY WIELOPROMIENIOWY LIMIT 1080-G - Precision measuring instruments | Limit\",\"isPartOf\":{\"@id\":\"https:\/\/limittools.test.consids5.se\/#website\"},\"datePublished\":\"2021-12-16T13:02:44+00:00\",\"dateModified\":\"2021-12-16T13:02:44+00:00\",\"breadcrumb\":{\"@id\":\"https:\/\/limittools.test.consids5.se\/pl\/product\/laser-krzyzowy-wielopromieniowy-limit-1080-g\/#breadcrumb\"},\"inLanguage\":\"pl-PL\",\"potentialAction\":[{\"@type\":\"ReadAction\",\"target\":[\"https:\/\/limittools.test.consids5.se\/pl\/product\/laser-krzyzowy-wielopromieniowy-limit-1080-g\/\"]}]},{\"@type\":\"BreadcrumbList\",\"@id\":\"https:\/\/limittools.test.consids5.se\/pl\/product\/laser-krzyzowy-wielopromieniowy-limit-1080-g\/#breadcrumb\",\"itemListElement\":[{\"@type\":\"ListItem\",\"position\":1,\"name\":\"Products\",\"item\":\"https:\/\/limittools.test.consids5.se\/products\/\"},{\"@type\":\"ListItem\",\"position\":2,\"name\":\"LASER KRZYZOWY WIELOPROMIENIOWY LIMIT 1080-G\"}]},{\"@type\":\"WebSite\",\"@id\":\"https:\/\/limittools.test.consids5.se\/#website\",\"url\":\"https:\/\/limittools.test.consids5.se\/\",\"name\":\"Precision measuring instruments | Limit\",\"description\":\"Everything can be measured\",\"potentialAction\":[{\"@type\":\"SearchAction\",\"target\":{\"@type\":\"EntryPoint\",\"urlTemplate\":\"https:\/\/limittools.test.consids5.se\/?s={search_term_string}\"},\"query-input\":\"required name=search_term_string\"}],\"inLanguage\":\"pl-PL\"}]}<\/script>\n<!-- \/ Yoast SEO plugin. -->","yoast_head_json":{"title":"LASER KRZYZOWY WIELOPROMIENIOWY LIMIT 1080-G - Precision measuring instruments | Limit","robots":{"index":"index","follow":"follow","max-snippet":"max-snippet:-1","max-image-preview":"max-image-preview:large","max-video-preview":"max-video-preview:-1"},"canonical":"https:\/\/limittools.test.consids5.se\/pl\/product\/laser-krzyzowy-wielopromieniowy-limit-1080-g\/","og_locale":"pl_PL","og_type":"article","og_title":"LASER KRZYZOWY WIELOPROMIENIOWY LIMIT 1080-G - Precision measuring instruments | Limit","og_description":"Laser krzy\u017cowy wielopromieniowy, rzutuj\u0105cy w zakresie 360\u00b0 trzy bardzo jasne linie w kolorze zielonym. Jedna linia pozioma dookolna 360\u00ba i [&hellip;]","og_url":"https:\/\/limittools.test.consids5.se\/pl\/product\/laser-krzyzowy-wielopromieniowy-limit-1080-g\/","og_site_name":"Precision measuring instruments | Limit","article_publisher":"https:\/\/www.facebook.com\/limittools\/","twitter_card":"summary_large_image","twitter_misc":{"Est. reading time":"1 minute"},"schema":{"@context":"https:\/\/schema.org","@graph":[{"@type":"WebPage","@id":"https:\/\/limittools.test.consids5.se\/pl\/product\/laser-krzyzowy-wielopromieniowy-limit-1080-g\/","url":"https:\/\/limittools.test.consids5.se\/pl\/product\/laser-krzyzowy-wielopromieniowy-limit-1080-g\/","name":"LASER KRZYZOWY WIELOPROMIENIOWY LIMIT 1080-G - Precision measuring instruments | Limit","isPartOf":{"@id":"https:\/\/limittools.test.consids5.se\/#website"},"datePublished":"2021-12-16T13:02:44+00:00","dateModified":"2021-12-16T13:02:44+00:00","breadcrumb":{"@id":"https:\/\/limittools.test.consids5.se\/pl\/product\/laser-krzyzowy-wielopromieniowy-limit-1080-g\/#breadcrumb"},"inLanguage":"pl-PL","potentialAction":[{"@type":"ReadAction","target":["https:\/\/limittools.test.consids5.se\/pl\/product\/laser-krzyzowy-wielopromieniowy-limit-1080-g\/"]}]},{"@type":"BreadcrumbList","@id":"https:\/\/limittools.test.consids5.se\/pl\/product\/laser-krzyzowy-wielopromieniowy-limit-1080-g\/#breadcrumb","itemListElement":[{"@type":"ListItem","position":1,"name":"Products","item":"https:\/\/limittools.test.consids5.se\/products\/"},{"@type":"ListItem","position":2,"name":"LASER KRZYZOWY WIELOPROMIENIOWY LIMIT 1080-G"}]},{"@type":"WebSite","@id":"https:\/\/limittools.test.consids5.se\/#website","url":"https:\/\/limittools.test.consids5.se\/","name":"Precision measuring instruments | Limit","description":"Everything can be measured","potentialAction":[{"@type":"SearchAction","target":{"@type":"EntryPoint","urlTemplate":"https:\/\/limittools.test.consids5.se\/?s={search_term_string}"},"query-input":"required name=search_term_string"}],"inLanguage":"pl-PL"}]}},"_links":{"self":[{"href":"https:\/\/limittools.test.consids5.se\/pl\/wp-json\/wp\/v2\/product\/3293"}],"collection":[{"href":"https:\/\/limittools.test.consids5.se\/pl\/wp-json\/wp\/v2\/product"}],"about":[{"href":"https:\/\/limittools.test.consids5.se\/pl\/wp-json\/wp\/v2\/types\/product"}],"replies":[{"embeddable":true,"href":"https:\/\/limittools.test.consids5.se\/pl\/wp-json\/wp\/v2\/comments?post=3293"}],"wp:attachment":[{"href":"https:\/\/limittools.test.consids5.se\/pl\/wp-json\/wp\/v2\/media?parent=3293"}],"wp:term":[{"taxonomy":"product_cat","embeddable":true,"href":"https:\/\/limittools.test.consids5.se\/pl\/wp-json\/wp\/v2\/product_cat?post=3293"},{"taxonomy":"product_tag","embeddable":true,"href":"https:\/\/limittools.test.consids5.se\/pl\/wp-json\/wp\/v2\/product_tag?post=3293"}],"curies":[{"name":"wp","href":"https:\/\/api.w.org\/{rel}","templated":true}]}}