{"id":3314,"date":"2026-04-08T17:37:04","date_gmt":"2026-04-08T17:37:04","guid":{"rendered":"http:\/\/limit-tools.local\/product\/3314\/"},"modified":"2026-04-08T17:37:04","modified_gmt":"2026-04-08T17:37:04","slug":"termometr-przemyslowy-limit-60","status":"publish","type":"product","link":"https:\/\/limittools.test.consids5.se\/pl\/product\/termometr-przemyslowy-limit-60\/","title":{"rendered":"TERMOMETR PRZEMYSLOWY LIMIT 60"},"content":{"rendered":"<p>Cyfrowy termometr czujnikowy. Dwa kana\u0142y umo\u017cliwiaj\u0105 jednoczesny pomiar temperatury z wykorzystaniem dw\u00f3ch r\u00f3\u017cnych czujnik\u00f3w. Istnieje mo\u017cliwo\u015b\u0107 zapisu do 99 wynik\u00f3w pomiar\u00f3w, w rytm ustalonych interwa\u0142\u00f3w czasowych lub z rejestracj\u0105 r\u0119czn\u0105. Zapisane wyniki mo\u017cna przes\u0142a\u0107 do komputera.Mo\u017cna rejestrowa\u0107 warto\u015b\u0107 maksymaln\u0105, minimaln\u0105, lub r\u00f3\u017cnic\u0119 pomi\u0119dzy punktami pomiarowymi. Funkcja HOLD. Przyrz\u0105d umo\u017cliwia \u0142atw\u0105 kompensacj\u0119 ewentualnych b\u0142\u0119d\u00f3w czujnik\u00f3w. Pod\u015bwietlenie wy\u015bwietlacza. Prze\u0142\u0105czanie jednostek \u00b0C lub \u00b0F. Ostrze\u017cenie o niskim napi\u0119ciu baterii. Mo\u017ce wsp\u00f3\u0142pracowa\u0107 z czujnikami typu K, J i E. Sonda drutowa maks. 260\u00b0C, oraz kabel USB, oprogramowanie, bateria i instrukcja obs\u0142ugi.15321-0208 Sonda wtykowa do gaz\u00f3w\/p\u0142yn\u00f3w typu K, zakres -50 do +600\u00b0C. D\u0142ugo\u015b\u0107 czujnika 180 mm. D\u0142ugo\u015b\u0107 kabla 1000 mm.15321-0307 Sonda powierzchniowa typu K, zakres -50 do +500\u00b0C. D\u0142ugo\u015b\u0107 czujnika 125 mm. D\u0142ugo\u015b\u0107 kabla 1000 mm.12860-0301 Sonda drutowa na zakres -50 do +260\u00b0C. D\u0142ugo\u015b\u0107 drutu 900 mm.<\/p>\n","protected":false},"excerpt":{"rendered":"Cyfrowy termometr czujnikowy. Dwa kana\u0142y umo\u017cliwiaj\u0105 jednoczesny pomiar temperatury z wykorzystaniem dw\u00f3ch r\u00f3\u017cnych czujnik\u00f3w. Istnieje mo\u017cliwo\u015b\u0107 zapisu do 99 wynik\u00f3w [&hellip;]","protected":false},"featured_media":0,"comment_status":"closed","ping_status":"closed","template":"","meta":{"_acf_changed":false},"product_cat":[1811,509],"product_tag":[],"class_list":{"0":"post-3314","1":"product","2":"type-product","3":"status-publish","5":"product_cat-termometry-pl-mierniki-do-pomiarow-klimatycznych-i-srodowiskowych-pl-61","6":"product_cat-mierniki-do-pomiarow-klimatycznych-i-srodowiskowych-pl","8":"first","9":"instock","10":"shipping-taxable","11":"product-type-simple"},"acf":[],"yoast_head":"<!-- This site is optimized with the Yoast SEO plugin v23.2 - https:\/\/yoast.com\/wordpress\/plugins\/seo\/ -->\n<title>TERMOMETR PRZEMYSLOWY LIMIT 60 - Precision measuring instruments | Limit<\/title>\n<meta name=\"robots\" content=\"index, follow, max-snippet:-1, max-image-preview:large, max-video-preview:-1\" \/>\n<link rel=\"canonical\" href=\"https:\/\/limittools.test.consids5.se\/pl\/product\/termometr-przemyslowy-limit-60\/\" \/>\n<meta property=\"og:locale\" content=\"pl_PL\" \/>\n<meta property=\"og:type\" content=\"article\" \/>\n<meta property=\"og:title\" content=\"TERMOMETR PRZEMYSLOWY LIMIT 60 - Precision measuring instruments | Limit\" \/>\n<meta property=\"og:description\" content=\"Cyfrowy termometr czujnikowy. Dwa kana\u0142y umo\u017cliwiaj\u0105 jednoczesny pomiar temperatury z wykorzystaniem dw\u00f3ch r\u00f3\u017cnych czujnik\u00f3w. Istnieje mo\u017cliwo\u015b\u0107 zapisu do 99 wynik\u00f3w [&hellip;]\" \/>\n<meta property=\"og:url\" content=\"https:\/\/limittools.test.consids5.se\/pl\/product\/termometr-przemyslowy-limit-60\/\" \/>\n<meta property=\"og:site_name\" content=\"Precision measuring instruments | Limit\" \/>\n<meta property=\"article:publisher\" content=\"https:\/\/www.facebook.com\/limittools\/\" \/>\n<meta name=\"twitter:card\" content=\"summary_large_image\" \/>\n<meta name=\"twitter:label1\" content=\"Est. reading time\" \/>\n\t<meta name=\"twitter:data1\" content=\"1 minute\" \/>\n<script type=\"application\/ld+json\" class=\"yoast-schema-graph\">{\"@context\":\"https:\/\/schema.org\",\"@graph\":[{\"@type\":\"WebPage\",\"@id\":\"https:\/\/limittools.test.consids5.se\/pl\/product\/termometr-przemyslowy-limit-60\/\",\"url\":\"https:\/\/limittools.test.consids5.se\/pl\/product\/termometr-przemyslowy-limit-60\/\",\"name\":\"TERMOMETR PRZEMYSLOWY LIMIT 60 - Precision measuring instruments | Limit\",\"isPartOf\":{\"@id\":\"https:\/\/limittools.test.consids5.se\/#website\"},\"datePublished\":\"2026-04-08T17:37:04+00:00\",\"dateModified\":\"2026-04-08T17:37:04+00:00\",\"breadcrumb\":{\"@id\":\"https:\/\/limittools.test.consids5.se\/pl\/product\/termometr-przemyslowy-limit-60\/#breadcrumb\"},\"inLanguage\":\"pl-PL\",\"potentialAction\":[{\"@type\":\"ReadAction\",\"target\":[\"https:\/\/limittools.test.consids5.se\/pl\/product\/termometr-przemyslowy-limit-60\/\"]}]},{\"@type\":\"BreadcrumbList\",\"@id\":\"https:\/\/limittools.test.consids5.se\/pl\/product\/termometr-przemyslowy-limit-60\/#breadcrumb\",\"itemListElement\":[{\"@type\":\"ListItem\",\"position\":1,\"name\":\"Products\",\"item\":\"https:\/\/limittools.test.consids5.se\/products\/\"},{\"@type\":\"ListItem\",\"position\":2,\"name\":\"TERMOMETR PRZEMYSLOWY LIMIT 60\"}]},{\"@type\":\"WebSite\",\"@id\":\"https:\/\/limittools.test.consids5.se\/#website\",\"url\":\"https:\/\/limittools.test.consids5.se\/\",\"name\":\"Precision measuring instruments | Limit\",\"description\":\"Everything can be measured\",\"potentialAction\":[{\"@type\":\"SearchAction\",\"target\":{\"@type\":\"EntryPoint\",\"urlTemplate\":\"https:\/\/limittools.test.consids5.se\/?s={search_term_string}\"},\"query-input\":\"required name=search_term_string\"}],\"inLanguage\":\"pl-PL\"}]}<\/script>\n<!-- \/ Yoast SEO plugin. -->","yoast_head_json":{"title":"TERMOMETR PRZEMYSLOWY LIMIT 60 - Precision measuring instruments | Limit","robots":{"index":"index","follow":"follow","max-snippet":"max-snippet:-1","max-image-preview":"max-image-preview:large","max-video-preview":"max-video-preview:-1"},"canonical":"https:\/\/limittools.test.consids5.se\/pl\/product\/termometr-przemyslowy-limit-60\/","og_locale":"pl_PL","og_type":"article","og_title":"TERMOMETR PRZEMYSLOWY LIMIT 60 - Precision measuring instruments | Limit","og_description":"Cyfrowy termometr czujnikowy. Dwa kana\u0142y umo\u017cliwiaj\u0105 jednoczesny pomiar temperatury z wykorzystaniem dw\u00f3ch r\u00f3\u017cnych czujnik\u00f3w. Istnieje mo\u017cliwo\u015b\u0107 zapisu do 99 wynik\u00f3w [&hellip;]","og_url":"https:\/\/limittools.test.consids5.se\/pl\/product\/termometr-przemyslowy-limit-60\/","og_site_name":"Precision measuring instruments | Limit","article_publisher":"https:\/\/www.facebook.com\/limittools\/","twitter_card":"summary_large_image","twitter_misc":{"Est. reading time":"1 minute"},"schema":{"@context":"https:\/\/schema.org","@graph":[{"@type":"WebPage","@id":"https:\/\/limittools.test.consids5.se\/pl\/product\/termometr-przemyslowy-limit-60\/","url":"https:\/\/limittools.test.consids5.se\/pl\/product\/termometr-przemyslowy-limit-60\/","name":"TERMOMETR PRZEMYSLOWY LIMIT 60 - Precision measuring instruments | Limit","isPartOf":{"@id":"https:\/\/limittools.test.consids5.se\/#website"},"datePublished":"2026-04-08T17:37:04+00:00","dateModified":"2026-04-08T17:37:04+00:00","breadcrumb":{"@id":"https:\/\/limittools.test.consids5.se\/pl\/product\/termometr-przemyslowy-limit-60\/#breadcrumb"},"inLanguage":"pl-PL","potentialAction":[{"@type":"ReadAction","target":["https:\/\/limittools.test.consids5.se\/pl\/product\/termometr-przemyslowy-limit-60\/"]}]},{"@type":"BreadcrumbList","@id":"https:\/\/limittools.test.consids5.se\/pl\/product\/termometr-przemyslowy-limit-60\/#breadcrumb","itemListElement":[{"@type":"ListItem","position":1,"name":"Products","item":"https:\/\/limittools.test.consids5.se\/products\/"},{"@type":"ListItem","position":2,"name":"TERMOMETR PRZEMYSLOWY LIMIT 60"}]},{"@type":"WebSite","@id":"https:\/\/limittools.test.consids5.se\/#website","url":"https:\/\/limittools.test.consids5.se\/","name":"Precision measuring instruments | Limit","description":"Everything can be measured","potentialAction":[{"@type":"SearchAction","target":{"@type":"EntryPoint","urlTemplate":"https:\/\/limittools.test.consids5.se\/?s={search_term_string}"},"query-input":"required name=search_term_string"}],"inLanguage":"pl-PL"}]}},"_links":{"self":[{"href":"https:\/\/limittools.test.consids5.se\/pl\/wp-json\/wp\/v2\/product\/3314"}],"collection":[{"href":"https:\/\/limittools.test.consids5.se\/pl\/wp-json\/wp\/v2\/product"}],"about":[{"href":"https:\/\/limittools.test.consids5.se\/pl\/wp-json\/wp\/v2\/types\/product"}],"replies":[{"embeddable":true,"href":"https:\/\/limittools.test.consids5.se\/pl\/wp-json\/wp\/v2\/comments?post=3314"}],"wp:attachment":[{"href":"https:\/\/limittools.test.consids5.se\/pl\/wp-json\/wp\/v2\/media?parent=3314"}],"wp:term":[{"taxonomy":"product_cat","embeddable":true,"href":"https:\/\/limittools.test.consids5.se\/pl\/wp-json\/wp\/v2\/product_cat?post=3314"},{"taxonomy":"product_tag","embeddable":true,"href":"https:\/\/limittools.test.consids5.se\/pl\/wp-json\/wp\/v2\/product_tag?post=3314"}],"curies":[{"name":"wp","href":"https:\/\/api.w.org\/{rel}","templated":true}]}}