{"id":3317,"date":"2026-04-08T17:37:06","date_gmt":"2026-04-08T17:37:06","guid":{"rendered":"http:\/\/limit-tools.local\/product\/3317\/"},"modified":"2026-04-08T17:37:06","modified_gmt":"2026-04-08T17:37:06","slug":"suwmiarka-cyfrowa-cdm-150mm-flex","status":"publish","type":"product","link":"https:\/\/limittools.test.consids5.se\/pl\/product\/suwmiarka-cyfrowa-cdm-150mm-flex\/","title":{"rendered":"SUWMIARKA CYFROWA CDM 150MM FLEX"},"content":{"rendered":"<p>Suwmiarka cyfrowa z unikalnym, ruchomym wy\u015bwietlaczem. Suwmiarka cyfrowa z unikalnym, opatentowanym elastycznym rozwi\u0105zaniem wy\u015bwietlacza! Dzi\u0119ki zastosowaniu przechylnego wy\u015bwietlacza, kt\u00f3ry ponadto posiada funkcj\u0119 przekr\u0119cania obrazu, suwmiark\u0119 mo\u017cna u\u017cywa\u0107 zar\u00f3wno praw\u0105 jak i lew\u0105 r\u0119k\u0105, do pomiar\u00f3w od g\u00f3ry i od do\u0142u. Oznacza to, \u017ce pomiary mo\u017cna odczytywa\u0107 z wy\u015bwietlacza nawet w najbardziej niedogodnych miejscach, np. w tokarkach wielooperacyjnych lub sterowanych numerycznie. Z systemem pomiaru bezwzgl\u0119dnego oraz chwilowego przesuni\u0119cia punktu zerowego. Nierdzewne, hartowane i precyzyjnie szlifowane szcz\u0119ki pomiarowe. Grubo\u015b\u0107 szcz\u0119k 3.5 do 4 mm zapewnia wysok\u0105 stabilno\u015b\u0107. Wy\u015bwietlacz typu LCD o czytelnych cyfrach o wysoko\u015bci 7.5 mm. 4-funkcje. Procesor o du\u017cej cz\u0119sto\u015bci aktualizacji (1.5 pomiaru\/s). Wyb\u00f3r wskazania w mm lub calach. Wyposa\u017cona w prostok\u0105tn\u0105 wysuwk\u0119 g\u0142\u0119boko\u015bciomierza i szcz\u0119ki do pomiar\u00f3w wewn\u0119trznych. Wykonanie zgodne z DIN 862. Dostarczana w etui, ze \u015bwiadectwem kontroli jako\u015bci. W za\u0142\u0105czeniu bateria typu CR2032.<\/p>\n","protected":false},"excerpt":{"rendered":"Suwmiarka cyfrowa z unikalnym, ruchomym wy\u015bwietlaczem. Suwmiarka cyfrowa z unikalnym, opatentowanym elastycznym rozwi\u0105zaniem wy\u015bwietlacza! Dzi\u0119ki zastosowaniu przechylnego wy\u015bwietlacza, kt\u00f3ry ponadto [&hellip;]","protected":false},"featured_media":0,"comment_status":"closed","ping_status":"closed","template":"","meta":{"_acf_changed":false},"product_cat":[247,358],"product_tag":[],"class_list":{"0":"post-3317","1":"product","2":"type-product","3":"status-publish","5":"product_cat-pomiary-warsztatowe-pl","6":"product_cat-suwmiarki-cyfrowe-pl","8":"first","9":"instock","10":"shipping-taxable","11":"product-type-simple"},"acf":[],"yoast_head":"<!-- This site is optimized with the Yoast SEO plugin v23.2 - https:\/\/yoast.com\/wordpress\/plugins\/seo\/ -->\n<title>SUWMIARKA CYFROWA CDM 150MM FLEX - Precision measuring instruments | Limit<\/title>\n<meta name=\"robots\" content=\"index, follow, max-snippet:-1, max-image-preview:large, max-video-preview:-1\" \/>\n<link rel=\"canonical\" href=\"https:\/\/limittools.test.consids5.se\/pl\/product\/suwmiarka-cyfrowa-cdm-150mm-flex\/\" \/>\n<meta property=\"og:locale\" content=\"pl_PL\" \/>\n<meta property=\"og:type\" content=\"article\" \/>\n<meta property=\"og:title\" content=\"SUWMIARKA CYFROWA CDM 150MM FLEX - Precision measuring instruments | Limit\" \/>\n<meta property=\"og:description\" content=\"Suwmiarka cyfrowa z unikalnym, ruchomym wy\u015bwietlaczem. Suwmiarka cyfrowa z unikalnym, opatentowanym elastycznym rozwi\u0105zaniem wy\u015bwietlacza! Dzi\u0119ki zastosowaniu przechylnego wy\u015bwietlacza, kt\u00f3ry ponadto [&hellip;]\" \/>\n<meta property=\"og:url\" content=\"https:\/\/limittools.test.consids5.se\/pl\/product\/suwmiarka-cyfrowa-cdm-150mm-flex\/\" \/>\n<meta property=\"og:site_name\" content=\"Precision measuring instruments | Limit\" \/>\n<meta property=\"article:publisher\" content=\"https:\/\/www.facebook.com\/limittools\/\" \/>\n<meta name=\"twitter:card\" content=\"summary_large_image\" \/>\n<meta name=\"twitter:label1\" content=\"Est. reading time\" \/>\n\t<meta name=\"twitter:data1\" content=\"1 minute\" \/>\n<script type=\"application\/ld+json\" class=\"yoast-schema-graph\">{\"@context\":\"https:\/\/schema.org\",\"@graph\":[{\"@type\":\"WebPage\",\"@id\":\"https:\/\/limittools.test.consids5.se\/pl\/product\/suwmiarka-cyfrowa-cdm-150mm-flex\/\",\"url\":\"https:\/\/limittools.test.consids5.se\/pl\/product\/suwmiarka-cyfrowa-cdm-150mm-flex\/\",\"name\":\"SUWMIARKA CYFROWA CDM 150MM FLEX - Precision measuring instruments | Limit\",\"isPartOf\":{\"@id\":\"https:\/\/limittools.test.consids5.se\/#website\"},\"datePublished\":\"2026-04-08T17:37:06+00:00\",\"dateModified\":\"2026-04-08T17:37:06+00:00\",\"breadcrumb\":{\"@id\":\"https:\/\/limittools.test.consids5.se\/pl\/product\/suwmiarka-cyfrowa-cdm-150mm-flex\/#breadcrumb\"},\"inLanguage\":\"pl-PL\",\"potentialAction\":[{\"@type\":\"ReadAction\",\"target\":[\"https:\/\/limittools.test.consids5.se\/pl\/product\/suwmiarka-cyfrowa-cdm-150mm-flex\/\"]}]},{\"@type\":\"BreadcrumbList\",\"@id\":\"https:\/\/limittools.test.consids5.se\/pl\/product\/suwmiarka-cyfrowa-cdm-150mm-flex\/#breadcrumb\",\"itemListElement\":[{\"@type\":\"ListItem\",\"position\":1,\"name\":\"Products\",\"item\":\"https:\/\/limittools.test.consids5.se\/products\/\"},{\"@type\":\"ListItem\",\"position\":2,\"name\":\"SUWMIARKA CYFROWA CDM 150MM FLEX\"}]},{\"@type\":\"WebSite\",\"@id\":\"https:\/\/limittools.test.consids5.se\/#website\",\"url\":\"https:\/\/limittools.test.consids5.se\/\",\"name\":\"Precision measuring instruments | Limit\",\"description\":\"Everything can be measured\",\"potentialAction\":[{\"@type\":\"SearchAction\",\"target\":{\"@type\":\"EntryPoint\",\"urlTemplate\":\"https:\/\/limittools.test.consids5.se\/?s={search_term_string}\"},\"query-input\":\"required name=search_term_string\"}],\"inLanguage\":\"pl-PL\"}]}<\/script>\n<!-- \/ Yoast SEO plugin. -->","yoast_head_json":{"title":"SUWMIARKA CYFROWA CDM 150MM FLEX - Precision measuring instruments | Limit","robots":{"index":"index","follow":"follow","max-snippet":"max-snippet:-1","max-image-preview":"max-image-preview:large","max-video-preview":"max-video-preview:-1"},"canonical":"https:\/\/limittools.test.consids5.se\/pl\/product\/suwmiarka-cyfrowa-cdm-150mm-flex\/","og_locale":"pl_PL","og_type":"article","og_title":"SUWMIARKA CYFROWA CDM 150MM FLEX - Precision measuring instruments | Limit","og_description":"Suwmiarka cyfrowa z unikalnym, ruchomym wy\u015bwietlaczem. Suwmiarka cyfrowa z unikalnym, opatentowanym elastycznym rozwi\u0105zaniem wy\u015bwietlacza! Dzi\u0119ki zastosowaniu przechylnego wy\u015bwietlacza, kt\u00f3ry ponadto [&hellip;]","og_url":"https:\/\/limittools.test.consids5.se\/pl\/product\/suwmiarka-cyfrowa-cdm-150mm-flex\/","og_site_name":"Precision measuring instruments | Limit","article_publisher":"https:\/\/www.facebook.com\/limittools\/","twitter_card":"summary_large_image","twitter_misc":{"Est. reading time":"1 minute"},"schema":{"@context":"https:\/\/schema.org","@graph":[{"@type":"WebPage","@id":"https:\/\/limittools.test.consids5.se\/pl\/product\/suwmiarka-cyfrowa-cdm-150mm-flex\/","url":"https:\/\/limittools.test.consids5.se\/pl\/product\/suwmiarka-cyfrowa-cdm-150mm-flex\/","name":"SUWMIARKA CYFROWA CDM 150MM FLEX - Precision measuring instruments | Limit","isPartOf":{"@id":"https:\/\/limittools.test.consids5.se\/#website"},"datePublished":"2026-04-08T17:37:06+00:00","dateModified":"2026-04-08T17:37:06+00:00","breadcrumb":{"@id":"https:\/\/limittools.test.consids5.se\/pl\/product\/suwmiarka-cyfrowa-cdm-150mm-flex\/#breadcrumb"},"inLanguage":"pl-PL","potentialAction":[{"@type":"ReadAction","target":["https:\/\/limittools.test.consids5.se\/pl\/product\/suwmiarka-cyfrowa-cdm-150mm-flex\/"]}]},{"@type":"BreadcrumbList","@id":"https:\/\/limittools.test.consids5.se\/pl\/product\/suwmiarka-cyfrowa-cdm-150mm-flex\/#breadcrumb","itemListElement":[{"@type":"ListItem","position":1,"name":"Products","item":"https:\/\/limittools.test.consids5.se\/products\/"},{"@type":"ListItem","position":2,"name":"SUWMIARKA CYFROWA CDM 150MM FLEX"}]},{"@type":"WebSite","@id":"https:\/\/limittools.test.consids5.se\/#website","url":"https:\/\/limittools.test.consids5.se\/","name":"Precision measuring instruments | Limit","description":"Everything can be measured","potentialAction":[{"@type":"SearchAction","target":{"@type":"EntryPoint","urlTemplate":"https:\/\/limittools.test.consids5.se\/?s={search_term_string}"},"query-input":"required name=search_term_string"}],"inLanguage":"pl-PL"}]}},"_links":{"self":[{"href":"https:\/\/limittools.test.consids5.se\/pl\/wp-json\/wp\/v2\/product\/3317"}],"collection":[{"href":"https:\/\/limittools.test.consids5.se\/pl\/wp-json\/wp\/v2\/product"}],"about":[{"href":"https:\/\/limittools.test.consids5.se\/pl\/wp-json\/wp\/v2\/types\/product"}],"replies":[{"embeddable":true,"href":"https:\/\/limittools.test.consids5.se\/pl\/wp-json\/wp\/v2\/comments?post=3317"}],"wp:attachment":[{"href":"https:\/\/limittools.test.consids5.se\/pl\/wp-json\/wp\/v2\/media?parent=3317"}],"wp:term":[{"taxonomy":"product_cat","embeddable":true,"href":"https:\/\/limittools.test.consids5.se\/pl\/wp-json\/wp\/v2\/product_cat?post=3317"},{"taxonomy":"product_tag","embeddable":true,"href":"https:\/\/limittools.test.consids5.se\/pl\/wp-json\/wp\/v2\/product_tag?post=3317"}],"curies":[{"name":"wp","href":"https:\/\/api.w.org\/{rel}","templated":true}]}}