{"id":3353,"date":"2021-11-29T13:58:26","date_gmt":"2021-11-29T13:58:26","guid":{"rendered":"http:\/\/limit-tools.local\/product\/3353\/"},"modified":"2021-11-29T13:58:26","modified_gmt":"2021-11-29T13:58:26","slug":"laser-krzyzowy-wielopromieniowy-limit-1080","status":"publish","type":"product","link":"https:\/\/limittools.test.consids5.se\/pl\/product\/laser-krzyzowy-wielopromieniowy-limit-1080\/","title":{"rendered":"LASER KRZYZOWY WIELOPROMIENIOWY LIMIT 1080"},"content":{"rendered":"<p>Laser krzy\u017cowy wielopromieniowy, rzutuj\u0105cy w zakresie 360\u00b0 trzy bardzo jasne linie w kolorze czerwonym. Jedna linia pozioma dookolna 360\u00ba i dwie linie pionowe, wy\u015bwietlane pod wzajemnym k\u0105tem 90 stopni.<br \/>\nLinie mo\u017cna wy\u015bwietla\u0107 ka\u017cd\u0105 pojedynczo albo obie razem. Samopoziomuj\u0105cy, z magnetycznym t\u0142umieniem waha\u0144. W przypadku, gdy nachylenie przekracza dopuszczalny zakres odchy\u0142ki od poziomu w\u0142\u0105cza si\u0119 sygna\u0142 akustyczny oraz linie zaczynaj\u0105 pulsowa\u0107. Dla wy\u015bwietlenia p\u0142aszczyzny przechylonej samopoziomowanie mo\u017cna wy\u0142\u0105czy\u0107, poprzez u\u017cycie mechanicznej blokady mechanizmu wahad\u0142a, kt\u00f3ra ponadto s\u0142u\u017cy jako wy\u0142\u0105cznik g\u0142\u00f3wny i zabezpieczenie transportowe. Limit 1080 ma mo\u017cliwo\u015b\u0107 prze\u0142\u0105czenia na \u015bwiat\u0142o pulsuj\u0105ce, co umo\u017cliwia prac\u0119 zar\u00f3wno na zewn\u0105trz, jak i w jasnych pomieszczeniach, przy wsp\u00f3\u0142pracy z oddzielnym odbiornikiem\/detektorem laserowym 17862-0209 (nabywany oddzielnie).<br \/>\nZasilany z baterii AA lub z \u0142adowarki (nabywana oddzielnie). Dostarczany z regulowanym statywem 3-no\u017cnym (237-500 mm), uchwytem magnetycznym, tablic\u0105 odblaskow\u0105 oraz bateriami AA, w walizce. Wyposa\u017ceniem opcjonalnym jest akumulator i \u0142adowarka.<br \/>\nDo akcesori\u00f3w 181120106, 200570109, 178650800, 178680104 i 178690103 potrzebny jest adapter 181120205.<\/p>\n","protected":false},"excerpt":{"rendered":"Laser krzy\u017cowy wielopromieniowy, rzutuj\u0105cy w zakresie 360\u00b0 trzy bardzo jasne linie w kolorze czerwonym. Jedna linia pozioma dookolna 360\u00ba i [&hellip;]","protected":false},"featured_media":0,"comment_status":"closed","ping_status":"closed","template":"","meta":{"_acf_changed":false},"product_cat":[282,441],"product_tag":[],"class_list":{"0":"post-3353","1":"product","2":"type-product","3":"status-publish","5":"product_cat-przyrzady-laserowe-pl","6":"product_cat-lasery-krzyzowe-pl","8":"first","9":"instock","10":"shipping-taxable","11":"product-type-simple"},"acf":[],"yoast_head":"<!-- This site is optimized with the Yoast SEO plugin v23.2 - https:\/\/yoast.com\/wordpress\/plugins\/seo\/ -->\n<title>LASER KRZYZOWY WIELOPROMIENIOWY LIMIT 1080 - Precision measuring instruments | Limit<\/title>\n<meta name=\"robots\" content=\"index, follow, max-snippet:-1, max-image-preview:large, max-video-preview:-1\" \/>\n<link rel=\"canonical\" href=\"https:\/\/limittools.test.consids5.se\/pl\/product\/laser-krzyzowy-wielopromieniowy-limit-1080\/\" \/>\n<meta property=\"og:locale\" content=\"pl_PL\" \/>\n<meta property=\"og:type\" content=\"article\" \/>\n<meta property=\"og:title\" content=\"LASER KRZYZOWY WIELOPROMIENIOWY LIMIT 1080 - Precision measuring instruments | Limit\" \/>\n<meta property=\"og:description\" content=\"Laser krzy\u017cowy wielopromieniowy, rzutuj\u0105cy w zakresie 360\u00b0 trzy bardzo jasne linie w kolorze czerwonym. Jedna linia pozioma dookolna 360\u00ba i [&hellip;]\" \/>\n<meta property=\"og:url\" content=\"https:\/\/limittools.test.consids5.se\/pl\/product\/laser-krzyzowy-wielopromieniowy-limit-1080\/\" \/>\n<meta property=\"og:site_name\" content=\"Precision measuring instruments | Limit\" \/>\n<meta property=\"article:publisher\" content=\"https:\/\/www.facebook.com\/limittools\/\" \/>\n<meta name=\"twitter:card\" content=\"summary_large_image\" \/>\n<meta name=\"twitter:label1\" content=\"Est. reading time\" \/>\n\t<meta name=\"twitter:data1\" content=\"1 minute\" \/>\n<script type=\"application\/ld+json\" class=\"yoast-schema-graph\">{\"@context\":\"https:\/\/schema.org\",\"@graph\":[{\"@type\":\"WebPage\",\"@id\":\"https:\/\/limittools.test.consids5.se\/pl\/product\/laser-krzyzowy-wielopromieniowy-limit-1080\/\",\"url\":\"https:\/\/limittools.test.consids5.se\/pl\/product\/laser-krzyzowy-wielopromieniowy-limit-1080\/\",\"name\":\"LASER KRZYZOWY WIELOPROMIENIOWY LIMIT 1080 - Precision measuring instruments | Limit\",\"isPartOf\":{\"@id\":\"https:\/\/limittools.test.consids5.se\/#website\"},\"datePublished\":\"2021-11-29T13:58:26+00:00\",\"dateModified\":\"2021-11-29T13:58:26+00:00\",\"breadcrumb\":{\"@id\":\"https:\/\/limittools.test.consids5.se\/pl\/product\/laser-krzyzowy-wielopromieniowy-limit-1080\/#breadcrumb\"},\"inLanguage\":\"pl-PL\",\"potentialAction\":[{\"@type\":\"ReadAction\",\"target\":[\"https:\/\/limittools.test.consids5.se\/pl\/product\/laser-krzyzowy-wielopromieniowy-limit-1080\/\"]}]},{\"@type\":\"BreadcrumbList\",\"@id\":\"https:\/\/limittools.test.consids5.se\/pl\/product\/laser-krzyzowy-wielopromieniowy-limit-1080\/#breadcrumb\",\"itemListElement\":[{\"@type\":\"ListItem\",\"position\":1,\"name\":\"Products\",\"item\":\"https:\/\/limittools.test.consids5.se\/products\/\"},{\"@type\":\"ListItem\",\"position\":2,\"name\":\"LASER KRZYZOWY WIELOPROMIENIOWY LIMIT 1080\"}]},{\"@type\":\"WebSite\",\"@id\":\"https:\/\/limittools.test.consids5.se\/#website\",\"url\":\"https:\/\/limittools.test.consids5.se\/\",\"name\":\"Precision measuring instruments | Limit\",\"description\":\"Everything can be measured\",\"potentialAction\":[{\"@type\":\"SearchAction\",\"target\":{\"@type\":\"EntryPoint\",\"urlTemplate\":\"https:\/\/limittools.test.consids5.se\/?s={search_term_string}\"},\"query-input\":\"required name=search_term_string\"}],\"inLanguage\":\"pl-PL\"}]}<\/script>\n<!-- \/ Yoast SEO plugin. -->","yoast_head_json":{"title":"LASER KRZYZOWY WIELOPROMIENIOWY LIMIT 1080 - Precision measuring instruments | Limit","robots":{"index":"index","follow":"follow","max-snippet":"max-snippet:-1","max-image-preview":"max-image-preview:large","max-video-preview":"max-video-preview:-1"},"canonical":"https:\/\/limittools.test.consids5.se\/pl\/product\/laser-krzyzowy-wielopromieniowy-limit-1080\/","og_locale":"pl_PL","og_type":"article","og_title":"LASER KRZYZOWY WIELOPROMIENIOWY LIMIT 1080 - Precision measuring instruments | Limit","og_description":"Laser krzy\u017cowy wielopromieniowy, rzutuj\u0105cy w zakresie 360\u00b0 trzy bardzo jasne linie w kolorze czerwonym. Jedna linia pozioma dookolna 360\u00ba i [&hellip;]","og_url":"https:\/\/limittools.test.consids5.se\/pl\/product\/laser-krzyzowy-wielopromieniowy-limit-1080\/","og_site_name":"Precision measuring instruments | Limit","article_publisher":"https:\/\/www.facebook.com\/limittools\/","twitter_card":"summary_large_image","twitter_misc":{"Est. reading time":"1 minute"},"schema":{"@context":"https:\/\/schema.org","@graph":[{"@type":"WebPage","@id":"https:\/\/limittools.test.consids5.se\/pl\/product\/laser-krzyzowy-wielopromieniowy-limit-1080\/","url":"https:\/\/limittools.test.consids5.se\/pl\/product\/laser-krzyzowy-wielopromieniowy-limit-1080\/","name":"LASER KRZYZOWY WIELOPROMIENIOWY LIMIT 1080 - Precision measuring instruments | Limit","isPartOf":{"@id":"https:\/\/limittools.test.consids5.se\/#website"},"datePublished":"2021-11-29T13:58:26+00:00","dateModified":"2021-11-29T13:58:26+00:00","breadcrumb":{"@id":"https:\/\/limittools.test.consids5.se\/pl\/product\/laser-krzyzowy-wielopromieniowy-limit-1080\/#breadcrumb"},"inLanguage":"pl-PL","potentialAction":[{"@type":"ReadAction","target":["https:\/\/limittools.test.consids5.se\/pl\/product\/laser-krzyzowy-wielopromieniowy-limit-1080\/"]}]},{"@type":"BreadcrumbList","@id":"https:\/\/limittools.test.consids5.se\/pl\/product\/laser-krzyzowy-wielopromieniowy-limit-1080\/#breadcrumb","itemListElement":[{"@type":"ListItem","position":1,"name":"Products","item":"https:\/\/limittools.test.consids5.se\/products\/"},{"@type":"ListItem","position":2,"name":"LASER KRZYZOWY WIELOPROMIENIOWY LIMIT 1080"}]},{"@type":"WebSite","@id":"https:\/\/limittools.test.consids5.se\/#website","url":"https:\/\/limittools.test.consids5.se\/","name":"Precision measuring instruments | Limit","description":"Everything can be measured","potentialAction":[{"@type":"SearchAction","target":{"@type":"EntryPoint","urlTemplate":"https:\/\/limittools.test.consids5.se\/?s={search_term_string}"},"query-input":"required name=search_term_string"}],"inLanguage":"pl-PL"}]}},"_links":{"self":[{"href":"https:\/\/limittools.test.consids5.se\/pl\/wp-json\/wp\/v2\/product\/3353"}],"collection":[{"href":"https:\/\/limittools.test.consids5.se\/pl\/wp-json\/wp\/v2\/product"}],"about":[{"href":"https:\/\/limittools.test.consids5.se\/pl\/wp-json\/wp\/v2\/types\/product"}],"replies":[{"embeddable":true,"href":"https:\/\/limittools.test.consids5.se\/pl\/wp-json\/wp\/v2\/comments?post=3353"}],"wp:attachment":[{"href":"https:\/\/limittools.test.consids5.se\/pl\/wp-json\/wp\/v2\/media?parent=3353"}],"wp:term":[{"taxonomy":"product_cat","embeddable":true,"href":"https:\/\/limittools.test.consids5.se\/pl\/wp-json\/wp\/v2\/product_cat?post=3353"},{"taxonomy":"product_tag","embeddable":true,"href":"https:\/\/limittools.test.consids5.se\/pl\/wp-json\/wp\/v2\/product_tag?post=3353"}],"curies":[{"name":"wp","href":"https:\/\/api.w.org\/{rel}","templated":true}]}}