{"id":3368,"date":"2026-04-08T17:37:36","date_gmt":"2026-04-08T17:37:36","guid":{"rendered":"http:\/\/limit-tools.local\/product\/wzornik-gladkosci-5370\/"},"modified":"2026-04-08T17:37:36","modified_gmt":"2026-04-08T17:37:36","slug":"wzorce-chropowatosci-limit","status":"publish","type":"product","link":"https:\/\/limittools.test.consids5.se\/pl\/product\/wzorce-chropowatosci-limit\/","title":{"rendered":"WZORCE CHROPOWATOSCI LIMIT"},"content":{"rendered":"<p>Do okre\u015blania chropowato\u015bci metod\u0105 por\u00f3wnawcz\u0105 wzrokow\u0105, lub poprzez drapanie paznokciem. Dla operator\u00f3w obrabiarek, kontroler\u00f3w jako\u015bci i konstruktor\u00f3w. Uwzgl\u0119dniaj\u0105 6 r\u00f3\u017cnych metod obr\u00f3bki i po 6 r\u00f3\u017cnych warto\u015bci wsp\u00f3\u0142czynnika Ra dla ka\u017cdej z nich. Wykonane ze stali nierdzewnej stopowej. Odporne na zadrapania.<\/p>\n","protected":false},"excerpt":{"rendered":"Do okre\u015blania chropowato\u015bci metod\u0105 por\u00f3wnawcz\u0105 wzrokow\u0105, lub poprzez drapanie paznokciem. Dla operator\u00f3w obrabiarek, kontroler\u00f3w jako\u015bci i konstruktor\u00f3w. Uwzgl\u0119dniaj\u0105 6 r\u00f3\u017cnych [&hellip;]","protected":false},"featured_media":0,"comment_status":"closed","ping_status":"closed","template":"","meta":{"_acf_changed":false},"product_cat":[247,248],"product_tag":[],"class_list":{"0":"post-3368","1":"product","2":"type-product","3":"status-publish","5":"product_cat-pomiary-warsztatowe-pl","6":"product_cat-podzialki-pl","8":"first","9":"instock","10":"shipping-taxable","11":"product-type-simple"},"acf":[],"yoast_head":"<!-- This site is optimized with the Yoast SEO plugin v23.2 - https:\/\/yoast.com\/wordpress\/plugins\/seo\/ -->\n<title>WZORCE CHROPOWATOSCI LIMIT - Precision measuring instruments | Limit<\/title>\n<meta name=\"robots\" content=\"index, follow, max-snippet:-1, max-image-preview:large, max-video-preview:-1\" \/>\n<link rel=\"canonical\" href=\"https:\/\/limittools.test.consids5.se\/pl\/product\/wzorce-chropowatosci-limit\/\" \/>\n<meta property=\"og:locale\" content=\"pl_PL\" \/>\n<meta property=\"og:type\" content=\"article\" \/>\n<meta property=\"og:title\" content=\"WZORCE CHROPOWATOSCI LIMIT - Precision measuring instruments | Limit\" \/>\n<meta property=\"og:description\" content=\"Do okre\u015blania chropowato\u015bci metod\u0105 por\u00f3wnawcz\u0105 wzrokow\u0105, lub poprzez drapanie paznokciem. Dla operator\u00f3w obrabiarek, kontroler\u00f3w jako\u015bci i konstruktor\u00f3w. Uwzgl\u0119dniaj\u0105 6 r\u00f3\u017cnych [&hellip;]\" \/>\n<meta property=\"og:url\" content=\"https:\/\/limittools.test.consids5.se\/pl\/product\/wzorce-chropowatosci-limit\/\" \/>\n<meta property=\"og:site_name\" content=\"Precision measuring instruments | Limit\" \/>\n<meta property=\"article:publisher\" content=\"https:\/\/www.facebook.com\/limittools\/\" \/>\n<meta name=\"twitter:card\" content=\"summary_large_image\" \/>\n<script type=\"application\/ld+json\" class=\"yoast-schema-graph\">{\"@context\":\"https:\/\/schema.org\",\"@graph\":[{\"@type\":\"WebPage\",\"@id\":\"https:\/\/limittools.test.consids5.se\/pl\/product\/wzorce-chropowatosci-limit\/\",\"url\":\"https:\/\/limittools.test.consids5.se\/pl\/product\/wzorce-chropowatosci-limit\/\",\"name\":\"WZORCE CHROPOWATOSCI LIMIT - Precision measuring instruments | Limit\",\"isPartOf\":{\"@id\":\"https:\/\/limittools.test.consids5.se\/#website\"},\"datePublished\":\"2026-04-08T17:37:36+00:00\",\"dateModified\":\"2026-04-08T17:37:36+00:00\",\"breadcrumb\":{\"@id\":\"https:\/\/limittools.test.consids5.se\/pl\/product\/wzorce-chropowatosci-limit\/#breadcrumb\"},\"inLanguage\":\"pl-PL\",\"potentialAction\":[{\"@type\":\"ReadAction\",\"target\":[\"https:\/\/limittools.test.consids5.se\/pl\/product\/wzorce-chropowatosci-limit\/\"]}]},{\"@type\":\"BreadcrumbList\",\"@id\":\"https:\/\/limittools.test.consids5.se\/pl\/product\/wzorce-chropowatosci-limit\/#breadcrumb\",\"itemListElement\":[{\"@type\":\"ListItem\",\"position\":1,\"name\":\"Products\",\"item\":\"https:\/\/limittools.test.consids5.se\/products\/\"},{\"@type\":\"ListItem\",\"position\":2,\"name\":\"WZORCE CHROPOWATOSCI LIMIT\"}]},{\"@type\":\"WebSite\",\"@id\":\"https:\/\/limittools.test.consids5.se\/#website\",\"url\":\"https:\/\/limittools.test.consids5.se\/\",\"name\":\"Precision measuring instruments | Limit\",\"description\":\"Everything can be measured\",\"potentialAction\":[{\"@type\":\"SearchAction\",\"target\":{\"@type\":\"EntryPoint\",\"urlTemplate\":\"https:\/\/limittools.test.consids5.se\/?s={search_term_string}\"},\"query-input\":\"required name=search_term_string\"}],\"inLanguage\":\"pl-PL\"}]}<\/script>\n<!-- \/ Yoast SEO plugin. -->","yoast_head_json":{"title":"WZORCE CHROPOWATOSCI LIMIT - Precision measuring instruments | Limit","robots":{"index":"index","follow":"follow","max-snippet":"max-snippet:-1","max-image-preview":"max-image-preview:large","max-video-preview":"max-video-preview:-1"},"canonical":"https:\/\/limittools.test.consids5.se\/pl\/product\/wzorce-chropowatosci-limit\/","og_locale":"pl_PL","og_type":"article","og_title":"WZORCE CHROPOWATOSCI LIMIT - Precision measuring instruments | Limit","og_description":"Do okre\u015blania chropowato\u015bci metod\u0105 por\u00f3wnawcz\u0105 wzrokow\u0105, lub poprzez drapanie paznokciem. Dla operator\u00f3w obrabiarek, kontroler\u00f3w jako\u015bci i konstruktor\u00f3w. Uwzgl\u0119dniaj\u0105 6 r\u00f3\u017cnych [&hellip;]","og_url":"https:\/\/limittools.test.consids5.se\/pl\/product\/wzorce-chropowatosci-limit\/","og_site_name":"Precision measuring instruments | Limit","article_publisher":"https:\/\/www.facebook.com\/limittools\/","twitter_card":"summary_large_image","schema":{"@context":"https:\/\/schema.org","@graph":[{"@type":"WebPage","@id":"https:\/\/limittools.test.consids5.se\/pl\/product\/wzorce-chropowatosci-limit\/","url":"https:\/\/limittools.test.consids5.se\/pl\/product\/wzorce-chropowatosci-limit\/","name":"WZORCE CHROPOWATOSCI LIMIT - Precision measuring instruments | Limit","isPartOf":{"@id":"https:\/\/limittools.test.consids5.se\/#website"},"datePublished":"2026-04-08T17:37:36+00:00","dateModified":"2026-04-08T17:37:36+00:00","breadcrumb":{"@id":"https:\/\/limittools.test.consids5.se\/pl\/product\/wzorce-chropowatosci-limit\/#breadcrumb"},"inLanguage":"pl-PL","potentialAction":[{"@type":"ReadAction","target":["https:\/\/limittools.test.consids5.se\/pl\/product\/wzorce-chropowatosci-limit\/"]}]},{"@type":"BreadcrumbList","@id":"https:\/\/limittools.test.consids5.se\/pl\/product\/wzorce-chropowatosci-limit\/#breadcrumb","itemListElement":[{"@type":"ListItem","position":1,"name":"Products","item":"https:\/\/limittools.test.consids5.se\/products\/"},{"@type":"ListItem","position":2,"name":"WZORCE CHROPOWATOSCI LIMIT"}]},{"@type":"WebSite","@id":"https:\/\/limittools.test.consids5.se\/#website","url":"https:\/\/limittools.test.consids5.se\/","name":"Precision measuring instruments | Limit","description":"Everything can be measured","potentialAction":[{"@type":"SearchAction","target":{"@type":"EntryPoint","urlTemplate":"https:\/\/limittools.test.consids5.se\/?s={search_term_string}"},"query-input":"required name=search_term_string"}],"inLanguage":"pl-PL"}]}},"_links":{"self":[{"href":"https:\/\/limittools.test.consids5.se\/pl\/wp-json\/wp\/v2\/product\/3368"}],"collection":[{"href":"https:\/\/limittools.test.consids5.se\/pl\/wp-json\/wp\/v2\/product"}],"about":[{"href":"https:\/\/limittools.test.consids5.se\/pl\/wp-json\/wp\/v2\/types\/product"}],"replies":[{"embeddable":true,"href":"https:\/\/limittools.test.consids5.se\/pl\/wp-json\/wp\/v2\/comments?post=3368"}],"wp:attachment":[{"href":"https:\/\/limittools.test.consids5.se\/pl\/wp-json\/wp\/v2\/media?parent=3368"}],"wp:term":[{"taxonomy":"product_cat","embeddable":true,"href":"https:\/\/limittools.test.consids5.se\/pl\/wp-json\/wp\/v2\/product_cat?post=3368"},{"taxonomy":"product_tag","embeddable":true,"href":"https:\/\/limittools.test.consids5.se\/pl\/wp-json\/wp\/v2\/product_tag?post=3368"}],"curies":[{"name":"wp","href":"https:\/\/api.w.org\/{rel}","templated":true}]}}