{"id":3405,"date":"2021-12-16T13:03:17","date_gmt":"2021-12-16T13:03:17","guid":{"rendered":"http:\/\/limit-tools.local\/product\/3405\/"},"modified":"2021-12-16T13:03:17","modified_gmt":"2021-12-16T13:03:17","slug":"obrotomierz-limit-2200","status":"publish","type":"product","link":"https:\/\/limittools.test.consids5.se\/pl\/product\/obrotomierz-limit-2200\/","title":{"rendered":"OBROTOMIERZ LIMIT 2200"},"content":{"rendered":"<p>Cyfrowy obrotomierz\/licznik do prowadzenia pomiar\u00f3w bezdotykowo, na drodze optycznej. Promie\u0144 laserowy skierowa\u0107 na przyklejon\u0105 ta\u015bm\u0119 refleksyjn\u0105, lub jaki\u015b kontrastowy punkt obiektu mierzonego i odczyta\u0107 warto\u015b\u0107 pr\u0119dko\u015bci obrotowej. Inny rodzaj pomiaru polega na zliczaniu ilo\u015bci element\u00f3w w ustalonym przedziale czasowym. Zmierzona warto\u015b\u0107 mo\u017ce by\u0107 zatrzymana na wy\u015bwietlaczu, mo\u017cna te\u017c rejestrowa\u0107 warto\u015b\u0107 minimaln\u0105, maksymaln\u0105 i \u015bredni\u0105.<br \/>\nDostarczany z ta\u015bm\u0105 refleksyjn\u0105, bateriami oraz instrukcj\u0105 obs\u0142ugi.<\/p>\n","protected":false},"excerpt":{"rendered":"Cyfrowy obrotomierz\/licznik do prowadzenia pomiar\u00f3w bezdotykowo, na drodze optycznej. Promie\u0144 laserowy skierowa\u0107 na przyklejon\u0105 ta\u015bm\u0119 refleksyjn\u0105, lub jaki\u015b kontrastowy punkt [&hellip;]","protected":false},"featured_media":0,"comment_status":"closed","ping_status":"closed","template":"","meta":{"_acf_changed":false},"product_cat":[322,323],"product_tag":[],"class_list":{"0":"post-3405","1":"product","2":"type-product","3":"status-publish","5":"product_cat-inspekcja-pl","6":"product_cat-obrotomierze-pl","8":"first","9":"instock","10":"shipping-taxable","11":"product-type-simple"},"acf":[],"yoast_head":"<!-- This site is optimized with the Yoast SEO plugin v23.2 - https:\/\/yoast.com\/wordpress\/plugins\/seo\/ -->\n<title>OBROTOMIERZ LIMIT 2200 - Precision measuring instruments | Limit<\/title>\n<meta name=\"robots\" content=\"index, follow, max-snippet:-1, max-image-preview:large, max-video-preview:-1\" \/>\n<link rel=\"canonical\" href=\"https:\/\/limittools.test.consids5.se\/pl\/product\/obrotomierz-limit-2200\/\" \/>\n<meta property=\"og:locale\" content=\"pl_PL\" \/>\n<meta property=\"og:type\" content=\"article\" \/>\n<meta property=\"og:title\" content=\"OBROTOMIERZ LIMIT 2200 - Precision measuring instruments | Limit\" \/>\n<meta property=\"og:description\" content=\"Cyfrowy obrotomierz\/licznik do prowadzenia pomiar\u00f3w bezdotykowo, na drodze optycznej. Promie\u0144 laserowy skierowa\u0107 na przyklejon\u0105 ta\u015bm\u0119 refleksyjn\u0105, lub jaki\u015b kontrastowy punkt [&hellip;]\" \/>\n<meta property=\"og:url\" content=\"https:\/\/limittools.test.consids5.se\/pl\/product\/obrotomierz-limit-2200\/\" \/>\n<meta property=\"og:site_name\" content=\"Precision measuring instruments | Limit\" \/>\n<meta property=\"article:publisher\" content=\"https:\/\/www.facebook.com\/limittools\/\" \/>\n<meta name=\"twitter:card\" content=\"summary_large_image\" \/>\n<script type=\"application\/ld+json\" class=\"yoast-schema-graph\">{\"@context\":\"https:\/\/schema.org\",\"@graph\":[{\"@type\":\"WebPage\",\"@id\":\"https:\/\/limittools.test.consids5.se\/pl\/product\/obrotomierz-limit-2200\/\",\"url\":\"https:\/\/limittools.test.consids5.se\/pl\/product\/obrotomierz-limit-2200\/\",\"name\":\"OBROTOMIERZ LIMIT 2200 - Precision measuring instruments | Limit\",\"isPartOf\":{\"@id\":\"https:\/\/limittools.test.consids5.se\/#website\"},\"datePublished\":\"2021-12-16T13:03:17+00:00\",\"dateModified\":\"2021-12-16T13:03:17+00:00\",\"breadcrumb\":{\"@id\":\"https:\/\/limittools.test.consids5.se\/pl\/product\/obrotomierz-limit-2200\/#breadcrumb\"},\"inLanguage\":\"pl-PL\",\"potentialAction\":[{\"@type\":\"ReadAction\",\"target\":[\"https:\/\/limittools.test.consids5.se\/pl\/product\/obrotomierz-limit-2200\/\"]}]},{\"@type\":\"BreadcrumbList\",\"@id\":\"https:\/\/limittools.test.consids5.se\/pl\/product\/obrotomierz-limit-2200\/#breadcrumb\",\"itemListElement\":[{\"@type\":\"ListItem\",\"position\":1,\"name\":\"Products\",\"item\":\"https:\/\/limittools.test.consids5.se\/products\/\"},{\"@type\":\"ListItem\",\"position\":2,\"name\":\"OBROTOMIERZ LIMIT 2200\"}]},{\"@type\":\"WebSite\",\"@id\":\"https:\/\/limittools.test.consids5.se\/#website\",\"url\":\"https:\/\/limittools.test.consids5.se\/\",\"name\":\"Precision measuring instruments | Limit\",\"description\":\"Everything can be measured\",\"potentialAction\":[{\"@type\":\"SearchAction\",\"target\":{\"@type\":\"EntryPoint\",\"urlTemplate\":\"https:\/\/limittools.test.consids5.se\/?s={search_term_string}\"},\"query-input\":\"required name=search_term_string\"}],\"inLanguage\":\"pl-PL\"}]}<\/script>\n<!-- \/ Yoast SEO plugin. -->","yoast_head_json":{"title":"OBROTOMIERZ LIMIT 2200 - Precision measuring instruments | Limit","robots":{"index":"index","follow":"follow","max-snippet":"max-snippet:-1","max-image-preview":"max-image-preview:large","max-video-preview":"max-video-preview:-1"},"canonical":"https:\/\/limittools.test.consids5.se\/pl\/product\/obrotomierz-limit-2200\/","og_locale":"pl_PL","og_type":"article","og_title":"OBROTOMIERZ LIMIT 2200 - Precision measuring instruments | Limit","og_description":"Cyfrowy obrotomierz\/licznik do prowadzenia pomiar\u00f3w bezdotykowo, na drodze optycznej. Promie\u0144 laserowy skierowa\u0107 na przyklejon\u0105 ta\u015bm\u0119 refleksyjn\u0105, lub jaki\u015b kontrastowy punkt [&hellip;]","og_url":"https:\/\/limittools.test.consids5.se\/pl\/product\/obrotomierz-limit-2200\/","og_site_name":"Precision measuring instruments | Limit","article_publisher":"https:\/\/www.facebook.com\/limittools\/","twitter_card":"summary_large_image","schema":{"@context":"https:\/\/schema.org","@graph":[{"@type":"WebPage","@id":"https:\/\/limittools.test.consids5.se\/pl\/product\/obrotomierz-limit-2200\/","url":"https:\/\/limittools.test.consids5.se\/pl\/product\/obrotomierz-limit-2200\/","name":"OBROTOMIERZ LIMIT 2200 - Precision measuring instruments | Limit","isPartOf":{"@id":"https:\/\/limittools.test.consids5.se\/#website"},"datePublished":"2021-12-16T13:03:17+00:00","dateModified":"2021-12-16T13:03:17+00:00","breadcrumb":{"@id":"https:\/\/limittools.test.consids5.se\/pl\/product\/obrotomierz-limit-2200\/#breadcrumb"},"inLanguage":"pl-PL","potentialAction":[{"@type":"ReadAction","target":["https:\/\/limittools.test.consids5.se\/pl\/product\/obrotomierz-limit-2200\/"]}]},{"@type":"BreadcrumbList","@id":"https:\/\/limittools.test.consids5.se\/pl\/product\/obrotomierz-limit-2200\/#breadcrumb","itemListElement":[{"@type":"ListItem","position":1,"name":"Products","item":"https:\/\/limittools.test.consids5.se\/products\/"},{"@type":"ListItem","position":2,"name":"OBROTOMIERZ LIMIT 2200"}]},{"@type":"WebSite","@id":"https:\/\/limittools.test.consids5.se\/#website","url":"https:\/\/limittools.test.consids5.se\/","name":"Precision measuring instruments | Limit","description":"Everything can be measured","potentialAction":[{"@type":"SearchAction","target":{"@type":"EntryPoint","urlTemplate":"https:\/\/limittools.test.consids5.se\/?s={search_term_string}"},"query-input":"required name=search_term_string"}],"inLanguage":"pl-PL"}]}},"_links":{"self":[{"href":"https:\/\/limittools.test.consids5.se\/pl\/wp-json\/wp\/v2\/product\/3405"}],"collection":[{"href":"https:\/\/limittools.test.consids5.se\/pl\/wp-json\/wp\/v2\/product"}],"about":[{"href":"https:\/\/limittools.test.consids5.se\/pl\/wp-json\/wp\/v2\/types\/product"}],"replies":[{"embeddable":true,"href":"https:\/\/limittools.test.consids5.se\/pl\/wp-json\/wp\/v2\/comments?post=3405"}],"wp:attachment":[{"href":"https:\/\/limittools.test.consids5.se\/pl\/wp-json\/wp\/v2\/media?parent=3405"}],"wp:term":[{"taxonomy":"product_cat","embeddable":true,"href":"https:\/\/limittools.test.consids5.se\/pl\/wp-json\/wp\/v2\/product_cat?post=3405"},{"taxonomy":"product_tag","embeddable":true,"href":"https:\/\/limittools.test.consids5.se\/pl\/wp-json\/wp\/v2\/product_tag?post=3405"}],"curies":[{"name":"wp","href":"https:\/\/api.w.org\/{rel}","templated":true}]}}