{"id":3458,"date":"2021-12-16T13:03:29","date_gmt":"2021-12-16T13:03:29","guid":{"rendered":"http:\/\/limit-tools.local\/product\/3458\/"},"modified":"2021-12-16T13:03:29","modified_gmt":"2021-12-16T13:03:29","slug":"probnik-napiecia-limit-100","status":"publish","type":"product","link":"https:\/\/limittools.test.consids5.se\/pl\/product\/probnik-napiecia-limit-100\/","title":{"rendered":"PR\u00d3BNIK NAPIECIA LIMIT 100"},"content":{"rendered":"<p>Pr\u00f3bnik do kontroli napi\u0119cia w kablach i gniazdkach sieciowych, oraz do lokalizacji przerwy w kablu. Identyfikacja przewodu fazowego. Nie ma potrzeby bezpo\u015bredniego kontaktu z elementem pod napi\u0119ciem. Wystarczy zbli\u017cy\u0107 pr\u00f3bnik do kabla lub elementu pod napi\u0119ciem. Obecno\u015b\u0107 napi\u0119cia sygnalizowana jest sygna\u0142em akustycznym i \u015bwietlnym. Sygna\u0142 akustyczny mo\u017cna wy\u0142\u0105czy\u0107. Wy\u0142\u0105czanie automatyczne i r\u0119czne. W przyrz\u0105dzie w spos\u00f3b ci\u0105g\u0142y kontrolowane s\u0105 prawid\u0142owo\u015b\u0107 funkcjonowania oraz stan baterii i sygnalizowane jest to regularnymi b\u0142yskami. Klasa izolacji CAT IV 1000V.<br \/>\nDostarczany z bateriami i instrukcj\u0105 obs\u0142ugi.<\/p>\n","protected":false},"excerpt":{"rendered":"Pr\u00f3bnik do kontroli napi\u0119cia w kablach i gniazdkach sieciowych, oraz do lokalizacji przerwy w kablu. Identyfikacja przewodu fazowego. Nie ma [&hellip;]","protected":false},"featured_media":0,"comment_status":"closed","ping_status":"closed","template":"","meta":{"_acf_changed":false},"product_cat":[341,484],"product_tag":[],"class_list":{"0":"post-3458","1":"product","2":"type-product","3":"status-publish","5":"product_cat-testy-instalacji-elektrycznych-pl","6":"product_cat-detektory-napiecia-pl","8":"first","9":"instock","10":"shipping-taxable","11":"product-type-simple"},"acf":[],"yoast_head":"<!-- This site is optimized with the Yoast SEO plugin v23.2 - https:\/\/yoast.com\/wordpress\/plugins\/seo\/ -->\n<title>PR\u00d3BNIK NAPIECIA LIMIT 100 - Precision measuring instruments | Limit<\/title>\n<meta name=\"robots\" content=\"index, follow, max-snippet:-1, max-image-preview:large, max-video-preview:-1\" \/>\n<link rel=\"canonical\" href=\"https:\/\/limittools.test.consids5.se\/pl\/product\/probnik-napiecia-limit-100\/\" \/>\n<meta property=\"og:locale\" content=\"pl_PL\" \/>\n<meta property=\"og:type\" content=\"article\" \/>\n<meta property=\"og:title\" content=\"PR\u00d3BNIK NAPIECIA LIMIT 100 - Precision measuring instruments | Limit\" \/>\n<meta property=\"og:description\" content=\"Pr\u00f3bnik do kontroli napi\u0119cia w kablach i gniazdkach sieciowych, oraz do lokalizacji przerwy w kablu. Identyfikacja przewodu fazowego. Nie ma [&hellip;]\" \/>\n<meta property=\"og:url\" content=\"https:\/\/limittools.test.consids5.se\/pl\/product\/probnik-napiecia-limit-100\/\" \/>\n<meta property=\"og:site_name\" content=\"Precision measuring instruments | Limit\" \/>\n<meta property=\"article:publisher\" content=\"https:\/\/www.facebook.com\/limittools\/\" \/>\n<meta name=\"twitter:card\" content=\"summary_large_image\" \/>\n<meta name=\"twitter:label1\" content=\"Est. reading time\" \/>\n\t<meta name=\"twitter:data1\" content=\"1 minute\" \/>\n<script type=\"application\/ld+json\" class=\"yoast-schema-graph\">{\"@context\":\"https:\/\/schema.org\",\"@graph\":[{\"@type\":\"WebPage\",\"@id\":\"https:\/\/limittools.test.consids5.se\/pl\/product\/probnik-napiecia-limit-100\/\",\"url\":\"https:\/\/limittools.test.consids5.se\/pl\/product\/probnik-napiecia-limit-100\/\",\"name\":\"PR\u00d3BNIK NAPIECIA LIMIT 100 - Precision measuring instruments | Limit\",\"isPartOf\":{\"@id\":\"https:\/\/limittools.test.consids5.se\/#website\"},\"datePublished\":\"2021-12-16T13:03:29+00:00\",\"dateModified\":\"2021-12-16T13:03:29+00:00\",\"breadcrumb\":{\"@id\":\"https:\/\/limittools.test.consids5.se\/pl\/product\/probnik-napiecia-limit-100\/#breadcrumb\"},\"inLanguage\":\"pl-PL\",\"potentialAction\":[{\"@type\":\"ReadAction\",\"target\":[\"https:\/\/limittools.test.consids5.se\/pl\/product\/probnik-napiecia-limit-100\/\"]}]},{\"@type\":\"BreadcrumbList\",\"@id\":\"https:\/\/limittools.test.consids5.se\/pl\/product\/probnik-napiecia-limit-100\/#breadcrumb\",\"itemListElement\":[{\"@type\":\"ListItem\",\"position\":1,\"name\":\"Products\",\"item\":\"https:\/\/limittools.test.consids5.se\/products\/\"},{\"@type\":\"ListItem\",\"position\":2,\"name\":\"PR\u00d3BNIK NAPIECIA LIMIT 100\"}]},{\"@type\":\"WebSite\",\"@id\":\"https:\/\/limittools.test.consids5.se\/#website\",\"url\":\"https:\/\/limittools.test.consids5.se\/\",\"name\":\"Precision measuring instruments | Limit\",\"description\":\"Everything can be measured\",\"potentialAction\":[{\"@type\":\"SearchAction\",\"target\":{\"@type\":\"EntryPoint\",\"urlTemplate\":\"https:\/\/limittools.test.consids5.se\/?s={search_term_string}\"},\"query-input\":\"required name=search_term_string\"}],\"inLanguage\":\"pl-PL\"}]}<\/script>\n<!-- \/ Yoast SEO plugin. -->","yoast_head_json":{"title":"PR\u00d3BNIK NAPIECIA LIMIT 100 - Precision measuring instruments | Limit","robots":{"index":"index","follow":"follow","max-snippet":"max-snippet:-1","max-image-preview":"max-image-preview:large","max-video-preview":"max-video-preview:-1"},"canonical":"https:\/\/limittools.test.consids5.se\/pl\/product\/probnik-napiecia-limit-100\/","og_locale":"pl_PL","og_type":"article","og_title":"PR\u00d3BNIK NAPIECIA LIMIT 100 - Precision measuring instruments | Limit","og_description":"Pr\u00f3bnik do kontroli napi\u0119cia w kablach i gniazdkach sieciowych, oraz do lokalizacji przerwy w kablu. Identyfikacja przewodu fazowego. Nie ma [&hellip;]","og_url":"https:\/\/limittools.test.consids5.se\/pl\/product\/probnik-napiecia-limit-100\/","og_site_name":"Precision measuring instruments | Limit","article_publisher":"https:\/\/www.facebook.com\/limittools\/","twitter_card":"summary_large_image","twitter_misc":{"Est. reading time":"1 minute"},"schema":{"@context":"https:\/\/schema.org","@graph":[{"@type":"WebPage","@id":"https:\/\/limittools.test.consids5.se\/pl\/product\/probnik-napiecia-limit-100\/","url":"https:\/\/limittools.test.consids5.se\/pl\/product\/probnik-napiecia-limit-100\/","name":"PR\u00d3BNIK NAPIECIA LIMIT 100 - Precision measuring instruments | Limit","isPartOf":{"@id":"https:\/\/limittools.test.consids5.se\/#website"},"datePublished":"2021-12-16T13:03:29+00:00","dateModified":"2021-12-16T13:03:29+00:00","breadcrumb":{"@id":"https:\/\/limittools.test.consids5.se\/pl\/product\/probnik-napiecia-limit-100\/#breadcrumb"},"inLanguage":"pl-PL","potentialAction":[{"@type":"ReadAction","target":["https:\/\/limittools.test.consids5.se\/pl\/product\/probnik-napiecia-limit-100\/"]}]},{"@type":"BreadcrumbList","@id":"https:\/\/limittools.test.consids5.se\/pl\/product\/probnik-napiecia-limit-100\/#breadcrumb","itemListElement":[{"@type":"ListItem","position":1,"name":"Products","item":"https:\/\/limittools.test.consids5.se\/products\/"},{"@type":"ListItem","position":2,"name":"PR\u00d3BNIK NAPIECIA LIMIT 100"}]},{"@type":"WebSite","@id":"https:\/\/limittools.test.consids5.se\/#website","url":"https:\/\/limittools.test.consids5.se\/","name":"Precision measuring instruments | Limit","description":"Everything can be measured","potentialAction":[{"@type":"SearchAction","target":{"@type":"EntryPoint","urlTemplate":"https:\/\/limittools.test.consids5.se\/?s={search_term_string}"},"query-input":"required name=search_term_string"}],"inLanguage":"pl-PL"}]}},"_links":{"self":[{"href":"https:\/\/limittools.test.consids5.se\/pl\/wp-json\/wp\/v2\/product\/3458"}],"collection":[{"href":"https:\/\/limittools.test.consids5.se\/pl\/wp-json\/wp\/v2\/product"}],"about":[{"href":"https:\/\/limittools.test.consids5.se\/pl\/wp-json\/wp\/v2\/types\/product"}],"replies":[{"embeddable":true,"href":"https:\/\/limittools.test.consids5.se\/pl\/wp-json\/wp\/v2\/comments?post=3458"}],"wp:attachment":[{"href":"https:\/\/limittools.test.consids5.se\/pl\/wp-json\/wp\/v2\/media?parent=3458"}],"wp:term":[{"taxonomy":"product_cat","embeddable":true,"href":"https:\/\/limittools.test.consids5.se\/pl\/wp-json\/wp\/v2\/product_cat?post=3458"},{"taxonomy":"product_tag","embeddable":true,"href":"https:\/\/limittools.test.consids5.se\/pl\/wp-json\/wp\/v2\/product_tag?post=3458"}],"curies":[{"name":"wp","href":"https:\/\/api.w.org\/{rel}","templated":true}]}}