{"id":3503,"date":"2020-09-08T14:00:00","date_gmt":"2020-09-08T14:00:00","guid":{"rendered":"http:\/\/limit-tools.local\/product\/3503\/"},"modified":"2020-09-08T14:00:00","modified_gmt":"2020-09-08T14:00:00","slug":"cyfrowa-waga-dzwigowa-jlg-gs-3000-kg","status":"publish","type":"product","link":"https:\/\/limittools.test.consids5.se\/pl\/product\/cyfrowa-waga-dzwigowa-jlg-gs-3000-kg\/","title":{"rendered":"Cyfrowa waga d\u017awigowa JLG GS-3000 kg"},"content":{"rendered":"<p>Waga d\u017awigowa ze wskazaniem cyfrowym. W mocnym wykonaniu, do u\u017cytku przemys\u0142owego i profesjonalnego. Wysoka dok\u0142adno\u015b\u0107, odpowiadaj\u0105ca +\/- 1 jednostce rozdzielczo\u015bci wy\u015bwietlacza. Czytelny, du\u017cy wy\u015bwietlacz typu LCD z cyframi o wysoko\u015bci 40\u00a0mm, z pod\u015bwietleniem. Przyciski do w\u0142\u0105czania\/wy\u0142\u0105czania, zerowania, zmiany funkcji oraz funkcji Hold (warto\u015b\u0107 zatrzymywana na wy\u015bwietlaczu). Bezprzewodowe zdalne sterowanie wszystkimi funkcjami. U g\u00f3ry znajduje si\u0119 szakla, u do\u0142u hak do zawieszania wa\u017conych obiekt\u00f3w, wyposa\u017cony w zapadk\u0119 zabezpieczaj\u0105c\u0105. Zasilanie z wewn\u0119trznego akumulatora, wystarczaj\u0105cego na 150 godz. pracy ci\u0105g\u0142ej. Modele o wi\u0119kszych no\u015bno\u015bciach oferowane s\u0105 na indywidualne zapytanie. Konstrukcja jest oznaczona znakiem CE, co oznacza m.in., \u017ce zgodnie z dyrektyw\u0105 d\u017awigow\u0105 waga by\u0142a poddana testowi na 4-krotne przeci\u0105\u017cenie.<\/p>\n","protected":false},"excerpt":{"rendered":"Waga d\u017awigowa ze wskazaniem cyfrowym. W mocnym wykonaniu, do u\u017cytku przemys\u0142owego i profesjonalnego. Wysoka dok\u0142adno\u015b\u0107, odpowiadaj\u0105ca +\/- 1 jednostce rozdzielczo\u015bci [&hellip;]","protected":false},"featured_media":0,"comment_status":"closed","ping_status":"closed","template":"","meta":{"_acf_changed":false},"product_cat":[299,435],"product_tag":[],"class_list":{"0":"post-3503","1":"product","2":"type-product","3":"status-publish","5":"product_cat-wagi-pl","6":"product_cat-wagi-dzwigowe-pl","8":"first","9":"instock","10":"shipping-taxable","11":"product-type-simple"},"acf":[],"yoast_head":"<!-- This site is optimized with the Yoast SEO plugin v23.2 - https:\/\/yoast.com\/wordpress\/plugins\/seo\/ -->\n<title>Cyfrowa waga d\u017awigowa JLG GS-3000 kg - Precision measuring instruments | Limit<\/title>\n<meta name=\"robots\" content=\"index, follow, max-snippet:-1, max-image-preview:large, max-video-preview:-1\" \/>\n<link rel=\"canonical\" href=\"https:\/\/limittools.test.consids5.se\/pl\/product\/cyfrowa-waga-dzwigowa-jlg-gs-3000-kg\/\" \/>\n<meta property=\"og:locale\" content=\"pl_PL\" \/>\n<meta property=\"og:type\" content=\"article\" \/>\n<meta property=\"og:title\" content=\"Cyfrowa waga d\u017awigowa JLG GS-3000 kg - Precision measuring instruments | Limit\" \/>\n<meta property=\"og:description\" content=\"Waga d\u017awigowa ze wskazaniem cyfrowym. W mocnym wykonaniu, do u\u017cytku przemys\u0142owego i profesjonalnego. Wysoka dok\u0142adno\u015b\u0107, odpowiadaj\u0105ca +\/- 1 jednostce rozdzielczo\u015bci [&hellip;]\" \/>\n<meta property=\"og:url\" content=\"https:\/\/limittools.test.consids5.se\/pl\/product\/cyfrowa-waga-dzwigowa-jlg-gs-3000-kg\/\" \/>\n<meta property=\"og:site_name\" content=\"Precision measuring instruments | Limit\" \/>\n<meta property=\"article:publisher\" content=\"https:\/\/www.facebook.com\/limittools\/\" \/>\n<meta name=\"twitter:card\" content=\"summary_large_image\" \/>\n<meta name=\"twitter:label1\" content=\"Est. reading time\" \/>\n\t<meta name=\"twitter:data1\" content=\"1 minute\" \/>\n<script type=\"application\/ld+json\" class=\"yoast-schema-graph\">{\"@context\":\"https:\/\/schema.org\",\"@graph\":[{\"@type\":\"WebPage\",\"@id\":\"https:\/\/limittools.test.consids5.se\/pl\/product\/cyfrowa-waga-dzwigowa-jlg-gs-3000-kg\/\",\"url\":\"https:\/\/limittools.test.consids5.se\/pl\/product\/cyfrowa-waga-dzwigowa-jlg-gs-3000-kg\/\",\"name\":\"Cyfrowa waga d\u017awigowa JLG GS-3000 kg - Precision measuring instruments | Limit\",\"isPartOf\":{\"@id\":\"https:\/\/limittools.test.consids5.se\/#website\"},\"datePublished\":\"2020-09-08T14:00:00+00:00\",\"dateModified\":\"2020-09-08T14:00:00+00:00\",\"breadcrumb\":{\"@id\":\"https:\/\/limittools.test.consids5.se\/pl\/product\/cyfrowa-waga-dzwigowa-jlg-gs-3000-kg\/#breadcrumb\"},\"inLanguage\":\"pl-PL\",\"potentialAction\":[{\"@type\":\"ReadAction\",\"target\":[\"https:\/\/limittools.test.consids5.se\/pl\/product\/cyfrowa-waga-dzwigowa-jlg-gs-3000-kg\/\"]}]},{\"@type\":\"BreadcrumbList\",\"@id\":\"https:\/\/limittools.test.consids5.se\/pl\/product\/cyfrowa-waga-dzwigowa-jlg-gs-3000-kg\/#breadcrumb\",\"itemListElement\":[{\"@type\":\"ListItem\",\"position\":1,\"name\":\"Products\",\"item\":\"https:\/\/limittools.test.consids5.se\/products\/\"},{\"@type\":\"ListItem\",\"position\":2,\"name\":\"Cyfrowa waga d\u017awigowa JLG GS-3000 kg\"}]},{\"@type\":\"WebSite\",\"@id\":\"https:\/\/limittools.test.consids5.se\/#website\",\"url\":\"https:\/\/limittools.test.consids5.se\/\",\"name\":\"Precision measuring instruments | Limit\",\"description\":\"Everything can be measured\",\"potentialAction\":[{\"@type\":\"SearchAction\",\"target\":{\"@type\":\"EntryPoint\",\"urlTemplate\":\"https:\/\/limittools.test.consids5.se\/?s={search_term_string}\"},\"query-input\":\"required name=search_term_string\"}],\"inLanguage\":\"pl-PL\"}]}<\/script>\n<!-- \/ Yoast SEO plugin. -->","yoast_head_json":{"title":"Cyfrowa waga d\u017awigowa JLG GS-3000 kg - Precision measuring instruments | Limit","robots":{"index":"index","follow":"follow","max-snippet":"max-snippet:-1","max-image-preview":"max-image-preview:large","max-video-preview":"max-video-preview:-1"},"canonical":"https:\/\/limittools.test.consids5.se\/pl\/product\/cyfrowa-waga-dzwigowa-jlg-gs-3000-kg\/","og_locale":"pl_PL","og_type":"article","og_title":"Cyfrowa waga d\u017awigowa JLG GS-3000 kg - Precision measuring instruments | Limit","og_description":"Waga d\u017awigowa ze wskazaniem cyfrowym. W mocnym wykonaniu, do u\u017cytku przemys\u0142owego i profesjonalnego. Wysoka dok\u0142adno\u015b\u0107, odpowiadaj\u0105ca +\/- 1 jednostce rozdzielczo\u015bci [&hellip;]","og_url":"https:\/\/limittools.test.consids5.se\/pl\/product\/cyfrowa-waga-dzwigowa-jlg-gs-3000-kg\/","og_site_name":"Precision measuring instruments | Limit","article_publisher":"https:\/\/www.facebook.com\/limittools\/","twitter_card":"summary_large_image","twitter_misc":{"Est. reading time":"1 minute"},"schema":{"@context":"https:\/\/schema.org","@graph":[{"@type":"WebPage","@id":"https:\/\/limittools.test.consids5.se\/pl\/product\/cyfrowa-waga-dzwigowa-jlg-gs-3000-kg\/","url":"https:\/\/limittools.test.consids5.se\/pl\/product\/cyfrowa-waga-dzwigowa-jlg-gs-3000-kg\/","name":"Cyfrowa waga d\u017awigowa JLG GS-3000 kg - Precision measuring instruments | Limit","isPartOf":{"@id":"https:\/\/limittools.test.consids5.se\/#website"},"datePublished":"2020-09-08T14:00:00+00:00","dateModified":"2020-09-08T14:00:00+00:00","breadcrumb":{"@id":"https:\/\/limittools.test.consids5.se\/pl\/product\/cyfrowa-waga-dzwigowa-jlg-gs-3000-kg\/#breadcrumb"},"inLanguage":"pl-PL","potentialAction":[{"@type":"ReadAction","target":["https:\/\/limittools.test.consids5.se\/pl\/product\/cyfrowa-waga-dzwigowa-jlg-gs-3000-kg\/"]}]},{"@type":"BreadcrumbList","@id":"https:\/\/limittools.test.consids5.se\/pl\/product\/cyfrowa-waga-dzwigowa-jlg-gs-3000-kg\/#breadcrumb","itemListElement":[{"@type":"ListItem","position":1,"name":"Products","item":"https:\/\/limittools.test.consids5.se\/products\/"},{"@type":"ListItem","position":2,"name":"Cyfrowa waga d\u017awigowa JLG GS-3000 kg"}]},{"@type":"WebSite","@id":"https:\/\/limittools.test.consids5.se\/#website","url":"https:\/\/limittools.test.consids5.se\/","name":"Precision measuring instruments | Limit","description":"Everything can be measured","potentialAction":[{"@type":"SearchAction","target":{"@type":"EntryPoint","urlTemplate":"https:\/\/limittools.test.consids5.se\/?s={search_term_string}"},"query-input":"required name=search_term_string"}],"inLanguage":"pl-PL"}]}},"_links":{"self":[{"href":"https:\/\/limittools.test.consids5.se\/pl\/wp-json\/wp\/v2\/product\/3503"}],"collection":[{"href":"https:\/\/limittools.test.consids5.se\/pl\/wp-json\/wp\/v2\/product"}],"about":[{"href":"https:\/\/limittools.test.consids5.se\/pl\/wp-json\/wp\/v2\/types\/product"}],"replies":[{"embeddable":true,"href":"https:\/\/limittools.test.consids5.se\/pl\/wp-json\/wp\/v2\/comments?post=3503"}],"wp:attachment":[{"href":"https:\/\/limittools.test.consids5.se\/pl\/wp-json\/wp\/v2\/media?parent=3503"}],"wp:term":[{"taxonomy":"product_cat","embeddable":true,"href":"https:\/\/limittools.test.consids5.se\/pl\/wp-json\/wp\/v2\/product_cat?post=3503"},{"taxonomy":"product_tag","embeddable":true,"href":"https:\/\/limittools.test.consids5.se\/pl\/wp-json\/wp\/v2\/product_tag?post=3503"}],"curies":[{"name":"wp","href":"https:\/\/api.w.org\/{rel}","templated":true}]}}