{"id":3720,"date":"2026-04-08T17:40:31","date_gmt":"2026-04-08T17:40:31","guid":{"rendered":"http:\/\/limit-tools.local\/product\/3720\/"},"modified":"2026-04-08T17:40:31","modified_gmt":"2026-04-08T17:40:31","slug":"drazek-mocujacy-do-lasera-limit","status":"publish","type":"product","link":"https:\/\/limittools.test.consids5.se\/pl\/product\/drazek-mocujacy-do-lasera-limit\/","title":{"rendered":"DRAZEK MOCUJACY DO LASERA LIMIT"},"content":{"rendered":"<p>Dr\u0105\u017cek mo\u017ce sta\u0107 swobodnie na pod\u0142odze z wykorzystaniem podp\u00f3rek, albo mo\u017ce by\u0107 rozparty pomi\u0119dzy pod\u0142og\u0105 i sufitem bez podp\u00f3rek, zajmuj\u0105c mniej miejsca w warunkach ograniczonej przestrzeni. Przydatny do pracy we wn\u0119trzach, zar\u00f3wno z laserem krzy\u017cowym jak i rotacyjnym, np. Limit 1210. P\u00f3\u0142k\u0119 mo\u017cna zablokowa\u0107 na dowolnej wysoko\u015bci wzd\u0142u\u017c ca\u0142ego dr\u0105\u017cka. Dr\u0105\u017cek sk\u0142ada si\u0119 z 5 sekcji, skr\u0119canych ze sob\u0105 na \u017c\u0105dan\u0105 d\u0142ugo\u015b\u0107. Stopka osadzona spr\u0119\u017cy\u015bcie. \u0141atwy transport i monta\u017c. Wykonany z aluminium. Dostarczany w torbie.<\/p>\n","protected":false},"excerpt":{"rendered":"Dr\u0105\u017cek mo\u017ce sta\u0107 swobodnie na pod\u0142odze z wykorzystaniem podp\u00f3rek, albo mo\u017ce by\u0107 rozparty pomi\u0119dzy pod\u0142og\u0105 i sufitem bez podp\u00f3rek, zajmuj\u0105c [&hellip;]","protected":false},"featured_media":0,"comment_status":"closed","ping_status":"closed","template":"","meta":{"_acf_changed":false},"product_cat":[282,360],"product_tag":[],"class_list":{"0":"post-3720","1":"product","2":"type-product","3":"status-publish","5":"product_cat-przyrzady-laserowe-pl","6":"product_cat-lasery-krzyzowe-akcesoria-pl","8":"first","9":"instock","10":"shipping-taxable","11":"product-type-simple"},"acf":[],"yoast_head":"<!-- This site is optimized with the Yoast SEO plugin v23.2 - https:\/\/yoast.com\/wordpress\/plugins\/seo\/ -->\n<title>DRAZEK MOCUJACY DO LASERA LIMIT - Precision measuring instruments | Limit<\/title>\n<meta name=\"robots\" content=\"index, follow, max-snippet:-1, max-image-preview:large, max-video-preview:-1\" \/>\n<link rel=\"canonical\" href=\"https:\/\/limittools.test.consids5.se\/pl\/product\/drazek-mocujacy-do-lasera-limit\/\" \/>\n<meta property=\"og:locale\" content=\"pl_PL\" \/>\n<meta property=\"og:type\" content=\"article\" \/>\n<meta property=\"og:title\" content=\"DRAZEK MOCUJACY DO LASERA LIMIT - Precision measuring instruments | Limit\" \/>\n<meta property=\"og:description\" content=\"Dr\u0105\u017cek mo\u017ce sta\u0107 swobodnie na pod\u0142odze z wykorzystaniem podp\u00f3rek, albo mo\u017ce by\u0107 rozparty pomi\u0119dzy pod\u0142og\u0105 i sufitem bez podp\u00f3rek, zajmuj\u0105c [&hellip;]\" \/>\n<meta property=\"og:url\" content=\"https:\/\/limittools.test.consids5.se\/pl\/product\/drazek-mocujacy-do-lasera-limit\/\" \/>\n<meta property=\"og:site_name\" content=\"Precision measuring instruments | Limit\" \/>\n<meta property=\"article:publisher\" content=\"https:\/\/www.facebook.com\/limittools\/\" \/>\n<meta name=\"twitter:card\" content=\"summary_large_image\" \/>\n<script type=\"application\/ld+json\" class=\"yoast-schema-graph\">{\"@context\":\"https:\/\/schema.org\",\"@graph\":[{\"@type\":\"WebPage\",\"@id\":\"https:\/\/limittools.test.consids5.se\/pl\/product\/drazek-mocujacy-do-lasera-limit\/\",\"url\":\"https:\/\/limittools.test.consids5.se\/pl\/product\/drazek-mocujacy-do-lasera-limit\/\",\"name\":\"DRAZEK MOCUJACY DO LASERA LIMIT - Precision measuring instruments | Limit\",\"isPartOf\":{\"@id\":\"https:\/\/limittools.test.consids5.se\/#website\"},\"datePublished\":\"2026-04-08T17:40:31+00:00\",\"dateModified\":\"2026-04-08T17:40:31+00:00\",\"breadcrumb\":{\"@id\":\"https:\/\/limittools.test.consids5.se\/pl\/product\/drazek-mocujacy-do-lasera-limit\/#breadcrumb\"},\"inLanguage\":\"pl-PL\",\"potentialAction\":[{\"@type\":\"ReadAction\",\"target\":[\"https:\/\/limittools.test.consids5.se\/pl\/product\/drazek-mocujacy-do-lasera-limit\/\"]}]},{\"@type\":\"BreadcrumbList\",\"@id\":\"https:\/\/limittools.test.consids5.se\/pl\/product\/drazek-mocujacy-do-lasera-limit\/#breadcrumb\",\"itemListElement\":[{\"@type\":\"ListItem\",\"position\":1,\"name\":\"Products\",\"item\":\"https:\/\/limittools.test.consids5.se\/products\/\"},{\"@type\":\"ListItem\",\"position\":2,\"name\":\"DRAZEK MOCUJACY DO LASERA LIMIT\"}]},{\"@type\":\"WebSite\",\"@id\":\"https:\/\/limittools.test.consids5.se\/#website\",\"url\":\"https:\/\/limittools.test.consids5.se\/\",\"name\":\"Precision measuring instruments | Limit\",\"description\":\"Everything can be measured\",\"potentialAction\":[{\"@type\":\"SearchAction\",\"target\":{\"@type\":\"EntryPoint\",\"urlTemplate\":\"https:\/\/limittools.test.consids5.se\/?s={search_term_string}\"},\"query-input\":\"required name=search_term_string\"}],\"inLanguage\":\"pl-PL\"}]}<\/script>\n<!-- \/ Yoast SEO plugin. -->","yoast_head_json":{"title":"DRAZEK MOCUJACY DO LASERA LIMIT - Precision measuring instruments | Limit","robots":{"index":"index","follow":"follow","max-snippet":"max-snippet:-1","max-image-preview":"max-image-preview:large","max-video-preview":"max-video-preview:-1"},"canonical":"https:\/\/limittools.test.consids5.se\/pl\/product\/drazek-mocujacy-do-lasera-limit\/","og_locale":"pl_PL","og_type":"article","og_title":"DRAZEK MOCUJACY DO LASERA LIMIT - Precision measuring instruments | Limit","og_description":"Dr\u0105\u017cek mo\u017ce sta\u0107 swobodnie na pod\u0142odze z wykorzystaniem podp\u00f3rek, albo mo\u017ce by\u0107 rozparty pomi\u0119dzy pod\u0142og\u0105 i sufitem bez podp\u00f3rek, zajmuj\u0105c [&hellip;]","og_url":"https:\/\/limittools.test.consids5.se\/pl\/product\/drazek-mocujacy-do-lasera-limit\/","og_site_name":"Precision measuring instruments | Limit","article_publisher":"https:\/\/www.facebook.com\/limittools\/","twitter_card":"summary_large_image","schema":{"@context":"https:\/\/schema.org","@graph":[{"@type":"WebPage","@id":"https:\/\/limittools.test.consids5.se\/pl\/product\/drazek-mocujacy-do-lasera-limit\/","url":"https:\/\/limittools.test.consids5.se\/pl\/product\/drazek-mocujacy-do-lasera-limit\/","name":"DRAZEK MOCUJACY DO LASERA LIMIT - Precision measuring instruments | Limit","isPartOf":{"@id":"https:\/\/limittools.test.consids5.se\/#website"},"datePublished":"2026-04-08T17:40:31+00:00","dateModified":"2026-04-08T17:40:31+00:00","breadcrumb":{"@id":"https:\/\/limittools.test.consids5.se\/pl\/product\/drazek-mocujacy-do-lasera-limit\/#breadcrumb"},"inLanguage":"pl-PL","potentialAction":[{"@type":"ReadAction","target":["https:\/\/limittools.test.consids5.se\/pl\/product\/drazek-mocujacy-do-lasera-limit\/"]}]},{"@type":"BreadcrumbList","@id":"https:\/\/limittools.test.consids5.se\/pl\/product\/drazek-mocujacy-do-lasera-limit\/#breadcrumb","itemListElement":[{"@type":"ListItem","position":1,"name":"Products","item":"https:\/\/limittools.test.consids5.se\/products\/"},{"@type":"ListItem","position":2,"name":"DRAZEK MOCUJACY DO LASERA LIMIT"}]},{"@type":"WebSite","@id":"https:\/\/limittools.test.consids5.se\/#website","url":"https:\/\/limittools.test.consids5.se\/","name":"Precision measuring instruments | Limit","description":"Everything can be measured","potentialAction":[{"@type":"SearchAction","target":{"@type":"EntryPoint","urlTemplate":"https:\/\/limittools.test.consids5.se\/?s={search_term_string}"},"query-input":"required name=search_term_string"}],"inLanguage":"pl-PL"}]}},"_links":{"self":[{"href":"https:\/\/limittools.test.consids5.se\/pl\/wp-json\/wp\/v2\/product\/3720"}],"collection":[{"href":"https:\/\/limittools.test.consids5.se\/pl\/wp-json\/wp\/v2\/product"}],"about":[{"href":"https:\/\/limittools.test.consids5.se\/pl\/wp-json\/wp\/v2\/types\/product"}],"replies":[{"embeddable":true,"href":"https:\/\/limittools.test.consids5.se\/pl\/wp-json\/wp\/v2\/comments?post=3720"}],"wp:attachment":[{"href":"https:\/\/limittools.test.consids5.se\/pl\/wp-json\/wp\/v2\/media?parent=3720"}],"wp:term":[{"taxonomy":"product_cat","embeddable":true,"href":"https:\/\/limittools.test.consids5.se\/pl\/wp-json\/wp\/v2\/product_cat?post=3720"},{"taxonomy":"product_tag","embeddable":true,"href":"https:\/\/limittools.test.consids5.se\/pl\/wp-json\/wp\/v2\/product_tag?post=3720"}],"curies":[{"name":"wp","href":"https:\/\/api.w.org\/{rel}","templated":true}]}}