{"id":3738,"date":"2026-04-08T17:40:42","date_gmt":"2026-04-08T17:40:42","guid":{"rendered":"http:\/\/limit-tools.local\/product\/sprawdzian-do-otworow-2641-2\/"},"modified":"2026-04-08T17:40:42","modified_gmt":"2026-04-08T17:40:42","slug":"sprawdzian-do-otworow-limit","status":"publish","type":"product","link":"https:\/\/limittools.test.consids5.se\/pl\/product\/sprawdzian-do-otworow-limit\/","title":{"rendered":"SPRAWDZIAN DO OTWOR\u00d3W LIMIT"},"content":{"rendered":"<p>Zbie\u017cno\u015b\u0107 ig\u0142y pomiarowej 1:10. Bezpo\u015bredni odczyt z dok\u0142adno\u015bci\u0105 0.1 mm, z noniuszem 0.01 mm. Ig\u0142a specjalnie hartowana i szlifowana. Z nasadk\u0105 ochronn\u0105. Niklowany.<\/p>\n","protected":false},"excerpt":{"rendered":"Zbie\u017cno\u015b\u0107 ig\u0142y pomiarowej 1:10. Bezpo\u015bredni odczyt z dok\u0142adno\u015bci\u0105 0.1 mm, z noniuszem 0.01 mm. Ig\u0142a specjalnie hartowana i szlifowana. Z [&hellip;]","protected":false},"featured_media":0,"comment_status":"closed","ping_status":"closed","template":"","meta":{"_acf_changed":false},"product_cat":[247,490],"product_tag":[],"class_list":{"0":"post-3738","1":"product","2":"type-product","3":"status-publish","5":"product_cat-pomiary-warsztatowe-pl","6":"product_cat-sprawdziany-do-otworow-pl","8":"first","9":"instock","10":"shipping-taxable","11":"product-type-simple"},"acf":[],"yoast_head":"<!-- This site is optimized with the Yoast SEO plugin v23.2 - https:\/\/yoast.com\/wordpress\/plugins\/seo\/ -->\n<title>SPRAWDZIAN DO OTWOR\u00d3W LIMIT - Precision measuring instruments | Limit<\/title>\n<meta name=\"robots\" content=\"index, follow, max-snippet:-1, max-image-preview:large, max-video-preview:-1\" \/>\n<link rel=\"canonical\" href=\"https:\/\/limittools.test.consids5.se\/pl\/product\/sprawdzian-do-otworow-limit\/\" \/>\n<meta property=\"og:locale\" content=\"pl_PL\" \/>\n<meta property=\"og:type\" content=\"article\" \/>\n<meta property=\"og:title\" content=\"SPRAWDZIAN DO OTWOR\u00d3W LIMIT - Precision measuring instruments | Limit\" \/>\n<meta property=\"og:description\" content=\"Zbie\u017cno\u015b\u0107 ig\u0142y pomiarowej 1:10. Bezpo\u015bredni odczyt z dok\u0142adno\u015bci\u0105 0.1 mm, z noniuszem 0.01 mm. Ig\u0142a specjalnie hartowana i szlifowana. Z [&hellip;]\" \/>\n<meta property=\"og:url\" content=\"https:\/\/limittools.test.consids5.se\/pl\/product\/sprawdzian-do-otworow-limit\/\" \/>\n<meta property=\"og:site_name\" content=\"Precision measuring instruments | Limit\" \/>\n<meta property=\"article:publisher\" content=\"https:\/\/www.facebook.com\/limittools\/\" \/>\n<meta name=\"twitter:card\" content=\"summary_large_image\" \/>\n<script type=\"application\/ld+json\" class=\"yoast-schema-graph\">{\"@context\":\"https:\/\/schema.org\",\"@graph\":[{\"@type\":\"WebPage\",\"@id\":\"https:\/\/limittools.test.consids5.se\/pl\/product\/sprawdzian-do-otworow-limit\/\",\"url\":\"https:\/\/limittools.test.consids5.se\/pl\/product\/sprawdzian-do-otworow-limit\/\",\"name\":\"SPRAWDZIAN DO OTWOR\u00d3W LIMIT - Precision measuring instruments | Limit\",\"isPartOf\":{\"@id\":\"https:\/\/limittools.test.consids5.se\/#website\"},\"datePublished\":\"2026-04-08T17:40:42+00:00\",\"dateModified\":\"2026-04-08T17:40:42+00:00\",\"breadcrumb\":{\"@id\":\"https:\/\/limittools.test.consids5.se\/pl\/product\/sprawdzian-do-otworow-limit\/#breadcrumb\"},\"inLanguage\":\"pl-PL\",\"potentialAction\":[{\"@type\":\"ReadAction\",\"target\":[\"https:\/\/limittools.test.consids5.se\/pl\/product\/sprawdzian-do-otworow-limit\/\"]}]},{\"@type\":\"BreadcrumbList\",\"@id\":\"https:\/\/limittools.test.consids5.se\/pl\/product\/sprawdzian-do-otworow-limit\/#breadcrumb\",\"itemListElement\":[{\"@type\":\"ListItem\",\"position\":1,\"name\":\"Products\",\"item\":\"https:\/\/limittools.test.consids5.se\/products\/\"},{\"@type\":\"ListItem\",\"position\":2,\"name\":\"SPRAWDZIAN DO OTWOR\u00d3W LIMIT\"}]},{\"@type\":\"WebSite\",\"@id\":\"https:\/\/limittools.test.consids5.se\/#website\",\"url\":\"https:\/\/limittools.test.consids5.se\/\",\"name\":\"Precision measuring instruments | Limit\",\"description\":\"Everything can be measured\",\"potentialAction\":[{\"@type\":\"SearchAction\",\"target\":{\"@type\":\"EntryPoint\",\"urlTemplate\":\"https:\/\/limittools.test.consids5.se\/?s={search_term_string}\"},\"query-input\":\"required name=search_term_string\"}],\"inLanguage\":\"pl-PL\"}]}<\/script>\n<!-- \/ Yoast SEO plugin. -->","yoast_head_json":{"title":"SPRAWDZIAN DO OTWOR\u00d3W LIMIT - Precision measuring instruments | Limit","robots":{"index":"index","follow":"follow","max-snippet":"max-snippet:-1","max-image-preview":"max-image-preview:large","max-video-preview":"max-video-preview:-1"},"canonical":"https:\/\/limittools.test.consids5.se\/pl\/product\/sprawdzian-do-otworow-limit\/","og_locale":"pl_PL","og_type":"article","og_title":"SPRAWDZIAN DO OTWOR\u00d3W LIMIT - Precision measuring instruments | Limit","og_description":"Zbie\u017cno\u015b\u0107 ig\u0142y pomiarowej 1:10. Bezpo\u015bredni odczyt z dok\u0142adno\u015bci\u0105 0.1 mm, z noniuszem 0.01 mm. Ig\u0142a specjalnie hartowana i szlifowana. Z [&hellip;]","og_url":"https:\/\/limittools.test.consids5.se\/pl\/product\/sprawdzian-do-otworow-limit\/","og_site_name":"Precision measuring instruments | Limit","article_publisher":"https:\/\/www.facebook.com\/limittools\/","twitter_card":"summary_large_image","schema":{"@context":"https:\/\/schema.org","@graph":[{"@type":"WebPage","@id":"https:\/\/limittools.test.consids5.se\/pl\/product\/sprawdzian-do-otworow-limit\/","url":"https:\/\/limittools.test.consids5.se\/pl\/product\/sprawdzian-do-otworow-limit\/","name":"SPRAWDZIAN DO OTWOR\u00d3W LIMIT - Precision measuring instruments | Limit","isPartOf":{"@id":"https:\/\/limittools.test.consids5.se\/#website"},"datePublished":"2026-04-08T17:40:42+00:00","dateModified":"2026-04-08T17:40:42+00:00","breadcrumb":{"@id":"https:\/\/limittools.test.consids5.se\/pl\/product\/sprawdzian-do-otworow-limit\/#breadcrumb"},"inLanguage":"pl-PL","potentialAction":[{"@type":"ReadAction","target":["https:\/\/limittools.test.consids5.se\/pl\/product\/sprawdzian-do-otworow-limit\/"]}]},{"@type":"BreadcrumbList","@id":"https:\/\/limittools.test.consids5.se\/pl\/product\/sprawdzian-do-otworow-limit\/#breadcrumb","itemListElement":[{"@type":"ListItem","position":1,"name":"Products","item":"https:\/\/limittools.test.consids5.se\/products\/"},{"@type":"ListItem","position":2,"name":"SPRAWDZIAN DO OTWOR\u00d3W LIMIT"}]},{"@type":"WebSite","@id":"https:\/\/limittools.test.consids5.se\/#website","url":"https:\/\/limittools.test.consids5.se\/","name":"Precision measuring instruments | Limit","description":"Everything can be measured","potentialAction":[{"@type":"SearchAction","target":{"@type":"EntryPoint","urlTemplate":"https:\/\/limittools.test.consids5.se\/?s={search_term_string}"},"query-input":"required name=search_term_string"}],"inLanguage":"pl-PL"}]}},"_links":{"self":[{"href":"https:\/\/limittools.test.consids5.se\/pl\/wp-json\/wp\/v2\/product\/3738"}],"collection":[{"href":"https:\/\/limittools.test.consids5.se\/pl\/wp-json\/wp\/v2\/product"}],"about":[{"href":"https:\/\/limittools.test.consids5.se\/pl\/wp-json\/wp\/v2\/types\/product"}],"replies":[{"embeddable":true,"href":"https:\/\/limittools.test.consids5.se\/pl\/wp-json\/wp\/v2\/comments?post=3738"}],"wp:attachment":[{"href":"https:\/\/limittools.test.consids5.se\/pl\/wp-json\/wp\/v2\/media?parent=3738"}],"wp:term":[{"taxonomy":"product_cat","embeddable":true,"href":"https:\/\/limittools.test.consids5.se\/pl\/wp-json\/wp\/v2\/product_cat?post=3738"},{"taxonomy":"product_tag","embeddable":true,"href":"https:\/\/limittools.test.consids5.se\/pl\/wp-json\/wp\/v2\/product_tag?post=3738"}],"curies":[{"name":"wp","href":"https:\/\/api.w.org\/{rel}","templated":true}]}}