{"id":3842,"date":"2026-04-08T17:41:38","date_gmt":"2026-04-08T17:41:38","guid":{"rendered":"http:\/\/limit-tools.local\/product\/3842\/"},"modified":"2026-04-08T17:41:38","modified_gmt":"2026-04-08T17:41:38","slug":"uchwyt-do-czujnikow-dzwigniowych","status":"publish","type":"product","link":"https:\/\/limittools.test.consids5.se\/pl\/product\/uchwyt-do-czujnikow-dzwigniowych\/","title":{"rendered":"UCHWYT DO CZUJNIK\u00d3W DZWIGNIOWYCH"},"content":{"rendered":"<p>151290103. Uchwyt do czujnik\u00f3w zegarowych. Z otworami mocuj\u0105cymi 8 i 6 mm, oraz rowkiem pryzmatycznym (jask\u00f3\u0142czy ogon) do osadzenia czujnika d\u017awigniowego.<br \/>\n151290202. Uchwyt do czujnik\u00f3w d\u017awigniowych, z przegubem. Rowek pryzmatyczny (jask\u00f3\u0142czy ogon).<\/p>\n","protected":false},"excerpt":{"rendered":"151290103. Uchwyt do czujnik\u00f3w zegarowych. Z otworami mocuj\u0105cymi 8 i 6 mm, oraz rowkiem pryzmatycznym (jask\u00f3\u0142czy ogon) do osadzenia czujnika [&hellip;]","protected":false},"featured_media":0,"comment_status":"closed","ping_status":"closed","template":"","meta":{"_acf_changed":false},"product_cat":[247,364],"product_tag":[],"class_list":{"0":"post-3842","1":"product","2":"type-product","3":"status-publish","5":"product_cat-pomiary-warsztatowe-pl","6":"product_cat-czujniki-zegarowe-pl","8":"first","9":"instock","10":"shipping-taxable","11":"product-type-simple"},"acf":[],"yoast_head":"<!-- This site is optimized with the Yoast SEO plugin v23.2 - https:\/\/yoast.com\/wordpress\/plugins\/seo\/ -->\n<title>UCHWYT DO CZUJNIK\u00d3W DZWIGNIOWYCH - Precision measuring instruments | Limit<\/title>\n<meta name=\"robots\" content=\"index, follow, max-snippet:-1, max-image-preview:large, max-video-preview:-1\" \/>\n<link rel=\"canonical\" href=\"https:\/\/limittools.test.consids5.se\/pl\/product\/uchwyt-do-czujnikow-dzwigniowych\/\" \/>\n<meta property=\"og:locale\" content=\"pl_PL\" \/>\n<meta property=\"og:type\" content=\"article\" \/>\n<meta property=\"og:title\" content=\"UCHWYT DO CZUJNIK\u00d3W DZWIGNIOWYCH - Precision measuring instruments | Limit\" \/>\n<meta property=\"og:description\" content=\"151290103. Uchwyt do czujnik\u00f3w zegarowych. Z otworami mocuj\u0105cymi 8 i 6 mm, oraz rowkiem pryzmatycznym (jask\u00f3\u0142czy ogon) do osadzenia czujnika [&hellip;]\" \/>\n<meta property=\"og:url\" content=\"https:\/\/limittools.test.consids5.se\/pl\/product\/uchwyt-do-czujnikow-dzwigniowych\/\" \/>\n<meta property=\"og:site_name\" content=\"Precision measuring instruments | Limit\" \/>\n<meta property=\"article:publisher\" content=\"https:\/\/www.facebook.com\/limittools\/\" \/>\n<meta name=\"twitter:card\" content=\"summary_large_image\" \/>\n<script type=\"application\/ld+json\" class=\"yoast-schema-graph\">{\"@context\":\"https:\/\/schema.org\",\"@graph\":[{\"@type\":\"WebPage\",\"@id\":\"https:\/\/limittools.test.consids5.se\/pl\/product\/uchwyt-do-czujnikow-dzwigniowych\/\",\"url\":\"https:\/\/limittools.test.consids5.se\/pl\/product\/uchwyt-do-czujnikow-dzwigniowych\/\",\"name\":\"UCHWYT DO CZUJNIK\u00d3W DZWIGNIOWYCH - Precision measuring instruments | Limit\",\"isPartOf\":{\"@id\":\"https:\/\/limittools.test.consids5.se\/#website\"},\"datePublished\":\"2026-04-08T17:41:38+00:00\",\"dateModified\":\"2026-04-08T17:41:38+00:00\",\"breadcrumb\":{\"@id\":\"https:\/\/limittools.test.consids5.se\/pl\/product\/uchwyt-do-czujnikow-dzwigniowych\/#breadcrumb\"},\"inLanguage\":\"pl-PL\",\"potentialAction\":[{\"@type\":\"ReadAction\",\"target\":[\"https:\/\/limittools.test.consids5.se\/pl\/product\/uchwyt-do-czujnikow-dzwigniowych\/\"]}]},{\"@type\":\"BreadcrumbList\",\"@id\":\"https:\/\/limittools.test.consids5.se\/pl\/product\/uchwyt-do-czujnikow-dzwigniowych\/#breadcrumb\",\"itemListElement\":[{\"@type\":\"ListItem\",\"position\":1,\"name\":\"Products\",\"item\":\"https:\/\/limittools.test.consids5.se\/products\/\"},{\"@type\":\"ListItem\",\"position\":2,\"name\":\"UCHWYT DO CZUJNIK\u00d3W DZWIGNIOWYCH\"}]},{\"@type\":\"WebSite\",\"@id\":\"https:\/\/limittools.test.consids5.se\/#website\",\"url\":\"https:\/\/limittools.test.consids5.se\/\",\"name\":\"Precision measuring instruments | Limit\",\"description\":\"Everything can be measured\",\"potentialAction\":[{\"@type\":\"SearchAction\",\"target\":{\"@type\":\"EntryPoint\",\"urlTemplate\":\"https:\/\/limittools.test.consids5.se\/?s={search_term_string}\"},\"query-input\":\"required name=search_term_string\"}],\"inLanguage\":\"pl-PL\"}]}<\/script>\n<!-- \/ Yoast SEO plugin. -->","yoast_head_json":{"title":"UCHWYT DO CZUJNIK\u00d3W DZWIGNIOWYCH - Precision measuring instruments | Limit","robots":{"index":"index","follow":"follow","max-snippet":"max-snippet:-1","max-image-preview":"max-image-preview:large","max-video-preview":"max-video-preview:-1"},"canonical":"https:\/\/limittools.test.consids5.se\/pl\/product\/uchwyt-do-czujnikow-dzwigniowych\/","og_locale":"pl_PL","og_type":"article","og_title":"UCHWYT DO CZUJNIK\u00d3W DZWIGNIOWYCH - Precision measuring instruments | Limit","og_description":"151290103. Uchwyt do czujnik\u00f3w zegarowych. Z otworami mocuj\u0105cymi 8 i 6 mm, oraz rowkiem pryzmatycznym (jask\u00f3\u0142czy ogon) do osadzenia czujnika [&hellip;]","og_url":"https:\/\/limittools.test.consids5.se\/pl\/product\/uchwyt-do-czujnikow-dzwigniowych\/","og_site_name":"Precision measuring instruments | Limit","article_publisher":"https:\/\/www.facebook.com\/limittools\/","twitter_card":"summary_large_image","schema":{"@context":"https:\/\/schema.org","@graph":[{"@type":"WebPage","@id":"https:\/\/limittools.test.consids5.se\/pl\/product\/uchwyt-do-czujnikow-dzwigniowych\/","url":"https:\/\/limittools.test.consids5.se\/pl\/product\/uchwyt-do-czujnikow-dzwigniowych\/","name":"UCHWYT DO CZUJNIK\u00d3W DZWIGNIOWYCH - Precision measuring instruments | Limit","isPartOf":{"@id":"https:\/\/limittools.test.consids5.se\/#website"},"datePublished":"2026-04-08T17:41:38+00:00","dateModified":"2026-04-08T17:41:38+00:00","breadcrumb":{"@id":"https:\/\/limittools.test.consids5.se\/pl\/product\/uchwyt-do-czujnikow-dzwigniowych\/#breadcrumb"},"inLanguage":"pl-PL","potentialAction":[{"@type":"ReadAction","target":["https:\/\/limittools.test.consids5.se\/pl\/product\/uchwyt-do-czujnikow-dzwigniowych\/"]}]},{"@type":"BreadcrumbList","@id":"https:\/\/limittools.test.consids5.se\/pl\/product\/uchwyt-do-czujnikow-dzwigniowych\/#breadcrumb","itemListElement":[{"@type":"ListItem","position":1,"name":"Products","item":"https:\/\/limittools.test.consids5.se\/products\/"},{"@type":"ListItem","position":2,"name":"UCHWYT DO CZUJNIK\u00d3W DZWIGNIOWYCH"}]},{"@type":"WebSite","@id":"https:\/\/limittools.test.consids5.se\/#website","url":"https:\/\/limittools.test.consids5.se\/","name":"Precision measuring instruments | Limit","description":"Everything can be measured","potentialAction":[{"@type":"SearchAction","target":{"@type":"EntryPoint","urlTemplate":"https:\/\/limittools.test.consids5.se\/?s={search_term_string}"},"query-input":"required name=search_term_string"}],"inLanguage":"pl-PL"}]}},"_links":{"self":[{"href":"https:\/\/limittools.test.consids5.se\/pl\/wp-json\/wp\/v2\/product\/3842"}],"collection":[{"href":"https:\/\/limittools.test.consids5.se\/pl\/wp-json\/wp\/v2\/product"}],"about":[{"href":"https:\/\/limittools.test.consids5.se\/pl\/wp-json\/wp\/v2\/types\/product"}],"replies":[{"embeddable":true,"href":"https:\/\/limittools.test.consids5.se\/pl\/wp-json\/wp\/v2\/comments?post=3842"}],"wp:attachment":[{"href":"https:\/\/limittools.test.consids5.se\/pl\/wp-json\/wp\/v2\/media?parent=3842"}],"wp:term":[{"taxonomy":"product_cat","embeddable":true,"href":"https:\/\/limittools.test.consids5.se\/pl\/wp-json\/wp\/v2\/product_cat?post=3842"},{"taxonomy":"product_tag","embeddable":true,"href":"https:\/\/limittools.test.consids5.se\/pl\/wp-json\/wp\/v2\/product_tag?post=3842"}],"curies":[{"name":"wp","href":"https:\/\/api.w.org\/{rel}","templated":true}]}}