{"id":3848,"date":"2026-04-08T17:41:43","date_gmt":"2026-04-08T17:41:43","guid":{"rendered":"http:\/\/limit-tools.local\/product\/mikrometr-el-limit-0-150mm\/"},"modified":"2026-04-08T17:41:43","modified_gmt":"2026-04-08T17:41:43","slug":"mikrometr-elektroniczny-z-wymiennymi-trzpieniami-limit","status":"publish","type":"product","link":"https:\/\/limittools.test.consids5.se\/pl\/product\/mikrometr-elektroniczny-z-wymiennymi-trzpieniami-limit\/","title":{"rendered":"MIKROMETR- ELEKTRONICZNY, Z WYMIENNYMI TRZPIENIAMI LIMIT"},"content":{"rendered":"<p>Kab\u0142\u0105k odkuwany. Hartowane wrzeciono z wymiennymi trzpieniami 8 mm, z precyzyjnie docieranymi powierzchniami pomiarowymi z w\u0119glik\u00f3w spiekanych. Pomiar bezwzgl\u0119dny i r\u00f3\u017cnicowy. Nastawianie warto\u015bci odniesienia. Z tulej\u0105 ze sprz\u0119g\u0142em ciernym i d\u017awigienk\u0105 ustalaj\u0105c\u0105. DIN 863. Bateria typu SR44, w za\u0142\u0105czeniu.<\/p>\n","protected":false},"excerpt":{"rendered":"Kab\u0142\u0105k odkuwany. Hartowane wrzeciono z wymiennymi trzpieniami 8 mm, z precyzyjnie docieranymi powierzchniami pomiarowymi z w\u0119glik\u00f3w spiekanych. Pomiar bezwzgl\u0119dny i [&hellip;]","protected":false},"featured_media":0,"comment_status":"closed","ping_status":"closed","template":"","meta":{"_acf_changed":false},"product_cat":[247,273],"product_tag":[],"class_list":{"0":"post-3848","1":"product","2":"type-product","3":"status-publish","5":"product_cat-pomiary-warsztatowe-pl","6":"product_cat-mikrometry-pl","8":"first","9":"instock","10":"shipping-taxable","11":"product-type-simple"},"acf":[],"yoast_head":"<!-- This site is optimized with the Yoast SEO plugin v23.2 - https:\/\/yoast.com\/wordpress\/plugins\/seo\/ -->\n<title>MIKROMETR- ELEKTRONICZNY, Z WYMIENNYMI TRZPIENIAMI LIMIT - Precision measuring instruments | Limit<\/title>\n<meta name=\"robots\" content=\"index, follow, max-snippet:-1, max-image-preview:large, max-video-preview:-1\" \/>\n<link rel=\"canonical\" href=\"https:\/\/limittools.test.consids5.se\/pl\/product\/mikrometr-elektroniczny-z-wymiennymi-trzpieniami-limit\/\" \/>\n<meta property=\"og:locale\" content=\"pl_PL\" \/>\n<meta property=\"og:type\" content=\"article\" \/>\n<meta property=\"og:title\" content=\"MIKROMETR- ELEKTRONICZNY, Z WYMIENNYMI TRZPIENIAMI LIMIT - Precision measuring instruments | Limit\" \/>\n<meta property=\"og:description\" content=\"Kab\u0142\u0105k odkuwany. Hartowane wrzeciono z wymiennymi trzpieniami 8 mm, z precyzyjnie docieranymi powierzchniami pomiarowymi z w\u0119glik\u00f3w spiekanych. Pomiar bezwzgl\u0119dny i [&hellip;]\" \/>\n<meta property=\"og:url\" content=\"https:\/\/limittools.test.consids5.se\/pl\/product\/mikrometr-elektroniczny-z-wymiennymi-trzpieniami-limit\/\" \/>\n<meta property=\"og:site_name\" content=\"Precision measuring instruments | Limit\" \/>\n<meta property=\"article:publisher\" content=\"https:\/\/www.facebook.com\/limittools\/\" \/>\n<meta name=\"twitter:card\" content=\"summary_large_image\" \/>\n<script type=\"application\/ld+json\" class=\"yoast-schema-graph\">{\"@context\":\"https:\/\/schema.org\",\"@graph\":[{\"@type\":\"WebPage\",\"@id\":\"https:\/\/limittools.test.consids5.se\/pl\/product\/mikrometr-elektroniczny-z-wymiennymi-trzpieniami-limit\/\",\"url\":\"https:\/\/limittools.test.consids5.se\/pl\/product\/mikrometr-elektroniczny-z-wymiennymi-trzpieniami-limit\/\",\"name\":\"MIKROMETR- ELEKTRONICZNY, Z WYMIENNYMI TRZPIENIAMI LIMIT - Precision measuring instruments | Limit\",\"isPartOf\":{\"@id\":\"https:\/\/limittools.test.consids5.se\/#website\"},\"datePublished\":\"2026-04-08T17:41:43+00:00\",\"dateModified\":\"2026-04-08T17:41:43+00:00\",\"breadcrumb\":{\"@id\":\"https:\/\/limittools.test.consids5.se\/pl\/product\/mikrometr-elektroniczny-z-wymiennymi-trzpieniami-limit\/#breadcrumb\"},\"inLanguage\":\"pl-PL\",\"potentialAction\":[{\"@type\":\"ReadAction\",\"target\":[\"https:\/\/limittools.test.consids5.se\/pl\/product\/mikrometr-elektroniczny-z-wymiennymi-trzpieniami-limit\/\"]}]},{\"@type\":\"BreadcrumbList\",\"@id\":\"https:\/\/limittools.test.consids5.se\/pl\/product\/mikrometr-elektroniczny-z-wymiennymi-trzpieniami-limit\/#breadcrumb\",\"itemListElement\":[{\"@type\":\"ListItem\",\"position\":1,\"name\":\"Products\",\"item\":\"https:\/\/limittools.test.consids5.se\/products\/\"},{\"@type\":\"ListItem\",\"position\":2,\"name\":\"MIKROMETR- ELEKTRONICZNY, Z WYMIENNYMI TRZPIENIAMI LIMIT\"}]},{\"@type\":\"WebSite\",\"@id\":\"https:\/\/limittools.test.consids5.se\/#website\",\"url\":\"https:\/\/limittools.test.consids5.se\/\",\"name\":\"Precision measuring instruments | Limit\",\"description\":\"Everything can be measured\",\"potentialAction\":[{\"@type\":\"SearchAction\",\"target\":{\"@type\":\"EntryPoint\",\"urlTemplate\":\"https:\/\/limittools.test.consids5.se\/?s={search_term_string}\"},\"query-input\":\"required name=search_term_string\"}],\"inLanguage\":\"pl-PL\"}]}<\/script>\n<!-- \/ Yoast SEO plugin. -->","yoast_head_json":{"title":"MIKROMETR- ELEKTRONICZNY, Z WYMIENNYMI TRZPIENIAMI LIMIT - Precision measuring instruments | Limit","robots":{"index":"index","follow":"follow","max-snippet":"max-snippet:-1","max-image-preview":"max-image-preview:large","max-video-preview":"max-video-preview:-1"},"canonical":"https:\/\/limittools.test.consids5.se\/pl\/product\/mikrometr-elektroniczny-z-wymiennymi-trzpieniami-limit\/","og_locale":"pl_PL","og_type":"article","og_title":"MIKROMETR- ELEKTRONICZNY, Z WYMIENNYMI TRZPIENIAMI LIMIT - Precision measuring instruments | Limit","og_description":"Kab\u0142\u0105k odkuwany. Hartowane wrzeciono z wymiennymi trzpieniami 8 mm, z precyzyjnie docieranymi powierzchniami pomiarowymi z w\u0119glik\u00f3w spiekanych. Pomiar bezwzgl\u0119dny i [&hellip;]","og_url":"https:\/\/limittools.test.consids5.se\/pl\/product\/mikrometr-elektroniczny-z-wymiennymi-trzpieniami-limit\/","og_site_name":"Precision measuring instruments | Limit","article_publisher":"https:\/\/www.facebook.com\/limittools\/","twitter_card":"summary_large_image","schema":{"@context":"https:\/\/schema.org","@graph":[{"@type":"WebPage","@id":"https:\/\/limittools.test.consids5.se\/pl\/product\/mikrometr-elektroniczny-z-wymiennymi-trzpieniami-limit\/","url":"https:\/\/limittools.test.consids5.se\/pl\/product\/mikrometr-elektroniczny-z-wymiennymi-trzpieniami-limit\/","name":"MIKROMETR- ELEKTRONICZNY, Z WYMIENNYMI TRZPIENIAMI LIMIT - Precision measuring instruments | Limit","isPartOf":{"@id":"https:\/\/limittools.test.consids5.se\/#website"},"datePublished":"2026-04-08T17:41:43+00:00","dateModified":"2026-04-08T17:41:43+00:00","breadcrumb":{"@id":"https:\/\/limittools.test.consids5.se\/pl\/product\/mikrometr-elektroniczny-z-wymiennymi-trzpieniami-limit\/#breadcrumb"},"inLanguage":"pl-PL","potentialAction":[{"@type":"ReadAction","target":["https:\/\/limittools.test.consids5.se\/pl\/product\/mikrometr-elektroniczny-z-wymiennymi-trzpieniami-limit\/"]}]},{"@type":"BreadcrumbList","@id":"https:\/\/limittools.test.consids5.se\/pl\/product\/mikrometr-elektroniczny-z-wymiennymi-trzpieniami-limit\/#breadcrumb","itemListElement":[{"@type":"ListItem","position":1,"name":"Products","item":"https:\/\/limittools.test.consids5.se\/products\/"},{"@type":"ListItem","position":2,"name":"MIKROMETR- ELEKTRONICZNY, Z WYMIENNYMI TRZPIENIAMI LIMIT"}]},{"@type":"WebSite","@id":"https:\/\/limittools.test.consids5.se\/#website","url":"https:\/\/limittools.test.consids5.se\/","name":"Precision measuring instruments | Limit","description":"Everything can be measured","potentialAction":[{"@type":"SearchAction","target":{"@type":"EntryPoint","urlTemplate":"https:\/\/limittools.test.consids5.se\/?s={search_term_string}"},"query-input":"required name=search_term_string"}],"inLanguage":"pl-PL"}]}},"_links":{"self":[{"href":"https:\/\/limittools.test.consids5.se\/pl\/wp-json\/wp\/v2\/product\/3848"}],"collection":[{"href":"https:\/\/limittools.test.consids5.se\/pl\/wp-json\/wp\/v2\/product"}],"about":[{"href":"https:\/\/limittools.test.consids5.se\/pl\/wp-json\/wp\/v2\/types\/product"}],"replies":[{"embeddable":true,"href":"https:\/\/limittools.test.consids5.se\/pl\/wp-json\/wp\/v2\/comments?post=3848"}],"wp:attachment":[{"href":"https:\/\/limittools.test.consids5.se\/pl\/wp-json\/wp\/v2\/media?parent=3848"}],"wp:term":[{"taxonomy":"product_cat","embeddable":true,"href":"https:\/\/limittools.test.consids5.se\/pl\/wp-json\/wp\/v2\/product_cat?post=3848"},{"taxonomy":"product_tag","embeddable":true,"href":"https:\/\/limittools.test.consids5.se\/pl\/wp-json\/wp\/v2\/product_tag?post=3848"}],"curies":[{"name":"wp","href":"https:\/\/api.w.org\/{rel}","templated":true}]}}