{"id":4159,"date":"2026-04-01T20:27:19","date_gmt":"2026-04-01T20:27:19","guid":{"rendered":"http:\/\/limit-tools.local\/product\/glowica-do-kamery-dwukierunkowa\/"},"modified":"2026-04-01T20:27:19","modified_gmt":"2026-04-01T20:27:19","slug":"glowica-do-kamery-dwukierunkowa","status":"publish","type":"product","link":"https:\/\/limittools.test.consids5.se\/pl\/product\/glowica-do-kamery-dwukierunkowa\/","title":{"rendered":"GLOWICA DO KAMERY DWUKIERUNKOWA"},"content":{"rendered":"<p>G\u0142owica sta\u0142a z dwiema kamerami, jedn\u0105 z przodu i jedn\u0105 z boku (90\u00b0). Kamery mo\u017cna prze\u0142\u0105cza\u0107. G\u0142owica kamery i kabel s\u0105 w wersji wodoodpornej IP 67 (opr\u00f3cz z\u0142\u0105cza i prze\u0142\u0105cznika). G\u0142owica ma rozmiar 9 mm.  Pasuje do nast\u0119puj\u0105cych kamer marki Limit: 174270108, 190110106 i 190120105.<\/p>\n","protected":false},"excerpt":{"rendered":"G\u0142owica sta\u0142a z dwiema kamerami, jedn\u0105 z przodu i jedn\u0105 z boku (90\u00b0). Kamery mo\u017cna prze\u0142\u0105cza\u0107. G\u0142owica kamery i kabel [&hellip;]","protected":false},"featured_media":0,"comment_status":"closed","ping_status":"closed","template":"","meta":{"_acf_changed":false},"product_cat":[322,329],"product_tag":[],"class_list":{"0":"post-4159","1":"product","2":"type-product","3":"status-publish","5":"product_cat-inspekcja-pl","6":"product_cat-urzadzenia-inspekcyjne-i-kamery-akcesoria-pl","8":"first","9":"instock","10":"shipping-taxable","11":"product-type-simple"},"acf":[],"yoast_head":"<!-- This site is optimized with the Yoast SEO plugin v23.2 - https:\/\/yoast.com\/wordpress\/plugins\/seo\/ -->\n<title>GLOWICA DO KAMERY DWUKIERUNKOWA - Precision measuring instruments | Limit<\/title>\n<meta name=\"robots\" content=\"index, follow, max-snippet:-1, max-image-preview:large, max-video-preview:-1\" \/>\n<link rel=\"canonical\" href=\"https:\/\/limittools.test.consids5.se\/pl\/product\/glowica-do-kamery-dwukierunkowa\/\" \/>\n<meta property=\"og:locale\" content=\"pl_PL\" \/>\n<meta property=\"og:type\" content=\"article\" \/>\n<meta property=\"og:title\" content=\"GLOWICA DO KAMERY DWUKIERUNKOWA - Precision measuring instruments | Limit\" \/>\n<meta property=\"og:description\" content=\"G\u0142owica sta\u0142a z dwiema kamerami, jedn\u0105 z przodu i jedn\u0105 z boku (90\u00b0). Kamery mo\u017cna prze\u0142\u0105cza\u0107. G\u0142owica kamery i kabel [&hellip;]\" \/>\n<meta property=\"og:url\" content=\"https:\/\/limittools.test.consids5.se\/pl\/product\/glowica-do-kamery-dwukierunkowa\/\" \/>\n<meta property=\"og:site_name\" content=\"Precision measuring instruments | Limit\" \/>\n<meta property=\"article:publisher\" content=\"https:\/\/www.facebook.com\/limittools\/\" \/>\n<meta name=\"twitter:card\" content=\"summary_large_image\" \/>\n<script type=\"application\/ld+json\" class=\"yoast-schema-graph\">{\"@context\":\"https:\/\/schema.org\",\"@graph\":[{\"@type\":\"WebPage\",\"@id\":\"https:\/\/limittools.test.consids5.se\/pl\/product\/glowica-do-kamery-dwukierunkowa\/\",\"url\":\"https:\/\/limittools.test.consids5.se\/pl\/product\/glowica-do-kamery-dwukierunkowa\/\",\"name\":\"GLOWICA DO KAMERY DWUKIERUNKOWA - Precision measuring instruments | Limit\",\"isPartOf\":{\"@id\":\"https:\/\/limittools.test.consids5.se\/#website\"},\"datePublished\":\"2026-04-01T20:27:19+00:00\",\"dateModified\":\"2026-04-01T20:27:19+00:00\",\"breadcrumb\":{\"@id\":\"https:\/\/limittools.test.consids5.se\/pl\/product\/glowica-do-kamery-dwukierunkowa\/#breadcrumb\"},\"inLanguage\":\"pl-PL\",\"potentialAction\":[{\"@type\":\"ReadAction\",\"target\":[\"https:\/\/limittools.test.consids5.se\/pl\/product\/glowica-do-kamery-dwukierunkowa\/\"]}]},{\"@type\":\"BreadcrumbList\",\"@id\":\"https:\/\/limittools.test.consids5.se\/pl\/product\/glowica-do-kamery-dwukierunkowa\/#breadcrumb\",\"itemListElement\":[{\"@type\":\"ListItem\",\"position\":1,\"name\":\"Products\",\"item\":\"https:\/\/limittools.test.consids5.se\/products\/\"},{\"@type\":\"ListItem\",\"position\":2,\"name\":\"GLOWICA DO KAMERY DWUKIERUNKOWA\"}]},{\"@type\":\"WebSite\",\"@id\":\"https:\/\/limittools.test.consids5.se\/#website\",\"url\":\"https:\/\/limittools.test.consids5.se\/\",\"name\":\"Precision measuring instruments | Limit\",\"description\":\"Everything can be measured\",\"potentialAction\":[{\"@type\":\"SearchAction\",\"target\":{\"@type\":\"EntryPoint\",\"urlTemplate\":\"https:\/\/limittools.test.consids5.se\/?s={search_term_string}\"},\"query-input\":\"required name=search_term_string\"}],\"inLanguage\":\"pl-PL\"}]}<\/script>\n<!-- \/ Yoast SEO plugin. -->","yoast_head_json":{"title":"GLOWICA DO KAMERY DWUKIERUNKOWA - Precision measuring instruments | Limit","robots":{"index":"index","follow":"follow","max-snippet":"max-snippet:-1","max-image-preview":"max-image-preview:large","max-video-preview":"max-video-preview:-1"},"canonical":"https:\/\/limittools.test.consids5.se\/pl\/product\/glowica-do-kamery-dwukierunkowa\/","og_locale":"pl_PL","og_type":"article","og_title":"GLOWICA DO KAMERY DWUKIERUNKOWA - Precision measuring instruments | Limit","og_description":"G\u0142owica sta\u0142a z dwiema kamerami, jedn\u0105 z przodu i jedn\u0105 z boku (90\u00b0). Kamery mo\u017cna prze\u0142\u0105cza\u0107. G\u0142owica kamery i kabel [&hellip;]","og_url":"https:\/\/limittools.test.consids5.se\/pl\/product\/glowica-do-kamery-dwukierunkowa\/","og_site_name":"Precision measuring instruments | Limit","article_publisher":"https:\/\/www.facebook.com\/limittools\/","twitter_card":"summary_large_image","schema":{"@context":"https:\/\/schema.org","@graph":[{"@type":"WebPage","@id":"https:\/\/limittools.test.consids5.se\/pl\/product\/glowica-do-kamery-dwukierunkowa\/","url":"https:\/\/limittools.test.consids5.se\/pl\/product\/glowica-do-kamery-dwukierunkowa\/","name":"GLOWICA DO KAMERY DWUKIERUNKOWA - Precision measuring instruments | Limit","isPartOf":{"@id":"https:\/\/limittools.test.consids5.se\/#website"},"datePublished":"2026-04-01T20:27:19+00:00","dateModified":"2026-04-01T20:27:19+00:00","breadcrumb":{"@id":"https:\/\/limittools.test.consids5.se\/pl\/product\/glowica-do-kamery-dwukierunkowa\/#breadcrumb"},"inLanguage":"pl-PL","potentialAction":[{"@type":"ReadAction","target":["https:\/\/limittools.test.consids5.se\/pl\/product\/glowica-do-kamery-dwukierunkowa\/"]}]},{"@type":"BreadcrumbList","@id":"https:\/\/limittools.test.consids5.se\/pl\/product\/glowica-do-kamery-dwukierunkowa\/#breadcrumb","itemListElement":[{"@type":"ListItem","position":1,"name":"Products","item":"https:\/\/limittools.test.consids5.se\/products\/"},{"@type":"ListItem","position":2,"name":"GLOWICA DO KAMERY DWUKIERUNKOWA"}]},{"@type":"WebSite","@id":"https:\/\/limittools.test.consids5.se\/#website","url":"https:\/\/limittools.test.consids5.se\/","name":"Precision measuring instruments | Limit","description":"Everything can be measured","potentialAction":[{"@type":"SearchAction","target":{"@type":"EntryPoint","urlTemplate":"https:\/\/limittools.test.consids5.se\/?s={search_term_string}"},"query-input":"required name=search_term_string"}],"inLanguage":"pl-PL"}]}},"_links":{"self":[{"href":"https:\/\/limittools.test.consids5.se\/pl\/wp-json\/wp\/v2\/product\/4159"}],"collection":[{"href":"https:\/\/limittools.test.consids5.se\/pl\/wp-json\/wp\/v2\/product"}],"about":[{"href":"https:\/\/limittools.test.consids5.se\/pl\/wp-json\/wp\/v2\/types\/product"}],"replies":[{"embeddable":true,"href":"https:\/\/limittools.test.consids5.se\/pl\/wp-json\/wp\/v2\/comments?post=4159"}],"wp:attachment":[{"href":"https:\/\/limittools.test.consids5.se\/pl\/wp-json\/wp\/v2\/media?parent=4159"}],"wp:term":[{"taxonomy":"product_cat","embeddable":true,"href":"https:\/\/limittools.test.consids5.se\/pl\/wp-json\/wp\/v2\/product_cat?post=4159"},{"taxonomy":"product_tag","embeddable":true,"href":"https:\/\/limittools.test.consids5.se\/pl\/wp-json\/wp\/v2\/product_tag?post=4159"}],"curies":[{"name":"wp","href":"https:\/\/api.w.org\/{rel}","templated":true}]}}