{"id":4161,"date":"2026-04-01T20:27:20","date_gmt":"2026-04-01T20:27:20","guid":{"rendered":"http:\/\/limit-tools.local\/product\/wilgotnosciomierz-limit-6101\/"},"modified":"2026-04-01T20:27:20","modified_gmt":"2026-04-01T20:27:20","slug":"wilgotnosciomierz-limit-6101","status":"publish","type":"product","link":"https:\/\/limittools.test.consids5.se\/pl\/product\/wilgotnosciomierz-limit-6101\/","title":{"rendered":"WILGOTNOSCIOMIERZ LIMIT 6101"},"content":{"rendered":"<p>\u0141atwy w u\u017cyciu, r\u0119czny miernik zawarto\u015bci wilgoci w drewnie, w kt\u00f3rym pomiaru dokonuje si\u0119 przez wci\u015bni\u0119cie w materia\u0142 dw\u00f3ch kolc\u00f3w pomiarowych.  Wynik pomiaru podawany jest bezpo\u015brednio na wy\u015bwietlaczu LCD. Pokrywa ochronna zawiera r\u00f3wnie\u017c wyposa\u017cenie do kalibracji, zapewniaj\u0105ce utrzymanie odpowiedniej dok\u0142adno\u015bci pomiar\u00f3w. Przyrz\u0105d s\u0142u\u017cy do pomiar\u00f3w pi\u0119ciu grup materia\u0142\u00f3w, kt\u00f3re si\u0119 \u0142atwo wybiera, stosownie do rodzaju mierzonego drewna. Wy\u015bwietlacz z cyframi o wysoko\u015bci 12 mm i pod\u015bwietleniem automatycznie wy\u0142\u0105czanym po 30 s. Przeznaczony dla stolarzy, inspektor\u00f3w budowlanych, pracownik\u00f3w drzewnych oraz w\u0142a\u015bcicieli dom\u00f3w. Bateria w za\u0142\u0105czeniu.<\/p>\n","protected":false},"excerpt":{"rendered":"\u0141atwy w u\u017cyciu, r\u0119czny miernik zawarto\u015bci wilgoci w drewnie, w kt\u00f3rym pomiaru dokonuje si\u0119 przez wci\u015bni\u0119cie w materia\u0142 dw\u00f3ch kolc\u00f3w [&hellip;]","protected":false},"featured_media":0,"comment_status":"closed","ping_status":"closed","template":"","meta":{"_acf_changed":false},"product_cat":[1778,509],"product_tag":[],"class_list":{"0":"post-4161","1":"product","2":"type-product","3":"status-publish","5":"product_cat-wilgotnosciomierze-pl-mierniki-do-pomiarow-klimatycznych-i-srodowiskowych-pl-38","6":"product_cat-mierniki-do-pomiarow-klimatycznych-i-srodowiskowych-pl","8":"first","9":"instock","10":"shipping-taxable","11":"product-type-simple"},"acf":[],"yoast_head":"<!-- This site is optimized with the Yoast SEO plugin v23.2 - https:\/\/yoast.com\/wordpress\/plugins\/seo\/ -->\n<title>WILGOTNOSCIOMIERZ LIMIT 6101 - Precision measuring instruments | Limit<\/title>\n<meta name=\"robots\" content=\"index, follow, max-snippet:-1, max-image-preview:large, max-video-preview:-1\" \/>\n<link rel=\"canonical\" href=\"https:\/\/limittools.test.consids5.se\/pl\/product\/wilgotnosciomierz-limit-6101\/\" \/>\n<meta property=\"og:locale\" content=\"pl_PL\" \/>\n<meta property=\"og:type\" content=\"article\" \/>\n<meta property=\"og:title\" content=\"WILGOTNOSCIOMIERZ LIMIT 6101 - Precision measuring instruments | Limit\" \/>\n<meta property=\"og:description\" content=\"\u0141atwy w u\u017cyciu, r\u0119czny miernik zawarto\u015bci wilgoci w drewnie, w kt\u00f3rym pomiaru dokonuje si\u0119 przez wci\u015bni\u0119cie w materia\u0142 dw\u00f3ch kolc\u00f3w [&hellip;]\" \/>\n<meta property=\"og:url\" content=\"https:\/\/limittools.test.consids5.se\/pl\/product\/wilgotnosciomierz-limit-6101\/\" \/>\n<meta property=\"og:site_name\" content=\"Precision measuring instruments | Limit\" \/>\n<meta property=\"article:publisher\" content=\"https:\/\/www.facebook.com\/limittools\/\" \/>\n<meta name=\"twitter:card\" content=\"summary_large_image\" \/>\n<meta name=\"twitter:label1\" content=\"Est. reading time\" \/>\n\t<meta name=\"twitter:data1\" content=\"1 minute\" \/>\n<script type=\"application\/ld+json\" class=\"yoast-schema-graph\">{\"@context\":\"https:\/\/schema.org\",\"@graph\":[{\"@type\":\"WebPage\",\"@id\":\"https:\/\/limittools.test.consids5.se\/pl\/product\/wilgotnosciomierz-limit-6101\/\",\"url\":\"https:\/\/limittools.test.consids5.se\/pl\/product\/wilgotnosciomierz-limit-6101\/\",\"name\":\"WILGOTNOSCIOMIERZ LIMIT 6101 - Precision measuring instruments | Limit\",\"isPartOf\":{\"@id\":\"https:\/\/limittools.test.consids5.se\/#website\"},\"datePublished\":\"2026-04-01T20:27:20+00:00\",\"dateModified\":\"2026-04-01T20:27:20+00:00\",\"breadcrumb\":{\"@id\":\"https:\/\/limittools.test.consids5.se\/pl\/product\/wilgotnosciomierz-limit-6101\/#breadcrumb\"},\"inLanguage\":\"pl-PL\",\"potentialAction\":[{\"@type\":\"ReadAction\",\"target\":[\"https:\/\/limittools.test.consids5.se\/pl\/product\/wilgotnosciomierz-limit-6101\/\"]}]},{\"@type\":\"BreadcrumbList\",\"@id\":\"https:\/\/limittools.test.consids5.se\/pl\/product\/wilgotnosciomierz-limit-6101\/#breadcrumb\",\"itemListElement\":[{\"@type\":\"ListItem\",\"position\":1,\"name\":\"Products\",\"item\":\"https:\/\/limittools.test.consids5.se\/products\/\"},{\"@type\":\"ListItem\",\"position\":2,\"name\":\"WILGOTNOSCIOMIERZ LIMIT 6101\"}]},{\"@type\":\"WebSite\",\"@id\":\"https:\/\/limittools.test.consids5.se\/#website\",\"url\":\"https:\/\/limittools.test.consids5.se\/\",\"name\":\"Precision measuring instruments | Limit\",\"description\":\"Everything can be measured\",\"potentialAction\":[{\"@type\":\"SearchAction\",\"target\":{\"@type\":\"EntryPoint\",\"urlTemplate\":\"https:\/\/limittools.test.consids5.se\/?s={search_term_string}\"},\"query-input\":\"required name=search_term_string\"}],\"inLanguage\":\"pl-PL\"}]}<\/script>\n<!-- \/ Yoast SEO plugin. -->","yoast_head_json":{"title":"WILGOTNOSCIOMIERZ LIMIT 6101 - Precision measuring instruments | Limit","robots":{"index":"index","follow":"follow","max-snippet":"max-snippet:-1","max-image-preview":"max-image-preview:large","max-video-preview":"max-video-preview:-1"},"canonical":"https:\/\/limittools.test.consids5.se\/pl\/product\/wilgotnosciomierz-limit-6101\/","og_locale":"pl_PL","og_type":"article","og_title":"WILGOTNOSCIOMIERZ LIMIT 6101 - Precision measuring instruments | Limit","og_description":"\u0141atwy w u\u017cyciu, r\u0119czny miernik zawarto\u015bci wilgoci w drewnie, w kt\u00f3rym pomiaru dokonuje si\u0119 przez wci\u015bni\u0119cie w materia\u0142 dw\u00f3ch kolc\u00f3w [&hellip;]","og_url":"https:\/\/limittools.test.consids5.se\/pl\/product\/wilgotnosciomierz-limit-6101\/","og_site_name":"Precision measuring instruments | Limit","article_publisher":"https:\/\/www.facebook.com\/limittools\/","twitter_card":"summary_large_image","twitter_misc":{"Est. reading time":"1 minute"},"schema":{"@context":"https:\/\/schema.org","@graph":[{"@type":"WebPage","@id":"https:\/\/limittools.test.consids5.se\/pl\/product\/wilgotnosciomierz-limit-6101\/","url":"https:\/\/limittools.test.consids5.se\/pl\/product\/wilgotnosciomierz-limit-6101\/","name":"WILGOTNOSCIOMIERZ LIMIT 6101 - Precision measuring instruments | Limit","isPartOf":{"@id":"https:\/\/limittools.test.consids5.se\/#website"},"datePublished":"2026-04-01T20:27:20+00:00","dateModified":"2026-04-01T20:27:20+00:00","breadcrumb":{"@id":"https:\/\/limittools.test.consids5.se\/pl\/product\/wilgotnosciomierz-limit-6101\/#breadcrumb"},"inLanguage":"pl-PL","potentialAction":[{"@type":"ReadAction","target":["https:\/\/limittools.test.consids5.se\/pl\/product\/wilgotnosciomierz-limit-6101\/"]}]},{"@type":"BreadcrumbList","@id":"https:\/\/limittools.test.consids5.se\/pl\/product\/wilgotnosciomierz-limit-6101\/#breadcrumb","itemListElement":[{"@type":"ListItem","position":1,"name":"Products","item":"https:\/\/limittools.test.consids5.se\/products\/"},{"@type":"ListItem","position":2,"name":"WILGOTNOSCIOMIERZ LIMIT 6101"}]},{"@type":"WebSite","@id":"https:\/\/limittools.test.consids5.se\/#website","url":"https:\/\/limittools.test.consids5.se\/","name":"Precision measuring instruments | Limit","description":"Everything can be measured","potentialAction":[{"@type":"SearchAction","target":{"@type":"EntryPoint","urlTemplate":"https:\/\/limittools.test.consids5.se\/?s={search_term_string}"},"query-input":"required name=search_term_string"}],"inLanguage":"pl-PL"}]}},"_links":{"self":[{"href":"https:\/\/limittools.test.consids5.se\/pl\/wp-json\/wp\/v2\/product\/4161"}],"collection":[{"href":"https:\/\/limittools.test.consids5.se\/pl\/wp-json\/wp\/v2\/product"}],"about":[{"href":"https:\/\/limittools.test.consids5.se\/pl\/wp-json\/wp\/v2\/types\/product"}],"replies":[{"embeddable":true,"href":"https:\/\/limittools.test.consids5.se\/pl\/wp-json\/wp\/v2\/comments?post=4161"}],"wp:attachment":[{"href":"https:\/\/limittools.test.consids5.se\/pl\/wp-json\/wp\/v2\/media?parent=4161"}],"wp:term":[{"taxonomy":"product_cat","embeddable":true,"href":"https:\/\/limittools.test.consids5.se\/pl\/wp-json\/wp\/v2\/product_cat?post=4161"},{"taxonomy":"product_tag","embeddable":true,"href":"https:\/\/limittools.test.consids5.se\/pl\/wp-json\/wp\/v2\/product_tag?post=4161"}],"curies":[{"name":"wp","href":"https:\/\/api.w.org\/{rel}","templated":true}]}}