{"id":4188,"date":"2026-04-01T20:27:22","date_gmt":"2026-04-01T20:27:22","guid":{"rendered":"http:\/\/limit-tools.local\/product\/termomentr-ir-limit-94\/"},"modified":"2026-04-01T20:27:22","modified_gmt":"2026-04-01T20:27:22","slug":"termomentr-ir-limit-94","status":"publish","type":"product","link":"https:\/\/limittools.test.consids5.se\/pl\/product\/termomentr-ir-limit-94\/","title":{"rendered":"TERMOMENTR IR LIMIT 94"},"content":{"rendered":"<p>Profesjonalny bezkontaktowy termometr na podczerwie\u0144 o ergonomicznej konstrukcji, zapewniaj\u0105cy wysok\u0105 dok\u0142adno\u015b\u0107 i szybki pomiar temperatury powierzchniowej do 380\u00b0C. Wiarygodny wynik pomiaru dzi\u0119ki dw\u00f3m punktom laserowym, kt\u00f3re wyznaczaj\u0105 zewn\u0119trzne kraw\u0119dzie pola pomiarowego. Stosunek odleg\u0142o\u015bci pomiarowej do \u015brednicy pola pomiarowego 12:1. Prze\u0142\u0105czana warto\u015b\u0107 wsp\u00f3\u0142czynnika emisji. Rejestracja warto\u015bci maksymalnej i minimalnej. Dobrze czytelny wy\u015bwietlacz typu LED o du\u017cych cyfrach g\u0142\u00f3wnych 8 mm. Prze\u0142\u0105czanie jednostki miary pomi\u0119dzy \u00b0C lub \u00b0F. Odpowiedni do u\u017cytku w przemy\u015ble spo\u017cywczym, do kontroli nieruchomo\u015bci pod k\u0105tem bezpiecze\u0144stwa przeciwpo\u017carowego, tak\u017ce przy formowaniu wtryskowym tworzyw sztucznych, asfaltowaniu, utrzymaniu ruchu w przemy\u015ble itp. Bateria 9 V w za\u0142\u0105czeniu<\/p>\n","protected":false},"excerpt":{"rendered":"Profesjonalny bezkontaktowy termometr na podczerwie\u0144 o ergonomicznej konstrukcji, zapewniaj\u0105cy wysok\u0105 dok\u0142adno\u015b\u0107 i szybki pomiar temperatury powierzchniowej do 380\u00b0C. Wiarygodny wynik [&hellip;]","protected":false},"featured_media":0,"comment_status":"closed","ping_status":"closed","template":"","meta":{"_acf_changed":false},"product_cat":[1780,509],"product_tag":[],"class_list":{"0":"post-4188","1":"product","2":"type-product","3":"status-publish","5":"product_cat-termometry-na-podczerwien-pl-mierniki-do-pomiarow-klimatycznych-i-srodowiskowych-pl-89","6":"product_cat-mierniki-do-pomiarow-klimatycznych-i-srodowiskowych-pl","8":"first","9":"instock","10":"shipping-taxable","11":"product-type-simple"},"acf":[],"yoast_head":"<!-- This site is optimized with the Yoast SEO plugin v23.2 - https:\/\/yoast.com\/wordpress\/plugins\/seo\/ -->\n<title>TERMOMENTR IR LIMIT 94 - Precision measuring instruments | Limit<\/title>\n<meta name=\"robots\" content=\"index, follow, max-snippet:-1, max-image-preview:large, max-video-preview:-1\" \/>\n<link rel=\"canonical\" href=\"https:\/\/limittools.test.consids5.se\/pl\/product\/termomentr-ir-limit-94\/\" \/>\n<meta property=\"og:locale\" content=\"pl_PL\" \/>\n<meta property=\"og:type\" content=\"article\" \/>\n<meta property=\"og:title\" content=\"TERMOMENTR IR LIMIT 94 - Precision measuring instruments | Limit\" \/>\n<meta property=\"og:description\" content=\"Profesjonalny bezkontaktowy termometr na podczerwie\u0144 o ergonomicznej konstrukcji, zapewniaj\u0105cy wysok\u0105 dok\u0142adno\u015b\u0107 i szybki pomiar temperatury powierzchniowej do 380\u00b0C. Wiarygodny wynik [&hellip;]\" \/>\n<meta property=\"og:url\" content=\"https:\/\/limittools.test.consids5.se\/pl\/product\/termomentr-ir-limit-94\/\" \/>\n<meta property=\"og:site_name\" content=\"Precision measuring instruments | Limit\" \/>\n<meta property=\"article:publisher\" content=\"https:\/\/www.facebook.com\/limittools\/\" \/>\n<meta name=\"twitter:card\" content=\"summary_large_image\" \/>\n<meta name=\"twitter:label1\" content=\"Est. reading time\" \/>\n\t<meta name=\"twitter:data1\" content=\"1 minute\" \/>\n<script type=\"application\/ld+json\" class=\"yoast-schema-graph\">{\"@context\":\"https:\/\/schema.org\",\"@graph\":[{\"@type\":\"WebPage\",\"@id\":\"https:\/\/limittools.test.consids5.se\/pl\/product\/termomentr-ir-limit-94\/\",\"url\":\"https:\/\/limittools.test.consids5.se\/pl\/product\/termomentr-ir-limit-94\/\",\"name\":\"TERMOMENTR IR LIMIT 94 - Precision measuring instruments | Limit\",\"isPartOf\":{\"@id\":\"https:\/\/limittools.test.consids5.se\/#website\"},\"datePublished\":\"2026-04-01T20:27:22+00:00\",\"dateModified\":\"2026-04-01T20:27:22+00:00\",\"breadcrumb\":{\"@id\":\"https:\/\/limittools.test.consids5.se\/pl\/product\/termomentr-ir-limit-94\/#breadcrumb\"},\"inLanguage\":\"pl-PL\",\"potentialAction\":[{\"@type\":\"ReadAction\",\"target\":[\"https:\/\/limittools.test.consids5.se\/pl\/product\/termomentr-ir-limit-94\/\"]}]},{\"@type\":\"BreadcrumbList\",\"@id\":\"https:\/\/limittools.test.consids5.se\/pl\/product\/termomentr-ir-limit-94\/#breadcrumb\",\"itemListElement\":[{\"@type\":\"ListItem\",\"position\":1,\"name\":\"Products\",\"item\":\"https:\/\/limittools.test.consids5.se\/products\/\"},{\"@type\":\"ListItem\",\"position\":2,\"name\":\"TERMOMENTR IR LIMIT 94\"}]},{\"@type\":\"WebSite\",\"@id\":\"https:\/\/limittools.test.consids5.se\/#website\",\"url\":\"https:\/\/limittools.test.consids5.se\/\",\"name\":\"Precision measuring instruments | Limit\",\"description\":\"Everything can be measured\",\"potentialAction\":[{\"@type\":\"SearchAction\",\"target\":{\"@type\":\"EntryPoint\",\"urlTemplate\":\"https:\/\/limittools.test.consids5.se\/?s={search_term_string}\"},\"query-input\":\"required name=search_term_string\"}],\"inLanguage\":\"pl-PL\"}]}<\/script>\n<!-- \/ Yoast SEO plugin. -->","yoast_head_json":{"title":"TERMOMENTR IR LIMIT 94 - Precision measuring instruments | Limit","robots":{"index":"index","follow":"follow","max-snippet":"max-snippet:-1","max-image-preview":"max-image-preview:large","max-video-preview":"max-video-preview:-1"},"canonical":"https:\/\/limittools.test.consids5.se\/pl\/product\/termomentr-ir-limit-94\/","og_locale":"pl_PL","og_type":"article","og_title":"TERMOMENTR IR LIMIT 94 - Precision measuring instruments | Limit","og_description":"Profesjonalny bezkontaktowy termometr na podczerwie\u0144 o ergonomicznej konstrukcji, zapewniaj\u0105cy wysok\u0105 dok\u0142adno\u015b\u0107 i szybki pomiar temperatury powierzchniowej do 380\u00b0C. Wiarygodny wynik [&hellip;]","og_url":"https:\/\/limittools.test.consids5.se\/pl\/product\/termomentr-ir-limit-94\/","og_site_name":"Precision measuring instruments | Limit","article_publisher":"https:\/\/www.facebook.com\/limittools\/","twitter_card":"summary_large_image","twitter_misc":{"Est. reading time":"1 minute"},"schema":{"@context":"https:\/\/schema.org","@graph":[{"@type":"WebPage","@id":"https:\/\/limittools.test.consids5.se\/pl\/product\/termomentr-ir-limit-94\/","url":"https:\/\/limittools.test.consids5.se\/pl\/product\/termomentr-ir-limit-94\/","name":"TERMOMENTR IR LIMIT 94 - Precision measuring instruments | Limit","isPartOf":{"@id":"https:\/\/limittools.test.consids5.se\/#website"},"datePublished":"2026-04-01T20:27:22+00:00","dateModified":"2026-04-01T20:27:22+00:00","breadcrumb":{"@id":"https:\/\/limittools.test.consids5.se\/pl\/product\/termomentr-ir-limit-94\/#breadcrumb"},"inLanguage":"pl-PL","potentialAction":[{"@type":"ReadAction","target":["https:\/\/limittools.test.consids5.se\/pl\/product\/termomentr-ir-limit-94\/"]}]},{"@type":"BreadcrumbList","@id":"https:\/\/limittools.test.consids5.se\/pl\/product\/termomentr-ir-limit-94\/#breadcrumb","itemListElement":[{"@type":"ListItem","position":1,"name":"Products","item":"https:\/\/limittools.test.consids5.se\/products\/"},{"@type":"ListItem","position":2,"name":"TERMOMENTR IR LIMIT 94"}]},{"@type":"WebSite","@id":"https:\/\/limittools.test.consids5.se\/#website","url":"https:\/\/limittools.test.consids5.se\/","name":"Precision measuring instruments | Limit","description":"Everything can be measured","potentialAction":[{"@type":"SearchAction","target":{"@type":"EntryPoint","urlTemplate":"https:\/\/limittools.test.consids5.se\/?s={search_term_string}"},"query-input":"required name=search_term_string"}],"inLanguage":"pl-PL"}]}},"_links":{"self":[{"href":"https:\/\/limittools.test.consids5.se\/pl\/wp-json\/wp\/v2\/product\/4188"}],"collection":[{"href":"https:\/\/limittools.test.consids5.se\/pl\/wp-json\/wp\/v2\/product"}],"about":[{"href":"https:\/\/limittools.test.consids5.se\/pl\/wp-json\/wp\/v2\/types\/product"}],"replies":[{"embeddable":true,"href":"https:\/\/limittools.test.consids5.se\/pl\/wp-json\/wp\/v2\/comments?post=4188"}],"wp:attachment":[{"href":"https:\/\/limittools.test.consids5.se\/pl\/wp-json\/wp\/v2\/media?parent=4188"}],"wp:term":[{"taxonomy":"product_cat","embeddable":true,"href":"https:\/\/limittools.test.consids5.se\/pl\/wp-json\/wp\/v2\/product_cat?post=4188"},{"taxonomy":"product_tag","embeddable":true,"href":"https:\/\/limittools.test.consids5.se\/pl\/wp-json\/wp\/v2\/product_tag?post=4188"}],"curies":[{"name":"wp","href":"https:\/\/api.w.org\/{rel}","templated":true}]}}