{"id":4192,"date":"2026-04-01T20:27:23","date_gmt":"2026-04-01T20:27:23","guid":{"rendered":"http:\/\/limit-tools.local\/product\/4192\/"},"modified":"2026-04-01T20:27:23","modified_gmt":"2026-04-01T20:27:23","slug":"4192","status":"publish","type":"product","link":"https:\/\/limittools.test.consids5.se\/pl\/product\/4192\/","title":{"rendered":""},"content":{"rendered":"<p>Profesjonalny bezkontaktowy termometr na podczerwie\u0144 o ergonomicznej konstrukcji, kt\u00f3ry mierzy z wysok\u0105 dok\u0142adno\u015bci\u0105 i szybkim odczytem temperatur\u0119 powierzchniow\u0105 do 800\u00b0C. Wiarygodny wynik pomiaru dzi\u0119ki dw\u00f3m punktom laserowym, kt\u00f3re wyznaczaj\u0105 zewn\u0119trzne kraw\u0119dzie pola pomiarowego. Stosunek odleg\u0142o\u015bci pomiarowej do \u015brednicy pola pomiarowego 10:1. Prze\u0142\u0105czana warto\u015b\u0107 wsp\u00f3\u0142czynnika emisji. Rejestracja warto\u015bci maksymalnej i minimalnej. Funkcja alarmu przy ustawionych wcze\u015bniej warto\u015bciach. Funkcja pomiaru ci\u0105g\u0142ego bez naciskania spustu. Wy\u015bwietlacz LCD z du\u017cymi cyframi g\u0142\u00f3wnymi 12 mm i z pod\u015bwietleniem. Prze\u0142\u0105czanie jednostki miary pomi\u0119dzy \u00b0C lub \u00b0F. Odpowiedni do u\u017cytku w przemy\u015ble spo\u017cywczym, do kontroli nieruchomo\u015bci pod k\u0105tem bezpiecze\u0144stwa przeciwpo\u017carowego, tak\u017ce przy formowaniu wtryskowym tworzyw sztucznych, asfaltowaniu, utrzymaniu ruchu w przemy\u015ble itp. Bateria 9 V w za\u0142\u0105czeniu<\/p>\n","protected":false},"excerpt":{"rendered":"Profesjonalny bezkontaktowy termometr na podczerwie\u0144 o ergonomicznej konstrukcji, kt\u00f3ry mierzy z wysok\u0105 dok\u0142adno\u015bci\u0105 i szybkim odczytem temperatur\u0119 powierzchniow\u0105 do 800\u00b0C. [&hellip;]","protected":false},"featured_media":0,"comment_status":"closed","ping_status":"closed","template":"","meta":{"_acf_changed":false},"product_cat":[1783,509],"product_tag":[],"class_list":{"0":"post-4192","1":"product","2":"type-product","3":"status-publish","5":"product_cat-termometry-na-podczerwien-pl-mierniki-do-pomiarow-klimatycznych-i-srodowiskowych-pl-90","6":"product_cat-mierniki-do-pomiarow-klimatycznych-i-srodowiskowych-pl","8":"first","9":"instock","10":"shipping-taxable","11":"product-type-simple"},"acf":[],"yoast_head":"<!-- This site is optimized with the Yoast SEO plugin v23.2 - https:\/\/yoast.com\/wordpress\/plugins\/seo\/ -->\n<title>- Precision measuring instruments | Limit<\/title>\n<meta name=\"robots\" content=\"index, follow, max-snippet:-1, max-image-preview:large, max-video-preview:-1\" \/>\n<link rel=\"canonical\" href=\"https:\/\/limittools.test.consids5.se\/pl\/product\/4192\/\" \/>\n<meta property=\"og:locale\" content=\"pl_PL\" \/>\n<meta property=\"og:type\" content=\"article\" \/>\n<meta property=\"og:title\" content=\"- Precision measuring instruments | Limit\" \/>\n<meta property=\"og:description\" content=\"Profesjonalny bezkontaktowy termometr na podczerwie\u0144 o ergonomicznej konstrukcji, kt\u00f3ry mierzy z wysok\u0105 dok\u0142adno\u015bci\u0105 i szybkim odczytem temperatur\u0119 powierzchniow\u0105 do 800\u00b0C. [&hellip;]\" \/>\n<meta property=\"og:url\" content=\"https:\/\/limittools.test.consids5.se\/pl\/product\/4192\/\" \/>\n<meta property=\"og:site_name\" content=\"Precision measuring instruments | Limit\" \/>\n<meta property=\"article:publisher\" content=\"https:\/\/www.facebook.com\/limittools\/\" \/>\n<meta name=\"twitter:card\" content=\"summary_large_image\" \/>\n<meta name=\"twitter:label1\" content=\"Est. reading time\" \/>\n\t<meta name=\"twitter:data1\" content=\"1 minute\" \/>\n<script type=\"application\/ld+json\" class=\"yoast-schema-graph\">{\"@context\":\"https:\/\/schema.org\",\"@graph\":[{\"@type\":\"WebPage\",\"@id\":\"https:\/\/limittools.test.consids5.se\/pl\/product\/4192\/\",\"url\":\"https:\/\/limittools.test.consids5.se\/pl\/product\/4192\/\",\"name\":\"- Precision measuring instruments | Limit\",\"isPartOf\":{\"@id\":\"https:\/\/limittools.test.consids5.se\/#website\"},\"datePublished\":\"2026-04-01T20:27:23+00:00\",\"dateModified\":\"2026-04-01T20:27:23+00:00\",\"inLanguage\":\"pl-PL\",\"potentialAction\":[{\"@type\":\"ReadAction\",\"target\":[\"https:\/\/limittools.test.consids5.se\/pl\/product\/4192\/\"]}]},{\"@type\":\"WebSite\",\"@id\":\"https:\/\/limittools.test.consids5.se\/#website\",\"url\":\"https:\/\/limittools.test.consids5.se\/\",\"name\":\"Precision measuring instruments | Limit\",\"description\":\"Everything can be measured\",\"potentialAction\":[{\"@type\":\"SearchAction\",\"target\":{\"@type\":\"EntryPoint\",\"urlTemplate\":\"https:\/\/limittools.test.consids5.se\/?s={search_term_string}\"},\"query-input\":\"required name=search_term_string\"}],\"inLanguage\":\"pl-PL\"}]}<\/script>\n<!-- \/ Yoast SEO plugin. -->","yoast_head_json":{"title":"- Precision measuring instruments | Limit","robots":{"index":"index","follow":"follow","max-snippet":"max-snippet:-1","max-image-preview":"max-image-preview:large","max-video-preview":"max-video-preview:-1"},"canonical":"https:\/\/limittools.test.consids5.se\/pl\/product\/4192\/","og_locale":"pl_PL","og_type":"article","og_title":"- Precision measuring instruments | Limit","og_description":"Profesjonalny bezkontaktowy termometr na podczerwie\u0144 o ergonomicznej konstrukcji, kt\u00f3ry mierzy z wysok\u0105 dok\u0142adno\u015bci\u0105 i szybkim odczytem temperatur\u0119 powierzchniow\u0105 do 800\u00b0C. [&hellip;]","og_url":"https:\/\/limittools.test.consids5.se\/pl\/product\/4192\/","og_site_name":"Precision measuring instruments | Limit","article_publisher":"https:\/\/www.facebook.com\/limittools\/","twitter_card":"summary_large_image","twitter_misc":{"Est. reading time":"1 minute"},"schema":{"@context":"https:\/\/schema.org","@graph":[{"@type":"WebPage","@id":"https:\/\/limittools.test.consids5.se\/pl\/product\/4192\/","url":"https:\/\/limittools.test.consids5.se\/pl\/product\/4192\/","name":"- Precision measuring instruments | Limit","isPartOf":{"@id":"https:\/\/limittools.test.consids5.se\/#website"},"datePublished":"2026-04-01T20:27:23+00:00","dateModified":"2026-04-01T20:27:23+00:00","inLanguage":"pl-PL","potentialAction":[{"@type":"ReadAction","target":["https:\/\/limittools.test.consids5.se\/pl\/product\/4192\/"]}]},{"@type":"WebSite","@id":"https:\/\/limittools.test.consids5.se\/#website","url":"https:\/\/limittools.test.consids5.se\/","name":"Precision measuring instruments | Limit","description":"Everything can be measured","potentialAction":[{"@type":"SearchAction","target":{"@type":"EntryPoint","urlTemplate":"https:\/\/limittools.test.consids5.se\/?s={search_term_string}"},"query-input":"required name=search_term_string"}],"inLanguage":"pl-PL"}]}},"_links":{"self":[{"href":"https:\/\/limittools.test.consids5.se\/pl\/wp-json\/wp\/v2\/product\/4192"}],"collection":[{"href":"https:\/\/limittools.test.consids5.se\/pl\/wp-json\/wp\/v2\/product"}],"about":[{"href":"https:\/\/limittools.test.consids5.se\/pl\/wp-json\/wp\/v2\/types\/product"}],"replies":[{"embeddable":true,"href":"https:\/\/limittools.test.consids5.se\/pl\/wp-json\/wp\/v2\/comments?post=4192"}],"wp:attachment":[{"href":"https:\/\/limittools.test.consids5.se\/pl\/wp-json\/wp\/v2\/media?parent=4192"}],"wp:term":[{"taxonomy":"product_cat","embeddable":true,"href":"https:\/\/limittools.test.consids5.se\/pl\/wp-json\/wp\/v2\/product_cat?post=4192"},{"taxonomy":"product_tag","embeddable":true,"href":"https:\/\/limittools.test.consids5.se\/pl\/wp-json\/wp\/v2\/product_tag?post=4192"}],"curies":[{"name":"wp","href":"https:\/\/api.w.org\/{rel}","templated":true}]}}