{"id":4264,"date":"2020-09-08T14:03:00","date_gmt":"2020-09-08T14:03:00","guid":{"rendered":"http:\/\/limit-tools.local\/product\/4264\/"},"modified":"2020-09-08T14:03:00","modified_gmt":"2020-09-08T14:03:00","slug":"4264","status":"publish","type":"product","link":"https:\/\/limittools.test.consids5.se\/pl\/product\/4264\/","title":{"rendered":""},"content":{"rendered":"<p>Laser rotacyjny z promieniem widzialnym. Mo\u017cna u\u017cywa\u0107 w pomieszczeniach i na zewn\u0105trz, stopie\u0144 ochronny IP 54. Automatyczne, sterowane silnikiem, ustalanie zar\u00f3wno poziomu jak i pionu, z mo\u017cliwo\u015bci\u0105 r\u0119cznego ustawienia przechy\u0142u. Funkcja skanowania z nastawianiem k\u0105ta skanowania. Funkcja alarmu przechy\u0142u np. po wytr\u0105ceniu z pierwotnego po\u0142o\u017cenia, po kt\u00f3rym przyrz\u0105d nale\u017cy zrestartowa\u0107 r\u0119cznie. Przy u\u017cyciu zdalnego sterowania mo\u017cna regulowa\u0107 przechy\u0142, szybko\u015b\u0107 rotacji, k\u0105t skanowania, jak r\u00f3wnie\u017c obraca\u0107 obszar skanowania w obu kierunkach. Odbiornik\/detektor laserowy z dwoma pod\u015bwietlanymi wy\u015bwietlaczami, regulacj\u0105 sygna\u0142u akustycznego, prze\u0142\u0105czaniem dok\u0142adno\u015bci &#8211; dok\u0142adna lub zgrubna.<br \/>\nSpos\u00f3b kalibracji przyrz\u0105du podany jest w instrukcji obs\u0142ugi.<br \/>\nDostarczany w twardym futerale, z pilotem zdalnego sterowania, odbiornikiem\/detektorem laserowym z uchwytem, tarcz\u0105 odblaskow\u0105, uchwytem \u015bciennym, pakietem akumulatorowym z \u0142adowark\u0105 i instrukcj\u0105 obs\u0142ugi. Dioda laserowa klasy 2M, 1 mW 635 nm.<\/p>\n","protected":false},"excerpt":{"rendered":"Laser rotacyjny z promieniem widzialnym. Mo\u017cna u\u017cywa\u0107 w pomieszczeniach i na zewn\u0105trz, stopie\u0144 ochronny IP 54. Automatyczne, sterowane silnikiem, ustalanie [&hellip;]","protected":false},"featured_media":0,"comment_status":"closed","ping_status":"closed","template":"","meta":{"_acf_changed":false},"product_cat":[282,317],"product_tag":[],"class_list":{"0":"post-4264","1":"product","2":"type-product","3":"status-publish","5":"product_cat-przyrzady-laserowe-pl","6":"product_cat-lasery-rotacyjne-pl","8":"first","9":"instock","10":"shipping-taxable","11":"product-type-simple"},"acf":[],"yoast_head":"<!-- This site is optimized with the Yoast SEO plugin v23.2 - https:\/\/yoast.com\/wordpress\/plugins\/seo\/ -->\n<title>- Precision measuring instruments | Limit<\/title>\n<meta name=\"robots\" content=\"index, follow, max-snippet:-1, max-image-preview:large, max-video-preview:-1\" \/>\n<link rel=\"canonical\" href=\"https:\/\/limittools.test.consids5.se\/pl\/product\/4264\/\" \/>\n<meta property=\"og:locale\" content=\"pl_PL\" \/>\n<meta property=\"og:type\" content=\"article\" \/>\n<meta property=\"og:title\" content=\"- Precision measuring instruments | Limit\" \/>\n<meta property=\"og:description\" content=\"Laser rotacyjny z promieniem widzialnym. Mo\u017cna u\u017cywa\u0107 w pomieszczeniach i na zewn\u0105trz, stopie\u0144 ochronny IP 54. Automatyczne, sterowane silnikiem, ustalanie [&hellip;]\" \/>\n<meta property=\"og:url\" content=\"https:\/\/limittools.test.consids5.se\/pl\/product\/4264\/\" \/>\n<meta property=\"og:site_name\" content=\"Precision measuring instruments | Limit\" \/>\n<meta property=\"article:publisher\" content=\"https:\/\/www.facebook.com\/limittools\/\" \/>\n<meta name=\"twitter:card\" content=\"summary_large_image\" \/>\n<meta name=\"twitter:label1\" content=\"Est. reading time\" \/>\n\t<meta name=\"twitter:data1\" content=\"1 minute\" \/>\n<script type=\"application\/ld+json\" class=\"yoast-schema-graph\">{\"@context\":\"https:\/\/schema.org\",\"@graph\":[{\"@type\":\"WebPage\",\"@id\":\"https:\/\/limittools.test.consids5.se\/pl\/product\/4264\/\",\"url\":\"https:\/\/limittools.test.consids5.se\/pl\/product\/4264\/\",\"name\":\"- Precision measuring instruments | Limit\",\"isPartOf\":{\"@id\":\"https:\/\/limittools.test.consids5.se\/#website\"},\"datePublished\":\"2020-09-08T14:03:00+00:00\",\"dateModified\":\"2020-09-08T14:03:00+00:00\",\"inLanguage\":\"pl-PL\",\"potentialAction\":[{\"@type\":\"ReadAction\",\"target\":[\"https:\/\/limittools.test.consids5.se\/pl\/product\/4264\/\"]}]},{\"@type\":\"WebSite\",\"@id\":\"https:\/\/limittools.test.consids5.se\/#website\",\"url\":\"https:\/\/limittools.test.consids5.se\/\",\"name\":\"Precision measuring instruments | Limit\",\"description\":\"Everything can be measured\",\"potentialAction\":[{\"@type\":\"SearchAction\",\"target\":{\"@type\":\"EntryPoint\",\"urlTemplate\":\"https:\/\/limittools.test.consids5.se\/?s={search_term_string}\"},\"query-input\":\"required name=search_term_string\"}],\"inLanguage\":\"pl-PL\"}]}<\/script>\n<!-- \/ Yoast SEO plugin. -->","yoast_head_json":{"title":"- Precision measuring instruments | Limit","robots":{"index":"index","follow":"follow","max-snippet":"max-snippet:-1","max-image-preview":"max-image-preview:large","max-video-preview":"max-video-preview:-1"},"canonical":"https:\/\/limittools.test.consids5.se\/pl\/product\/4264\/","og_locale":"pl_PL","og_type":"article","og_title":"- Precision measuring instruments | Limit","og_description":"Laser rotacyjny z promieniem widzialnym. Mo\u017cna u\u017cywa\u0107 w pomieszczeniach i na zewn\u0105trz, stopie\u0144 ochronny IP 54. Automatyczne, sterowane silnikiem, ustalanie [&hellip;]","og_url":"https:\/\/limittools.test.consids5.se\/pl\/product\/4264\/","og_site_name":"Precision measuring instruments | Limit","article_publisher":"https:\/\/www.facebook.com\/limittools\/","twitter_card":"summary_large_image","twitter_misc":{"Est. reading time":"1 minute"},"schema":{"@context":"https:\/\/schema.org","@graph":[{"@type":"WebPage","@id":"https:\/\/limittools.test.consids5.se\/pl\/product\/4264\/","url":"https:\/\/limittools.test.consids5.se\/pl\/product\/4264\/","name":"- Precision measuring instruments | Limit","isPartOf":{"@id":"https:\/\/limittools.test.consids5.se\/#website"},"datePublished":"2020-09-08T14:03:00+00:00","dateModified":"2020-09-08T14:03:00+00:00","inLanguage":"pl-PL","potentialAction":[{"@type":"ReadAction","target":["https:\/\/limittools.test.consids5.se\/pl\/product\/4264\/"]}]},{"@type":"WebSite","@id":"https:\/\/limittools.test.consids5.se\/#website","url":"https:\/\/limittools.test.consids5.se\/","name":"Precision measuring instruments | Limit","description":"Everything can be measured","potentialAction":[{"@type":"SearchAction","target":{"@type":"EntryPoint","urlTemplate":"https:\/\/limittools.test.consids5.se\/?s={search_term_string}"},"query-input":"required name=search_term_string"}],"inLanguage":"pl-PL"}]}},"_links":{"self":[{"href":"https:\/\/limittools.test.consids5.se\/pl\/wp-json\/wp\/v2\/product\/4264"}],"collection":[{"href":"https:\/\/limittools.test.consids5.se\/pl\/wp-json\/wp\/v2\/product"}],"about":[{"href":"https:\/\/limittools.test.consids5.se\/pl\/wp-json\/wp\/v2\/types\/product"}],"replies":[{"embeddable":true,"href":"https:\/\/limittools.test.consids5.se\/pl\/wp-json\/wp\/v2\/comments?post=4264"}],"wp:attachment":[{"href":"https:\/\/limittools.test.consids5.se\/pl\/wp-json\/wp\/v2\/media?parent=4264"}],"wp:term":[{"taxonomy":"product_cat","embeddable":true,"href":"https:\/\/limittools.test.consids5.se\/pl\/wp-json\/wp\/v2\/product_cat?post=4264"},{"taxonomy":"product_tag","embeddable":true,"href":"https:\/\/limittools.test.consids5.se\/pl\/wp-json\/wp\/v2\/product_tag?post=4264"}],"curies":[{"name":"wp","href":"https:\/\/api.w.org\/{rel}","templated":true}]}}