{"id":4566,"date":"2026-04-01T20:28:42","date_gmt":"2026-04-01T20:28:42","guid":{"rendered":"http:\/\/limit-tools.local\/product\/4566\/"},"modified":"2026-04-01T20:28:42","modified_gmt":"2026-04-01T20:28:42","slug":"4566","status":"publish","type":"product","link":"https:\/\/limittools.test.consids5.se\/pl\/product\/4566\/","title":{"rendered":""},"content":{"rendered":"<p>4-funkcyjne. Ze stali nierdzewnej. Hartowane. Powierzchnie z podzia\u0142kami s\u0105 chromowane na mat. Podzia\u0142ka w mm i calach. Noniusz o dok\u0142adno\u015bci 1\/20 i 1\/128&#8221;, i d\u0142ugo\u015bci 39 mm. Z g\u0142\u0119boko\u015bciomierzem i szcz\u0119kami do pomiar\u00f3w wewn\u0119trznych. DIN 862.<\/p>\n","protected":false},"excerpt":{"rendered":"4-funkcyjne. Ze stali nierdzewnej. Hartowane. Powierzchnie z podzia\u0142kami s\u0105 chromowane na mat. Podzia\u0142ka w mm i calach. Noniusz o dok\u0142adno\u015bci [&hellip;]","protected":false},"featured_media":0,"comment_status":"closed","ping_status":"closed","template":"","meta":{"_acf_changed":false},"product_cat":[247,276],"product_tag":[],"class_list":{"0":"post-4566","1":"product","2":"type-product","3":"status-publish","5":"product_cat-pomiary-warsztatowe-pl","6":"product_cat-suwmiarki-analogowe-pl","8":"first","9":"instock","10":"shipping-taxable","11":"product-type-simple"},"acf":[],"yoast_head":"<!-- This site is optimized with the Yoast SEO plugin v23.2 - https:\/\/yoast.com\/wordpress\/plugins\/seo\/ -->\n<title>- Precision measuring instruments | Limit<\/title>\n<meta name=\"robots\" content=\"index, follow, max-snippet:-1, max-image-preview:large, max-video-preview:-1\" \/>\n<link rel=\"canonical\" href=\"https:\/\/limittools.test.consids5.se\/pl\/product\/4566\/\" \/>\n<meta property=\"og:locale\" content=\"pl_PL\" \/>\n<meta property=\"og:type\" content=\"article\" \/>\n<meta property=\"og:title\" content=\"- Precision measuring instruments | Limit\" \/>\n<meta property=\"og:description\" content=\"4-funkcyjne. Ze stali nierdzewnej. Hartowane. Powierzchnie z podzia\u0142kami s\u0105 chromowane na mat. Podzia\u0142ka w mm i calach. Noniusz o dok\u0142adno\u015bci [&hellip;]\" \/>\n<meta property=\"og:url\" content=\"https:\/\/limittools.test.consids5.se\/pl\/product\/4566\/\" \/>\n<meta property=\"og:site_name\" content=\"Precision measuring instruments | Limit\" \/>\n<meta property=\"article:publisher\" content=\"https:\/\/www.facebook.com\/limittools\/\" \/>\n<meta name=\"twitter:card\" content=\"summary_large_image\" \/>\n<script type=\"application\/ld+json\" class=\"yoast-schema-graph\">{\"@context\":\"https:\/\/schema.org\",\"@graph\":[{\"@type\":\"WebPage\",\"@id\":\"https:\/\/limittools.test.consids5.se\/pl\/product\/4566\/\",\"url\":\"https:\/\/limittools.test.consids5.se\/pl\/product\/4566\/\",\"name\":\"- Precision measuring instruments | Limit\",\"isPartOf\":{\"@id\":\"https:\/\/limittools.test.consids5.se\/#website\"},\"datePublished\":\"2026-04-01T20:28:42+00:00\",\"dateModified\":\"2026-04-01T20:28:42+00:00\",\"inLanguage\":\"pl-PL\",\"potentialAction\":[{\"@type\":\"ReadAction\",\"target\":[\"https:\/\/limittools.test.consids5.se\/pl\/product\/4566\/\"]}]},{\"@type\":\"WebSite\",\"@id\":\"https:\/\/limittools.test.consids5.se\/#website\",\"url\":\"https:\/\/limittools.test.consids5.se\/\",\"name\":\"Precision measuring instruments | Limit\",\"description\":\"Everything can be measured\",\"potentialAction\":[{\"@type\":\"SearchAction\",\"target\":{\"@type\":\"EntryPoint\",\"urlTemplate\":\"https:\/\/limittools.test.consids5.se\/?s={search_term_string}\"},\"query-input\":\"required name=search_term_string\"}],\"inLanguage\":\"pl-PL\"}]}<\/script>\n<!-- \/ Yoast SEO plugin. -->","yoast_head_json":{"title":"- Precision measuring instruments | Limit","robots":{"index":"index","follow":"follow","max-snippet":"max-snippet:-1","max-image-preview":"max-image-preview:large","max-video-preview":"max-video-preview:-1"},"canonical":"https:\/\/limittools.test.consids5.se\/pl\/product\/4566\/","og_locale":"pl_PL","og_type":"article","og_title":"- Precision measuring instruments | Limit","og_description":"4-funkcyjne. Ze stali nierdzewnej. Hartowane. Powierzchnie z podzia\u0142kami s\u0105 chromowane na mat. Podzia\u0142ka w mm i calach. Noniusz o dok\u0142adno\u015bci [&hellip;]","og_url":"https:\/\/limittools.test.consids5.se\/pl\/product\/4566\/","og_site_name":"Precision measuring instruments | Limit","article_publisher":"https:\/\/www.facebook.com\/limittools\/","twitter_card":"summary_large_image","schema":{"@context":"https:\/\/schema.org","@graph":[{"@type":"WebPage","@id":"https:\/\/limittools.test.consids5.se\/pl\/product\/4566\/","url":"https:\/\/limittools.test.consids5.se\/pl\/product\/4566\/","name":"- Precision measuring instruments | Limit","isPartOf":{"@id":"https:\/\/limittools.test.consids5.se\/#website"},"datePublished":"2026-04-01T20:28:42+00:00","dateModified":"2026-04-01T20:28:42+00:00","inLanguage":"pl-PL","potentialAction":[{"@type":"ReadAction","target":["https:\/\/limittools.test.consids5.se\/pl\/product\/4566\/"]}]},{"@type":"WebSite","@id":"https:\/\/limittools.test.consids5.se\/#website","url":"https:\/\/limittools.test.consids5.se\/","name":"Precision measuring instruments | Limit","description":"Everything can be measured","potentialAction":[{"@type":"SearchAction","target":{"@type":"EntryPoint","urlTemplate":"https:\/\/limittools.test.consids5.se\/?s={search_term_string}"},"query-input":"required name=search_term_string"}],"inLanguage":"pl-PL"}]}},"_links":{"self":[{"href":"https:\/\/limittools.test.consids5.se\/pl\/wp-json\/wp\/v2\/product\/4566"}],"collection":[{"href":"https:\/\/limittools.test.consids5.se\/pl\/wp-json\/wp\/v2\/product"}],"about":[{"href":"https:\/\/limittools.test.consids5.se\/pl\/wp-json\/wp\/v2\/types\/product"}],"replies":[{"embeddable":true,"href":"https:\/\/limittools.test.consids5.se\/pl\/wp-json\/wp\/v2\/comments?post=4566"}],"wp:attachment":[{"href":"https:\/\/limittools.test.consids5.se\/pl\/wp-json\/wp\/v2\/media?parent=4566"}],"wp:term":[{"taxonomy":"product_cat","embeddable":true,"href":"https:\/\/limittools.test.consids5.se\/pl\/wp-json\/wp\/v2\/product_cat?post=4566"},{"taxonomy":"product_tag","embeddable":true,"href":"https:\/\/limittools.test.consids5.se\/pl\/wp-json\/wp\/v2\/product_tag?post=4566"}],"curies":[{"name":"wp","href":"https:\/\/api.w.org\/{rel}","templated":true}]}}