{"id":4591,"date":"2026-04-01T20:28:50","date_gmt":"2026-04-01T20:28:50","guid":{"rendered":"http:\/\/limit-tools.local\/product\/mikrometr-elektroniczny-ip65-50-70-mm\/"},"modified":"2026-04-01T20:28:50","modified_gmt":"2026-04-01T20:28:50","slug":"4591","status":"publish","type":"product","link":"https:\/\/limittools.test.consids5.se\/pl\/product\/4591\/","title":{"rendered":""},"content":{"rendered":"<p>Cyfrowy mikrometr z kab\u0142\u0105kiem odkuwanym, klasa IP65, zapewniaj\u0105cy szybki odczyt wyniku pomiaru. Py\u0142o- i wodoodporny. Hartowane wrzeciono z dok\u0142adnie docieranymi powierzchniami pomiarowymi z w\u0119glik\u00f3w spiekanych. Wy\u015bwietlacz LCD z cyframi o wysoko\u015bci 7.5 mm. Przyciski do w\u0142\u0105czania\/wy\u0142\u0105czania i do innych funkcji. Z tulej\u0105 ze sprz\u0119g\u0142em ciernym i d\u017awigienk\u0105 ustalaj\u0105c\u0105. Wykonanie zgodne z DIN 863. Bateria typu SR44, w za\u0142\u0105czeniu.<\/p>\n","protected":false},"excerpt":{"rendered":"Cyfrowy mikrometr z kab\u0142\u0105kiem odkuwanym, klasa IP65, zapewniaj\u0105cy szybki odczyt wyniku pomiaru. Py\u0142o- i wodoodporny. Hartowane wrzeciono z dok\u0142adnie docieranymi [&hellip;]","protected":false},"featured_media":0,"comment_status":"closed","ping_status":"closed","template":"","meta":{"_acf_changed":false},"product_cat":[247,273],"product_tag":[],"class_list":{"0":"post-4591","1":"product","2":"type-product","3":"status-publish","5":"product_cat-pomiary-warsztatowe-pl","6":"product_cat-mikrometry-pl","8":"first","9":"instock","10":"shipping-taxable","11":"product-type-simple"},"acf":[],"yoast_head":"<!-- This site is optimized with the Yoast SEO plugin v23.2 - https:\/\/yoast.com\/wordpress\/plugins\/seo\/ -->\n<title>- Precision measuring instruments | Limit<\/title>\n<meta name=\"robots\" content=\"index, follow, max-snippet:-1, max-image-preview:large, max-video-preview:-1\" \/>\n<link rel=\"canonical\" href=\"https:\/\/limittools.test.consids5.se\/pl\/product\/4591\/\" \/>\n<meta property=\"og:locale\" content=\"pl_PL\" \/>\n<meta property=\"og:type\" content=\"article\" \/>\n<meta property=\"og:title\" content=\"- Precision measuring instruments | Limit\" \/>\n<meta property=\"og:description\" content=\"Cyfrowy mikrometr z kab\u0142\u0105kiem odkuwanym, klasa IP65, zapewniaj\u0105cy szybki odczyt wyniku pomiaru. Py\u0142o- i wodoodporny. Hartowane wrzeciono z dok\u0142adnie docieranymi [&hellip;]\" \/>\n<meta property=\"og:url\" content=\"https:\/\/limittools.test.consids5.se\/pl\/product\/4591\/\" \/>\n<meta property=\"og:site_name\" content=\"Precision measuring instruments | Limit\" \/>\n<meta property=\"article:publisher\" content=\"https:\/\/www.facebook.com\/limittools\/\" \/>\n<meta name=\"twitter:card\" content=\"summary_large_image\" \/>\n<script type=\"application\/ld+json\" class=\"yoast-schema-graph\">{\"@context\":\"https:\/\/schema.org\",\"@graph\":[{\"@type\":\"WebPage\",\"@id\":\"https:\/\/limittools.test.consids5.se\/pl\/product\/4591\/\",\"url\":\"https:\/\/limittools.test.consids5.se\/pl\/product\/4591\/\",\"name\":\"- Precision measuring instruments | Limit\",\"isPartOf\":{\"@id\":\"https:\/\/limittools.test.consids5.se\/#website\"},\"datePublished\":\"2026-04-01T20:28:50+00:00\",\"dateModified\":\"2026-04-01T20:28:50+00:00\",\"inLanguage\":\"pl-PL\",\"potentialAction\":[{\"@type\":\"ReadAction\",\"target\":[\"https:\/\/limittools.test.consids5.se\/pl\/product\/4591\/\"]}]},{\"@type\":\"WebSite\",\"@id\":\"https:\/\/limittools.test.consids5.se\/#website\",\"url\":\"https:\/\/limittools.test.consids5.se\/\",\"name\":\"Precision measuring instruments | Limit\",\"description\":\"Everything can be measured\",\"potentialAction\":[{\"@type\":\"SearchAction\",\"target\":{\"@type\":\"EntryPoint\",\"urlTemplate\":\"https:\/\/limittools.test.consids5.se\/?s={search_term_string}\"},\"query-input\":\"required name=search_term_string\"}],\"inLanguage\":\"pl-PL\"}]}<\/script>\n<!-- \/ Yoast SEO plugin. -->","yoast_head_json":{"title":"- Precision measuring instruments | Limit","robots":{"index":"index","follow":"follow","max-snippet":"max-snippet:-1","max-image-preview":"max-image-preview:large","max-video-preview":"max-video-preview:-1"},"canonical":"https:\/\/limittools.test.consids5.se\/pl\/product\/4591\/","og_locale":"pl_PL","og_type":"article","og_title":"- Precision measuring instruments | Limit","og_description":"Cyfrowy mikrometr z kab\u0142\u0105kiem odkuwanym, klasa IP65, zapewniaj\u0105cy szybki odczyt wyniku pomiaru. Py\u0142o- i wodoodporny. Hartowane wrzeciono z dok\u0142adnie docieranymi [&hellip;]","og_url":"https:\/\/limittools.test.consids5.se\/pl\/product\/4591\/","og_site_name":"Precision measuring instruments | Limit","article_publisher":"https:\/\/www.facebook.com\/limittools\/","twitter_card":"summary_large_image","schema":{"@context":"https:\/\/schema.org","@graph":[{"@type":"WebPage","@id":"https:\/\/limittools.test.consids5.se\/pl\/product\/4591\/","url":"https:\/\/limittools.test.consids5.se\/pl\/product\/4591\/","name":"- Precision measuring instruments | Limit","isPartOf":{"@id":"https:\/\/limittools.test.consids5.se\/#website"},"datePublished":"2026-04-01T20:28:50+00:00","dateModified":"2026-04-01T20:28:50+00:00","inLanguage":"pl-PL","potentialAction":[{"@type":"ReadAction","target":["https:\/\/limittools.test.consids5.se\/pl\/product\/4591\/"]}]},{"@type":"WebSite","@id":"https:\/\/limittools.test.consids5.se\/#website","url":"https:\/\/limittools.test.consids5.se\/","name":"Precision measuring instruments | Limit","description":"Everything can be measured","potentialAction":[{"@type":"SearchAction","target":{"@type":"EntryPoint","urlTemplate":"https:\/\/limittools.test.consids5.se\/?s={search_term_string}"},"query-input":"required name=search_term_string"}],"inLanguage":"pl-PL"}]}},"_links":{"self":[{"href":"https:\/\/limittools.test.consids5.se\/pl\/wp-json\/wp\/v2\/product\/4591"}],"collection":[{"href":"https:\/\/limittools.test.consids5.se\/pl\/wp-json\/wp\/v2\/product"}],"about":[{"href":"https:\/\/limittools.test.consids5.se\/pl\/wp-json\/wp\/v2\/types\/product"}],"replies":[{"embeddable":true,"href":"https:\/\/limittools.test.consids5.se\/pl\/wp-json\/wp\/v2\/comments?post=4591"}],"wp:attachment":[{"href":"https:\/\/limittools.test.consids5.se\/pl\/wp-json\/wp\/v2\/media?parent=4591"}],"wp:term":[{"taxonomy":"product_cat","embeddable":true,"href":"https:\/\/limittools.test.consids5.se\/pl\/wp-json\/wp\/v2\/product_cat?post=4591"},{"taxonomy":"product_tag","embeddable":true,"href":"https:\/\/limittools.test.consids5.se\/pl\/wp-json\/wp\/v2\/product_tag?post=4591"}],"curies":[{"name":"wp","href":"https:\/\/api.w.org\/{rel}","templated":true}]}}