{"id":4609,"date":"2026-04-01T20:28:56","date_gmt":"2026-04-01T20:28:56","guid":{"rendered":"http:\/\/limit-tools.local\/product\/katomierz-cyfrowy-limit-afb\/"},"modified":"2026-04-01T20:28:56","modified_gmt":"2026-04-01T20:28:56","slug":"4609","status":"publish","type":"product","link":"https:\/\/limittools.test.consids5.se\/pl\/product\/4609\/","title":{"rendered":""},"content":{"rendered":"<p>Solidny k\u0105tomierz cyfrowy mierz\u0105cy k\u0105ty do 225 stopni, kt\u00f3ry szybko i \u0142atwo wylicza r\u00f3wnie\u017c k\u0105ty pochodne, takie jak k\u0105t uzupe\u0142niaj\u0105cy, k\u0105t \u015brodkowy i k\u0105t ustawienia pi\u0142y przy ci\u0119ciu uciosu. Wy\u015bwietlacz LCD z du\u017cymi cyframi o wysoko\u015bci 12,7 mm, obracany o 180 stopni. Wy\u015bwietlacz domy\u015blnie ustawiony jest na pomiar warto\u015bci bezwzgl\u0119dnej k\u0105ta, ale mo\u017cna go wyzerowa\u0107 w dowolnej pozycji. Przycisk Hold do zatrzymania wyniku na wy\u015bwietlaczu. Rami\u0119 mo\u017cna blokowa\u0107 w dowolnej pozycji za pomoc\u0105 pokr\u0119t\u0142a blokuj\u0105cego. Automatyczne obliczanie k\u0105ta uzupe\u0142niaj\u0105cego i k\u0105ta \u015brodkowego. Modu\u0142 do monta\u017cu listew podsufitowych wylicza k\u0105ty ustawienia pi\u0142y, bezpo\u015brednio po wprowadzeniu k\u0105ta \u015bciany i naro\u017cnika. W za\u0142\u0105czeniu 2 baterie typu LR03.<\/p>\n","protected":false},"excerpt":{"rendered":"Solidny k\u0105tomierz cyfrowy mierz\u0105cy k\u0105ty do 225 stopni, kt\u00f3ry szybko i \u0142atwo wylicza r\u00f3wnie\u017c k\u0105ty pochodne, takie jak k\u0105t uzupe\u0142niaj\u0105cy, [&hellip;]","protected":false},"featured_media":0,"comment_status":"closed","ping_status":"closed","template":"","meta":{"_acf_changed":false},"product_cat":[799,247],"product_tag":[],"class_list":{"0":"post-4609","1":"product","2":"type-product","3":"status-publish","5":"product_cat-katomierze-pl","6":"product_cat-pomiary-warsztatowe-pl","8":"first","9":"instock","10":"shipping-taxable","11":"product-type-simple"},"acf":[],"yoast_head":"<!-- This site is optimized with the Yoast SEO plugin v23.2 - https:\/\/yoast.com\/wordpress\/plugins\/seo\/ -->\n<title>- Precision measuring instruments | Limit<\/title>\n<meta name=\"robots\" content=\"index, follow, max-snippet:-1, max-image-preview:large, max-video-preview:-1\" \/>\n<link rel=\"canonical\" href=\"https:\/\/limittools.test.consids5.se\/pl\/product\/4609\/\" \/>\n<meta property=\"og:locale\" content=\"pl_PL\" \/>\n<meta property=\"og:type\" content=\"article\" \/>\n<meta property=\"og:title\" content=\"- Precision measuring instruments | Limit\" \/>\n<meta property=\"og:description\" content=\"Solidny k\u0105tomierz cyfrowy mierz\u0105cy k\u0105ty do 225 stopni, kt\u00f3ry szybko i \u0142atwo wylicza r\u00f3wnie\u017c k\u0105ty pochodne, takie jak k\u0105t uzupe\u0142niaj\u0105cy, [&hellip;]\" \/>\n<meta property=\"og:url\" content=\"https:\/\/limittools.test.consids5.se\/pl\/product\/4609\/\" \/>\n<meta property=\"og:site_name\" content=\"Precision measuring instruments | Limit\" \/>\n<meta property=\"article:publisher\" content=\"https:\/\/www.facebook.com\/limittools\/\" \/>\n<meta name=\"twitter:card\" content=\"summary_large_image\" \/>\n<meta name=\"twitter:label1\" content=\"Est. reading time\" \/>\n\t<meta name=\"twitter:data1\" content=\"1 minute\" \/>\n<script type=\"application\/ld+json\" class=\"yoast-schema-graph\">{\"@context\":\"https:\/\/schema.org\",\"@graph\":[{\"@type\":\"WebPage\",\"@id\":\"https:\/\/limittools.test.consids5.se\/pl\/product\/4609\/\",\"url\":\"https:\/\/limittools.test.consids5.se\/pl\/product\/4609\/\",\"name\":\"- Precision measuring instruments | Limit\",\"isPartOf\":{\"@id\":\"https:\/\/limittools.test.consids5.se\/#website\"},\"datePublished\":\"2026-04-01T20:28:56+00:00\",\"dateModified\":\"2026-04-01T20:28:56+00:00\",\"inLanguage\":\"pl-PL\",\"potentialAction\":[{\"@type\":\"ReadAction\",\"target\":[\"https:\/\/limittools.test.consids5.se\/pl\/product\/4609\/\"]}]},{\"@type\":\"WebSite\",\"@id\":\"https:\/\/limittools.test.consids5.se\/#website\",\"url\":\"https:\/\/limittools.test.consids5.se\/\",\"name\":\"Precision measuring instruments | Limit\",\"description\":\"Everything can be measured\",\"potentialAction\":[{\"@type\":\"SearchAction\",\"target\":{\"@type\":\"EntryPoint\",\"urlTemplate\":\"https:\/\/limittools.test.consids5.se\/?s={search_term_string}\"},\"query-input\":\"required name=search_term_string\"}],\"inLanguage\":\"pl-PL\"}]}<\/script>\n<!-- \/ Yoast SEO plugin. -->","yoast_head_json":{"title":"- Precision measuring instruments | Limit","robots":{"index":"index","follow":"follow","max-snippet":"max-snippet:-1","max-image-preview":"max-image-preview:large","max-video-preview":"max-video-preview:-1"},"canonical":"https:\/\/limittools.test.consids5.se\/pl\/product\/4609\/","og_locale":"pl_PL","og_type":"article","og_title":"- Precision measuring instruments | Limit","og_description":"Solidny k\u0105tomierz cyfrowy mierz\u0105cy k\u0105ty do 225 stopni, kt\u00f3ry szybko i \u0142atwo wylicza r\u00f3wnie\u017c k\u0105ty pochodne, takie jak k\u0105t uzupe\u0142niaj\u0105cy, [&hellip;]","og_url":"https:\/\/limittools.test.consids5.se\/pl\/product\/4609\/","og_site_name":"Precision measuring instruments | Limit","article_publisher":"https:\/\/www.facebook.com\/limittools\/","twitter_card":"summary_large_image","twitter_misc":{"Est. reading time":"1 minute"},"schema":{"@context":"https:\/\/schema.org","@graph":[{"@type":"WebPage","@id":"https:\/\/limittools.test.consids5.se\/pl\/product\/4609\/","url":"https:\/\/limittools.test.consids5.se\/pl\/product\/4609\/","name":"- Precision measuring instruments | Limit","isPartOf":{"@id":"https:\/\/limittools.test.consids5.se\/#website"},"datePublished":"2026-04-01T20:28:56+00:00","dateModified":"2026-04-01T20:28:56+00:00","inLanguage":"pl-PL","potentialAction":[{"@type":"ReadAction","target":["https:\/\/limittools.test.consids5.se\/pl\/product\/4609\/"]}]},{"@type":"WebSite","@id":"https:\/\/limittools.test.consids5.se\/#website","url":"https:\/\/limittools.test.consids5.se\/","name":"Precision measuring instruments | Limit","description":"Everything can be measured","potentialAction":[{"@type":"SearchAction","target":{"@type":"EntryPoint","urlTemplate":"https:\/\/limittools.test.consids5.se\/?s={search_term_string}"},"query-input":"required name=search_term_string"}],"inLanguage":"pl-PL"}]}},"_links":{"self":[{"href":"https:\/\/limittools.test.consids5.se\/pl\/wp-json\/wp\/v2\/product\/4609"}],"collection":[{"href":"https:\/\/limittools.test.consids5.se\/pl\/wp-json\/wp\/v2\/product"}],"about":[{"href":"https:\/\/limittools.test.consids5.se\/pl\/wp-json\/wp\/v2\/types\/product"}],"replies":[{"embeddable":true,"href":"https:\/\/limittools.test.consids5.se\/pl\/wp-json\/wp\/v2\/comments?post=4609"}],"wp:attachment":[{"href":"https:\/\/limittools.test.consids5.se\/pl\/wp-json\/wp\/v2\/media?parent=4609"}],"wp:term":[{"taxonomy":"product_cat","embeddable":true,"href":"https:\/\/limittools.test.consids5.se\/pl\/wp-json\/wp\/v2\/product_cat?post=4609"},{"taxonomy":"product_tag","embeddable":true,"href":"https:\/\/limittools.test.consids5.se\/pl\/wp-json\/wp\/v2\/product_tag?post=4609"}],"curies":[{"name":"wp","href":"https:\/\/api.w.org\/{rel}","templated":true}]}}