{"id":4642,"date":"2026-04-01T20:29:03","date_gmt":"2026-04-01T20:29:03","guid":{"rendered":"http:\/\/limit-tools.local\/product\/dalmierz-limit-ldm-80\/"},"modified":"2026-04-01T20:29:03","modified_gmt":"2026-04-01T20:29:03","slug":"4642","status":"publish","type":"product","link":"https:\/\/limittools.test.consids5.se\/pl\/product\/4642\/","title":{"rendered":""},"content":{"rendered":"<p>Limit LDM 80 to solidny, kompaktowy dalmierz laserowy przeznaczony do profesjonalnego u\u017cytku. Mierzy dystans do 80 metr\u00f3w i jest \u0142atwo przeno\u015bny w torbie lub kieszeni. Szybki czas reakcji. Wysoka dok\u0142adno\u015b\u0107 \u00b1 2 mm. Pod\u015bwietlany wy\u015bwietlacz. Prosty pomiar odleg\u0142o\u015bci punkt-punkt, pomiar pola powierzchni i obj\u0119to\u015bci, pomiar z op\u00f3\u017anieniem czasowym, funkcja tyczenia, pomiar z wykorzystaniem twierdzenia Pitagorasa, funkcja pomiaru ci\u0105g\u0142ego (\u015bledzenie). Pomiary z dodawaniem i odejmowaniem, oraz funkcja zapisu. Wyb\u00f3r punktu odniesienia: przednia kraw\u0119d\u017a, \u015brodek przyrz\u0105du lub odk\u0142adany element tylny. Prze\u0142\u0105czanie jednostek: metry, stopy i cale. Automatyczne wy\u0142\u0105czanie.<br \/>\nDostarczany z futera\u0142em i paskiem na nadgarstek. Baterie w za\u0142\u0105czeniu.<\/p>\n","protected":false},"excerpt":{"rendered":"Limit LDM 80 to solidny, kompaktowy dalmierz laserowy przeznaczony do profesjonalnego u\u017cytku. Mierzy dystans do 80 metr\u00f3w i jest \u0142atwo [&hellip;]","protected":false},"featured_media":0,"comment_status":"closed","ping_status":"closed","template":"","meta":{"_acf_changed":false},"product_cat":[282,438],"product_tag":[],"class_list":{"0":"post-4642","1":"product","2":"type-product","3":"status-publish","5":"product_cat-przyrzady-laserowe-pl","6":"product_cat-dalmierze-pl","8":"first","9":"instock","10":"shipping-taxable","11":"product-type-simple"},"acf":[],"yoast_head":"<!-- This site is optimized with the Yoast SEO plugin v23.2 - https:\/\/yoast.com\/wordpress\/plugins\/seo\/ -->\n<title>- Precision measuring instruments | Limit<\/title>\n<meta name=\"robots\" content=\"index, follow, max-snippet:-1, max-image-preview:large, max-video-preview:-1\" \/>\n<link rel=\"canonical\" href=\"https:\/\/limittools.test.consids5.se\/pl\/product\/4642\/\" \/>\n<meta property=\"og:locale\" content=\"pl_PL\" \/>\n<meta property=\"og:type\" content=\"article\" \/>\n<meta property=\"og:title\" content=\"- Precision measuring instruments | Limit\" \/>\n<meta property=\"og:description\" content=\"Limit LDM 80 to solidny, kompaktowy dalmierz laserowy przeznaczony do profesjonalnego u\u017cytku. Mierzy dystans do 80 metr\u00f3w i jest \u0142atwo [&hellip;]\" \/>\n<meta property=\"og:url\" content=\"https:\/\/limittools.test.consids5.se\/pl\/product\/4642\/\" \/>\n<meta property=\"og:site_name\" content=\"Precision measuring instruments | Limit\" \/>\n<meta property=\"article:publisher\" content=\"https:\/\/www.facebook.com\/limittools\/\" \/>\n<meta name=\"twitter:card\" content=\"summary_large_image\" \/>\n<meta name=\"twitter:label1\" content=\"Est. reading time\" \/>\n\t<meta name=\"twitter:data1\" content=\"1 minute\" \/>\n<script type=\"application\/ld+json\" class=\"yoast-schema-graph\">{\"@context\":\"https:\/\/schema.org\",\"@graph\":[{\"@type\":\"WebPage\",\"@id\":\"https:\/\/limittools.test.consids5.se\/pl\/product\/4642\/\",\"url\":\"https:\/\/limittools.test.consids5.se\/pl\/product\/4642\/\",\"name\":\"- Precision measuring instruments | Limit\",\"isPartOf\":{\"@id\":\"https:\/\/limittools.test.consids5.se\/#website\"},\"datePublished\":\"2026-04-01T20:29:03+00:00\",\"dateModified\":\"2026-04-01T20:29:03+00:00\",\"inLanguage\":\"pl-PL\",\"potentialAction\":[{\"@type\":\"ReadAction\",\"target\":[\"https:\/\/limittools.test.consids5.se\/pl\/product\/4642\/\"]}]},{\"@type\":\"WebSite\",\"@id\":\"https:\/\/limittools.test.consids5.se\/#website\",\"url\":\"https:\/\/limittools.test.consids5.se\/\",\"name\":\"Precision measuring instruments | Limit\",\"description\":\"Everything can be measured\",\"potentialAction\":[{\"@type\":\"SearchAction\",\"target\":{\"@type\":\"EntryPoint\",\"urlTemplate\":\"https:\/\/limittools.test.consids5.se\/?s={search_term_string}\"},\"query-input\":\"required name=search_term_string\"}],\"inLanguage\":\"pl-PL\"}]}<\/script>\n<!-- \/ Yoast SEO plugin. -->","yoast_head_json":{"title":"- Precision measuring instruments | Limit","robots":{"index":"index","follow":"follow","max-snippet":"max-snippet:-1","max-image-preview":"max-image-preview:large","max-video-preview":"max-video-preview:-1"},"canonical":"https:\/\/limittools.test.consids5.se\/pl\/product\/4642\/","og_locale":"pl_PL","og_type":"article","og_title":"- Precision measuring instruments | Limit","og_description":"Limit LDM 80 to solidny, kompaktowy dalmierz laserowy przeznaczony do profesjonalnego u\u017cytku. Mierzy dystans do 80 metr\u00f3w i jest \u0142atwo [&hellip;]","og_url":"https:\/\/limittools.test.consids5.se\/pl\/product\/4642\/","og_site_name":"Precision measuring instruments | Limit","article_publisher":"https:\/\/www.facebook.com\/limittools\/","twitter_card":"summary_large_image","twitter_misc":{"Est. reading time":"1 minute"},"schema":{"@context":"https:\/\/schema.org","@graph":[{"@type":"WebPage","@id":"https:\/\/limittools.test.consids5.se\/pl\/product\/4642\/","url":"https:\/\/limittools.test.consids5.se\/pl\/product\/4642\/","name":"- Precision measuring instruments | Limit","isPartOf":{"@id":"https:\/\/limittools.test.consids5.se\/#website"},"datePublished":"2026-04-01T20:29:03+00:00","dateModified":"2026-04-01T20:29:03+00:00","inLanguage":"pl-PL","potentialAction":[{"@type":"ReadAction","target":["https:\/\/limittools.test.consids5.se\/pl\/product\/4642\/"]}]},{"@type":"WebSite","@id":"https:\/\/limittools.test.consids5.se\/#website","url":"https:\/\/limittools.test.consids5.se\/","name":"Precision measuring instruments | Limit","description":"Everything can be measured","potentialAction":[{"@type":"SearchAction","target":{"@type":"EntryPoint","urlTemplate":"https:\/\/limittools.test.consids5.se\/?s={search_term_string}"},"query-input":"required name=search_term_string"}],"inLanguage":"pl-PL"}]}},"_links":{"self":[{"href":"https:\/\/limittools.test.consids5.se\/pl\/wp-json\/wp\/v2\/product\/4642"}],"collection":[{"href":"https:\/\/limittools.test.consids5.se\/pl\/wp-json\/wp\/v2\/product"}],"about":[{"href":"https:\/\/limittools.test.consids5.se\/pl\/wp-json\/wp\/v2\/types\/product"}],"replies":[{"embeddable":true,"href":"https:\/\/limittools.test.consids5.se\/pl\/wp-json\/wp\/v2\/comments?post=4642"}],"wp:attachment":[{"href":"https:\/\/limittools.test.consids5.se\/pl\/wp-json\/wp\/v2\/media?parent=4642"}],"wp:term":[{"taxonomy":"product_cat","embeddable":true,"href":"https:\/\/limittools.test.consids5.se\/pl\/wp-json\/wp\/v2\/product_cat?post=4642"},{"taxonomy":"product_tag","embeddable":true,"href":"https:\/\/limittools.test.consids5.se\/pl\/wp-json\/wp\/v2\/product_tag?post=4642"}],"curies":[{"name":"wp","href":"https:\/\/api.w.org\/{rel}","templated":true}]}}